{"id":1466,"date":"2021-09-28T16:52:08","date_gmt":"2021-09-28T13:52:08","guid":{"rendered":"https:\/\/vaasangolf.wptest02.vdk.fi\/?page_id=1466"},"modified":"2023-05-24T08:53:41","modified_gmt":"2023-05-24T05:53:41","slug":"hinnasto","status":"publish","type":"page","link":"https:\/\/vaasangolf.wptest02.vdk.fi\/fi\/pelaaminen\/hinnasto\/","title":{"rendered":"Hinnasto"},"content":{"rendered":"\t\t<div data-elementor-type=\"wp-page\" data-elementor-id=\"1466\" class=\"elementor elementor-1466\">\n\t\t\t\t\t\t<div class=\"elementor-inner\">\n\t\t\t\t<div class=\"elementor-section-wrap\">\n\t\t\t\t\t\t\t\t\t<section class=\"elementor-section elementor-top-section elementor-element elementor-element-8f241ab elementor-section-boxed elementor-section-height-default elementor-section-height-default\" data-id=\"8f241ab\" data-element_type=\"section\">\n\t\t\t\t\t\t<div class=\"elementor-container elementor-column-gap-default\">\n\t\t\t\t\t\t\t<div class=\"elementor-row\">\n\t\t\t\t\t<div class=\"elementor-column elementor-col-100 elementor-top-column elementor-element elementor-element-a122080\" data-id=\"a122080\" data-element_type=\"column\">\n\t\t\t<div class=\"elementor-column-wrap elementor-element-populated\">\n\t\t\t\t\t\t\t<div class=\"elementor-widget-wrap\">\n\t\t\t\t\t\t<div class=\"elementor-element elementor-element-2f14a72 elementor-widget elementor-widget-html\" data-id=\"2f14a72\" data-element_type=\"widget\" data-widget_type=\"html.default\">\n\t\t\t\t<div class=\"elementor-widget-container\">\n\t\t\t<script> \r\njQuery(document).ready(function($) { \r\nvar delay = 100; setTimeout(function() { \r\n$('.elementor-tab-title').removeClass('elementor-active');\r\n $('.elementor-tab-content').css('display', 'none'); }, delay); \r\n}); \r\n<\/script>\t\t<\/div>\n\t\t\t\t<\/div>\n\t\t\t\t\t\t<\/div>\n\t\t\t\t\t<\/div>\n\t\t<\/div>\n\t\t\t\t\t\t\t\t<\/div>\n\t\t\t\t\t<\/div>\n\t\t<\/section>\n\t\t\t\t<section class=\"elementor-section elementor-top-section elementor-element elementor-element-ac7145e elementor-section-boxed elementor-section-height-default elementor-section-height-default\" data-id=\"ac7145e\" data-element_type=\"section\">\n\t\t\t\t\t\t<div class=\"elementor-container elementor-column-gap-default\">\n\t\t\t\t\t\t\t<div class=\"elementor-row\">\n\t\t\t\t\t<div class=\"elementor-column elementor-col-100 elementor-top-column elementor-element elementor-element-0fb3f2e\" data-id=\"0fb3f2e\" data-element_type=\"column\">\n\t\t\t<div class=\"elementor-column-wrap elementor-element-populated\">\n\t\t\t\t\t\t\t<div class=\"elementor-widget-wrap\">\n\t\t\t\t\t\t<div class=\"elementor-element elementor-element-afea286 elementor-widget elementor-widget-accordion\" data-id=\"afea286\" data-element_type=\"widget\" data-widget_type=\"accordion.default\">\n\t\t\t\t<div class=\"elementor-widget-container\">\n\t\t\t\t\t<div class=\"elementor-accordion\" role=\"tablist\">\n\t\t\t\t\t\t\t<div class=\"elementor-accordion-item\">\n\t\t\t\t\t<div id=\"elementor-tab-title-1841\" class=\"elementor-tab-title\" data-tab=\"1\" role=\"tab\" aria-controls=\"elementor-tab-content-1841\" aria-expanded=\"false\">\n\t\t\t\t\t\t\t\t\t\t\t\t\t<span class=\"elementor-accordion-icon elementor-accordion-icon-left\" aria-hidden=\"true\">\n\t\t\t\t\t\t\t\t\t\t\t\t\t\t\t<span class=\"elementor-accordion-icon-closed\"><i class=\"fas fa-plus\"><\/i><\/span>\n\t\t\t\t\t\t\t\t<span class=\"elementor-accordion-icon-opened\"><i class=\"fas fa-minus\"><\/i><\/span>\n\t\t\t\t\t\t\t\t\t\t\t\t\t\t<\/span>\n\t\t\t\t\t\t\t\t\t\t\t\t<a class=\"elementor-accordion-title\" href=\"\">Green fee 2023<\/a>\n\t\t\t\t\t<\/div>\n\t\t\t\t\t<div id=\"elementor-tab-content-1841\" class=\"elementor-tab-content elementor-clearfix\" data-tab=\"1\" role=\"tabpanel\" aria-labelledby=\"elementor-tab-title-1841\"><table width=\"671\"><tbody><tr><td>\u00a0<\/td><td><p><strong>Aikuinen<\/strong><\/p><\/td><td><p><strong>Juniori\/Opiskelija (22-29)<\/strong><\/p><\/td><\/tr><tr><td><p>Jokamieskentt\u00e4<\/p><\/td><td><p>10 \u20ac<\/p><\/td><td><p>7 \u20ac \/ 7 \u20ac<\/p><\/td><\/tr><tr><td><p>P\u00e4iv\u00e4-greenfee<\/p><\/td><td><p>55 \u20ac<\/p><\/td><td><p>35 \u20ac \/ 35 \u20ac<\/p><\/td><\/tr><tr><td><p>P\u00e4iv\u00e4-greenfee VaG j\u00e4sen<\/p><\/td><td><p>45 \u20ac<\/p><\/td><td><p>30 \u20ac \/ 30 \u20ac<\/p><\/td><\/tr><tr><td><p>9-rei\u00e4n kierros<\/p><\/td><td><p>30 \u20ac<\/p><\/td><td><p>25 \u20ac \/ 25 \u20ac<\/p><\/td><\/tr><tr><td><p>9-rei\u00e4n kierros VaG j\u00e4sen<\/p><\/td><td><p>25 \u20ac<\/p><\/td><td><p>15 \u20ac \/ 20 \u20ac<\/p><\/td><\/tr><tr><td><p>5-kortti greenfee<\/p><\/td><td><p>250 \u20ac<\/p><\/td><td><p>\u00a0 VaG j\u00e4sen 220 \u20ac<\/p><\/td><\/tr><tr><td><p>10-kortti greenfee<\/p><\/td><td><p>500 \u20ac<\/p><\/td><td><p>\u00a0 VaG j\u00e4sen 400 \u20ac<\/p><\/td><\/tr><\/tbody><\/table><\/div>\n\t\t\t\t<\/div>\n\t\t\t\t\t\t\t<div class=\"elementor-accordion-item\">\n\t\t\t\t\t<div id=\"elementor-tab-title-1842\" class=\"elementor-tab-title\" data-tab=\"2\" role=\"tab\" aria-controls=\"elementor-tab-content-1842\" aria-expanded=\"false\">\n\t\t\t\t\t\t\t\t\t\t\t\t\t<span class=\"elementor-accordion-icon elementor-accordion-icon-left\" aria-hidden=\"true\">\n\t\t\t\t\t\t\t\t\t\t\t\t\t\t\t<span class=\"elementor-accordion-icon-closed\"><i class=\"fas fa-plus\"><\/i><\/span>\n\t\t\t\t\t\t\t\t<span class=\"elementor-accordion-icon-opened\"><i class=\"fas fa-minus\"><\/i><\/span>\n\t\t\t\t\t\t\t\t\t\t\t\t\t\t<\/span>\n\t\t\t\t\t\t\t\t\t\t\t\t<a class=\"elementor-accordion-title\" href=\"\">Range 2023<\/a>\n\t\t\t\t\t<\/div>\n\t\t\t\t\t<div id=\"elementor-tab-content-1842\" class=\"elementor-tab-content elementor-clearfix\" data-tab=\"2\" role=\"tabpanel\" aria-labelledby=\"elementor-tab-title-1842\"><table width=\"671\"><tbody><tr><td><p>Poletti (45 palloa)<\/p><\/td><td><p>3 \u20ac<\/p><\/td><\/tr><tr><td><p>Magneettinappi\u00a0<\/p><\/td><td><p>10 \u20ac<\/p><\/td><\/tr><tr><td><p>Magneettinapin lis\u00e4lataus 10 koria<\/p><\/td><td><p>30 \u20ac<\/p><\/td><\/tr><tr><td><p>Magneettinapin lis\u00e4lataus 20 koria<\/p><\/td><td><p>60 \u20ac<\/p><\/td><\/tr><tr><td><p>Magneettinapin lis\u00e4lataus 50 koria<\/p><\/td><td><p>130 \u20ac<\/p><\/td><\/tr><tr><td><p>Magneettinapin lis\u00e4lataus 100 koria<\/p><\/td><td><p>200 \u20ac<\/p><\/td><\/tr><\/tbody><\/table><\/div>\n\t\t\t\t<\/div>\n\t\t\t\t\t\t\t<div class=\"elementor-accordion-item\">\n\t\t\t\t\t<div id=\"elementor-tab-title-1843\" class=\"elementor-tab-title\" data-tab=\"3\" role=\"tab\" aria-controls=\"elementor-tab-content-1843\" aria-expanded=\"false\">\n\t\t\t\t\t\t\t\t\t\t\t\t\t<span class=\"elementor-accordion-icon elementor-accordion-icon-left\" aria-hidden=\"true\">\n\t\t\t\t\t\t\t\t\t\t\t\t\t\t\t<span class=\"elementor-accordion-icon-closed\"><i class=\"fas fa-plus\"><\/i><\/span>\n\t\t\t\t\t\t\t\t<span class=\"elementor-accordion-icon-opened\"><i class=\"fas fa-minus\"><\/i><\/span>\n\t\t\t\t\t\t\t\t\t\t\t\t\t\t<\/span>\n\t\t\t\t\t\t\t\t\t\t\t\t<a class=\"elementor-accordion-title\" href=\"\">Kilpailumaksut 2023<\/a>\n\t\t\t\t\t<\/div>\n\t\t\t\t\t<div id=\"elementor-tab-content-1843\" class=\"elementor-tab-content elementor-clearfix\" data-tab=\"3\" role=\"tabpanel\" aria-labelledby=\"elementor-tab-title-1843\"><table width=\"671\"><tbody><tr><td width=\"316\"><p><strong>18 reik\u00e4\u00e4<\/strong><\/p><\/td><td width=\"269\"><p>Vieraat\/VaG Greenfee Pelaajat<\/p><\/td><td width=\"86\"><p>50 \u20ac<\/p><\/td><\/tr><tr><td width=\"316\">\u00a0<\/td><td width=\"269\"><p>VaG j\u00e4senet Kausimaksun maksaneet<\/p><\/td><td width=\"86\"><p>12 \u20ac<\/p><\/td><\/tr><tr><td width=\"316\"><p><strong>Vaasan Mestaruus<\/strong><\/p><\/td><td width=\"269\"><p>Aikuiset<\/p><\/td><td width=\"86\"><p>12 \u20ac<\/p><\/td><\/tr><tr><td width=\"316\">\u00a0<\/td><td width=\"269\"><p>Seniorit<\/p><\/td><td width=\"86\"><p>12 \u20ac<\/p><\/td><\/tr><tr><td width=\"316\">\u00a0<\/td><td width=\"269\"><p>Juniorit &lt;19-21v.<\/p><\/td><td width=\"86\"><p>6\u20ac<\/p><\/td><\/tr><tr><td width=\"316\">\u00a0<\/td><td width=\"269\"><p>Juniorit &lt;18v.<\/p><\/td><td width=\"86\"><p>0 \u20ac<\/p><\/td><\/tr><tr><td width=\"316\"><p><strong>Senioritiistai<\/strong><\/p><\/td><td width=\"269\"><p>VaG j\u00e4senet Kausimaksun maksaneet<\/p><\/td><td width=\"86\"><p>7 \u20ac<\/p><\/td><\/tr><tr><td width=\"316\"><p><strong>Viikkokilpailu<\/strong><\/p><\/td><td width=\"269\"><p>Aikuiset Kausimaksun maksaneet\/Muut<\/p><\/td><td width=\"86\"><p>\u00a07 \u20ac \/ 47 \u20ac<\/p><\/td><\/tr><tr><td width=\"316\">\u00a0<\/td><td width=\"269\"><p>Juniorit 9r Kausimaksun maksaneet\/Muut<\/p><\/td><td width=\"86\"><p>\u00a05 \u20ac \/ 25 \u20ac<\/p><\/td><\/tr><tr><td width=\"316\">\u00a0<\/td><td width=\"269\"><p>Naisten ke peli-ilta 9r kausimaksun maksaneet\/muut<\/p><\/td><td width=\"86\"><p>\u00a06 \u20ac\/ 25 \u20ac<\/p><\/td><\/tr><tr><td width=\"316\">\u00a0<\/td><td width=\"269\"><p>Juniorit<\/p><\/td><td width=\"86\"><p>3 \u20ac<\/p><\/td><\/tr><tr><td width=\"316\"><p><strong>Matchplay<\/strong><\/p><\/td><td width=\"269\"><p>Aikuiset<\/p><\/td><td width=\"86\"><p>12\u20ac<\/p><\/td><\/tr><tr><td width=\"316\">\u00a0<\/td><td width=\"269\"><p>Juniorit<\/p><\/td><td width=\"86\"><p>6 \u20ac<\/p><\/td><\/tr><tr><td width=\"316\"><p><strong>Seniorimatchplay<\/strong><\/p><\/td><td width=\"269\"><p>Seniorit<\/p><\/td><td width=\"86\"><p>7 \u20ac<\/p><\/td><\/tr><tr><td width=\"316\"><p><strong>Scramble<\/strong>\u00a0(2 henk.)<\/p><\/td><td width=\"269\"><p>Vieraat\/VaG Greenfee Pelaajat<\/p><\/td><td width=\"86\"><p>60 \u20ac<\/p><\/td><\/tr><tr><td width=\"316\">\u00a0<\/td><td width=\"269\"><p>VaG j\u00e4senet Kausimaksun maksaneet<\/p><\/td><td width=\"86\"><p>16 \u20ac<\/p><\/td><\/tr><\/tbody><\/table><\/div>\n\t\t\t\t<\/div>\n\t\t\t\t\t\t\t<div class=\"elementor-accordion-item\">\n\t\t\t\t\t<div id=\"elementor-tab-title-1844\" class=\"elementor-tab-title\" data-tab=\"4\" role=\"tab\" aria-controls=\"elementor-tab-content-1844\" aria-expanded=\"false\">\n\t\t\t\t\t\t\t\t\t\t\t\t\t<span class=\"elementor-accordion-icon elementor-accordion-icon-left\" aria-hidden=\"true\">\n\t\t\t\t\t\t\t\t\t\t\t\t\t\t\t<span class=\"elementor-accordion-icon-closed\"><i class=\"fas fa-plus\"><\/i><\/span>\n\t\t\t\t\t\t\t\t<span class=\"elementor-accordion-icon-opened\"><i class=\"fas fa-minus\"><\/i><\/span>\n\t\t\t\t\t\t\t\t\t\t\t\t\t\t<\/span>\n\t\t\t\t\t\t\t\t\t\t\t\t<a class=\"elementor-accordion-title\" href=\"\">Sesonkimaksut 2023<\/a>\n\t\t\t\t\t<\/div>\n\t\t\t\t\t<div id=\"elementor-tab-content-1844\" class=\"elementor-tab-content elementor-clearfix\" data-tab=\"4\" role=\"tabpanel\" aria-labelledby=\"elementor-tab-title-1844\"><table width=\"671\"><tbody><tr><td>\u00a0<\/td><td><strong>Aikuiset<\/strong><\/td><td><strong>Opiskelijat 22-29v.<\/strong><\/td><td><strong>Juniorit &lt; 21v.<\/strong><\/td><td><strong>Juniorit &lt; 18v.<\/strong><\/td><td><strong>Juniorit &lt; 15v.<\/strong><\/td><\/tr><tr><td>J\u00e4senmaksu<\/td><td>130 \u20ac<\/td><td>130 \u20ac<\/td><td>65 \u20ac<\/td><td>65 \u20ac<\/td><td>65 \u20ac<\/td><\/tr><tr><td>Kausimaksu<\/td><td>600 \u20ac<\/td><td>260 \u20ac<\/td><td>260 \u20ac<\/td><td>145 \u20ac<\/td><td>95 \u20ac<\/td><\/tr><tr><td>Liittymismaksu<\/td><td>170 \u20ac<\/td><td>170 \u20ac<\/td><td>0 \u20ac<\/td><td>0 \u20ac<\/td><td>0 \u20ac<\/td><\/tr><tr><td>Vuokraosake<\/td><td>200 \u20ac<\/td><td>200 \u20ac<\/td><td>0 \u20ac<\/td><td>0 \u20ac<\/td><td>0 \u20ac<\/td><\/tr><\/tbody><\/table><p><strong>Aikuiset ja Opiskelijat 22-29v. tarvitsevat lis\u00e4ksi joko vuokraosakkeen tai omistusosakkeen pelatakseen Kausimaksulla. Kausimaksulla pelaavien tulee olla my\u00f6s Vaasan Golf Ry:n j\u00e4seni\u00e4.<\/strong><\/p><p>Oy Kr\u00e5klund Golf Ab ja Vaasan Golf Ry varaavat oikeuden tehd\u00e4 muutoksia hinnoitteluun kauden 2023 aikana.<\/p><\/div>\n\t\t\t\t<\/div>\n\t\t\t\t\t\t\t<div class=\"elementor-accordion-item\">\n\t\t\t\t\t<div id=\"elementor-tab-title-1845\" class=\"elementor-tab-title\" data-tab=\"5\" role=\"tab\" aria-controls=\"elementor-tab-content-1845\" aria-expanded=\"false\">\n\t\t\t\t\t\t\t\t\t\t\t\t\t<span class=\"elementor-accordion-icon elementor-accordion-icon-left\" aria-hidden=\"true\">\n\t\t\t\t\t\t\t\t\t\t\t\t\t\t\t<span class=\"elementor-accordion-icon-closed\"><i class=\"fas fa-plus\"><\/i><\/span>\n\t\t\t\t\t\t\t\t<span class=\"elementor-accordion-icon-opened\"><i class=\"fas fa-minus\"><\/i><\/span>\n\t\t\t\t\t\t\t\t\t\t\t\t\t\t<\/span>\n\t\t\t\t\t\t\t\t\t\t\t\t<a class=\"elementor-accordion-title\" href=\"\">Golfauton vuokrahinnat 2023<\/a>\n\t\t\t\t\t<\/div>\n\t\t\t\t\t<div id=\"elementor-tab-content-1845\" class=\"elementor-tab-content elementor-clearfix\" data-tab=\"5\" role=\"tabpanel\" aria-labelledby=\"elementor-tab-title-1845\"><table width=\"671\"><tbody><tr><td><p>Vieraspelaajat<\/p><\/td><td><p>40 \u20ac<\/p><\/td><\/tr><tr><td><p>Seniorit, 65 + vuotta<\/p><\/td><td><p>30 \u20ac<\/p><\/td><\/tr><tr><td><p>VaG j\u00e4senet<\/p><\/td><td><p>40 \u20ac<\/p><\/td><\/tr><tr><td><p>VaG osakkaat<\/p><p>Osakas, joka maksaa kausimaksun<\/p><\/td><td><p>25 \u20ac<\/p><\/td><\/tr><tr><td><p>10-kortti, henkil\u00f6kohtainen<\/p><p>20 kierrosta 9 rei\u00e4n kierrosta<\/p><\/td><td><p>300 \u20ac<\/p><\/td><\/tr><tr><td><p>\u00a0<\/p><\/td><td><p>\u00a0<\/p><\/td><\/tr><\/tbody><\/table><\/div>\n\t\t\t\t<\/div>\n\t\t\t\t\t\t\t<div class=\"elementor-accordion-item\">\n\t\t\t\t\t<div id=\"elementor-tab-title-1846\" class=\"elementor-tab-title\" data-tab=\"6\" role=\"tab\" aria-controls=\"elementor-tab-content-1846\" aria-expanded=\"false\">\n\t\t\t\t\t\t\t\t\t\t\t\t\t<span class=\"elementor-accordion-icon elementor-accordion-icon-left\" aria-hidden=\"true\">\n\t\t\t\t\t\t\t\t\t\t\t\t\t\t\t<span class=\"elementor-accordion-icon-closed\"><i class=\"fas fa-plus\"><\/i><\/span>\n\t\t\t\t\t\t\t\t<span class=\"elementor-accordion-icon-opened\"><i class=\"fas fa-minus\"><\/i><\/span>\n\t\t\t\t\t\t\t\t\t\t\t\t\t\t<\/span>\n\t\t\t\t\t\t\t\t\t\t\t\t<a class=\"elementor-accordion-title\" href=\"\">B\u00e4givaraston hinnasto 2023<\/a>\n\t\t\t\t\t<\/div>\n\t\t\t\t\t<div id=\"elementor-tab-content-1846\" class=\"elementor-tab-content elementor-clearfix\" data-tab=\"6\" role=\"tabpanel\" aria-labelledby=\"elementor-tab-title-1846\"><table width=\"671\"><tbody><tr><td><p>Iso kaappi (l\u00e4mmin varasto)<\/p><\/td><td><p>70 \u20ac<\/p><\/td><\/tr><tr><td><p>Pieni kaappi (l\u00e4mmin varasto)<\/p><\/td><td><p>65 \u20ac<\/p><\/td><\/tr><tr><td><p>Iso kes\u00e4kaappi (kylm\u00e4 varasto)<\/p><\/td><td><p>50 \u20ac<\/p><\/td><\/tr><tr><td><p>Koodattu b\u00e4givaraston avain<\/p><p>\u00a0<\/p><p>\u00a0<\/p><p>Vapautuva b\u00e4gikaappi tarjotaan aina ensin osakkaille, uusi osakasetu!<\/p><\/td><td><p>15 \u20ac<\/p><\/td><\/tr><\/tbody><\/table><\/div>\n\t\t\t\t<\/div>\n\t\t\t\t\t\t\t<div class=\"elementor-accordion-item\">\n\t\t\t\t\t<div id=\"elementor-tab-title-1847\" class=\"elementor-tab-title\" data-tab=\"7\" role=\"tab\" aria-controls=\"elementor-tab-content-1847\" aria-expanded=\"false\">\n\t\t\t\t\t\t\t\t\t\t\t\t\t<span class=\"elementor-accordion-icon elementor-accordion-icon-left\" aria-hidden=\"true\">\n\t\t\t\t\t\t\t\t\t\t\t\t\t\t\t<span class=\"elementor-accordion-icon-closed\"><i class=\"fas fa-plus\"><\/i><\/span>\n\t\t\t\t\t\t\t\t<span class=\"elementor-accordion-icon-opened\"><i class=\"fas fa-minus\"><\/i><\/span>\n\t\t\t\t\t\t\t\t\t\t\t\t\t\t<\/span>\n\t\t\t\t\t\t\t\t\t\t\t\t<a class=\"elementor-accordion-title\" href=\"\">Pelipaketit 2023<\/a>\n\t\t\t\t\t<\/div>\n\t\t\t\t\t<div id=\"elementor-tab-content-1847\" class=\"elementor-tab-content elementor-clearfix\" data-tab=\"7\" role=\"tabpanel\" aria-labelledby=\"elementor-tab-title-1847\"><p>Oletko aikeissa vaihtaa seuraa vai onko greencardin suorittamisesta vier\u00e4ht\u00e4nyt aikaa?<\/p><p>Pelaamisen aloittamisen Vaasan Golfissa on helppoa pelipakettien avulla.<\/p><p>\u00a0<\/p><p><strong>Aloittelija \/ seuranvaihtajapaketti<\/strong><\/p><p><strong>Aikuinen 670\u20ac<\/strong><\/p><p>(sis\u00e4lt\u00e4\u00e4 j\u00e4senmaksu+liittymismaksu, kausimaksu+vuokrapelioikeus)<\/p><p><strong>Opiskelija 460\u20ac (22-29v) \/ uudet j\u00e4senet tai seuranvaihtajat\u00a0<\/strong><\/p><p>(sis\u00e4lt\u00e4\u00e4 j\u00e4senmaksu+liittymismaksu, kausimaksu+vuokrapelioikeus)<\/p><p>N\u00e4m\u00e4 pelipaketit ovat k\u00e4ytett\u00e4viss\u00e4 vain kerran.\u00a0<\/p><p>\u00a0<\/p><p><strong><span style=\"color: var( --e-global-color-text ); font-size: 1rem;\">Seuraava pelivuotena tulevat hinnaston mukaiset maksut ja kausimaksulla pelaamiseen tarvitset joo oman tai vuokratun peliosakkeen.<\/span><\/strong><\/p><p>\u00a0<\/p><p>Laita rohkeasti j\u00e4senhakemus tulemaan!<\/p><p>Liity j\u00e4seneksi; <strong><a href=\"https:\/\/vag.nexgolf.fi\/vag\/golf\/membershipapplication\" target=\"_blank\" rel=\"noopener\">J\u00c4SENHAKEMUS!<\/a><\/strong><\/p><p>Lis\u00e4infoa; toimisto@vag.fi, 040 -526 8666<\/p><\/div>\n\t\t\t\t<\/div>\n\t\t\t\t\t\t\t\t<\/div>\n\t\t\t\t<\/div>\n\t\t\t\t<\/div>\n\t\t\t\t\t\t<\/div>\n\t\t\t\t\t<\/div>\n\t\t<\/div>\n\t\t\t\t\t\t\t\t<\/div>\n\t\t\t\t\t<\/div>\n\t\t<\/section>\n\t\t\t\t\t\t\t\t\t<\/div>\n\t\t\t<\/div>\n\t\t\t\t\t<\/div>\n\t\t","protected":false},"excerpt":{"rendered":"<p>Green fee 2023 \u00a0 Aikuinen Juniori\/Opiskelija (22-29) Jokamieskentt\u00e4 10 \u20ac 7 \u20ac \/ 7 \u20ac P\u00e4iv\u00e4-greenfee 55 \u20ac 35 \u20ac \/ 35 \u20ac P\u00e4iv\u00e4-greenfee VaG j\u00e4sen 45 \u20ac 30 \u20ac \/ 30 \u20ac 9-rei\u00e4n kierros 30 \u20ac 25 \u20ac \/ 25 \u20ac 9-rei\u00e4n kierros VaG j\u00e4sen 25 \u20ac 15 \u20ac \/ 20 \u20ac 5-kortti greenfee [&hellip;]<\/p>\n","protected":false},"author":2,"featured_media":0,"parent":1446,"menu_order":0,"comment_status":"closed","ping_status":"closed","template":"","meta":{"_expiration-date-status":"","_expiration-date":0,"_expiration-date-type":"","_expiration-date-categories":[],"_expiration-date-options":[]},"acf":[],"_links":{"self":[{"href":"https:\/\/vaasangolf.wptest02.vdk.fi\/fi\/wp-json\/wp\/v2\/pages\/1466"}],"collection":[{"href":"https:\/\/vaasangolf.wptest02.vdk.fi\/fi\/wp-json\/wp\/v2\/pages"}],"about":[{"href":"https:\/\/vaasangolf.wptest02.vdk.fi\/fi\/wp-json\/wp\/v2\/types\/page"}],"author":[{"embeddable":true,"href":"https:\/\/vaasangolf.wptest02.vdk.fi\/fi\/wp-json\/wp\/v2\/users\/2"}],"replies":[{"embeddable":true,"href":"https:\/\/vaasangolf.wptest02.vdk.fi\/fi\/wp-json\/wp\/v2\/comments?post=1466"}],"version-history":[{"count":155,"href":"https:\/\/vaasangolf.wptest02.vdk.fi\/fi\/wp-json\/wp\/v2\/pages\/1466\/revisions"}],"predecessor-version":[{"id":8020,"href":"https:\/\/vaasangolf.wptest02.vdk.fi\/fi\/wp-json\/wp\/v2\/pages\/1466\/revisions\/8020"}],"up":[{"embeddable":true,"href":"https:\/\/vaasangolf.wptest02.vdk.fi\/fi\/wp-json\/wp\/v2\/pages\/1446"}],"wp:attachment":[{"href":"https:\/\/vaasangolf.wptest02.vdk.fi\/fi\/wp-json\/wp\/v2\/media?parent=1466"}],"curies":[{"name":"wp","href":"https:\/\/api.w.org\/{rel}","templated":true}]}}