{"id":1468,"date":"2021-09-28T16:52:44","date_gmt":"2021-09-28T13:52:44","guid":{"rendered":"https:\/\/vaasangolf.wptest02.vdk.fi\/?page_id=1468"},"modified":"2023-08-04T18:29:08","modified_gmt":"2023-08-04T15:29:08","slug":"ajanvaraus","status":"publish","type":"page","link":"https:\/\/vaasangolf.wptest02.vdk.fi\/fi\/pelaaminen\/ajanvaraus\/","title":{"rendered":"Ajanvaraus"},"content":{"rendered":"\t\t<div data-elementor-type=\"wp-page\" data-elementor-id=\"1468\" class=\"elementor elementor-1468\">\n\t\t\t\t\t\t<div class=\"elementor-inner\">\n\t\t\t\t<div class=\"elementor-section-wrap\">\n\t\t\t\t\t\t\t\t\t<section class=\"elementor-section elementor-top-section elementor-element elementor-element-d5b45bf elementor-section-boxed elementor-section-height-default elementor-section-height-default\" data-id=\"d5b45bf\" data-element_type=\"section\">\n\t\t\t\t\t\t<div class=\"elementor-container elementor-column-gap-default\">\n\t\t\t\t\t\t\t<div class=\"elementor-row\">\n\t\t\t\t\t<div class=\"elementor-column elementor-col-50 elementor-top-column elementor-element elementor-element-0aeb248\" data-id=\"0aeb248\" data-element_type=\"column\">\n\t\t\t<div class=\"elementor-column-wrap elementor-element-populated\">\n\t\t\t\t\t\t\t<div class=\"elementor-widget-wrap\">\n\t\t\t\t\t\t<div class=\"elementor-element elementor-element-b29f223 elementor-align-center elementor-mobile-align-center elementor-widget__width-auto elementor-widget elementor-widget-button\" data-id=\"b29f223\" data-element_type=\"widget\" data-widget_type=\"button.default\">\n\t\t\t\t<div class=\"elementor-widget-container\">\n\t\t\t\t\t<div class=\"elementor-button-wrapper\">\n\t\t\t<a href=\"https:\/\/vag.nexgolf.fi\/vag\/member\/index.html#\/\" target=\"_blank\" class=\"elementor-button-link elementor-button elementor-size-lg\" role=\"button\">\n\t\t\t\t\t\t<span class=\"elementor-button-content-wrapper\">\n\t\t\t\t\t\t<span class=\"elementor-button-text\">Ajanvaraus J\u00e4senet<\/span>\n\t\t<\/span>\n\t\t\t\t\t<\/a>\n\t\t<\/div>\n\t\t\t\t<\/div>\n\t\t\t\t<\/div>\n\t\t\t\t\t\t<\/div>\n\t\t\t\t\t<\/div>\n\t\t<\/div>\n\t\t\t\t<div class=\"elementor-column elementor-col-50 elementor-top-column elementor-element elementor-element-1bdd1bc\" data-id=\"1bdd1bc\" data-element_type=\"column\">\n\t\t\t<div class=\"elementor-column-wrap elementor-element-populated\">\n\t\t\t\t\t\t\t<div class=\"elementor-widget-wrap\">\n\t\t\t\t\t\t<div class=\"elementor-element elementor-element-7ff2f3e elementor-align-center elementor-mobile-align-center elementor-widget__width-auto elementor-widget elementor-widget-button\" data-id=\"7ff2f3e\" data-element_type=\"widget\" data-widget_type=\"button.default\">\n\t\t\t\t<div class=\"elementor-widget-container\">\n\t\t\t\t\t<div class=\"elementor-button-wrapper\">\n\t\t\t<a href=\"https:\/\/golfpiste.com\/teetime\" target=\"_blank\" class=\"elementor-button-link elementor-button elementor-size-lg\" role=\"button\">\n\t\t\t\t\t\t<span class=\"elementor-button-content-wrapper\">\n\t\t\t\t\t\t<span class=\"elementor-button-text\">Ajanvaraus vieraat<\/span>\n\t\t<\/span>\n\t\t\t\t\t<\/a>\n\t\t<\/div>\n\t\t\t\t<\/div>\n\t\t\t\t<\/div>\n\t\t\t\t\t\t<\/div>\n\t\t\t\t\t<\/div>\n\t\t<\/div>\n\t\t\t\t\t\t\t\t<\/div>\n\t\t\t\t\t<\/div>\n\t\t<\/section>\n\t\t\t\t<section class=\"elementor-section elementor-top-section elementor-element elementor-element-2ada9b9 elementor-section-boxed elementor-section-height-default elementor-section-height-default\" data-id=\"2ada9b9\" data-element_type=\"section\">\n\t\t\t\t\t\t<div class=\"elementor-container elementor-column-gap-default\">\n\t\t\t\t\t\t\t<div class=\"elementor-row\">\n\t\t\t\t\t<div class=\"elementor-column elementor-col-100 elementor-top-column elementor-element elementor-element-9cee50e\" data-id=\"9cee50e\" data-element_type=\"column\">\n\t\t\t<div class=\"elementor-column-wrap elementor-element-populated\">\n\t\t\t\t\t\t\t<div class=\"elementor-widget-wrap\">\n\t\t\t\t\t\t<div class=\"elementor-element elementor-element-bf7b002 elementor-widget elementor-widget-text-editor\" data-id=\"bf7b002\" data-element_type=\"widget\" data-widget_type=\"text-editor.default\">\n\t\t\t\t<div class=\"elementor-widget-container\">\n\t\t\t\t\t\t\t\t<div class=\"elementor-text-editor elementor-clearfix\">\n\t\t\t\t\t\t\t\t\t<\/div>\n\t\t\t\t\t\t<\/div>\n\t\t\t\t<\/div>\n\t\t\t\t<div class=\"elementor-element elementor-element-8b3dd27 elementor-widget elementor-widget-accordion\" data-id=\"8b3dd27\" data-element_type=\"widget\" data-widget_type=\"accordion.default\">\n\t\t\t\t<div class=\"elementor-widget-container\">\n\t\t\t\t\t<div class=\"elementor-accordion\" role=\"tablist\">\n\t\t\t\t\t\t\t<div class=\"elementor-accordion-item\">\n\t\t\t\t\t<div id=\"elementor-tab-title-1461\" class=\"elementor-tab-title\" data-tab=\"1\" role=\"tab\" aria-controls=\"elementor-tab-content-1461\" aria-expanded=\"false\">\n\t\t\t\t\t\t\t\t\t\t\t\t\t<span class=\"elementor-accordion-icon elementor-accordion-icon-left\" aria-hidden=\"true\">\n\t\t\t\t\t\t\t\t\t\t\t\t\t\t\t<span class=\"elementor-accordion-icon-closed\"><i class=\"fas fa-plus\"><\/i><\/span>\n\t\t\t\t\t\t\t\t<span class=\"elementor-accordion-icon-opened\"><i class=\"fas fa-minus\"><\/i><\/span>\n\t\t\t\t\t\t\t\t\t\t\t\t\t\t<\/span>\n\t\t\t\t\t\t\t\t\t\t\t\t<a class=\"elementor-accordion-title\" href=\"\">Green fee 2023<\/a>\n\t\t\t\t\t<\/div>\n\t\t\t\t\t<div id=\"elementor-tab-content-1461\" class=\"elementor-tab-content elementor-clearfix\" data-tab=\"1\" role=\"tabpanel\" aria-labelledby=\"elementor-tab-title-1461\"><table width=\"671\"><tbody><tr><td>\u00a0<\/td><td><p><strong>Aikuinen<\/strong><\/p><\/td><td><p><strong>Juniori\/Opiskelija (22-29)<\/strong><\/p><\/td><\/tr><tr><td><p>Jokamieskentt\u00e4<\/p><\/td><td><p>10 \u20ac<\/p><\/td><td><p>7 \u20ac \/ 7 \u20ac<\/p><\/td><\/tr><tr><td><p>P\u00e4iv\u00e4-greenfee<\/p><\/td><td><p>55 \u20ac<\/p><\/td><td><p>35 \u20ac \/ 35 \u20ac<\/p><\/td><\/tr><tr><td><p>P\u00e4iv\u00e4-greenfee VaG j\u00e4sen<\/p><\/td><td><p>45 \u20ac<\/p><\/td><td><p>30 \u20ac \/ 30 \u20ac<\/p><\/td><\/tr><tr><td><p>9-rei\u00e4n kierros<\/p><\/td><td><p>30 \u20ac<\/p><\/td><td><p>25 \u20ac \/ 25 \u20ac<\/p><\/td><\/tr><tr><td><p>9-rei\u00e4n kierros VaG j\u00e4sen<\/p><\/td><td><p>25 \u20ac<\/p><\/td><td><p>15 \u20ac \/ 20 \u20ac<\/p><\/td><\/tr><tr><td><p>5-kortti greenfee<\/p><\/td><td><p>250 \u20ac<\/p><\/td><td><p>\u00a0 VaG j\u00e4sen 220 \u20ac<\/p><\/td><\/tr><tr><td><p>10-kortti greenfee<\/p><\/td><td><p>500 \u20ac<\/p><\/td><td><p>\u00a0 VaG j\u00e4sen 400 \u20ac<\/p><\/td><\/tr><\/tbody><\/table><\/div>\n\t\t\t\t<\/div>\n\t\t\t\t\t\t\t<div class=\"elementor-accordion-item\">\n\t\t\t\t\t<div id=\"elementor-tab-title-1462\" class=\"elementor-tab-title\" data-tab=\"2\" role=\"tab\" aria-controls=\"elementor-tab-content-1462\" aria-expanded=\"false\">\n\t\t\t\t\t\t\t\t\t\t\t\t\t<span class=\"elementor-accordion-icon elementor-accordion-icon-left\" aria-hidden=\"true\">\n\t\t\t\t\t\t\t\t\t\t\t\t\t\t\t<span class=\"elementor-accordion-icon-closed\"><i class=\"fas fa-plus\"><\/i><\/span>\n\t\t\t\t\t\t\t\t<span class=\"elementor-accordion-icon-opened\"><i class=\"fas fa-minus\"><\/i><\/span>\n\t\t\t\t\t\t\t\t\t\t\t\t\t\t<\/span>\n\t\t\t\t\t\t\t\t\t\t\t\t<a class=\"elementor-accordion-title\" href=\"\">Kilpailumaksut 2023<\/a>\n\t\t\t\t\t<\/div>\n\t\t\t\t\t<div id=\"elementor-tab-content-1462\" class=\"elementor-tab-content elementor-clearfix\" data-tab=\"2\" role=\"tabpanel\" aria-labelledby=\"elementor-tab-title-1462\"><table width=\"671\"><tbody><tr><td width=\"316\"><p><strong>18 reik\u00e4\u00e4<\/strong><\/p><\/td><td width=\"269\"><p>Vieraat\/VaG Greenfee Pelaajat<\/p><\/td><td width=\"86\"><p>50 \u20ac<\/p><\/td><\/tr><tr><td width=\"316\">\u00a0<\/td><td width=\"269\"><p>VaG j\u00e4senet Kausimaksun maksaneet<\/p><\/td><td width=\"86\"><p>12 \u20ac<\/p><\/td><\/tr><tr><td width=\"316\"><p><strong>Vaasan Mestaruus<\/strong><\/p><\/td><td width=\"269\"><p>Aikuiset<\/p><\/td><td width=\"86\"><p>12 \u20ac<\/p><\/td><\/tr><tr><td width=\"316\">\u00a0<\/td><td width=\"269\"><p>Seniorit<\/p><\/td><td width=\"86\"><p>12 \u20ac<\/p><\/td><\/tr><tr><td width=\"316\">\u00a0<\/td><td width=\"269\"><p>Juniorit &lt;19-21v.<\/p><\/td><td width=\"86\"><p>6 \u20ac<\/p><\/td><\/tr><tr><td width=\"316\">\u00a0<\/td><td width=\"269\"><p>Juniorit &lt;18v.<\/p><\/td><td width=\"86\"><p>0 \u20ac<\/p><\/td><\/tr><tr><td width=\"316\"><p><strong>Senioritiistai<\/strong><\/p><\/td><td width=\"269\"><p>VaG j\u00e4senet Kausimaksun maksaneet<\/p><\/td><td width=\"86\"><p>7 \u20ac<\/p><\/td><\/tr><tr><td width=\"316\"><p><strong>Viikkokilpailu<\/strong><\/p><\/td><td width=\"269\"><p>Aikuiset Kausimaksun maksaneet\/Muut<\/p><\/td><td width=\"86\"><p>\u00a07 \u20ac \/ 47 \u20ac<\/p><\/td><\/tr><tr><td width=\"316\">\u00a0<\/td><td width=\"269\"><p>Juniorit 9r Kausimaksun maksaneet\/Muut<\/p><\/td><td width=\"86\"><p>\u00a05 \u20ac \/ 25 \u20ac<\/p><\/td><\/tr><tr><td width=\"316\">\u00a0<\/td><td width=\"269\"><p>Naisten ke peli-ilta 9r kausimaksun maksaneet\/muut<\/p><\/td><td width=\"86\"><p>\u00a06 \u20ac\/ 25 \u20ac<\/p><\/td><\/tr><tr><td width=\"316\">\u00a0<\/td><td width=\"269\"><p>Juniorit<\/p><\/td><td width=\"86\"><p>3 \u20ac<\/p><\/td><\/tr><tr><td width=\"316\"><p><strong>Matchplay<\/strong><\/p><\/td><td width=\"269\"><p>Aikuiset<\/p><\/td><td width=\"86\"><p>12 \u20ac<\/p><\/td><\/tr><tr><td width=\"316\">\u00a0<\/td><td width=\"269\"><p>Juniorit<\/p><\/td><td width=\"86\"><p>6 \u20ac<\/p><\/td><\/tr><tr><td width=\"316\"><p><strong>Seniorimatchplay<\/strong><\/p><\/td><td width=\"269\"><p>Seniorit<\/p><\/td><td width=\"86\"><p>7 \u20ac<\/p><\/td><\/tr><tr><td width=\"316\"><p><strong>Scramble<\/strong>\u00a0(2 henk.)<\/p><\/td><td width=\"269\"><p>Vieraat\/VaG Greenfee Pelaajat<\/p><\/td><td width=\"86\"><p>60 \u20ac<\/p><\/td><\/tr><tr><td width=\"316\">\u00a0<\/td><td width=\"269\"><p>VaG j\u00e4senet Kausimaksun maksaneet<\/p><\/td><td width=\"86\"><p>20 \u20ac<\/p><\/td><\/tr><\/tbody><\/table><\/div>\n\t\t\t\t<\/div>\n\t\t\t\t\t\t\t<div class=\"elementor-accordion-item\">\n\t\t\t\t\t<div id=\"elementor-tab-title-1463\" class=\"elementor-tab-title\" data-tab=\"3\" role=\"tab\" aria-controls=\"elementor-tab-content-1463\" aria-expanded=\"false\">\n\t\t\t\t\t\t\t\t\t\t\t\t\t<span class=\"elementor-accordion-icon elementor-accordion-icon-left\" aria-hidden=\"true\">\n\t\t\t\t\t\t\t\t\t\t\t\t\t\t\t<span class=\"elementor-accordion-icon-closed\"><i class=\"fas fa-plus\"><\/i><\/span>\n\t\t\t\t\t\t\t\t<span class=\"elementor-accordion-icon-opened\"><i class=\"fas fa-minus\"><\/i><\/span>\n\t\t\t\t\t\t\t\t\t\t\t\t\t\t<\/span>\n\t\t\t\t\t\t\t\t\t\t\t\t<a class=\"elementor-accordion-title\" href=\"\">Golfauton vuokrahinnat<\/a>\n\t\t\t\t\t<\/div>\n\t\t\t\t\t<div id=\"elementor-tab-content-1463\" class=\"elementor-tab-content elementor-clearfix\" data-tab=\"3\" role=\"tabpanel\" aria-labelledby=\"elementor-tab-title-1463\"><p><strong>GOLFAUTON VUOKRAHINNAT<\/strong><\/p><p>Vieraspelaajat\u00a0 \u00a0 \u00a0 \u00a0 \u00a0 \u00a0 40e<\/p><p>Vierasseniorit, 65+\u00a0 \u00a030\u20ac<\/p><p>VaG j\u00e4senet\u00a0 \u00a0 \u00a0 \u00a0 \u00a0 \u00a0 \u00a0 \u00a040\u20ac<\/p><p>VaG osakas\u00a0 \u00a0 \u00a0 \u00a0 \u00a0 \u00a0 \u00a0 \u00a0 25\u20ac<\/p><p>\u00a0<\/p><\/div>\n\t\t\t\t<\/div>\n\t\t\t\t\t\t\t\t<\/div>\n\t\t\t\t<\/div>\n\t\t\t\t<\/div>\n\t\t\t\t\t\t<\/div>\n\t\t\t\t\t<\/div>\n\t\t<\/div>\n\t\t\t\t\t\t\t\t<\/div>\n\t\t\t\t\t<\/div>\n\t\t<\/section>\n\t\t\t\t\t\t\t\t\t<\/div>\n\t\t\t<\/div>\n\t\t\t\t\t<\/div>\n\t\t","protected":false},"excerpt":{"rendered":"<p>Ajanvaraus J\u00e4senet Ajanvaraus vieraat Green fee 2023 \u00a0 Aikuinen Juniori\/Opiskelija (22-29) Jokamieskentt\u00e4 10 \u20ac 7 \u20ac \/ 7 \u20ac P\u00e4iv\u00e4-greenfee 55 \u20ac 35 \u20ac \/ 35 \u20ac P\u00e4iv\u00e4-greenfee VaG j\u00e4sen 45 \u20ac 30 \u20ac \/ 30 \u20ac 9-rei\u00e4n kierros 30 \u20ac 25 \u20ac \/ 25 \u20ac 9-rei\u00e4n kierros VaG j\u00e4sen 25 \u20ac 15 \u20ac \/ [&hellip;]<\/p>\n","protected":false},"author":2,"featured_media":0,"parent":1446,"menu_order":0,"comment_status":"closed","ping_status":"closed","template":"","meta":{"_expiration-date-status":"","_expiration-date":0,"_expiration-date-type":"","_expiration-date-categories":[],"_expiration-date-options":[]},"acf":[],"_links":{"self":[{"href":"https:\/\/vaasangolf.wptest02.vdk.fi\/fi\/wp-json\/wp\/v2\/pages\/1468"}],"collection":[{"href":"https:\/\/vaasangolf.wptest02.vdk.fi\/fi\/wp-json\/wp\/v2\/pages"}],"about":[{"href":"https:\/\/vaasangolf.wptest02.vdk.fi\/fi\/wp-json\/wp\/v2\/types\/page"}],"author":[{"embeddable":true,"href":"https:\/\/vaasangolf.wptest02.vdk.fi\/fi\/wp-json\/wp\/v2\/users\/2"}],"replies":[{"embeddable":true,"href":"https:\/\/vaasangolf.wptest02.vdk.fi\/fi\/wp-json\/wp\/v2\/comments?post=1468"}],"version-history":[{"count":30,"href":"https:\/\/vaasangolf.wptest02.vdk.fi\/fi\/wp-json\/wp\/v2\/pages\/1468\/revisions"}],"predecessor-version":[{"id":8750,"href":"https:\/\/vaasangolf.wptest02.vdk.fi\/fi\/wp-json\/wp\/v2\/pages\/1468\/revisions\/8750"}],"up":[{"embeddable":true,"href":"https:\/\/vaasangolf.wptest02.vdk.fi\/fi\/wp-json\/wp\/v2\/pages\/1446"}],"wp:attachment":[{"href":"https:\/\/vaasangolf.wptest02.vdk.fi\/fi\/wp-json\/wp\/v2\/media?parent=1468"}],"curies":[{"name":"wp","href":"https:\/\/api.w.org\/{rel}","templated":true}]}}