{"id":1472,"date":"2021-09-28T16:54:17","date_gmt":"2021-09-28T13:54:17","guid":{"rendered":"https:\/\/vaasangolf.wptest02.vdk.fi\/?page_id=1472"},"modified":"2022-03-03T12:47:09","modified_gmt":"2022-03-03T10:47:09","slug":"paikallissaannot","status":"publish","type":"page","link":"https:\/\/vaasangolf.wptest02.vdk.fi\/fi\/pelaaminen\/kilpailut-tapahtumat\/paikallissaannot\/","title":{"rendered":"Paikalliss\u00e4\u00e4nn\u00f6t"},"content":{"rendered":"<h4>Vaasan Golf ry k\u00e4ytt\u00e4\u00e4 Suomen Golfliiton paikalliss\u00e4\u00e4nt\u00f6j\u00e4 (Hard Card)<\/h4>\n<p>Linkki paikalliss\u00e4\u00e4nt\u00f6ihin: <a href=\"https:\/\/vaasangolf.wptest02.vdk.fi\/wp-content\/uploads\/2022\/03\/HardCard2022.pdf\">HardCard2022<\/a><\/p>\n","protected":false},"excerpt":{"rendered":"<p>Vaasan Golf ry k\u00e4ytt\u00e4\u00e4 Suomen Golfliiton paikalliss\u00e4\u00e4nt\u00f6j\u00e4 (Hard Card) Linkki paikalliss\u00e4\u00e4nt\u00f6ihin: HardCard2022<\/p>\n","protected":false},"author":2,"featured_media":0,"parent":1470,"menu_order":0,"comment_status":"closed","ping_status":"closed","template":"","meta":{"_expiration-date-status":"","_expiration-date":0,"_expiration-date-type":"","_expiration-date-categories":[],"_expiration-date-options":[]},"acf":[],"_links":{"self":[{"href":"https:\/\/vaasangolf.wptest02.vdk.fi\/fi\/wp-json\/wp\/v2\/pages\/1472"}],"collection":[{"href":"https:\/\/vaasangolf.wptest02.vdk.fi\/fi\/wp-json\/wp\/v2\/pages"}],"about":[{"href":"https:\/\/vaasangolf.wptest02.vdk.fi\/fi\/wp-json\/wp\/v2\/types\/page"}],"author":[{"embeddable":true,"href":"https:\/\/vaasangolf.wptest02.vdk.fi\/fi\/wp-json\/wp\/v2\/users\/2"}],"replies":[{"embeddable":true,"href":"https:\/\/vaasangolf.wptest02.vdk.fi\/fi\/wp-json\/wp\/v2\/comments?post=1472"}],"version-history":[{"count":5,"href":"https:\/\/vaasangolf.wptest02.vdk.fi\/fi\/wp-json\/wp\/v2\/pages\/1472\/revisions"}],"predecessor-version":[{"id":3191,"href":"https:\/\/vaasangolf.wptest02.vdk.fi\/fi\/wp-json\/wp\/v2\/pages\/1472\/revisions\/3191"}],"up":[{"embeddable":true,"href":"https:\/\/vaasangolf.wptest02.vdk.fi\/fi\/wp-json\/wp\/v2\/pages\/1470"}],"wp:attachment":[{"href":"https:\/\/vaasangolf.wptest02.vdk.fi\/fi\/wp-json\/wp\/v2\/media?parent=1472"}],"curies":[{"name":"wp","href":"https:\/\/api.w.org\/{rel}","templated":true}]}}