{"id":1482,"date":"2021-09-28T16:57:13","date_gmt":"2021-09-28T13:57:13","guid":{"rendered":"https:\/\/vaasangolf.wptest02.vdk.fi\/?page_id=1482"},"modified":"2022-03-03T10:57:03","modified_gmt":"2022-03-03T08:57:03","slug":"slopetaulukot-laskin","status":"publish","type":"page","link":"https:\/\/vaasangolf.wptest02.vdk.fi\/fi\/pelaaminen\/kentat\/slopetaulukot-laskin\/","title":{"rendered":"Slopetaulukot &#038; -laskin"},"content":{"rendered":"<h2>Uuden WHS-tasoitusj\u00e4rjestelm\u00e4n mukaiset slopetaulukot<\/h2>\n<p>(taulukot avautuvat linkeist\u00e4 uuteen ikkunaan)<\/p>\n<p><strong>HUOM<\/strong>! jos pelaaja pelaa vain 9 reik\u00e4\u00e4 esim. Keltaisella-kent\u00e4ll\u00e4, niin t\u00e4ll\u00f6in kent\u00e4ksi pit\u00e4\u00e4 valita esim. GameBookista Yellow \u2013 Yellow (ei Yellow-Blue tai Yellow-White). T\u00e4ll\u00f6in tasoituslaskenta menee 100% oikein.<\/p>\n<table border=\"1\">\n<tbody>\n<tr>\n<td><strong>Miehet<\/strong><\/td>\n<td><strong>Naiset<\/strong><\/td>\n<\/tr>\n<tr>\n<td><a href=\"https:\/\/vaasangolf.wptest02.vdk.fi\/wp-content\/uploads\/2022\/02\/VaG-Yellow_m_18.pdf\">Keltainen\u00a0<\/a><\/td>\n<td><a href=\"https:\/\/vaasangolf.wptest02.vdk.fi\/wp-content\/uploads\/2022\/02\/VaG-Yellow_n_18.pdf\">Keltainen<\/a><\/td>\n<\/tr>\n<tr>\n<td><a href=\"https:\/\/vaasangolf.wptest02.vdk.fi\/wp-content\/uploads\/2022\/02\/VaG-White_m_18.pdf\">Valkoinen<\/a><\/td>\n<td><a href=\"https:\/\/vaasangolf.wptest02.vdk.fi\/wp-content\/uploads\/2022\/02\/VaG-White_n_18.pdf\">Valkoinen<\/a><\/td>\n<\/tr>\n<tr>\n<td><a href=\"https:\/\/vaasangolf.wptest02.vdk.fi\/wp-content\/uploads\/2022\/02\/VaG-Blue_m_18.pdf\">Sininen<\/a><\/td>\n<td><a href=\"https:\/\/vaasangolf.wptest02.vdk.fi\/wp-content\/uploads\/2022\/02\/VaG-Blue_n_18.pdf\">Sininen<\/a><\/td>\n<\/tr>\n<tr>\n<td><a href=\"https:\/\/vaasangolf.wptest02.vdk.fi\/wp-content\/uploads\/2022\/02\/VaG-YellowWhite_m_18.pdf\">Keltainen \u2013 Valkoinen<\/a><\/td>\n<td><a href=\"https:\/\/vaasangolf.wptest02.vdk.fi\/wp-content\/uploads\/2022\/02\/VaG-YellowWhite_n_18.pdf\">Keltainen \u2013 Valkoinen<\/a><\/td>\n<\/tr>\n<tr>\n<td><a href=\"https:\/\/vaasangolf.wptest02.vdk.fi\/wp-content\/uploads\/2022\/02\/VaG-YellowBlue_m_18.pdf\">Keltainen \u2013 Sininen<\/a><\/td>\n<td><a href=\"https:\/\/vaasangolf.wptest02.vdk.fi\/wp-content\/uploads\/2022\/02\/VaG-YellowBlue_n_18.pdf\">Keltainen \u2013 Sininen<\/a><\/td>\n<\/tr>\n<tr>\n<td><a href=\"https:\/\/vaasangolf.wptest02.vdk.fi\/wp-content\/uploads\/2022\/02\/VaG-BlueWhite_m_18.pdf\">Sininen \u2013 Valkoinen<\/a><\/td>\n<td><a href=\"https:\/\/vaasangolf.wptest02.vdk.fi\/wp-content\/uploads\/2022\/02\/VaG-BlueWhite_n_18.pdf\">Sininen \u2013 Valkoinen<\/a><\/td>\n<\/tr>\n<tr>\n<td><a href=\"https:\/\/vaasangolf.wptest02.vdk.fi\/wp-content\/uploads\/2022\/02\/VaG-Old-Course_m_18.pdf\">Old Course<\/a><\/td>\n<td><a href=\"https:\/\/vaasangolf.wptest02.vdk.fi\/wp-content\/uploads\/2022\/02\/VaG-Old-Course_n_18.pdf\">Old Course<\/a><\/td>\n<\/tr>\n<tr>\n<td><a href=\"https:\/\/vaasangolf.wptest02.vdk.fi\/wp-content\/uploads\/2022\/02\/VaG-Jokamieskentta_m_18.pdf\">Jokamieskentt\u00e4<\/a><\/td>\n<td><a href=\"https:\/\/vaasangolf.wptest02.vdk.fi\/wp-content\/uploads\/2022\/02\/VaG-Jokamieskentta_n_18.pdf\">Jokamieskentt\u00e4<\/a><\/td>\n<\/tr>\n<\/tbody>\n<\/table>\n<p><strong>TARKISTAKAA SLOPE AINA VIRALLISISTA LISTOISTA!<\/strong><\/p>\n","protected":false},"excerpt":{"rendered":"<p>Uuden WHS-tasoitusj\u00e4rjestelm\u00e4n mukaiset slopetaulukot (taulukot avautuvat linkeist\u00e4 uuteen ikkunaan) HUOM! jos pelaaja pelaa vain 9 reik\u00e4\u00e4 esim. Keltaisella-kent\u00e4ll\u00e4, niin t\u00e4ll\u00f6in kent\u00e4ksi pit\u00e4\u00e4 valita esim. GameBookista Yellow \u2013 Yellow (ei Yellow-Blue tai Yellow-White). T\u00e4ll\u00f6in tasoituslaskenta menee 100% oikein. Miehet Naiset Keltainen\u00a0 Keltainen Valkoinen Valkoinen Sininen Sininen Keltainen \u2013 Valkoinen Keltainen \u2013 Valkoinen Keltainen \u2013 Sininen Keltainen [&hellip;]<\/p>\n","protected":false},"author":2,"featured_media":0,"parent":1474,"menu_order":0,"comment_status":"closed","ping_status":"closed","template":"","meta":{"_expiration-date-status":"","_expiration-date":0,"_expiration-date-type":"","_expiration-date-categories":[],"_expiration-date-options":[]},"acf":[],"_links":{"self":[{"href":"https:\/\/vaasangolf.wptest02.vdk.fi\/fi\/wp-json\/wp\/v2\/pages\/1482"}],"collection":[{"href":"https:\/\/vaasangolf.wptest02.vdk.fi\/fi\/wp-json\/wp\/v2\/pages"}],"about":[{"href":"https:\/\/vaasangolf.wptest02.vdk.fi\/fi\/wp-json\/wp\/v2\/types\/page"}],"author":[{"embeddable":true,"href":"https:\/\/vaasangolf.wptest02.vdk.fi\/fi\/wp-json\/wp\/v2\/users\/2"}],"replies":[{"embeddable":true,"href":"https:\/\/vaasangolf.wptest02.vdk.fi\/fi\/wp-json\/wp\/v2\/comments?post=1482"}],"version-history":[{"count":9,"href":"https:\/\/vaasangolf.wptest02.vdk.fi\/fi\/wp-json\/wp\/v2\/pages\/1482\/revisions"}],"predecessor-version":[{"id":2431,"href":"https:\/\/vaasangolf.wptest02.vdk.fi\/fi\/wp-json\/wp\/v2\/pages\/1482\/revisions\/2431"}],"up":[{"embeddable":true,"href":"https:\/\/vaasangolf.wptest02.vdk.fi\/fi\/wp-json\/wp\/v2\/pages\/1474"}],"wp:attachment":[{"href":"https:\/\/vaasangolf.wptest02.vdk.fi\/fi\/wp-json\/wp\/v2\/media?parent=1482"}],"curies":[{"name":"wp","href":"https:\/\/api.w.org\/{rel}","templated":true}]}}