{"id":1484,"date":"2021-09-28T16:58:00","date_gmt":"2021-09-28T13:58:00","guid":{"rendered":"https:\/\/vaasangolf.wptest02.vdk.fi\/?page_id=1484"},"modified":"2022-03-21T12:32:23","modified_gmt":"2022-03-21T10:32:23","slug":"harjoitusalueet","status":"publish","type":"page","link":"https:\/\/vaasangolf.wptest02.vdk.fi\/fi\/pelaaminen\/harjoitusalueet\/","title":{"rendered":"Harjoitusalueet"},"content":{"rendered":"<h3>RANGE<\/h3>\n<p>Nurmirange, 10 paikkainen katettu ly\u00f6ntikatos ja runsaasti ly\u00f6ntimattoja , palvelee 8-20 joka p\u00e4iv\u00e4.<\/p>\n<p>Palloautomaatti toimii kolikoilla; 2\u20ac kolikolla ja poleteilla joita saa caddiemasterilta<\/p>\n<h3>PUTTIALUE<\/h3>\n<p>Klubirakennuksen edustalla ja rangella. Rangen puttialueella ainoastaan chippi-ly\u00f6nnit sallittu!<\/p>\n<h3>L\u00c4HIPELIALUE<\/h3>\n<p>Parkkialuetta vastap\u00e4\u00e4t\u00e4 sijaitsee l\u00e4hipelin harjoitusalue.<\/p>\n","protected":false},"excerpt":{"rendered":"<p>RANGE Nurmirange, 10 paikkainen katettu ly\u00f6ntikatos ja runsaasti ly\u00f6ntimattoja , palvelee 8-20 joka p\u00e4iv\u00e4. Palloautomaatti toimii kolikoilla; 2\u20ac kolikolla ja poleteilla joita saa caddiemasterilta PUTTIALUE Klubirakennuksen edustalla ja rangella. Rangen puttialueella ainoastaan chippi-ly\u00f6nnit sallittu! L\u00c4HIPELIALUE Parkkialuetta vastap\u00e4\u00e4t\u00e4 sijaitsee l\u00e4hipelin harjoitusalue.<\/p>\n","protected":false},"author":2,"featured_media":0,"parent":1446,"menu_order":0,"comment_status":"closed","ping_status":"closed","template":"","meta":{"_expiration-date-status":"","_expiration-date":0,"_expiration-date-type":"","_expiration-date-categories":[],"_expiration-date-options":[]},"acf":[],"_links":{"self":[{"href":"https:\/\/vaasangolf.wptest02.vdk.fi\/fi\/wp-json\/wp\/v2\/pages\/1484"}],"collection":[{"href":"https:\/\/vaasangolf.wptest02.vdk.fi\/fi\/wp-json\/wp\/v2\/pages"}],"about":[{"href":"https:\/\/vaasangolf.wptest02.vdk.fi\/fi\/wp-json\/wp\/v2\/types\/page"}],"author":[{"embeddable":true,"href":"https:\/\/vaasangolf.wptest02.vdk.fi\/fi\/wp-json\/wp\/v2\/users\/2"}],"replies":[{"embeddable":true,"href":"https:\/\/vaasangolf.wptest02.vdk.fi\/fi\/wp-json\/wp\/v2\/comments?post=1484"}],"version-history":[{"count":4,"href":"https:\/\/vaasangolf.wptest02.vdk.fi\/fi\/wp-json\/wp\/v2\/pages\/1484\/revisions"}],"predecessor-version":[{"id":4225,"href":"https:\/\/vaasangolf.wptest02.vdk.fi\/fi\/wp-json\/wp\/v2\/pages\/1484\/revisions\/4225"}],"up":[{"embeddable":true,"href":"https:\/\/vaasangolf.wptest02.vdk.fi\/fi\/wp-json\/wp\/v2\/pages\/1446"}],"wp:attachment":[{"href":"https:\/\/vaasangolf.wptest02.vdk.fi\/fi\/wp-json\/wp\/v2\/media?parent=1484"}],"curies":[{"name":"wp","href":"https:\/\/api.w.org\/{rel}","templated":true}]}}