{"id":1486,"date":"2021-09-28T16:58:27","date_gmt":"2021-09-28T13:58:27","guid":{"rendered":"https:\/\/vaasangolf.wptest02.vdk.fi\/?page_id=1486"},"modified":"2023-10-02T15:29:41","modified_gmt":"2023-10-02T12:29:41","slug":"trakman-simulaattori","status":"publish","type":"page","link":"https:\/\/vaasangolf.wptest02.vdk.fi\/fi\/pelaaminen\/trakman-simulaattori\/","title":{"rendered":"Trackman \/ simulaattori"},"content":{"rendered":"<h1 class=\"entry-title post-title\"><b style=\"font-size: 16px;\">Tervetuloa k\u00e4ytt\u00e4m\u00e4\u00e4n Trackman-simulaattoria!<\/b><\/h1>\n<div class=\"post-entry\">\n<p><strong>Ajankohtaista!<\/strong><\/p>\n<p><strong>HUOM! Trackman tutkaan ei saa koskea\/siirt\u00e4\u00e4. Jos tutka siirtyy ilmoittakaa siit\u00e4 heti, koska muutoin Trackman ei n\u00e4yt\u00e4 oikein.<\/strong><\/p>\n<p>Raportoikaa heti simulaattorin toiminnassa esiintyvist\u00e4 onglemista tai kysyk\u00e4\u00e4 neuvoa Trackmanin\/simulaattorin k\u00e4yt\u00f6st\u00e4:\u00a0<a href=\"mailto:puheenjohtaja@vag.fi\">puheenjohtaja@vag.fi<\/a>\u00a0(0400 264 196).<\/p>\n<h2><b>Simulaattorin hinnoittelu<\/b><\/h2>\n<p>Hinnoittelu perustuu tuntihinnoitteluun eli k\u00e4yt\u00f6st\u00e4 maksetaan per tunti riippumatta henkil\u00f6m\u00e4\u00e4r\u00e4st\u00e4.<\/p>\n<p>Maksakaa varaamanne ajat ennen k\u00e4ytt\u00f6\u00e4. Huom! maksajan ja varaajan tulee olla sama henkil\u00f6.<\/p>\n<p>Maksu yksitt\u00e4istunneista maksetaan ennen k\u00e4ytt\u00f6\u00e4 Vaasan Golfin verkkokaupan kautta; <strong><a href=\"https:\/\/vaasangolf.wptest02.vdk.fi\/fi\/verkkokauppa\/\" target=\"_blank\" rel=\"noopener\">https:\/\/vaasangolf.wptest02.vdk.fi\/fi\/verkkokauppa\/<\/a><\/strong><\/p>\n<p>&nbsp;<\/p>\n<\/div>\n<table style=\"height: 213px;\" width=\"431\">\n<tbody>\n<tr>\n<td width=\"151\">MAKSULUOKAT<\/td>\n<td width=\"93\">HINTA<\/td>\n<\/tr>\n<tr>\n<td>Tuntihinta:<\/td>\n<td><\/td>\n<\/tr>\n<tr>\n<td>klo 6:00-14:00<\/td>\n<td>10\u20ac\/h<\/td>\n<\/tr>\n<tr>\n<td>klo 14:00-22:00<\/td>\n<td>20\u20ac\/h<\/td>\n<\/tr>\n<tr>\n<td>klo 22:00-00:00<\/td>\n<td>10\u20ac\/h<\/td>\n<\/tr>\n<tr>\n<td><\/td>\n<td><\/td>\n<\/tr>\n<tr>\n<td>Vakiovuoro<\/td>\n<td>500 \u20ac<\/td>\n<\/tr>\n<\/tbody>\n<\/table>\n<div class=\"post-entry\">\n<p>(Caddiemasterin ollessa paikalle voidaan maksu suorittaa my\u00f6s suoraan caddiemasterille). Vakiovuorot laskutetaan erikseen.<\/p>\n<p>Mik\u00e4li olette kiinnostuneet vakiovuoroista, olkaa yhteydess\u00e4\u00a0<a href=\"mailto:puheenjohtaja@vag.fi\">puheenjohtaja@vag.fi<\/a>\u00a0(0400 264 196).<\/p>\n<p>Vakiovuoroja on saatavilla rajallisesti ja ne jaetaan ilmoittautumisj\u00e4rjestyksess\u00e4.<\/p>\n<p>Senioreiden simulaattorikisaan osallistujia tiedotetaan hinnoittelusta erikseen.<\/p>\n<\/div>\n<p>&nbsp;<\/p>\n<p>&nbsp;<\/p>\n<div class=\"post-entry\">\n<p><a href=\"https:\/\/vaasangolf.wptest02.vdk.fi\/wp-content\/uploads\/2023\/01\/Screenshot_20230112_092445_Facebook-1.jpg\"><img loading=\"lazy\" class=\"alignnone size-large wp-image-6613\" src=\"https:\/\/vaasangolf.wptest02.vdk.fi\/wp-content\/uploads\/2023\/01\/Screenshot_20230112_092445_Facebook-1-1024x554.jpg\" alt=\"\" width=\"800\" height=\"433\" srcset=\"https:\/\/vaasangolf.wptest02.vdk.fi\/wp-content\/uploads\/2023\/01\/Screenshot_20230112_092445_Facebook-1-1024x554.jpg 1024w, https:\/\/vaasangolf.wptest02.vdk.fi\/wp-content\/uploads\/2023\/01\/Screenshot_20230112_092445_Facebook-1-300x162.jpg 300w, https:\/\/vaasangolf.wptest02.vdk.fi\/wp-content\/uploads\/2023\/01\/Screenshot_20230112_092445_Facebook-1-768x416.jpg 768w, https:\/\/vaasangolf.wptest02.vdk.fi\/wp-content\/uploads\/2023\/01\/Screenshot_20230112_092445_Facebook-1-600x325.jpg 600w, https:\/\/vaasangolf.wptest02.vdk.fi\/wp-content\/uploads\/2023\/01\/Screenshot_20230112_092445_Facebook-1.jpg 1079w\" sizes=\"(max-width: 800px) 100vw, 800px\" \/><\/a><\/p>\n<\/div>\n<p>Ohjevideo Vaasan Golfin Trackman -simulaattorin k\u00e4yt\u00f6st\u00e4. Videolla k\u00e4yd\u00e4\u00e4n l\u00e4pi miten varaat itsellesi harjoitteluajan simulaattoriin, miten simulaattori k\u00e4ynnistet\u00e4\u00e4n ja kuinka harjoittelet tai pelaat simulaattorilla. Lis\u00e4ksi k\u00e4ymme l\u00e4pi t\u00e4rkeimm\u00e4t luvut ja niiden merkitysten ly\u00f6nti\u00e4si analysoidaksesi.<\/p>\n<h3><a href=\"https:\/\/www.youtube.com\/watch?v=_EvuIj8lvBA\" target=\"_blank\" rel=\"noopener\">KATSO VIDEO T\u00c4\u00c4LT\u00c4!<\/a><\/h3>\n<p>&nbsp;<\/p>\n<p>&nbsp;<\/p>\n<div class=\"post-entry\">\n<h2><b>Ajanvaraus<\/b><\/h2>\n<p>Ajanvaraus tapahtuu osoitteessa:\u00a0<a href=\"https:\/\/vello.fi\/vag\/vaasan-golf\">https:\/\/vello.fi\/vag\/vaasan-golf<\/a><\/p>\n<p>Oletuksena on, ett\u00e4 yksinpelaaja pystyy pelaamaan 18 reik\u00e4\u00e4 tunnissa, 2 pelaajaa kahdessa tunnissa ja 3-4 pelaajan tulisi varata 18 rei\u00e4n pelaamiseen nelj\u00e4 tuntia.<\/p>\n<p>Ajat ovat varattavissa tunti kerrallaan eli mik\u00e4li haluatte pelata 2 tuntia, tulee varata kaksi per\u00e4kk\u00e4ist\u00e4 tunnin vuoroa.<\/p>\n<p>Kun olette klikanneet haluamaanne vuoroa, aukeaa seuraava n\u00e4ytt\u00f6, johon tulee antaa nimi, s\u00e4hk\u00f6posti ja puhelinnumero.<\/p>\n<p><img loading=\"lazy\" class=\"alignnone wp-image-4087 size-full\" src=\"https:\/\/vaasangolf.wptest02.vdk.fi\/wp-content\/uploads\/2022\/03\/Vello1.jpg\" alt=\"\" width=\"1288\" height=\"386\" srcset=\"https:\/\/vaasangolf.wptest02.vdk.fi\/wp-content\/uploads\/2022\/03\/Vello1.jpg 1288w, https:\/\/vaasangolf.wptest02.vdk.fi\/wp-content\/uploads\/2022\/03\/Vello1-300x90.jpg 300w, https:\/\/vaasangolf.wptest02.vdk.fi\/wp-content\/uploads\/2022\/03\/Vello1-1024x307.jpg 1024w, https:\/\/vaasangolf.wptest02.vdk.fi\/wp-content\/uploads\/2022\/03\/Vello1-768x230.jpg 768w, https:\/\/vaasangolf.wptest02.vdk.fi\/wp-content\/uploads\/2022\/03\/Vello1-600x180.jpg 600w\" sizes=\"(max-width: 1288px) 100vw, 1288px\" \/><\/p>\n<p>Kun olette t\u00e4ytt\u00e4neet tietonne, niin klikatkaa \u201dMuista varaustietoni\u2026\u201d niin seuraavaa tuntia varatessa j\u00e4rjestelm\u00e4 muistaa tietonne. Jotta voitte tehd\u00e4 varauksen, tulee teid\u00e4n my\u00f6s hyv\u00e4ksy\u00e4 \u201dehdot ja henkil\u00f6tietojen k\u00e4sittely\u201d. Lopuksi painakaa \u201dTee varaus\u201d<\/p>\n<p><img loading=\"lazy\" class=\"alignnone wp-image-4089 size-full\" src=\"https:\/\/vaasangolf.wptest02.vdk.fi\/wp-content\/uploads\/2022\/03\/vello2.jpg\" alt=\"\" width=\"1270\" height=\"324\" srcset=\"https:\/\/vaasangolf.wptest02.vdk.fi\/wp-content\/uploads\/2022\/03\/vello2.jpg 1270w, https:\/\/vaasangolf.wptest02.vdk.fi\/wp-content\/uploads\/2022\/03\/vello2-300x77.jpg 300w, https:\/\/vaasangolf.wptest02.vdk.fi\/wp-content\/uploads\/2022\/03\/vello2-1024x261.jpg 1024w, https:\/\/vaasangolf.wptest02.vdk.fi\/wp-content\/uploads\/2022\/03\/vello2-768x196.jpg 768w, https:\/\/vaasangolf.wptest02.vdk.fi\/wp-content\/uploads\/2022\/03\/vello2-600x153.jpg 600w\" sizes=\"(max-width: 1270px) 100vw, 1270px\" \/><\/p>\n<p>Mik\u00e4li haluatte varata toisen tunnin, niin valitkaa haluamanne tunti ja varatkaa aika samalla tavoin kuin edell\u00e4 on esitetty.<\/p>\n<p>Saatte jokaisesta tehdyst\u00e4 varauksesta varausvahvistuksen s\u00e4hk\u00f6postiinne. Varausvahvistus sis\u00e4lt\u00e4\u00e4 maksuohjeet sek\u00e4 vaihtuvan 5 numeroisen koodin, jonka avulla p\u00e4\u00e4sette klubitalon proshopissa sijaitsevaan simulaattoritilaan.<\/p>\n<h2><b>Simulaattorin k\u00e4ytt\u00f6<\/b><\/h2>\n<h3><strong>Saapuminen<\/strong><\/h3>\n<p><img loading=\"lazy\" class=\"wp-image-4085 size-full alignnone\" src=\"https:\/\/vaasangolf.wptest02.vdk.fi\/wp-content\/uploads\/2022\/03\/parkki.jpg\" alt=\"\" width=\"627\" height=\"457\" srcset=\"https:\/\/vaasangolf.wptest02.vdk.fi\/wp-content\/uploads\/2022\/03\/parkki.jpg 627w, https:\/\/vaasangolf.wptest02.vdk.fi\/wp-content\/uploads\/2022\/03\/parkki-300x219.jpg 300w, https:\/\/vaasangolf.wptest02.vdk.fi\/wp-content\/uploads\/2022\/03\/parkki-600x437.jpg 600w\" sizes=\"(max-width: 627px) 100vw, 627px\" \/><\/p>\n<p><strong>Parkkeeraaminen.<\/strong>\u00a0Simulaattoriin tultaessa, auton voi parkkeerata klubitalon pihalle (v\u00e4ltt\u00e4k\u00e4\u00e4 parkkeeraamista klubitalon viereen, koska talvella lumi\/j\u00e4\u00e4 valuu katolta ja voi aiheuttaa vahinkoa autoille). Paras paikka parkkeerata on klubitalon piha-alueen oikeaan reunaan kuvan osoittamaan paikkaan.<\/p>\n<p><strong>Sis\u00e4\u00e4nk\u00e4ynti.\u00a0<\/strong>Simulaattori sijaitsee klubitalon proshopissa, johon k\u00e4yd\u00e4\u00e4n klubitalon takaa (2). Avainta s\u00e4ilytet\u00e4\u00e4n klubitalon p\u00e4\u00e4oven vasemmalla puolella olevassa avainkassakaapissa (1), jonka numerokoodi toimittetaan varausvahvistuksen yhteydess\u00e4. N\u00e4pp\u00e4ilk\u00e4\u00e4 koodi ja kaappi aukeaa, ottakaa avain ja sulkekaa kaappi huolellisesti.\u00a0<strong>HUOM<\/strong>! Varmistakaa, ett\u00e4 avainkaappi lukittuu! Mik\u00e4li kaappi j\u00e4\u00e4 auki, n\u00e4pp\u00e4ilk\u00e4\u00e4 koodi uudestaan avatkaa kaappi ja sulkekaaa se painamalla numeron\u00e4pp\u00e4imist\u00f6n yl\u00e4puolelta lujaa kunnes kaappi lukittuu.<\/p>\n<p>&nbsp;<\/p>\n<p><strong>HUOM! Avainkassakaapin yhteydess\u00e4 ja simulaattoritilassa on kameravalvonta!<\/strong><\/p>\n<h3><strong>Simulaattorin k\u00e4ytt\u00f6\u00f6notto ja s\u00e4\u00e4nn\u00f6t<\/strong><\/h3>\n<p>Tullessanne sis\u00e4\u00e4n simulaattoritilaan, saatte valot p\u00e4\u00e4lle ulko-oven vierest\u00e4 ja lis\u00e4valaistusta klubitaloon menev\u00e4n oven l\u00e4helt\u00e4 vasemmalta sein\u00e4lt\u00e4.<\/p>\n<h3><strong>Simulaattoritilassa saa pelata\/oleskella vain sis\u00e4kengiss\u00e4 ja simulaattorissa saa k\u00e4ytt\u00e4\u00e4 vain uusia puhtaita palloja.<\/strong><\/h3>\n<p>Simulaattori (kaikki tarvittavat yksik\u00f6t) k\u00e4ynnistyy punaisesta napista, joka sijaitsee koskeketusn\u00e4yt\u00f6n alla ikkunasein\u00e4ll\u00e4. K\u00e4yt\u00f6n j\u00e4lkeen my\u00f6s sulkeminen tapahtuu punaista nappia painamalla.<\/p>\n<p>Kun simulaattori on k\u00e4ynnistynyt ja kosketusn\u00e4ytt\u00f6\u00f6n on ilmaantunut Trackman ohjelmisto, niin voitte valita simulaattoritoiminnon tai erilaisia harjoituksia (n\u00e4ist\u00e4 pyrit\u00e4\u00e4n tekem\u00e4\u00e4n tarvittaessa ohjeet simulaattoritilaan).<\/p>\n<p>Simulaattori k\u00e4ynnistyy valisemalla kentt\u00e4 (kannattaa valita ainakin aluksi helppoja kentti\u00e4, kuten esim. St Andrews Links Old Course). Kentt\u00e4valinnan j\u00e4lkeen seuratkaa ohjeita ja valitkaa pelimuoto sek\u00e4 pelaajat. Merkitk\u00e4\u00e4 pelaajille nykyist\u00e4 tasoitusta l\u00e4hinn\u00e4 oleva tasaluku, niin slopit tulevat k\u00e4ytt\u00f6\u00f6n pelatessa automaattisesti.<\/p>\n<p>Seuraavaksi ei muuta kuin hyv\u00e4\u00e4 peli\u00e4\u2026<\/p>\n<p>Ly\u00f6nnit tapahtuvat pienemm\u00e4lt\u00e4 ly\u00f6ntimatolta, sen etureunasta noin 30-50 cm taaksep\u00e4in. Puttaaminen tapahtuu l\u00f6yntimaton edest\u00e4 isolta viheri\u00f6matolta, josta puttimatka valkokankaaseen vastaa noin 3 metri\u00e4. Puttaaminen loppuu reik\u00e4\u00e4n tai annettuihin putteihin, kun puttia on j\u00e4ljell\u00e4 alle 2,4 m.<\/p>\n<p>HUOM! Draivatessa tiitikulla, v\u00e4ltt\u00e4k\u00e4\u00e4 seisomist\u00e4 ly\u00f6nin takana, koska tiitikut lent\u00e4v\u00e4t lujaa takaaksep\u00e4in matosta. My\u00f6s pallot voivat toisinaan kimmoita lujaa.<\/p>\n<p>Kun olette valmiita ja seuraavaa ryhm\u00e4\u00e4 ei ole tulossa, sammuttakaa simulaattori punaisesta napista. Siivotkaa j\u00e4lkenne ja sammuttakaa valot.<\/p>\n<p>Varmistakaa, ett\u00e4 ovi tulee kiinni.<\/p>\n<p>Viek\u00e4\u00e4 avain takaisin avainkassakaappiin ja varmistakaa ett\u00e4 sen menee lukkoon.<\/p>\n<\/div>\n","protected":false},"excerpt":{"rendered":"<p>Tervetuloa k\u00e4ytt\u00e4m\u00e4\u00e4n Trackman-simulaattoria! Ajankohtaista! HUOM! Trackman tutkaan ei saa koskea\/siirt\u00e4\u00e4. Jos tutka siirtyy ilmoittakaa siit\u00e4 heti, koska muutoin Trackman ei n\u00e4yt\u00e4 oikein. Raportoikaa heti simulaattorin toiminnassa esiintyvist\u00e4 onglemista tai kysyk\u00e4\u00e4 neuvoa Trackmanin\/simulaattorin k\u00e4yt\u00f6st\u00e4:\u00a0puheenjohtaja@vag.fi\u00a0(0400 264 196). Simulaattorin hinnoittelu Hinnoittelu perustuu tuntihinnoitteluun eli k\u00e4yt\u00f6st\u00e4 maksetaan per tunti riippumatta henkil\u00f6m\u00e4\u00e4r\u00e4st\u00e4. Maksakaa varaamanne ajat ennen k\u00e4ytt\u00f6\u00e4. Huom! maksajan ja [&hellip;]<\/p>\n","protected":false},"author":2,"featured_media":0,"parent":1446,"menu_order":0,"comment_status":"closed","ping_status":"closed","template":"","meta":{"_expiration-date-status":"","_expiration-date":0,"_expiration-date-type":"","_expiration-date-categories":[],"_expiration-date-options":[]},"acf":[],"_links":{"self":[{"href":"https:\/\/vaasangolf.wptest02.vdk.fi\/fi\/wp-json\/wp\/v2\/pages\/1486"}],"collection":[{"href":"https:\/\/vaasangolf.wptest02.vdk.fi\/fi\/wp-json\/wp\/v2\/pages"}],"about":[{"href":"https:\/\/vaasangolf.wptest02.vdk.fi\/fi\/wp-json\/wp\/v2\/types\/page"}],"author":[{"embeddable":true,"href":"https:\/\/vaasangolf.wptest02.vdk.fi\/fi\/wp-json\/wp\/v2\/users\/2"}],"replies":[{"embeddable":true,"href":"https:\/\/vaasangolf.wptest02.vdk.fi\/fi\/wp-json\/wp\/v2\/comments?post=1486"}],"version-history":[{"count":18,"href":"https:\/\/vaasangolf.wptest02.vdk.fi\/fi\/wp-json\/wp\/v2\/pages\/1486\/revisions"}],"predecessor-version":[{"id":9252,"href":"https:\/\/vaasangolf.wptest02.vdk.fi\/fi\/wp-json\/wp\/v2\/pages\/1486\/revisions\/9252"}],"up":[{"embeddable":true,"href":"https:\/\/vaasangolf.wptest02.vdk.fi\/fi\/wp-json\/wp\/v2\/pages\/1446"}],"wp:attachment":[{"href":"https:\/\/vaasangolf.wptest02.vdk.fi\/fi\/wp-json\/wp\/v2\/media?parent=1486"}],"curies":[{"name":"wp","href":"https:\/\/api.w.org\/{rel}","templated":true}]}}