{"id":1488,"date":"2021-09-28T16:58:48","date_gmt":"2021-09-28T13:58:48","guid":{"rendered":"https:\/\/vaasangolf.wptest02.vdk.fi\/?page_id=1488"},"modified":"2023-02-27T13:07:31","modified_gmt":"2023-02-27T11:07:31","slug":"talvihalli","status":"publish","type":"page","link":"https:\/\/vaasangolf.wptest02.vdk.fi\/fi\/pelaaminen\/talvihalli\/","title":{"rendered":"Talvihalli"},"content":{"rendered":"<p>Talviharjoittelutilan ajanvaraus Nexgolfin kautta omilla tunnuksilla.<\/p>\n<p>Talviharjoittelutilan k\u00e4yt\u00f6st\u00e4 perit\u00e4\u00e4n k\u00e4ytt\u00f6maksu, joka tulee olla maksettuna ennen k\u00e4ytt\u00f6\u00e4<\/p>\n<p>Talviharjoittelumaksu on helppo maksaa Vaasan Golfin verkkokaupan kautta;\u00a0<strong><a href=\"https:\/\/vaasangolf.wptest02.vdk.fi\/fi\/verkkokauppa\/\" target=\"_blank\" rel=\"noopener\">VERKKOKAUPPAAN T\u00c4ST\u00c4!<\/a><\/strong><\/p>\n<p>Hinnasto \/ <strong>NYT LOPPUKAUSI TARJOUSHINTAAN!<\/strong><\/p>\n<ul>\n<li><b>Aikuiset (j\u00e4sen) 20 \u20ac \/ LOPPUKAUSI\u00a0 (n.65\u20ac)<\/b><\/li>\n<li><b>Juniorit 15 \u20ac\/loppukausi (n.30 \u20ac)<\/b><\/li>\n<li><b>Ei j\u00e4senet 40 \u20ac\/loppukausi (n.100\u20ac)<\/b><\/li>\n<li><b>+\u00a0<\/b><b>SkyTrak<\/b><b> \/ Garmin Approach R10 analysaattorien k\u00e4ytt\u00f6 10 \u20ac\/<\/b><b>kausi (n.35 \u20ac)<\/b><\/li>\n<li><b>+\u00a0<\/b><b>B\u00e4gi<\/b><b>\u2013 varaston tagi-avain\u00a0<\/b><b>10 \u20ac<\/b><\/li>\n<\/ul>\n<p>&nbsp;<\/p>\n<p>Talviharjoittelutilaan on hankittu Garmin Approach R10 ly\u00f6ntianalysaattori. Laite l\u00f6ytyy SkyTrakin kaapista.<\/p>\n<p>Garmin Approach R10 k\u00e4ytt\u00f6ohjeet,<strong> <a href=\"https:\/\/vaasangolf.wptest02.vdk.fi\/wp-content\/uploads\/2022\/12\/Approach_R10_OM_FI-FI-1.pdf\" target=\"_blank\" rel=\"noopener\">T\u00c4ST\u00c4!<\/a><\/strong><\/p>\n<p>Avaimet on vaihdettu, noutaaksesi avaimen olettahan yhteydess\u00e4 Tuula Per\u00e4l\u00e4, p. 040 526 8666.\u00a0 (Ma-Pe 10:00-15:00)<\/p>\n<p>Pyyd\u00e4mme luovuttamaan talviharjoitteluhallin avaimen pois mik\u00e4li ette aio t\u00e4ll\u00e4 kaudella k\u00e4ytt\u00e4\u00e4 talviharjoittelutilaa.<\/p>\n<p>&nbsp;<\/p>\n","protected":false},"excerpt":{"rendered":"<p>Talviharjoittelutilan ajanvaraus Nexgolfin kautta omilla tunnuksilla. Talviharjoittelutilan k\u00e4yt\u00f6st\u00e4 perit\u00e4\u00e4n k\u00e4ytt\u00f6maksu, joka tulee olla maksettuna ennen k\u00e4ytt\u00f6\u00e4 Talviharjoittelumaksu on helppo maksaa Vaasan Golfin verkkokaupan kautta;\u00a0VERKKOKAUPPAAN T\u00c4ST\u00c4! Hinnasto \/ NYT LOPPUKAUSI TARJOUSHINTAAN! Aikuiset (j\u00e4sen) 20 \u20ac \/ LOPPUKAUSI\u00a0 (n.65\u20ac) Juniorit 15 \u20ac\/loppukausi (n.30 \u20ac) Ei j\u00e4senet 40 \u20ac\/loppukausi (n.100\u20ac) +\u00a0SkyTrak \/ Garmin Approach R10 analysaattorien k\u00e4ytt\u00f6 10 [&hellip;]<\/p>\n","protected":false},"author":2,"featured_media":0,"parent":1446,"menu_order":0,"comment_status":"closed","ping_status":"closed","template":"","meta":{"_expiration-date-status":"","_expiration-date":0,"_expiration-date-type":"","_expiration-date-categories":[],"_expiration-date-options":[]},"acf":[],"_links":{"self":[{"href":"https:\/\/vaasangolf.wptest02.vdk.fi\/fi\/wp-json\/wp\/v2\/pages\/1488"}],"collection":[{"href":"https:\/\/vaasangolf.wptest02.vdk.fi\/fi\/wp-json\/wp\/v2\/pages"}],"about":[{"href":"https:\/\/vaasangolf.wptest02.vdk.fi\/fi\/wp-json\/wp\/v2\/types\/page"}],"author":[{"embeddable":true,"href":"https:\/\/vaasangolf.wptest02.vdk.fi\/fi\/wp-json\/wp\/v2\/users\/2"}],"replies":[{"embeddable":true,"href":"https:\/\/vaasangolf.wptest02.vdk.fi\/fi\/wp-json\/wp\/v2\/comments?post=1488"}],"version-history":[{"count":13,"href":"https:\/\/vaasangolf.wptest02.vdk.fi\/fi\/wp-json\/wp\/v2\/pages\/1488\/revisions"}],"predecessor-version":[{"id":7124,"href":"https:\/\/vaasangolf.wptest02.vdk.fi\/fi\/wp-json\/wp\/v2\/pages\/1488\/revisions\/7124"}],"up":[{"embeddable":true,"href":"https:\/\/vaasangolf.wptest02.vdk.fi\/fi\/wp-json\/wp\/v2\/pages\/1446"}],"wp:attachment":[{"href":"https:\/\/vaasangolf.wptest02.vdk.fi\/fi\/wp-json\/wp\/v2\/media?parent=1488"}],"curies":[{"name":"wp","href":"https:\/\/api.w.org\/{rel}","templated":true}]}}