{"id":1494,"date":"2021-09-28T17:00:24","date_gmt":"2021-09-28T14:00:24","guid":{"rendered":"https:\/\/vaasangolf.wptest02.vdk.fi\/?page_id=1494"},"modified":"2023-07-12T17:12:45","modified_gmt":"2023-07-12T14:12:45","slug":"ilmoittautuminen","status":"publish","type":"page","link":"https:\/\/vaasangolf.wptest02.vdk.fi\/fi\/toiminta\/tapahtumakalenteri\/ilmoittautuminen\/","title":{"rendered":"Ilmoittautuminen"},"content":{"rendered":"<h4><strong><a href=\"https:\/\/vag.nexgolf.fi\/vag\/member\/index.html#\/\">Ilmoittautuminen nexgolfin kautta t\u00e4st\u00e4 linkist\u00e4<\/a><\/strong><\/h4>\n<p><strong>Ilmoittautuminen ja s\u00e4\u00e4nn\u00f6t<\/strong><br \/>\nIlmoittautuminen Nexgolfin kautta tai s\u00e4hk\u00f6postilla caddiemaster@vag.fi tai p. 040 &#8211; 526 8666.<\/p>\n<p><strong>J\u00e4lki-ilmoittautuminen<\/strong><br \/>\nKilpailun valvoja k\u00e4sittelee ja hyv\u00e4ksyy j\u00e4lki-ilmoittautumisen, mik\u00e4li kilpailukohtaiset s\u00e4\u00e4nn\u00f6t eiv\u00e4t sit\u00e4 kiell\u00e4. J\u00e4lki-ilmoittautunut pelaaja maksaa kaksinkertaisen kilpailumaksun ja h\u00e4nen l\u00e4ht\u00f6aikansa m\u00e4\u00e4r\u00e4\u00e4 kilpailun valvoja.<\/p>\n<p><strong>Peruutukset<\/strong><br \/>\nKilpailusta poisj\u00e4\u00e4misen tulee tapahtua hyv\u00e4ksytt\u00e4v\u00e4st\u00e4 syyst\u00e4, jollainen on esim. sairastuminen tai perhetapahtuma. Huono s\u00e4\u00e4 tai sopimaton starttiaika eiv\u00e4t ole hyv\u00e4ksytt\u00e4vi\u00e4 syit\u00e4. Poisj\u00e4\u00e4misest\u00e4 pit\u00e4\u00e4 ehdottomasti aina ilmoittaa ennen kilpailun alkamista kilpailun johtajalle tai caddiemasterille. Mik\u00e4li peruutusta ei ole tehty ohjeiden mukaisesti, pelaajaa rankaistaan automaattisella viikon kilpailukiellolla ja edellytet\u00e4\u00e4n, ett\u00e4 h\u00e4n suorittaa my\u00f6s kilpailumaksun poisj\u00e4\u00e4m\u00e4st\u00e4\u00e4n kilpailusta.<\/p>\n<p><strong>Kilpailujen s\u00e4\u00e4nn\u00f6t<\/strong><br \/>\nKilpailuissa noudatetaan golfin kansainv\u00e4lisi\u00e4 s\u00e4\u00e4nt\u00f6j\u00e4, ottaen huomioon kent\u00e4n paikalliss\u00e4\u00e4nn\u00f6t sek\u00e4 Suomen Golfliiton yleiset kilpailum\u00e4\u00e4r\u00e4ykset. Kilpailtavan palkinnon s\u00e4\u00e4nn\u00f6t ovat kuitenkin etuoikeutetussa asemassa, jos ne ovat ristiriidassa yleisten kilpailum\u00e4\u00e4r\u00e4ysten kanssa. Kilpailuihin osallistuminen edellytt\u00e4\u00e4 virallista tasoitusta ellei kilpailuohjelmassa, kilpailukutsussa tai ilmoittautumislistassa toisin ole mainittu. Naisten ja miesten tasoitusten virallinen yl\u00e4raja -36. Avoimiin kilpailuihin, paitsi Finnish Amateur Tour -kilpailuihin (FAT) otetaan aina v\u00e4hint\u00e4\u00e4n puolet VaG:n j\u00e4seni\u00e4.<\/p>\n<p><strong>L\u00e4ht\u00f6<\/strong><br \/>\nPelaajan on oltava valmiina aloittamaan pelaaminen viimeist\u00e4\u00e4n silloin, kun on h\u00e4nen l\u00e4ht\u00f6aikansa. Jos pelaaja my\u00f6h\u00e4styy, on rangaistuksena pelist\u00e4 sulkeminen (s\u00e4\u00e4nt\u00f6 6-3). Hyv\u00e4 golfetiketti edellytt\u00e4\u00e4, ett\u00e4 palaaja on ly\u00f6ntipaikalla ainakin viisi minuuttia ennen l\u00e4ht\u00f6aikaansa.<\/p>\n<p><strong>Hidas peli<\/strong><br \/>\nJos ryhm\u00e4 j\u00e4\u00e4 laaditusta aikataulusta ja hidastelu ei johdu ohituksesta, pelaajat joutuvat aikatarkkailuun. Mik\u00e4li pelaaja k\u00e4ytt\u00e4\u00e4 ly\u00f6ntiins\u00e4 t\u00e4m\u00e4n j\u00e4lkeen aina enemm\u00e4n kuin 40 sekuntia siit\u00e4, kun h\u00e4nen vuoronsa oli pelata palloa, saa pelaaja rangaistuksen s\u00e4\u00e4nn\u00f6n 6-7 mukaisesti:<br \/>\n\u2013 ensimm\u00e4inen rikkomus: yksi ly\u00f6nti<br \/>\n\u2013 toinen rikkomus: kaksi ly\u00f6nti\u00e4<br \/>\n\u2013 useampi rikkomus: pelist\u00e4 sulkeminen.<\/p>\n<p><strong>Ratkaisut tasatilanteessa<\/strong><br \/>\n<strong>Reik\u00e4peli<\/strong><br \/>\nJos reik\u00e4peli on tasan ennalta m\u00e4\u00e4r\u00e4tyn reik\u00e4m\u00e4\u00e4r\u00e4n j\u00e4lkeen, on peli\u00e4 jatkettava v\u00e4litt\u00f6m\u00e4sti reik\u00e4 rei\u00e4lt\u00e4 (alkaen reik\u00e4 no 1 jne), kunnes toinen pelaajista voittaa rei\u00e4n. Tasoituksellisissa reik\u00e4peleiss\u00e4 tasoitukset astuvat uudelleen voimaan.<\/p>\n<p><strong>Ly\u00f6ntipeliss\u00e4 p\u00e4\u00e4s\u00e4\u00e4nt\u00f6isesti:<\/strong><br \/>\nScratchtulokset aina matemaattisella menetelm\u00e4ll\u00e4<br \/>\nNettotulokset (my\u00f6s pistebogey) tasoitusmenetelm\u00e4ll\u00e4 (pienempi tasoitus voittaa)<\/p>\n<p><strong>Matemaattinen menetelm\u00e4:<\/strong><br \/>\n<strong>18 rei\u00e4n kilpailut<\/strong><br \/>\nTasatulosten v\u00e4lill\u00e4 voittaa se, jolla on paras viimeinen yhdeks\u00e4n (9) rei\u00e4n tulos (tasoitukilpailuissa nettotulos), sen j\u00e4lkeen paras viimeisten kuuden (6) rei\u00e4n tulos, sitten paras viimeisten kolmen (3) rei\u00e4n tulos, sitten viimeisen rei\u00e4n tulos ja lopuksi arpa.<\/p>\n<p><strong>36 rei\u00e4n kilpailut<\/strong><br \/>\nTasatuloksen ratkaisee viimeisten 18 rei\u00e4n tulos ja sen j\u00e4lkeen paras viimeisen yhdeks\u00e4n (9) rei\u00e4n tulos (tasoituskilpailuissa nettotulos), sen j\u00e4lkeen paras viimeisten kuuden (6) rei\u00e4n tulos, sitten paras viimeisten kolmen (3) rei\u00e4n tulos, sitten viimeisen rei\u00e4n tulos ja lopuksi arpa.<\/p>\n<p><strong>54 ja 72 rei\u00e4n kilpailut<\/strong><br \/>\nTasatuloksen ratkaisee paras viimeisen 36 rei\u00e4n tulos, viimeisten 18 rei\u00e4n tulos ja sen j\u00e4lkeen paras viimeisten yhdeks\u00e4n (9) rei\u00e4n tulos (tasoituskilpailuissa nettotulos), sen j\u00e4lkeen paras viimeisten kuuden (6) rei\u00e4n tulos, sitten paras viimeisten kolmen (3) rei\u00e4n tulos, sitten viimeisen rei\u00e4n tulos ja lopuksi arpa.<\/p>\n<p>Mik\u00e4li kilpailussa on l\u00e4hdetty kahdelta tai useammalta tiilt\u00e4, ratkaistaan tasatulokset kuitenkin reikien numeroj\u00e4rjestyksen mukaan eli viimeiset 9, 6, 3 ja viimeinen reik\u00e4.<\/p>\n","protected":false},"excerpt":{"rendered":"<p>Ilmoittautuminen nexgolfin kautta t\u00e4st\u00e4 linkist\u00e4 Ilmoittautuminen ja s\u00e4\u00e4nn\u00f6t Ilmoittautuminen Nexgolfin kautta tai s\u00e4hk\u00f6postilla caddiemaster@vag.fi tai p. 040 &#8211; 526 8666. J\u00e4lki-ilmoittautuminen Kilpailun valvoja k\u00e4sittelee ja hyv\u00e4ksyy j\u00e4lki-ilmoittautumisen, mik\u00e4li kilpailukohtaiset s\u00e4\u00e4nn\u00f6t eiv\u00e4t sit\u00e4 kiell\u00e4. J\u00e4lki-ilmoittautunut pelaaja maksaa kaksinkertaisen kilpailumaksun ja h\u00e4nen l\u00e4ht\u00f6aikansa m\u00e4\u00e4r\u00e4\u00e4 kilpailun valvoja. Peruutukset Kilpailusta poisj\u00e4\u00e4misen tulee tapahtua hyv\u00e4ksytt\u00e4v\u00e4st\u00e4 syyst\u00e4, jollainen on esim. sairastuminen [&hellip;]<\/p>\n","protected":false},"author":2,"featured_media":0,"parent":1490,"menu_order":0,"comment_status":"closed","ping_status":"closed","template":"","meta":{"_expiration-date-status":"","_expiration-date":0,"_expiration-date-type":"","_expiration-date-categories":[],"_expiration-date-options":[]},"acf":[],"_links":{"self":[{"href":"https:\/\/vaasangolf.wptest02.vdk.fi\/fi\/wp-json\/wp\/v2\/pages\/1494"}],"collection":[{"href":"https:\/\/vaasangolf.wptest02.vdk.fi\/fi\/wp-json\/wp\/v2\/pages"}],"about":[{"href":"https:\/\/vaasangolf.wptest02.vdk.fi\/fi\/wp-json\/wp\/v2\/types\/page"}],"author":[{"embeddable":true,"href":"https:\/\/vaasangolf.wptest02.vdk.fi\/fi\/wp-json\/wp\/v2\/users\/2"}],"replies":[{"embeddable":true,"href":"https:\/\/vaasangolf.wptest02.vdk.fi\/fi\/wp-json\/wp\/v2\/comments?post=1494"}],"version-history":[{"count":7,"href":"https:\/\/vaasangolf.wptest02.vdk.fi\/fi\/wp-json\/wp\/v2\/pages\/1494\/revisions"}],"predecessor-version":[{"id":8480,"href":"https:\/\/vaasangolf.wptest02.vdk.fi\/fi\/wp-json\/wp\/v2\/pages\/1494\/revisions\/8480"}],"up":[{"embeddable":true,"href":"https:\/\/vaasangolf.wptest02.vdk.fi\/fi\/wp-json\/wp\/v2\/pages\/1490"}],"wp:attachment":[{"href":"https:\/\/vaasangolf.wptest02.vdk.fi\/fi\/wp-json\/wp\/v2\/media?parent=1494"}],"curies":[{"name":"wp","href":"https:\/\/api.w.org\/{rel}","templated":true}]}}