{"id":1498,"date":"2021-09-28T17:01:13","date_gmt":"2021-09-28T14:01:13","guid":{"rendered":"https:\/\/vaasangolf.wptest02.vdk.fi\/?page_id=1498"},"modified":"2023-10-10T13:42:36","modified_gmt":"2023-10-10T10:42:36","slug":"kilpailutoimikunta","status":"publish","type":"page","link":"https:\/\/vaasangolf.wptest02.vdk.fi\/fi\/toiminta\/toimikunnat\/kilpailutoimikunta\/","title":{"rendered":"Kilpailutoimikunta"},"content":{"rendered":"\t\t<div data-elementor-type=\"wp-page\" data-elementor-id=\"1498\" class=\"elementor elementor-1498\">\n\t\t\t\t\t\t<div class=\"elementor-inner\">\n\t\t\t\t<div class=\"elementor-section-wrap\">\n\t\t\t\t\t\t\t\t\t<section class=\"elementor-section elementor-top-section elementor-element elementor-element-40ffb6ef elementor-section-boxed elementor-section-height-default elementor-section-height-default\" data-id=\"40ffb6ef\" data-element_type=\"section\">\n\t\t\t\t\t\t<div class=\"elementor-container elementor-column-gap-default\">\n\t\t\t\t\t\t\t<div class=\"elementor-row\">\n\t\t\t\t\t<div class=\"elementor-column elementor-col-100 elementor-top-column elementor-element elementor-element-1778ee3b\" data-id=\"1778ee3b\" data-element_type=\"column\">\n\t\t\t<div class=\"elementor-column-wrap elementor-element-populated\">\n\t\t\t\t\t\t\t<div class=\"elementor-widget-wrap\">\n\t\t\t\t\t\t<div class=\"elementor-element elementor-element-3f22b0d elementor-widget elementor-widget-text-editor\" data-id=\"3f22b0d\" data-element_type=\"widget\" data-widget_type=\"text-editor.default\">\n\t\t\t\t<div class=\"elementor-widget-container\">\n\t\t\t\t\t\t\t\t<div class=\"elementor-text-editor elementor-clearfix\">\n\t\t\t\t<h2><strong>Tervetuloa Vaasan Golf Ry:n kilpailutoimikunnan sivuille<\/strong><\/h2>\nKilpailutoimikunnan sivuilta l\u00f6yd\u00e4t lis\u00e4tietoja niin kilpailutoiminnasta, tuomaroinnista kuin s\u00e4\u00e4nn\u00f6ist\u00e4kin.\n\n&nbsp;\t\t\t\t\t<\/div>\n\t\t\t\t\t\t<\/div>\n\t\t\t\t<\/div>\n\t\t\t\t\t\t<\/div>\n\t\t\t\t\t<\/div>\n\t\t<\/div>\n\t\t\t\t\t\t\t\t<\/div>\n\t\t\t\t\t<\/div>\n\t\t<\/section>\n\t\t\t\t<section class=\"elementor-section elementor-top-section elementor-element elementor-element-acc26f9 elementor-section-boxed elementor-section-height-default elementor-section-height-default\" data-id=\"acc26f9\" data-element_type=\"section\">\n\t\t\t\t\t\t<div class=\"elementor-container elementor-column-gap-default\">\n\t\t\t\t\t\t\t<div class=\"elementor-row\">\n\t\t\t\t\t<div class=\"elementor-column elementor-col-100 elementor-top-column elementor-element elementor-element-a32d535\" data-id=\"a32d535\" data-element_type=\"column\">\n\t\t\t<div class=\"elementor-column-wrap elementor-element-populated\">\n\t\t\t\t\t\t\t<div class=\"elementor-widget-wrap\">\n\t\t\t\t\t\t<div class=\"elementor-element elementor-element-6a3f745 elementor-widget elementor-widget-heading\" data-id=\"6a3f745\" data-element_type=\"widget\" data-widget_type=\"heading.default\">\n\t\t\t\t<div class=\"elementor-widget-container\">\n\t\t\t<h6 class=\"elementor-heading-title elementor-size-default\">Kilpailutoimikunnan kokoonpano<\/h6>\t\t<\/div>\n\t\t\t\t<\/div>\n\t\t\t\t\t\t<\/div>\n\t\t\t\t\t<\/div>\n\t\t<\/div>\n\t\t\t\t\t\t\t\t<\/div>\n\t\t\t\t\t<\/div>\n\t\t<\/section>\n\t\t\t\t<section class=\"elementor-section elementor-top-section elementor-element elementor-element-b64db9f elementor-section-boxed elementor-section-height-default elementor-section-height-default\" data-id=\"b64db9f\" data-element_type=\"section\">\n\t\t\t\t\t\t<div class=\"elementor-container elementor-column-gap-default\">\n\t\t\t\t\t\t\t<div class=\"elementor-row\">\n\t\t\t\t\t<div class=\"elementor-column elementor-col-100 elementor-top-column elementor-element elementor-element-c74c7e3\" data-id=\"c74c7e3\" data-element_type=\"column\">\n\t\t\t<div class=\"elementor-column-wrap elementor-element-populated\">\n\t\t\t\t\t\t\t<div class=\"elementor-widget-wrap\">\n\t\t\t\t\t\t<div class=\"elementor-element elementor-element-24c1d2a elementor-widget elementor-widget-text-editor\" data-id=\"24c1d2a\" data-element_type=\"widget\" data-widget_type=\"text-editor.default\">\n\t\t\t\t<div class=\"elementor-widget-container\">\n\t\t\t\t\t\t\t\t<div class=\"elementor-text-editor elementor-clearfix\">\n\t\t\t\t<p>Puheenjohtaja<\/p><p>Marko Ruutiainen<br \/>marko.ruutiainen@netikka.fi<br \/>050 3876 363<\/p><p>\u00a0<\/p>\t\t\t\t\t<\/div>\n\t\t\t\t\t\t<\/div>\n\t\t\t\t<\/div>\n\t\t\t\t\t\t<\/div>\n\t\t\t\t\t<\/div>\n\t\t<\/div>\n\t\t\t\t\t\t\t\t<\/div>\n\t\t\t\t\t<\/div>\n\t\t<\/section>\n\t\t\t\t<section class=\"elementor-section elementor-top-section elementor-element elementor-element-09dec3d elementor-section-boxed elementor-section-height-default elementor-section-height-default\" data-id=\"09dec3d\" data-element_type=\"section\">\n\t\t\t\t\t\t<div class=\"elementor-container elementor-column-gap-default\">\n\t\t\t\t\t\t\t<div class=\"elementor-row\">\n\t\t\t\t\t<div class=\"elementor-column elementor-col-100 elementor-top-column elementor-element elementor-element-1e5f106\" data-id=\"1e5f106\" data-element_type=\"column\">\n\t\t\t<div class=\"elementor-column-wrap elementor-element-populated\">\n\t\t\t\t\t\t\t<div class=\"elementor-widget-wrap\">\n\t\t\t\t\t\t<div class=\"elementor-element elementor-element-09912e3 elementor-widget elementor-widget-text-editor\" data-id=\"09912e3\" data-element_type=\"widget\" data-widget_type=\"text-editor.default\">\n\t\t\t\t<div class=\"elementor-widget-container\">\n\t\t\t\t\t\t\t\t<div class=\"elementor-text-editor elementor-clearfix\">\n\t\t\t\t<ul><li>Pasi Ekholm, Kapteeni\u00a0<\/li><li>040-7788332<\/li><li>pasi.ekholm@kolumbus.fi<\/li><\/ul><p>\u00a0<\/p><ul><li>P\u00e4ivi Ekholm<\/li><li>040-5245554<\/li><li>paivi.ekholm@wasatalent.fi<\/li><\/ul><p>\u00a0<\/p><ul><li>Thomas Ferm<\/li><li>050-42 23052<\/li><li>thomasferm@live.com<\/li><\/ul><p>\u00a0<\/p><ul><li>Tea Haavisto<\/li><li>040-5489525<\/li><li>tea.haavisto@netikka.fi<\/li><\/ul><p>\u00a0<\/p><ul><li>Esko Heikkinen<\/li><li>0400-264196<\/li><li>eskoheiesko@gmail.com<\/li><\/ul><p>\u00a0<\/p><ul><li>Janne Laaja<\/li><li>050-5416070<\/li><li>jtlaaja@outlook.com<\/li><\/ul><p>\u00a0<\/p><ul><li>Aleksi Jokela<\/li><li>045 3489449<\/li><li>aleksi.jokela.21@gmail.com<\/li><\/ul><p>\u00a0<\/p><ul><li>Vesa Palosaari<\/li><li>040-773 0997<\/li><li>vesapalosaari51@gmail.com<\/li><\/ul><p>\u00a0<\/p><ul><li>Pauli R\u00e4ih\u00e4<\/li><li>0400-925461<\/li><li>pauli.raiha@netikka.fi<\/li><\/ul><p>\u00a0<\/p><ul><li>Arto Sirvi\u00f6<\/li><li>0400-595432<\/li><li>arto.sirvio@vag.fi<\/li><\/ul>\t\t\t\t\t<\/div>\n\t\t\t\t\t\t<\/div>\n\t\t\t\t<\/div>\n\t\t\t\t\t\t<\/div>\n\t\t\t\t\t<\/div>\n\t\t<\/div>\n\t\t\t\t\t\t\t\t<\/div>\n\t\t\t\t\t<\/div>\n\t\t<\/section>\n\t\t\t\t\t\t\t\t\t<\/div>\n\t\t\t<\/div>\n\t\t\t\t\t<\/div>\n\t\t","protected":false},"excerpt":{"rendered":"<p>Tervetuloa Vaasan Golf Ry:n kilpailutoimikunnan sivuille Kilpailutoimikunnan sivuilta l\u00f6yd\u00e4t lis\u00e4tietoja niin kilpailutoiminnasta, tuomaroinnista kuin s\u00e4\u00e4nn\u00f6ist\u00e4kin. &nbsp; Kilpailutoimikunnan kokoonpano Puheenjohtaja Marko Ruutiainenmarko.ruutiainen@netikka.fi050 3876 363 \u00a0 Pasi Ekholm, Kapteeni\u00a0 040-7788332 pasi.ekholm@kolumbus.fi \u00a0 P\u00e4ivi Ekholm 040-5245554 paivi.ekholm@wasatalent.fi \u00a0 Thomas Ferm 050-42 23052 thomasferm@live.com \u00a0 Tea Haavisto 040-5489525 tea.haavisto@netikka.fi \u00a0 Esko Heikkinen 0400-264196 eskoheiesko@gmail.com \u00a0 Janne Laaja 050-5416070 jtlaaja@outlook.com [&hellip;]<\/p>\n","protected":false},"author":2,"featured_media":0,"parent":1496,"menu_order":0,"comment_status":"closed","ping_status":"closed","template":"","meta":{"_expiration-date-status":"","_expiration-date":0,"_expiration-date-type":"","_expiration-date-categories":[],"_expiration-date-options":[]},"acf":[],"_links":{"self":[{"href":"https:\/\/vaasangolf.wptest02.vdk.fi\/fi\/wp-json\/wp\/v2\/pages\/1498"}],"collection":[{"href":"https:\/\/vaasangolf.wptest02.vdk.fi\/fi\/wp-json\/wp\/v2\/pages"}],"about":[{"href":"https:\/\/vaasangolf.wptest02.vdk.fi\/fi\/wp-json\/wp\/v2\/types\/page"}],"author":[{"embeddable":true,"href":"https:\/\/vaasangolf.wptest02.vdk.fi\/fi\/wp-json\/wp\/v2\/users\/2"}],"replies":[{"embeddable":true,"href":"https:\/\/vaasangolf.wptest02.vdk.fi\/fi\/wp-json\/wp\/v2\/comments?post=1498"}],"version-history":[{"count":27,"href":"https:\/\/vaasangolf.wptest02.vdk.fi\/fi\/wp-json\/wp\/v2\/pages\/1498\/revisions"}],"predecessor-version":[{"id":9316,"href":"https:\/\/vaasangolf.wptest02.vdk.fi\/fi\/wp-json\/wp\/v2\/pages\/1498\/revisions\/9316"}],"up":[{"embeddable":true,"href":"https:\/\/vaasangolf.wptest02.vdk.fi\/fi\/wp-json\/wp\/v2\/pages\/1496"}],"wp:attachment":[{"href":"https:\/\/vaasangolf.wptest02.vdk.fi\/fi\/wp-json\/wp\/v2\/media?parent=1498"}],"curies":[{"name":"wp","href":"https:\/\/api.w.org\/{rel}","templated":true}]}}