{"id":1502,"date":"2021-09-28T17:02:07","date_gmt":"2021-09-28T14:02:07","guid":{"rendered":"https:\/\/vaasangolf.wptest02.vdk.fi\/?page_id=1502"},"modified":"2022-03-03T11:00:45","modified_gmt":"2022-03-03T09:00:45","slug":"tasoitusjarjestelma","status":"publish","type":"page","link":"https:\/\/vaasangolf.wptest02.vdk.fi\/fi\/toiminta\/toimikunnat\/kilpailutoimikunta\/tasoitusjarjestelma\/","title":{"rendered":"Tasoitusj\u00e4rjestelm\u00e4"},"content":{"rendered":"<h2>World Handicap System (WHS)<\/h2>\n<p>Pelaajan tasoitus m\u00e4\u00e4r\u00e4ytyy World Handicap System (WHS) mukaisesti, jonka perusperiaatteet ovat yhten\u00e4iset kaikkialla.<\/p>\n<p>Linkit tasoitusj\u00e4rjestelm\u00e4\u00e4n Suomen Golfliiton sivulle:<\/p>\n<p><a href=\"https:\/\/vaasangolf.wptest02.vdk.fi\/wp-content\/uploads\/2022\/02\/Tasoitusma\u0308a\u0308ra\u0308ykset-2020.pdf\">Tasoitusma\u0308a\u0308ra\u0308ykset-2020<\/a><\/p>\n<p><a href=\"https:\/\/golf.fi\/pelaajalle\/whs-world-handicap-system-2020\/\">WHS- Tasoitusj\u00e4rjestelm\u00e4<\/a><\/p>\n","protected":false},"excerpt":{"rendered":"<p>World Handicap System (WHS) Pelaajan tasoitus m\u00e4\u00e4r\u00e4ytyy World Handicap System (WHS) mukaisesti, jonka perusperiaatteet ovat yhten\u00e4iset kaikkialla. Linkit tasoitusj\u00e4rjestelm\u00e4\u00e4n Suomen Golfliiton sivulle: Tasoitusma\u0308a\u0308ra\u0308ykset-2020 WHS- Tasoitusj\u00e4rjestelm\u00e4<\/p>\n","protected":false},"author":2,"featured_media":0,"parent":1498,"menu_order":0,"comment_status":"closed","ping_status":"closed","template":"","meta":{"_expiration-date-status":"","_expiration-date":0,"_expiration-date-type":"","_expiration-date-categories":[],"_expiration-date-options":[]},"acf":[],"_links":{"self":[{"href":"https:\/\/vaasangolf.wptest02.vdk.fi\/fi\/wp-json\/wp\/v2\/pages\/1502"}],"collection":[{"href":"https:\/\/vaasangolf.wptest02.vdk.fi\/fi\/wp-json\/wp\/v2\/pages"}],"about":[{"href":"https:\/\/vaasangolf.wptest02.vdk.fi\/fi\/wp-json\/wp\/v2\/types\/page"}],"author":[{"embeddable":true,"href":"https:\/\/vaasangolf.wptest02.vdk.fi\/fi\/wp-json\/wp\/v2\/users\/2"}],"replies":[{"embeddable":true,"href":"https:\/\/vaasangolf.wptest02.vdk.fi\/fi\/wp-json\/wp\/v2\/comments?post=1502"}],"version-history":[{"count":3,"href":"https:\/\/vaasangolf.wptest02.vdk.fi\/fi\/wp-json\/wp\/v2\/pages\/1502\/revisions"}],"predecessor-version":[{"id":2191,"href":"https:\/\/vaasangolf.wptest02.vdk.fi\/fi\/wp-json\/wp\/v2\/pages\/1502\/revisions\/2191"}],"up":[{"embeddable":true,"href":"https:\/\/vaasangolf.wptest02.vdk.fi\/fi\/wp-json\/wp\/v2\/pages\/1498"}],"wp:attachment":[{"href":"https:\/\/vaasangolf.wptest02.vdk.fi\/fi\/wp-json\/wp\/v2\/media?parent=1502"}],"curies":[{"name":"wp","href":"https:\/\/api.w.org\/{rel}","templated":true}]}}