{"id":1504,"date":"2021-09-28T17:02:22","date_gmt":"2021-09-28T14:02:22","guid":{"rendered":"https:\/\/vaasangolf.wptest02.vdk.fi\/?page_id=1504"},"modified":"2023-04-20T12:01:12","modified_gmt":"2023-04-20T09:01:12","slug":"edustuspelaaminen","status":"publish","type":"page","link":"https:\/\/vaasangolf.wptest02.vdk.fi\/fi\/toiminta\/toimikunnat\/kilpailutoimikunta\/edustuspelaaminen\/","title":{"rendered":"Edustuspelaaminen"},"content":{"rendered":"<div class=\"post-entry\">\n<p><b>Vaasan Golfin edustuspelaaminen<\/b><\/p>\n<p>Vaasan Golf ry:n j\u00e4senell\u00e4, joka pelaa kauden aikana kilpailuja Suomen golfliiton ja golfsenioriliiton alaisissa kilpailuissa, on mahdollisuus tehd\u00e4 seuran kanssa edustuspelaajasopimus.<\/p>\n<p>Sopimuksen tehty\u00e4\u00e4n pelaajalla on mahdollisuus saada tukea seuralta kilpailukuluihin.<\/p>\n<p>Lis\u00e4tietoa sopimuksen edellytyksist\u00e4 ja vaatimuksista saa seuran toiminnanjohtaja Arto Sirvi\u00f6lt\u00e4\u00a0<a id=\"LPlnk945654\" href=\"mailto:arto.sirvio@vag.fi\" target=\"_blank\" rel=\"noopener noreferrer\" data-auth=\"NotApplicable\" data-safelink=\"true\" data-linkindex=\"0\">arto.sirvio@vag.fi<\/a><\/p>\n<p><strong><a href=\"https:\/\/vaasangolf.wptest02.vdk.fi\/wp-content\/uploads\/2023\/04\/Edustussa\u0308a\u0308nno\u0308t-Vaasan-Golf-2023-1.pdf\">Edustussa\u0308a\u0308nno\u0308t Vaasan Golf 2023 (1)<\/a><\/strong><\/p>\n<\/div>\n<div class=\"post-entry\">\n<p>&nbsp;<\/p>\n<p>&nbsp;<\/p>\n<\/div>\n","protected":false},"excerpt":{"rendered":"<p>Vaasan Golfin edustuspelaaminen Vaasan Golf ry:n j\u00e4senell\u00e4, joka pelaa kauden aikana kilpailuja Suomen golfliiton ja golfsenioriliiton alaisissa kilpailuissa, on mahdollisuus tehd\u00e4 seuran kanssa edustuspelaajasopimus. Sopimuksen tehty\u00e4\u00e4n pelaajalla on mahdollisuus saada tukea seuralta kilpailukuluihin. Lis\u00e4tietoa sopimuksen edellytyksist\u00e4 ja vaatimuksista saa seuran toiminnanjohtaja Arto Sirvi\u00f6lt\u00e4\u00a0arto.sirvio@vag.fi Edustussa\u0308a\u0308nno\u0308t Vaasan Golf 2023 (1) &nbsp; &nbsp;<\/p>\n","protected":false},"author":2,"featured_media":0,"parent":1498,"menu_order":0,"comment_status":"closed","ping_status":"closed","template":"","meta":{"_expiration-date-status":"","_expiration-date":0,"_expiration-date-type":"","_expiration-date-categories":[],"_expiration-date-options":[]},"acf":[],"_links":{"self":[{"href":"https:\/\/vaasangolf.wptest02.vdk.fi\/fi\/wp-json\/wp\/v2\/pages\/1504"}],"collection":[{"href":"https:\/\/vaasangolf.wptest02.vdk.fi\/fi\/wp-json\/wp\/v2\/pages"}],"about":[{"href":"https:\/\/vaasangolf.wptest02.vdk.fi\/fi\/wp-json\/wp\/v2\/types\/page"}],"author":[{"embeddable":true,"href":"https:\/\/vaasangolf.wptest02.vdk.fi\/fi\/wp-json\/wp\/v2\/users\/2"}],"replies":[{"embeddable":true,"href":"https:\/\/vaasangolf.wptest02.vdk.fi\/fi\/wp-json\/wp\/v2\/comments?post=1504"}],"version-history":[{"count":8,"href":"https:\/\/vaasangolf.wptest02.vdk.fi\/fi\/wp-json\/wp\/v2\/pages\/1504\/revisions"}],"predecessor-version":[{"id":7538,"href":"https:\/\/vaasangolf.wptest02.vdk.fi\/fi\/wp-json\/wp\/v2\/pages\/1504\/revisions\/7538"}],"up":[{"embeddable":true,"href":"https:\/\/vaasangolf.wptest02.vdk.fi\/fi\/wp-json\/wp\/v2\/pages\/1498"}],"wp:attachment":[{"href":"https:\/\/vaasangolf.wptest02.vdk.fi\/fi\/wp-json\/wp\/v2\/media?parent=1504"}],"curies":[{"name":"wp","href":"https:\/\/api.w.org\/{rel}","templated":true}]}}