{"id":1506,"date":"2021-09-28T17:02:46","date_gmt":"2021-09-28T14:02:46","guid":{"rendered":"https:\/\/vaasangolf.wptest02.vdk.fi\/?page_id=1506"},"modified":"2022-03-03T11:00:53","modified_gmt":"2022-03-03T09:00:53","slug":"tuomaritoiminta","status":"publish","type":"page","link":"https:\/\/vaasangolf.wptest02.vdk.fi\/fi\/toiminta\/toimikunnat\/kilpailutoimikunta\/tuomaritoiminta\/","title":{"rendered":"Tuomaritoiminta"},"content":{"rendered":"<h2><strong>Tuomaritoiminta ja seuran tuomarit<\/strong><\/h2>\n<p><strong>Suomen Golfliiton tuomaritoiminta<\/strong><\/p>\n<p>Golfliiton j\u00e4rjest\u00e4mien tuomarikurssien ja koulutusten perusteella golftuomarit jaetaan kahteen eri tasoon: Tuomaritoiminnan perusteet -kurssin k\u00e4yneisiin (entinen seura- ja aluetuomaritaso) ja liittotuomareihin.<\/p>\n<p>Lis\u00e4\u00e4 tietoa\u00a0<a href=\"https:\/\/golf.fi\/kilpagolf\/liittotuomaritoiminta\/\">https:\/\/golf.fi\/kilpagolf\/liittotuomaritoiminta\/<\/a><\/p>\n<p><strong>Seuratuomarit<\/strong><\/p>\n<p>Tuomaritoiminnan perusteet -kurssin k\u00e4yminen ja s\u00e4\u00e4nt\u00f6kokeen hyv\u00e4ksytysti suorittaminen antaa mahdollisuuden toimia seuran kisoissa tuomarina.<\/p>\n<p>&nbsp;<\/p>\n<p><strong>Vaasan Golf Ry:n tuomarit:<\/strong><\/p>\n<table class=\"tuomarit\" width=\"717\">\n<tbody>\n<tr>\n<td><strong>Liittotuomarit<\/strong><\/td>\n<td><\/td>\n<td><\/td>\n<td>.<\/td>\n<\/tr>\n<tr>\n<td>Thomas Ferm (taso 1)<\/td>\n<td><\/td>\n<td><\/td>\n<td><\/td>\n<\/tr>\n<tr>\n<td>Esko Heikkinen (taso 1)<\/td>\n<td><\/td>\n<td><\/td>\n<td><\/td>\n<\/tr>\n<tr>\n<td>Pasi Ekholm (taso 4)<\/td>\n<td><\/td>\n<td><\/td>\n<td><\/td>\n<\/tr>\n<tr>\n<td>Pauli R\u00e4ih\u00e4 (taso 4)<\/td>\n<td><\/td>\n<td><\/td>\n<td><\/td>\n<\/tr>\n<tr>\n<td><\/td>\n<td><\/td>\n<td><\/td>\n<td><\/td>\n<\/tr>\n<tr>\n<td><strong>Seuratuomarit<\/strong><\/td>\n<td><\/td>\n<td><\/td>\n<td><\/td>\n<\/tr>\n<tr>\n<td>Tuomaritoiminnan perusteet -kurssin (tai entinen seuratuomarikurssi) k\u00e4yneit\u00e4 on lis\u00e4ksi noin 10 henkil\u00f6\u00e4, jotka edellisten lis\u00e4ksi toimivat seurakilpailuissa tuomareina.<\/td>\n<\/tr>\n<\/tbody>\n<\/table>\n","protected":false},"excerpt":{"rendered":"<p>Tuomaritoiminta ja seuran tuomarit Suomen Golfliiton tuomaritoiminta Golfliiton j\u00e4rjest\u00e4mien tuomarikurssien ja koulutusten perusteella golftuomarit jaetaan kahteen eri tasoon: Tuomaritoiminnan perusteet -kurssin k\u00e4yneisiin (entinen seura- ja aluetuomaritaso) ja liittotuomareihin. Lis\u00e4\u00e4 tietoa\u00a0https:\/\/golf.fi\/kilpagolf\/liittotuomaritoiminta\/ Seuratuomarit Tuomaritoiminnan perusteet -kurssin k\u00e4yminen ja s\u00e4\u00e4nt\u00f6kokeen hyv\u00e4ksytysti suorittaminen antaa mahdollisuuden toimia seuran kisoissa tuomarina. &nbsp; Vaasan Golf Ry:n tuomarit: Liittotuomarit . Thomas Ferm (taso [&hellip;]<\/p>\n","protected":false},"author":2,"featured_media":0,"parent":1498,"menu_order":0,"comment_status":"closed","ping_status":"closed","template":"","meta":{"_expiration-date-status":"","_expiration-date":0,"_expiration-date-type":"","_expiration-date-categories":[],"_expiration-date-options":[]},"acf":[],"_links":{"self":[{"href":"https:\/\/vaasangolf.wptest02.vdk.fi\/fi\/wp-json\/wp\/v2\/pages\/1506"}],"collection":[{"href":"https:\/\/vaasangolf.wptest02.vdk.fi\/fi\/wp-json\/wp\/v2\/pages"}],"about":[{"href":"https:\/\/vaasangolf.wptest02.vdk.fi\/fi\/wp-json\/wp\/v2\/types\/page"}],"author":[{"embeddable":true,"href":"https:\/\/vaasangolf.wptest02.vdk.fi\/fi\/wp-json\/wp\/v2\/users\/2"}],"replies":[{"embeddable":true,"href":"https:\/\/vaasangolf.wptest02.vdk.fi\/fi\/wp-json\/wp\/v2\/comments?post=1506"}],"version-history":[{"count":3,"href":"https:\/\/vaasangolf.wptest02.vdk.fi\/fi\/wp-json\/wp\/v2\/pages\/1506\/revisions"}],"predecessor-version":[{"id":2196,"href":"https:\/\/vaasangolf.wptest02.vdk.fi\/fi\/wp-json\/wp\/v2\/pages\/1506\/revisions\/2196"}],"up":[{"embeddable":true,"href":"https:\/\/vaasangolf.wptest02.vdk.fi\/fi\/wp-json\/wp\/v2\/pages\/1498"}],"wp:attachment":[{"href":"https:\/\/vaasangolf.wptest02.vdk.fi\/fi\/wp-json\/wp\/v2\/media?parent=1506"}],"curies":[{"name":"wp","href":"https:\/\/api.w.org\/{rel}","templated":true}]}}