{"id":1510,"date":"2021-09-28T17:03:35","date_gmt":"2021-09-28T14:03:35","guid":{"rendered":"https:\/\/vaasangolf.wptest02.vdk.fi\/?page_id=1510"},"modified":"2023-08-17T16:23:25","modified_gmt":"2023-08-17T13:23:25","slug":"junioritoimikunta","status":"publish","type":"page","link":"https:\/\/vaasangolf.wptest02.vdk.fi\/fi\/toiminta\/toimikunnat\/junioritoimikunta\/","title":{"rendered":"Junioritoimikunta"},"content":{"rendered":"\t\t<div data-elementor-type=\"wp-page\" data-elementor-id=\"1510\" class=\"elementor elementor-1510\">\n\t\t\t\t\t\t<div class=\"elementor-inner\">\n\t\t\t\t<div class=\"elementor-section-wrap\">\n\t\t\t\t\t\t\t\t\t<section class=\"elementor-section elementor-top-section elementor-element elementor-element-5b46acf3 elementor-section-boxed elementor-section-height-default elementor-section-height-default\" data-id=\"5b46acf3\" data-element_type=\"section\">\n\t\t\t\t\t\t<div class=\"elementor-container elementor-column-gap-default\">\n\t\t\t\t\t\t\t<div class=\"elementor-row\">\n\t\t\t\t\t<div class=\"elementor-column elementor-col-100 elementor-top-column elementor-element elementor-element-31e92c21\" data-id=\"31e92c21\" data-element_type=\"column\">\n\t\t\t<div class=\"elementor-column-wrap elementor-element-populated\">\n\t\t\t\t\t\t\t<div class=\"elementor-widget-wrap\">\n\t\t\t\t\t\t<div class=\"elementor-element elementor-element-72c7944 elementor-widget elementor-widget-toggle\" data-id=\"72c7944\" data-element_type=\"widget\" data-widget_type=\"toggle.default\">\n\t\t\t\t<div class=\"elementor-widget-container\">\n\t\t\t\t\t<div class=\"elementor-toggle\" role=\"tablist\">\n\t\t\t\t\t\t\t<div class=\"elementor-toggle-item\">\n\t\t\t\t\t<div id=\"elementor-tab-title-1201\" class=\"elementor-tab-title\" data-tab=\"1\" role=\"tab\" aria-controls=\"elementor-tab-content-1201\" aria-expanded=\"false\">\n\t\t\t\t\t\t\t\t\t\t\t\t<span class=\"elementor-toggle-icon elementor-toggle-icon-left\" aria-hidden=\"true\">\n\t\t\t\t\t\t\t\t\t\t\t\t\t\t\t<span class=\"elementor-toggle-icon-closed\"><i class=\"fas fa-caret-right\"><\/i><\/span>\n\t\t\t\t\t\t\t\t<span class=\"elementor-toggle-icon-opened\"><i class=\"elementor-toggle-icon-opened fas fa-caret-up\"><\/i><\/span>\n\t\t\t\t\t\t\t\t\t\t\t\t\t<\/span>\n\t\t\t\t\t\t\t\t\t\t\t\t<a href=\"\" class=\"elementor-toggle-title\">Tapahtumakalenteri<\/a>\n\t\t\t\t\t<\/div>\n\n\t\t\t\t\t<div id=\"elementor-tab-content-1201\" class=\"elementor-tab-content elementor-clearfix\" data-tab=\"1\" role=\"tabpanel\" aria-labelledby=\"elementor-tab-title-1201\"><p>Kalenteria p\u00e4ivitet\u00e4\u00e4n<\/p><\/div>\n\t\t\t\t<\/div>\n\t\t\t\t\t\t\t<div class=\"elementor-toggle-item\">\n\t\t\t\t\t<div id=\"elementor-tab-title-1202\" class=\"elementor-tab-title\" data-tab=\"2\" role=\"tab\" aria-controls=\"elementor-tab-content-1202\" aria-expanded=\"false\">\n\t\t\t\t\t\t\t\t\t\t\t\t<span class=\"elementor-toggle-icon elementor-toggle-icon-left\" aria-hidden=\"true\">\n\t\t\t\t\t\t\t\t\t\t\t\t\t\t\t<span class=\"elementor-toggle-icon-closed\"><i class=\"fas fa-caret-right\"><\/i><\/span>\n\t\t\t\t\t\t\t\t<span class=\"elementor-toggle-icon-opened\"><i class=\"elementor-toggle-icon-opened fas fa-caret-up\"><\/i><\/span>\n\t\t\t\t\t\t\t\t\t\t\t\t\t<\/span>\n\t\t\t\t\t\t\t\t\t\t\t\t<a href=\"\" class=\"elementor-toggle-title\">Kilpailukalenteri<\/a>\n\t\t\t\t\t<\/div>\n\n\t\t\t\t\t<div id=\"elementor-tab-content-1202\" class=\"elementor-tab-content elementor-clearfix\" data-tab=\"2\" role=\"tabpanel\" aria-labelledby=\"elementor-tab-title-1202\"><p>19.-22.7. <a href=\"https:\/\/golf.fi\/kilpagolf\/kilpailukalenteri\/#\/competition\/3719412\/leaderboard\/3525359\">SM Ly\u00f6ntipeli (Koski-Golf) &#8211; FT 5 &#8211; M &amp; N &amp; Para<\/a><\/p><p>25.7. <a href=\"https:\/\/golf.fi\/kilpagolf\/kilpailukalenteri\/#\/competition\/3712987\/leaderboard\">Junioreiden SM reik\u00e4pelin karsinta U16\/U18\/U21 (Nurmij\u00e4rvi)<\/a><\/p><p>26.7.-27.7. Junioreiden SM reik\u00e4peli (FJT 4)<\/p><p>12.8. <a href=\"https:\/\/golf.fi\/kilpagolf\/kilpailukalenteri\/#\/competition\/3711602\/leaderboard\">Future Tour 6 Pohjoinen \/ Pohjanmaa (Nivalanseudun Golf)<\/a><\/p><p>13.8. <a href=\"https:\/\/golf.fi\/kilpagolf\/kilpailukalenteri\/#\/competition\/3711579\/leaderboard\">FJT Challenge 5 Pohjoinen \/ Pohjanmaa (Nivalan Seudun Golf)<\/a><\/p><p>26.8.-27.8. <a href=\"https:\/\/golf.fi\/kilpagolf\/kilpailukalenteri\/#\/competition\/3713430\/leaderboard\">Finnish Junior Tour 5 (Oulun Golfkerho)<\/a><\/p><\/div>\n\t\t\t\t<\/div>\n\t\t\t\t\t\t\t\t<\/div>\n\t\t\t\t<\/div>\n\t\t\t\t<\/div>\n\t\t\t\t<div class=\"elementor-element elementor-element-c54ed4b elementor-shape-rounded elementor-grid-0 e-grid-align-center elementor-widget elementor-widget-social-icons\" data-id=\"c54ed4b\" data-element_type=\"widget\" data-widget_type=\"social-icons.default\">\n\t\t\t\t<div class=\"elementor-widget-container\">\n\t\t\t\t\t<div class=\"elementor-social-icons-wrapper elementor-grid\">\n\t\t\t\t\t\t\t<span class=\"elementor-grid-item\">\n\t\t\t\t\t<a class=\"elementor-icon elementor-social-icon elementor-social-icon-facebook elementor-repeater-item-137e20e\" href=\"https:\/\/www.facebook.com\/vaasangolfjuniors\" target=\"_blank\">\n\t\t\t\t\t\t<span class=\"elementor-screen-only\">Facebook<\/span>\n\t\t\t\t\t\t<i class=\"fab fa-facebook\"><\/i>\t\t\t\t\t<\/a>\n\t\t\t\t<\/span>\n\t\t\t\t\t\t\t<span class=\"elementor-grid-item\">\n\t\t\t\t\t<a class=\"elementor-icon elementor-social-icon elementor-social-icon-instagram elementor-repeater-item-bdc5763\" href=\"http:\/\/instagram.com\/vaasangolfjuniors\/\" target=\"_blank\">\n\t\t\t\t\t\t<span class=\"elementor-screen-only\">Instagram<\/span>\n\t\t\t\t\t\t<i class=\"fab fa-instagram\"><\/i>\t\t\t\t\t<\/a>\n\t\t\t\t<\/span>\n\t\t\t\t\t<\/div>\n\t\t\t\t<\/div>\n\t\t\t\t<\/div>\n\t\t\t\t<div class=\"elementor-element elementor-element-29d0c4dd elementor-widget elementor-widget-text-editor\" data-id=\"29d0c4dd\" data-element_type=\"widget\" data-widget_type=\"text-editor.default\">\n\t\t\t\t<div class=\"elementor-widget-container\">\n\t\t\t\t\t\t\t\t<div class=\"elementor-text-editor elementor-clearfix\">\n\t\t\t\t<p>Vaasan Golfin (VaG) junioritoiminnan tavoitteena on sek\u00e4 kouluttaa ett\u00e4 tukea seuran nuoria golfpelaajia sek\u00e4 heid\u00e4n valmentajia ja ohjaajia. Tavoitteena on, ett\u00e4 jokainen nuori golfaaja pystyisi kehittym\u00e4\u00e4n pelaajana ja nauttimaan terveellisest\u00e4 vapaa-ajan toiminnasta seurassamme. Juniorivalmennuksen tarkoitus on ohjata junioria harjoittelemaan tavoitteellisesti yhdess\u00e4 sovittujen harjoitusohjelmien mukaisesti unohtamatta my\u00f6s hauskanpitoa ja golfin harrastamista.<\/p><p>Yhteystiedot:<\/p><p>Jani-Markus Sula, juniorikoordinaattori<\/p><p><a href=\"mailto:jani-markus.sula@vag.fi\">jani-markus.sula@vag.fi<\/a><\/p><p>tai<\/p><p>Junioritoimikunta: <a href=\"mailto:vaasangolfjuniorit@gmail.com\">vaasangolfjuniorit@gmail.com<\/a><\/p><p>Osoite: Golfkent\u00e4ntie 61, 65370 Vaasa<\/p><h2>Junioritoimikunnan j\u00e4senet<\/h2><ul><li><strong>Mats Forsen \u2013\u00a0<\/strong>Puheenjohtaja (+ harrastepuolen koordinointi)<\/li><li><strong>Jani Markus Sula &#8211;\u00a0<\/strong>Juniorikoordinaattori (+ Golfkoulun\u00a0koordinointi)<\/li><li><strong>Taneli Jokela<\/strong>\u00a0\u2013 Markkinointi ja sponsorimyynti<\/li><li><strong>Jonathan Nylen<\/strong>\u00a0\u2013 Kilpapuolen koordinointi<\/li><li><strong>Jari Alaranta<\/strong> \u2013 Tapahtumakoordinaattori (+ Golfliiton Tourin yhteyshenkil\u00f6 junioreille ja vanhemmille)<\/li><li><strong>Aki Keskinen<\/strong>\u00a0\u2013 Tapahtumakoordinaattori ja varaohjaaja<\/li><li><strong>Johan Nyst\u00e9n<\/strong> &#8211; Tapahtumakoordinaattori ja varaohjaaja<\/li><li><strong>Aleksi Jokela<\/strong>\u00a0\u2013\u00a0Kotikilpailujen\u00a0koordinointi (+ Kilpailutoimikunnan j\u00e4sen)<\/li><\/ul><h2>Valmennus ja ohjaus<\/h2><ul><li><strong>Jonathan Nylen<\/strong>\u00a0\u2013 Junioreiden p\u00e4\u00e4valmentaja<\/li><li><strong>Conny S\u00f6derg\u00e5rd<\/strong> &#8211; Juniorivalmentaja<\/li><li><strong>Pia Koivuranta<\/strong> &#8211; SM Juniorijoukkue valmentaja<\/li><li><strong>Janne Koljonen<\/strong>\u00a0\u2013 Junioreiden fysiikkavalmennus<\/li><li><strong>Ohjaajat:<\/strong><ul><li>Katriina Patama (Harraste \u2013 tyt\u00f6t)<\/li><li>Birgitta Miemois-Haga (GolfKoulu &#8211; varaohjaaja)<\/li><li>Inka \u00d6sterblad (Golfkoulu &#8211; varaohjaaja)<\/li><\/ul><\/li><\/ul>\t\t\t\t\t<\/div>\n\t\t\t\t\t\t<\/div>\n\t\t\t\t<\/div>\n\t\t\t\t\t\t<\/div>\n\t\t\t\t\t<\/div>\n\t\t<\/div>\n\t\t\t\t\t\t\t\t<\/div>\n\t\t\t\t\t<\/div>\n\t\t<\/section>\n\t\t\t\t\t\t\t\t\t<\/div>\n\t\t\t<\/div>\n\t\t\t\t\t<\/div>\n\t\t","protected":false},"excerpt":{"rendered":"<p>Tapahtumakalenteri Kalenteria p\u00e4ivitet\u00e4\u00e4n Kilpailukalenteri 19.-22.7. SM Ly\u00f6ntipeli (Koski-Golf) &#8211; FT 5 &#8211; M &amp; N &amp; Para 25.7. Junioreiden SM reik\u00e4pelin karsinta U16\/U18\/U21 (Nurmij\u00e4rvi) 26.7.-27.7. Junioreiden SM reik\u00e4peli (FJT 4) 12.8. Future Tour 6 Pohjoinen \/ Pohjanmaa (Nivalanseudun Golf) 13.8. FJT Challenge 5 Pohjoinen \/ Pohjanmaa (Nivalan Seudun Golf) 26.8.-27.8. Finnish Junior Tour 5 (Oulun [&hellip;]<\/p>\n","protected":false},"author":2,"featured_media":0,"parent":1496,"menu_order":0,"comment_status":"closed","ping_status":"closed","template":"","meta":{"_expiration-date-status":"","_expiration-date":0,"_expiration-date-type":"","_expiration-date-categories":[],"_expiration-date-options":[]},"acf":[],"_links":{"self":[{"href":"https:\/\/vaasangolf.wptest02.vdk.fi\/fi\/wp-json\/wp\/v2\/pages\/1510"}],"collection":[{"href":"https:\/\/vaasangolf.wptest02.vdk.fi\/fi\/wp-json\/wp\/v2\/pages"}],"about":[{"href":"https:\/\/vaasangolf.wptest02.vdk.fi\/fi\/wp-json\/wp\/v2\/types\/page"}],"author":[{"embeddable":true,"href":"https:\/\/vaasangolf.wptest02.vdk.fi\/fi\/wp-json\/wp\/v2\/users\/2"}],"replies":[{"embeddable":true,"href":"https:\/\/vaasangolf.wptest02.vdk.fi\/fi\/wp-json\/wp\/v2\/comments?post=1510"}],"version-history":[{"count":24,"href":"https:\/\/vaasangolf.wptest02.vdk.fi\/fi\/wp-json\/wp\/v2\/pages\/1510\/revisions"}],"predecessor-version":[{"id":8955,"href":"https:\/\/vaasangolf.wptest02.vdk.fi\/fi\/wp-json\/wp\/v2\/pages\/1510\/revisions\/8955"}],"up":[{"embeddable":true,"href":"https:\/\/vaasangolf.wptest02.vdk.fi\/fi\/wp-json\/wp\/v2\/pages\/1496"}],"wp:attachment":[{"href":"https:\/\/vaasangolf.wptest02.vdk.fi\/fi\/wp-json\/wp\/v2\/media?parent=1510"}],"curies":[{"name":"wp","href":"https:\/\/api.w.org\/{rel}","templated":true}]}}