{"id":1512,"date":"2021-09-28T17:04:06","date_gmt":"2021-09-28T14:04:06","guid":{"rendered":"https:\/\/vaasangolf.wptest02.vdk.fi\/?page_id=1512"},"modified":"2023-08-23T14:57:48","modified_gmt":"2023-08-23T11:57:48","slug":"golfkoulu","status":"publish","type":"page","link":"https:\/\/vaasangolf.wptest02.vdk.fi\/fi\/toiminta\/toimikunnat\/junioritoimikunta\/golfkoulu\/","title":{"rendered":"Golfkoulu"},"content":{"rendered":"\t\t<div data-elementor-type=\"wp-page\" data-elementor-id=\"1512\" class=\"elementor elementor-1512\">\n\t\t\t\t\t\t<div class=\"elementor-inner\">\n\t\t\t\t<div class=\"elementor-section-wrap\">\n\t\t\t\t\t\t\t\t\t<section class=\"elementor-section elementor-top-section elementor-element elementor-element-346834f6 elementor-section-boxed elementor-section-height-default elementor-section-height-default\" data-id=\"346834f6\" data-element_type=\"section\">\n\t\t\t\t\t\t<div class=\"elementor-container elementor-column-gap-default\">\n\t\t\t\t\t\t\t<div class=\"elementor-row\">\n\t\t\t\t\t<div class=\"elementor-column elementor-col-100 elementor-top-column elementor-element elementor-element-c8f1249\" data-id=\"c8f1249\" data-element_type=\"column\">\n\t\t\t<div class=\"elementor-column-wrap elementor-element-populated\">\n\t\t\t\t\t\t\t<div class=\"elementor-widget-wrap\">\n\t\t\t\t\t\t<div class=\"elementor-element elementor-element-e6e5988 elementor-skin-carousel elementor-arrows-yes elementor-pagination-type-bullets elementor-pagination-position-outside elementor-widget elementor-widget-media-carousel\" data-id=\"e6e5988\" data-element_type=\"widget\" data-settings=\"{&quot;autoplay_speed&quot;:4000,&quot;skin&quot;:&quot;carousel&quot;,&quot;effect&quot;:&quot;slide&quot;,&quot;show_arrows&quot;:&quot;yes&quot;,&quot;pagination&quot;:&quot;bullets&quot;,&quot;speed&quot;:500,&quot;autoplay&quot;:&quot;yes&quot;,&quot;loop&quot;:&quot;yes&quot;,&quot;pause_on_hover&quot;:&quot;yes&quot;,&quot;pause_on_interaction&quot;:&quot;yes&quot;,&quot;space_between&quot;:{&quot;unit&quot;:&quot;px&quot;,&quot;size&quot;:10,&quot;sizes&quot;:[]},&quot;space_between_tablet&quot;:{&quot;unit&quot;:&quot;px&quot;,&quot;size&quot;:10,&quot;sizes&quot;:[]},&quot;space_between_mobile&quot;:{&quot;unit&quot;:&quot;px&quot;,&quot;size&quot;:10,&quot;sizes&quot;:[]}}\" data-widget_type=\"media-carousel.default\">\n\t\t\t\t<div class=\"elementor-widget-container\">\n\t\t\t\t\t<div class=\"elementor-swiper\">\n\t\t\t<div class=\"elementor-main-swiper swiper-container\">\n\t\t\t\t<div class=\"swiper-wrapper\">\n\t\t\t\t\t\t\t\t\t\t\t<div class=\"swiper-slide\">\n\t\t\t\t\t\t\t\t\t<div class=\"elementor-carousel-image\" style=\"background-image: url(&#039;https:\/\/vaasangolf.wptest02.vdk.fi\/wp-content\/uploads\/2023\/08\/Kuva-3-scaled.jpg&#039;)\">\n\n\t\t\t\n\t\t\t\t\t<\/div>\n\t\t\t\t\t\t\t\t<\/div>\n\t\t\t\t\t\t\t\t\t\t\t<div class=\"swiper-slide\">\n\t\t\t\t\t\t\t\t\t<div class=\"elementor-carousel-image\" style=\"background-image: url(&#039;https:\/\/vaasangolf.wptest02.vdk.fi\/wp-content\/uploads\/2023\/08\/11-scaled.jpg&#039;)\">\n\n\t\t\t\n\t\t\t\t\t<\/div>\n\t\t\t\t\t\t\t\t<\/div>\n\t\t\t\t\t\t\t\t\t\t\t<div class=\"swiper-slide\">\n\t\t\t\t\t\t\t\t\t<div class=\"elementor-carousel-image\" style=\"background-image: url(&#039;https:\/\/vaasangolf.wptest02.vdk.fi\/wp-content\/uploads\/2023\/08\/12-scaled.jpg&#039;)\">\n\n\t\t\t\n\t\t\t\t\t<\/div>\n\t\t\t\t\t\t\t\t<\/div>\n\t\t\t\t\t\t\t\t\t\t\t<div class=\"swiper-slide\">\n\t\t\t\t\t\t\t\t\t<div class=\"elementor-carousel-image\" style=\"background-image: url(&#039;https:\/\/vaasangolf.wptest02.vdk.fi\/wp-content\/uploads\/2023\/08\/15-scaled.jpg&#039;)\">\n\n\t\t\t\n\t\t\t\t\t<\/div>\n\t\t\t\t\t\t\t\t<\/div>\n\t\t\t\t\t\t\t\t\t\t\t<div class=\"swiper-slide\">\n\t\t\t\t\t\t\t\t\t<div class=\"elementor-carousel-image\" style=\"background-image: url(&#039;https:\/\/vaasangolf.wptest02.vdk.fi\/wp-content\/uploads\/2023\/08\/9-scaled.jpg&#039;)\">\n\n\t\t\t\n\t\t\t\t\t<\/div>\n\t\t\t\t\t\t\t\t<\/div>\n\t\t\t\t\t\t\t\t\t\t\t<div class=\"swiper-slide\">\n\t\t\t\t\t\t\t\t\t<div class=\"elementor-carousel-image\" style=\"background-image: url(&#039;https:\/\/vaasangolf.wptest02.vdk.fi\/wp-content\/uploads\/2023\/08\/20-scaled.jpg&#039;)\">\n\n\t\t\t\n\t\t\t\t\t<\/div>\n\t\t\t\t\t\t\t\t<\/div>\n\t\t\t\t\t\t\t\t\t<\/div>\n\t\t\t\t\t\t\t\t\t\t\t\t\t\t\t<div class=\"swiper-pagination\"><\/div>\n\t\t\t\t\t\t\t\t\t\t\t\t\t\t\t\t<div class=\"elementor-swiper-button elementor-swiper-button-prev\">\n\t\t\t\t\t\t\t<i aria-hidden=\"true\" class=\"eicon-chevron-left\"><\/i>\t\t\t\t\t\t\t<span class=\"elementor-screen-only\">Previous<\/span>\n\t\t\t\t\t\t<\/div>\n\t\t\t\t\t\t<div class=\"elementor-swiper-button elementor-swiper-button-next\">\n\t\t\t\t\t\t\t<i aria-hidden=\"true\" class=\"eicon-chevron-right\"><\/i>\t\t\t\t\t\t\t<span class=\"elementor-screen-only\">Next<\/span>\n\t\t\t\t\t\t<\/div>\n\t\t\t\t\t\t\t\t\t\t\t\t<\/div>\n\t\t<\/div>\n\t\t\t\t<\/div>\n\t\t\t\t<\/div>\n\t\t\t\t<div class=\"elementor-element elementor-element-44d45e6c elementor-widget elementor-widget-text-editor\" data-id=\"44d45e6c\" data-element_type=\"widget\" data-widget_type=\"text-editor.default\">\n\t\t\t\t<div class=\"elementor-widget-container\">\n\t\t\t\t\t\t\t\t<div class=\"elementor-text-editor elementor-clearfix\">\n\t\t\t\t<div><h4><strong>Yleist\u00e4<\/strong><\/h4><ul><li>Oppilaiden suositeltava ik\u00e4 on 7<span lang=\"FI-FI\" xml:lang=\"FI-FI\" data-contrast=\"auto\">\u2013<\/span>15 v.<\/li><li>Ei tarvita aiempaa kokemusta golfista.<ul><li><span data-contrast=\"none\">Vanhempien junioreiden golfkoulu pidet\u00e4\u00e4n\u00a0<\/span><span data-contrast=\"none\">maanantaisin<\/span><span data-contrast=\"none\">\u00a0ja nuorempien\u00a0<\/span><span data-contrast=\"none\">keskiviikkoisin<\/span><span data-contrast=\"none\">\u00a0niin ett\u00e4 maanantaina tulevat yli 11-vuotiaat ja keskiviikkona alle 11-vuotiaat.<\/span><\/li><li><span data-contrast=\"none\">\u00a0Ik\u00e4raja ei ole ehdoton, ja esimerkiksi aiemmin golfia pelanneet voivat tulla nuorempinakin maanantai-illan tunneille.<\/span><\/li><li><span data-contrast=\"none\">Tarkoitus on, ett\u00e4 maanantaisin harjoitellaan normaaliv\u00e4lineill\u00e4 ja keskiviikkona muovimailoilla ja pehmopalloilla.<\/span><span data-ccp-props=\"{&quot;201341983&quot;:0,&quot;335559739&quot;:160,&quot;335559740&quot;:240}\">\u00a0<\/span><\/li><\/ul><\/li><li>Normaali s\u00e4\u00e4nmukainen ulkoiluvaatetus riitt\u00e4\u00e4.<\/li><\/ul><h4><strong>Opetus<\/strong><\/h4><ul><li><span lang=\"FI-FI\" xml:lang=\"FI-FI\" data-contrast=\"auto\">Golfkoulussa opetellaan golfin perusasioita. P\u00e4\u00e4paino on ly\u00f6nnin tuntuman opettelussa ja hauskassa toiminnassa \u2013 ei tekniikan hienouksissa.<\/span><span data-ccp-props=\"{&quot;201341983&quot;:0,&quot;335559739&quot;:160,&quot;335559740&quot;:259}\">\u00a0<\/span><\/li><li>T\u00e4rkeint\u00e4 on lasten viihtyminen niin ett\u00e4 he saavat onnistumisia, uusia kavereita sek\u00e4 liikuntaa.<\/li><\/ul><h4><strong>S\u00e4\u00e4nn\u00f6t ja etiketti<\/strong><\/h4><ul><li>Ly\u00f6ntitekniikan ohella opetellaan golfin s\u00e4\u00e4nt\u00f6j\u00e4 ja etiketti\u00e4. Apuna ovat Golfliiton laatimat\u00a0<a href=\"https:\/\/golf.fi\/wp-content\/uploads\/2016\/01\/Green-Card-ohjeistus-lapset-ja-nuoret-1.pdf\">Junioreiden Green Card<\/a>\u00a0-ohjeet sek\u00e4\u00a0<a href=\"https:\/\/golf.fi\/wp-content\/uploads\/2016\/02\/LastennuortenGreencard_FINAL_paino_outlines-1.pdf\">lasten ja nuorten Green Card<\/a>\u00a0-kortit. N\u00e4in junioreita my\u00f6s motivoidaan tavoitteelliseen harjoitteluun.<\/li><\/ul><h4><strong>Tavoite<\/strong><\/h4><ul><li>Golfkoulu valmistaa oppilaita green card -suoritukseen.<\/li><li>Ohjaajat seuraavat oppilaiden edistymist\u00e4. Kun oppilas on saavuttanut riitt\u00e4v\u00e4n tason, ohjaajat suosittelevat osallistumista green card -kurssille<\/li><li>Green card -kurssista saat lis\u00e4tietoa golfkoulun ohjaajien tai caddiemasterin kautta.<\/li><\/ul><h4><strong>Aikataulu ja sis\u00e4lt\u00f6<\/strong><\/h4><ul><li><span lang=\"FI-FI\" xml:lang=\"FI-FI\" data-contrast=\"auto\">Golfkoulu alkaa maanantaina 22.5. Huom! S\u00e4\u00e4varaus. Aloitusp\u00e4iv\u00e4 varmistetaan ilmoittautuneille.<\/span><span data-ccp-props=\"{&quot;201341983&quot;:0,&quot;335559739&quot;:160,&quot;335559740&quot;:259}\">\u00a0<\/span><\/li><li>Golfkoulua pidet\u00e4\u00e4n joka maanantai ja keskiviikko klo 17<span lang=\"FI-FI\" xml:lang=\"FI-FI\" data-contrast=\"auto\">\u2013<\/span>18.<\/li><li><span lang=\"FI-FI\" xml:lang=\"FI-FI\" data-contrast=\"auto\">Maanantaisin pelataan rautamailoilla ja ryhm\u00e4 on tarkoitettu hieman isommille ja my\u00f6s kokeneemmille, keskiviikkoisin k\u00e4ytet\u00e4\u00e4n muovimailoja, jolloin toiminta sopii pienemmillekin.<\/span><\/li><li><span lang=\"FI-FI\" xml:lang=\"FI-FI\" data-contrast=\"auto\">Golfkoulun ohjelmaan kuuluu perustaitojen opettelua ja muun muassa l\u00e4hipeli\u00e4, pitki\u00e4 ly\u00f6ntej\u00e4, leikkej\u00e4 ja pelaamista. Ohjelmaa s\u00e4\u00e4det\u00e4\u00e4n oppilaiden taitotason mukaisesti.<\/span><span data-ccp-props=\"{&quot;201341983&quot;:0,&quot;335559739&quot;:160,&quot;335559740&quot;:259}\">\u00a0<\/span><\/li><li><span lang=\"FI-FI\" xml:lang=\"FI-FI\" data-contrast=\"auto\">Tunneille voi osallistua kerran viikossa, kaksi kertaa viikossa tai silloin kun itselle parhaiten sopii.<\/span><\/li><\/ul><h4><strong>Ilmoittautuminen<\/strong><\/h4><ul><li><strong>Oppilaita pyydet\u00e4\u00e4n ilmoittautumaan etuk\u00e4teen tunneille viimeist\u00e4\u00e4n klo 12 samana p\u00e4iv\u00e4n\u00e4<\/strong>. Ilmoitus tehd\u00e4\u00e4n nimenhuutosovelluksella, tai s\u00e4hk\u00f6postilla (<a href=\"mailto:vag.golfkoulu@gmail.com\">vag.golfkoulu@gmail.com<\/a>). N\u00e4in pystymme paremmin varaamaan riitt\u00e4v\u00e4n m\u00e4\u00e4r\u00e4n ohjaajia varmistamaan oppilaiden turvallisuuden.<\/li><li>Ensimm\u00e4isell\u00e4 k\u00e4yntikerralla (2023) t\u00e4yt\u00e4 etuk\u00e4teen yhteys- ja taustatietolomake <a href=\"https:\/\/forms.gle\/WcnnS1CYN3q5EWu27\">t\u00e4st\u00e4 linkist\u00e4<\/a>.<\/li><\/ul><h4><strong>Hinta\u00a0<\/strong><\/h4><ul><li>Kertamaksu 5\u20ac\/kerta.<\/li><li>Ensimm\u00e4inen kerta on ilmainen.<\/li><\/ul><h4><strong>V\u00e4lineet<\/strong><\/h4><ul><li>Et tarvitse omia v\u00e4lineit\u00e4. Seuralla on k\u00e4yt\u00f6ss\u00e4 erikokoisia ja -k\u00e4tisi\u00e4 mailoja sek\u00e4 palloja.<\/li><\/ul><div><h4 style=\"color: #000000;\"><span style=\"font-weight: bolder;\">Lis\u00e4tietoja<\/span><\/h4><ul style=\"font-size: 16px; background-color: #ffffff;\"><li style=\"font-size: 16px;\">Jani-Markus Sula, juniorikoordinaattori<\/li><li style=\"font-size: 16px;\">s-posti:\u00a0<a href=\"mailto:jani-markus.sula@vag.fi\">jani-markus.sula@vag.fi<\/a>\u00a0tai\u00a0<a href=\"mailto:vag.golfkoulu@gmail.com\">vag.golfkoulu@gmail.com<\/a><\/li><\/ul><\/div><\/div>\t\t\t\t\t<\/div>\n\t\t\t\t\t\t<\/div>\n\t\t\t\t<\/div>\n\t\t\t\t\t\t<\/div>\n\t\t\t\t\t<\/div>\n\t\t<\/div>\n\t\t\t\t\t\t\t\t<\/div>\n\t\t\t\t\t<\/div>\n\t\t<\/section>\n\t\t\t\t<section class=\"elementor-section elementor-top-section elementor-element elementor-element-fd648a4 elementor-section-boxed elementor-section-height-default elementor-section-height-default\" data-id=\"fd648a4\" data-element_type=\"section\">\n\t\t\t\t\t\t<div class=\"elementor-container elementor-column-gap-default\">\n\t\t\t\t\t\t\t<div class=\"elementor-row\">\n\t\t\t\t\t<div class=\"elementor-column elementor-col-100 elementor-top-column elementor-element elementor-element-293944b\" data-id=\"293944b\" data-element_type=\"column\">\n\t\t\t<div class=\"elementor-column-wrap elementor-element-populated\">\n\t\t\t\t\t\t\t<div class=\"elementor-widget-wrap\">\n\t\t\t\t\t\t<div class=\"elementor-element elementor-element-c495543 elementor-widget-divider--view-line elementor-widget elementor-widget-divider\" data-id=\"c495543\" data-element_type=\"widget\" data-widget_type=\"divider.default\">\n\t\t\t\t<div class=\"elementor-widget-container\">\n\t\t\t\t\t<div class=\"elementor-divider\">\n\t\t\t<span class=\"elementor-divider-separator\">\n\t\t\t\t\t\t<\/span>\n\t\t<\/div>\n\t\t\t\t<\/div>\n\t\t\t\t<\/div>\n\t\t\t\t<div class=\"elementor-element elementor-element-3a842bd elementor-widget elementor-widget-text-editor\" data-id=\"3a842bd\" data-element_type=\"widget\" data-widget_type=\"text-editor.default\">\n\t\t\t\t<div class=\"elementor-widget-container\">\n\t\t\t\t\t\t\t\t<div class=\"elementor-text-editor elementor-clearfix\">\n\t\t\t\t<h4 style=\"color: #000000;\"><span style=\"font-weight: bolder;\">Juniorigolfarin polku Vaasan Golfissa<\/span><\/h4><ul style=\"font-size: 16px; background-color: #ffffff;\"><li style=\"font-size: 16px;\">Golfkoulun ohessa oppilas voi suorittaa green card kurssin ja liitty\u00e4 Vaasan Golf ry:n j\u00e4seneksi. Lis\u00e4tietoja seuran toimistolta.<\/li><li style=\"font-size: 16px;\">Vaasan Golfilla on useita eritasoisia valmennusryhmi\u00e4, joiden tarkoituksena on kehitt\u00e4\u00e4 junioreiden golftaitoja.<\/li><li style=\"font-size: 16px;\">Voi my\u00f6s harrastaa golfia omatoimisesti kaveripiiriss\u00e4, vanhempien kanssa \u2013 oman mieltymyksen mukaan.<\/li><\/ul>\t\t\t\t\t<\/div>\n\t\t\t\t\t\t<\/div>\n\t\t\t\t<\/div>\n\t\t\t\t<div class=\"elementor-element elementor-element-a510656 elementor-align-left elementor-widget elementor-widget-button\" data-id=\"a510656\" data-element_type=\"widget\" data-widget_type=\"button.default\">\n\t\t\t\t<div class=\"elementor-widget-container\">\n\t\t\t\t\t<div class=\"elementor-button-wrapper\">\n\t\t\t<a href=\"https:\/\/vaasangolf.wptest02.vdk.fi\/wp-content\/uploads\/2023\/08\/Juniorigolfarin-polku-4.pdf\" class=\"elementor-button-link elementor-button elementor-size-xl\" role=\"button\" id=\"juniorigolfarin_polku\">\n\t\t\t\t\t\t<span class=\"elementor-button-content-wrapper\">\n\t\t\t\t\t\t<span class=\"elementor-button-text\">Juniorigolfarin polku<\/span>\n\t\t<\/span>\n\t\t\t\t\t<\/a>\n\t\t<\/div>\n\t\t\t\t<\/div>\n\t\t\t\t<\/div>\n\t\t\t\t\t\t<\/div>\n\t\t\t\t\t<\/div>\n\t\t<\/div>\n\t\t\t\t\t\t\t\t<\/div>\n\t\t\t\t\t<\/div>\n\t\t<\/section>\n\t\t\t\t\t\t\t\t\t<\/div>\n\t\t\t<\/div>\n\t\t\t\t\t<\/div>\n\t\t","protected":false},"excerpt":{"rendered":"<p>Previous Next Yleist\u00e4 Oppilaiden suositeltava ik\u00e4 on 7\u201315 v. Ei tarvita aiempaa kokemusta golfista. Vanhempien junioreiden golfkoulu pidet\u00e4\u00e4n\u00a0maanantaisin\u00a0ja nuorempien\u00a0keskiviikkoisin\u00a0niin ett\u00e4 maanantaina tulevat yli 11-vuotiaat ja keskiviikkona alle 11-vuotiaat. \u00a0Ik\u00e4raja ei ole ehdoton, ja esimerkiksi aiemmin golfia pelanneet voivat tulla nuorempinakin maanantai-illan tunneille. Tarkoitus on, ett\u00e4 maanantaisin harjoitellaan normaaliv\u00e4lineill\u00e4 ja keskiviikkona muovimailoilla ja pehmopalloilla.\u00a0 Normaali s\u00e4\u00e4nmukainen [&hellip;]<\/p>\n","protected":false},"author":2,"featured_media":0,"parent":1510,"menu_order":0,"comment_status":"closed","ping_status":"closed","template":"","meta":{"_expiration-date-status":"","_expiration-date":0,"_expiration-date-type":"","_expiration-date-categories":[],"_expiration-date-options":[]},"acf":[],"_links":{"self":[{"href":"https:\/\/vaasangolf.wptest02.vdk.fi\/fi\/wp-json\/wp\/v2\/pages\/1512"}],"collection":[{"href":"https:\/\/vaasangolf.wptest02.vdk.fi\/fi\/wp-json\/wp\/v2\/pages"}],"about":[{"href":"https:\/\/vaasangolf.wptest02.vdk.fi\/fi\/wp-json\/wp\/v2\/types\/page"}],"author":[{"embeddable":true,"href":"https:\/\/vaasangolf.wptest02.vdk.fi\/fi\/wp-json\/wp\/v2\/users\/2"}],"replies":[{"embeddable":true,"href":"https:\/\/vaasangolf.wptest02.vdk.fi\/fi\/wp-json\/wp\/v2\/comments?post=1512"}],"version-history":[{"count":56,"href":"https:\/\/vaasangolf.wptest02.vdk.fi\/fi\/wp-json\/wp\/v2\/pages\/1512\/revisions"}],"predecessor-version":[{"id":9023,"href":"https:\/\/vaasangolf.wptest02.vdk.fi\/fi\/wp-json\/wp\/v2\/pages\/1512\/revisions\/9023"}],"up":[{"embeddable":true,"href":"https:\/\/vaasangolf.wptest02.vdk.fi\/fi\/wp-json\/wp\/v2\/pages\/1510"}],"wp:attachment":[{"href":"https:\/\/vaasangolf.wptest02.vdk.fi\/fi\/wp-json\/wp\/v2\/media?parent=1512"}],"curies":[{"name":"wp","href":"https:\/\/api.w.org\/{rel}","templated":true}]}}