{"id":1514,"date":"2021-09-28T17:04:47","date_gmt":"2021-09-28T14:04:47","guid":{"rendered":"https:\/\/vaasangolf.wptest02.vdk.fi\/?page_id=1514"},"modified":"2023-08-23T14:59:07","modified_gmt":"2023-08-23T11:59:07","slug":"harrastegolf","status":"publish","type":"page","link":"https:\/\/vaasangolf.wptest02.vdk.fi\/fi\/toiminta\/toimikunnat\/junioritoimikunta\/harrastegolf\/","title":{"rendered":"Harrastegolf"},"content":{"rendered":"\t\t<div data-elementor-type=\"wp-page\" data-elementor-id=\"1514\" class=\"elementor elementor-1514\">\n\t\t\t\t\t\t<div class=\"elementor-inner\">\n\t\t\t\t<div class=\"elementor-section-wrap\">\n\t\t\t\t\t\t\t\t\t<section class=\"elementor-section elementor-top-section elementor-element elementor-element-6ed692b1 elementor-section-boxed elementor-section-height-default elementor-section-height-default\" data-id=\"6ed692b1\" data-element_type=\"section\">\n\t\t\t\t\t\t<div class=\"elementor-container elementor-column-gap-default\">\n\t\t\t\t\t\t\t<div class=\"elementor-row\">\n\t\t\t\t\t<div class=\"elementor-column elementor-col-100 elementor-top-column elementor-element elementor-element-12b588bb\" data-id=\"12b588bb\" data-element_type=\"column\">\n\t\t\t<div class=\"elementor-column-wrap elementor-element-populated\">\n\t\t\t\t\t\t\t<div class=\"elementor-widget-wrap\">\n\t\t\t\t\t\t<div class=\"elementor-element elementor-element-4d18cc3c elementor-widget elementor-widget-text-editor\" data-id=\"4d18cc3c\" data-element_type=\"widget\" data-widget_type=\"text-editor.default\">\n\t\t\t\t<div class=\"elementor-widget-container\">\n\t\t\t\t\t\t\t\t<div class=\"elementor-text-editor elementor-clearfix\">\n\t\t\t\t<h4><strong>Yleist\u00e4 Harrasteryhm\u00e4st\u00e4<\/strong><\/h4><p>Harrasteryhm\u00e4 harjoittelee ohjatusti 1-1,5\/h viikossa Vaasan Golfin ohjaajien johdolla. Lis\u00e4ksi juniorit saavat ohjeita omatoimiseen harjoitteluun ja tarkoitus on ett\u00e4 he viett\u00e4v\u00e4t kes\u00e4ll\u00e4 klubin alueella aikaa v\u00e4hint\u00e4\u00e4n kaksi kertaa viikossa (kerran ohjatussa harjoituksessa ja kerran omatoimisesti tai huoltajan valvonnassa).<\/p><ul><li>Oppilaiden suositeltava ik\u00e4 on 7-15v<\/li><li>Osallistumiseen vaaditaan suoritettu alkeiskurssi (green card) sek\u00e4 Vaasan golf ry:n j\u00e4senyys<ul><li>J\u00e4senhakemuksesta lis\u00e4\u00e4 tietoa t\u00e4st\u00e4 <a href=\"https:\/\/vag.nexgolf.fi\/vag\/dispatch.nxg?target=membershipApplication\">linkist\u00e4.<\/a> (katso vasemmalla puolella oleva valikko)<\/li><li>Tai ole suoraan yhteydess\u00e4 meid\u00e4n toimistoon:\u00a0<a href=\"mailto:toimisto@vag.fi\">toimisto(\u00e4t)vag.fi<\/a><\/li><\/ul><\/li><li>Aikomus hankkia omia golf v\u00e4lineit\u00e4 kauden aikana, jos niit\u00e4 ei viel\u00e4 ole.<\/li><\/ul><h4><strong>Tavoite<\/strong><\/h4><ul><li>Ryhm\u00e4n tavoite on opettaa ja kannustaa junioreita pelaamaan kent\u00e4ll\u00e4 omatoimisesti.<\/li><li>T\u00e4rkeint\u00e4 on lasten viihtyminen niin ett\u00e4 he saavat onnistumisia, uusia kavereita sek\u00e4 liikuntaa.<\/li><li>Tavoite on my\u00f6s ett\u00e4 he voivat tutustua kilpailemiseen (esim. VaG junioreiden viikkokilpailujen ja\/tai mestaruuskilpailujen kautta) niin ett\u00e4 he oppivat ymm\u00e4rt\u00e4m\u00e4\u00e4n jos mielummin jatkavat harrastepuolella tai jos haluisivat kuulua kilparyhmiin.<\/li><\/ul><h4><strong>Aikataulu ja kommunikaatio<\/strong><\/h4><ul><li>Kauden harjoitusohjelma jaetaan WhatsApp ryhm\u00e4n kautta juuri ennen kauden alkua.<\/li><li>WhatsApp ryhm\u00e4n osanottajat p\u00e4ivitet\u00e4\u00e4n ilmoittautumisien perusteella eli huoltajan ja\/tai juniorin puhelinnumero on t\u00e4rke\u00e4 tieto.<\/li><li>WhatsAppin kautta tulee my\u00f6s kauden aikana t\u00e4rke\u00e4\u00e4 tietoa kuten VaG kotisivun uutiset ja viime hetken tiedotteet siit\u00e4, jos harjoitukset peruuntuvat s\u00e4\u00e4n tai sairastumisen takia.<\/li><li>Ryhm\u00e4n kautta juniorin tai huoltajan tulee ilmoittaa, jos harjoituksiin ei p\u00e4\u00e4st\u00e4 (viimeist\u00e4\u00e4n 3h ennen harjoituksia).<\/li><\/ul><h4><strong>Tuntien sis\u00e4lt\u00f6<\/strong><\/h4><ul><li>Harjoitellaan golfin perusly\u00f6ntien tekniikat<\/li><li>Harjoitellaan turvallista pelaamista ryhmiss\u00e4 jokamieskent\u00e4ll\u00e4 (kes\u00e4ll\u00e4\/kev\u00e4\u00e4ll\u00e4)<\/li><li>Harjoitellaan yleisliikkuvuutta ottaen huomioon golfpelaamisen liittyv\u00e4t erikoistarpeet<\/li><li>Ly\u00f6ntitekniikan ohella opetellaan golfin s\u00e4\u00e4nt\u00f6j\u00e4 ja etiketti\u00e4<\/li><\/ul><h4><strong>Muut vuoden aikana olevat tilaisuudet<\/strong><\/h4><ul><li>Junioreiden viikkokilpailut (kes\u00e4 \u2013 hein\u00e4kuun aikana, lis\u00e4\u00e4 tietoa l\u00f6ytyy\u00a0<a href=\"https:\/\/vaasangolf.wptest02.vdk.fi\/pelaaminen\/kilpailut-tapahtumat\/\">kilpailukalenterista<\/a>\u00a0toukokuun lopussa)<\/li><li>Junioreiden mestaruuskilpailut (elokuun aikana, lis\u00e4\u00e4 tietoa l\u00f6ytyy\u00a0<a href=\"https:\/\/vaasangolf.wptest02.vdk.fi\/pelaaminen\/kilpailut-tapahtumat\/\">kilpailukalenterista<\/a>\u00a0toukokuun lopussa)<\/li><li>Mahdolliset leirit jotka katsotaan vuosikohtaisesti (esim. y\u00f6leiri miss\u00e4 pelataan valopalloilla, tai yhteisleirit toisen seuran kanssa)<\/li><li>P\u00e4\u00e4tt\u00e4j\u00e4iset (yleens\u00e4 ollut lokakuussa ja vuoden parhaat palkitaan)<\/li><\/ul><h4><strong>Mit\u00e4 se maksaa?<\/strong><\/h4><p>Kustannusrakenne harrastepuolella seuraava (hinnat suuntaa antavia):<\/p><p><em>Kes\u00e4kausi (kes\u00e4kuu \u2013 lokakuu)<\/em><\/p><ul><li>Pakolliset<ul><li>Harrasteryhm\u00e4n ohjattu toiminta (kerran viikossa): 120 \/ 100EUR<\/li><li>VaG Ry yhdistyksen j\u00e4senmaksu (sis. vakuutuksen): 65EUR (huom, maksetaan kerran vuodessa eli ei erikseen talvi\/kes\u00e4kaudelle)<\/li><\/ul><\/li><li>Lis\u00e4maksut<ul><li>\u201dIson kent\u00e4n\u201d kausimaksu joka menee Oy\u2019lle: 95EUR (alle 15v). Antaa oikeuden juniorille varata aikoja ja pelata isolla 3 x 9r kent\u00e4ll\u00e4 niin paljon kuin jaksaa<\/li><\/ul><\/li><li>Erikoiss\u00e4\u00e4nt\u00f6j\u00e4 junioreita varten<ul><li>Jokamieskent\u00e4n maksu: 7EUR per p\u00e4iv\u00e4\/juniori mutta sis\u00e4ltyy jos mukana harrasteryhm\u00e4ss\u00e4<\/li><li>Juniori ik\u00e4inen ei tarvitse VaG Oy golf osaketta pelattaessa \u201disolla kent\u00e4ll\u00e4\u201d. Sellainen tarvitaan sitten kuin siirryt\u00e4\u00e4n juniori kategoriasta pois eli kuin t\u00e4ytt\u00e4\u00e4 22 vuotta.<\/li><li>Juniori ik\u00e4inen ei my\u00f6sk\u00e4\u00e4n tarvitse maksaa liittymismaksua sitten kuin liittyy j\u00e4seneksi<\/li><li>Harrasteryhm\u00e4l\u00e4inen saa maksutta pelata junioreiden viikkokisaa vaikka ei ole maksanut \u201dIson kent\u00e4n\u201d kausimaksua. Eli viikkokisa pelataan tietyn viikon 9r kent\u00e4ll\u00e4.<\/li><li>Jos budjetti pit\u00e4\u00e4 niin emme yleens\u00e4 tarvitse ottaa muista vuoden tilaisuuksista lis\u00e4maksua. Eli viikkokilpailut, leirit ja p\u00e4\u00e4tt\u00e4j\u00e4iset kuuluvat silloin hintaan. Jos joku vuosi j\u00e4rjestet\u00e4\u00e4n sitten leirille sellaisia toimintoja jotka ovat budjetin ulkopuolella niin siit\u00e4 syntyy junioreille silloin omakustannusosa josta ilmoitetaan erikseen.<\/li><\/ul><\/li><\/ul><p><em>Talvikausi (tammikuu-toukokuu)<\/em><\/p><ul><li>Pakolliset<ul><li>Harrasteryhm\u00e4n ohjattu toiminta (kerran viikossa): 120 \/ 100EUR<\/li><li>VaG Ry yhdistyksen j\u00e4senmaksu (sis. vakuutuksen): 65EUR (huom, maksetaan kerran vuodessa eli ei erikseen talvi\/kes\u00e4kaudelle)<\/li><\/ul><\/li><li>Lis\u00e4maksut:<ul><li>Talvihallin maksu, jos menee hallille ryhm\u00e4harjoittelun ulkopuolella (sis\u00e4lt\u00e4\u00e4 VaG gymin k\u00e4ytt\u00f6): 35EUR<\/li><\/ul><\/li><li>Erikoiss\u00e4\u00e4nt\u00f6j\u00e4 junioreita varten<ul><li>Talvihallin avaimen maksu sis\u00e4ltyy jos mukana talven harrasteryhm\u00e4ss\u00e4<\/li><\/ul><\/li><\/ul><h4><strong>V\u00e4lineet<\/strong><\/h4><ul><li>Alussa p\u00e4rj\u00e4\u00e4 ilman omia mailoja, mutta kauden aikana pit\u00e4\u00e4 hankkia omat mailat. K\u00e4ytetyn setin, joka sis\u00e4lt\u00e4\u00e4 noin 5-6 mailaa, saa usein ostettua noin 100EUR hintaan ja uusi juniorisetti (kantob\u00e4gi) saattaa kustantaa noin 200EUR.<\/li><li>My\u00f6s tarvikkeita kuten palloja, tii-tikkuja, hanska, griinihaarukka ja pallomerkki on hyv\u00e4 hankkia.<\/li><li>K\u00e4ytettyj\u00e4 mailasettej\u00e4 voi l\u00f6yty\u00e4 VaG omasta P\u00f6rssist\u00e4\u00a0tai sitten GolfPisteen p\u00f6rssist\u00e4:\u00a0<a href=\"https:\/\/golfpiste.com\/porssi\/\">Linkki<\/a>. Uuden setin saa meid\u00e4n oman Proshopin kautta: <a href=\"https:\/\/vaasangolf.wptest02.vdk.fi\/palvelut\/proshop\/\">Golfin<\/a>.<\/li><\/ul><h4><strong>Juniorigolfarin polku<\/strong><\/h4><ul><li>Juniori voi j\u00e4\u00e4d\u00e4 Harrasteryhm\u00e4\u00e4n pidemm\u00e4ksi ajaksi (muutama vuosi), tai halutessaan siirty\u00e4 Kilparyhm\u00e4\u00e4n. Kilparyhm\u00e4\u00e4n p\u00e4\u00e4sy vaatii alustavasti seuraavat asiat:<ul><li>Juniorin pit\u00e4\u00e4 olla motivoitunut itse kehittym\u00e4\u00e4n (ei riit\u00e4 ett\u00e4 is\u00e4\/\u00e4iti on). Eli vaatii, ett\u00e4 juniori itse keskustelee junioreiden p\u00e4\u00e4valmentajan kanssa (Nyl\u00e9n).<\/li><li>HCP pit\u00e4\u00e4 saada laskettua alle 45 (tai sen tuntumaan).<\/li><li>Pit\u00e4\u00e4 olla valmis kilpailemaan (mukana v\u00e4hint\u00e4\u00e4n 50% junioreiden viikkokilpailuista + mukana v\u00e4hint\u00e4\u00e4n kahdessa Golfliiton Future Tour kilpailussa + mukana Junioreiden Mestaruuskilpailussa).<\/li><\/ul><\/li><li>Aina voi my\u00f6s harrastaa golfia omatoimisesti kaveripiiriss\u00e4, vanhempien kanssa \u2013 oman mieltymyksen mukaan.<\/li><li>Junioripelaajan polun kuvauksen l\u00f6yd\u00e4t klikkaamalla tekstin alla olevaa laatikkoa.<\/li><\/ul><h4><strong>Lis\u00e4tietoja<\/strong><\/h4><p>Mats Fors\u00e9n:\u00a0<a href=\"mailto:forsen.mats@gmail.com\">forsen.mats@gmail.com<\/a>\u00a0tai 040 4820412.<\/p>\t\t\t\t\t<\/div>\n\t\t\t\t\t\t<\/div>\n\t\t\t\t<\/div>\n\t\t\t\t\t\t<\/div>\n\t\t\t\t\t<\/div>\n\t\t<\/div>\n\t\t\t\t\t\t\t\t<\/div>\n\t\t\t\t\t<\/div>\n\t\t<\/section>\n\t\t\t\t<section class=\"elementor-section elementor-top-section elementor-element elementor-element-3b7dee2 elementor-section-boxed elementor-section-height-default elementor-section-height-default\" data-id=\"3b7dee2\" data-element_type=\"section\">\n\t\t\t\t\t\t<div class=\"elementor-container elementor-column-gap-default\">\n\t\t\t\t\t\t\t<div class=\"elementor-row\">\n\t\t\t\t\t<div class=\"elementor-column elementor-col-100 elementor-top-column elementor-element elementor-element-affc849\" data-id=\"affc849\" data-element_type=\"column\">\n\t\t\t<div class=\"elementor-column-wrap elementor-element-populated\">\n\t\t\t\t\t\t\t<div class=\"elementor-widget-wrap\">\n\t\t\t\t\t\t<div class=\"elementor-element elementor-element-9529196 elementor-align-center elementor-widget elementor-widget-button\" data-id=\"9529196\" data-element_type=\"widget\" data-widget_type=\"button.default\">\n\t\t\t\t<div class=\"elementor-widget-container\">\n\t\t\t\t\t<div class=\"elementor-button-wrapper\">\n\t\t\t<a href=\"https:\/\/vaasangolf.wptest02.vdk.fi\/wp-content\/uploads\/2023\/08\/Juniorigolfarin-polku-4.pdf\" class=\"elementor-button-link elementor-button elementor-size-xl\" role=\"button\" id=\"juniorigolfarin_polku\">\n\t\t\t\t\t\t<span class=\"elementor-button-content-wrapper\">\n\t\t\t\t\t\t<span class=\"elementor-button-text\">Juniorigolfarin polku<\/span>\n\t\t<\/span>\n\t\t\t\t\t<\/a>\n\t\t<\/div>\n\t\t\t\t<\/div>\n\t\t\t\t<\/div>\n\t\t\t\t\t\t<\/div>\n\t\t\t\t\t<\/div>\n\t\t<\/div>\n\t\t\t\t\t\t\t\t<\/div>\n\t\t\t\t\t<\/div>\n\t\t<\/section>\n\t\t\t\t\t\t\t\t\t<\/div>\n\t\t\t<\/div>\n\t\t\t\t\t<\/div>\n\t\t","protected":false},"excerpt":{"rendered":"<p>Yleist\u00e4 Harrasteryhm\u00e4st\u00e4 Harrasteryhm\u00e4 harjoittelee ohjatusti 1-1,5\/h viikossa Vaasan Golfin ohjaajien johdolla. Lis\u00e4ksi juniorit saavat ohjeita omatoimiseen harjoitteluun ja tarkoitus on ett\u00e4 he viett\u00e4v\u00e4t kes\u00e4ll\u00e4 klubin alueella aikaa v\u00e4hint\u00e4\u00e4n kaksi kertaa viikossa (kerran ohjatussa harjoituksessa ja kerran omatoimisesti tai huoltajan valvonnassa). Oppilaiden suositeltava ik\u00e4 on 7-15v Osallistumiseen vaaditaan suoritettu alkeiskurssi (green card) sek\u00e4 Vaasan golf ry:n [&hellip;]<\/p>\n","protected":false},"author":2,"featured_media":0,"parent":1510,"menu_order":0,"comment_status":"closed","ping_status":"closed","template":"","meta":{"_expiration-date-status":"","_expiration-date":0,"_expiration-date-type":"","_expiration-date-categories":[],"_expiration-date-options":[]},"acf":[],"_links":{"self":[{"href":"https:\/\/vaasangolf.wptest02.vdk.fi\/fi\/wp-json\/wp\/v2\/pages\/1514"}],"collection":[{"href":"https:\/\/vaasangolf.wptest02.vdk.fi\/fi\/wp-json\/wp\/v2\/pages"}],"about":[{"href":"https:\/\/vaasangolf.wptest02.vdk.fi\/fi\/wp-json\/wp\/v2\/types\/page"}],"author":[{"embeddable":true,"href":"https:\/\/vaasangolf.wptest02.vdk.fi\/fi\/wp-json\/wp\/v2\/users\/2"}],"replies":[{"embeddable":true,"href":"https:\/\/vaasangolf.wptest02.vdk.fi\/fi\/wp-json\/wp\/v2\/comments?post=1514"}],"version-history":[{"count":17,"href":"https:\/\/vaasangolf.wptest02.vdk.fi\/fi\/wp-json\/wp\/v2\/pages\/1514\/revisions"}],"predecessor-version":[{"id":9026,"href":"https:\/\/vaasangolf.wptest02.vdk.fi\/fi\/wp-json\/wp\/v2\/pages\/1514\/revisions\/9026"}],"up":[{"embeddable":true,"href":"https:\/\/vaasangolf.wptest02.vdk.fi\/fi\/wp-json\/wp\/v2\/pages\/1510"}],"wp:attachment":[{"href":"https:\/\/vaasangolf.wptest02.vdk.fi\/fi\/wp-json\/wp\/v2\/media?parent=1514"}],"curies":[{"name":"wp","href":"https:\/\/api.w.org\/{rel}","templated":true}]}}