{"id":1520,"date":"2021-09-28T17:05:45","date_gmt":"2021-09-28T14:05:45","guid":{"rendered":"https:\/\/vaasangolf.wptest02.vdk.fi\/?page_id=1520"},"modified":"2023-10-10T15:56:41","modified_gmt":"2023-10-10T12:56:41","slug":"miestoimikunta","status":"publish","type":"page","link":"https:\/\/vaasangolf.wptest02.vdk.fi\/fi\/toiminta\/toimikunnat\/miestoimikunta\/","title":{"rendered":"Klubitoimikunta"},"content":{"rendered":"<p>Klubitoimikunnan tavoitteena on kehitt\u00e4\u00e4 golf-kentt\u00e4alueen yleisilmett\u00e4, luoda yhteishenke\u00e4 ja el\u00e4v\u00f6itt\u00e4\u00e4 klubikulttuuria<\/p>\n<p>&nbsp;<\/p>\n<p><em><strong>Puheenjohtaja<\/strong><\/em><br \/>\nJuha Saranp\u00e4\u00e4<br \/>\n050 588 4444<br \/>\nj.saranpaa@gmail.com<\/p>\n<p>&nbsp;<\/p>\n<ul>\n<li>Esa Penjala<\/li>\n<li>050 5405886<\/li>\n<li>epenjala@gmail.com<\/li>\n<\/ul>\n<p>&nbsp;<\/p>\n<ul>\n<li>Vesa Piilikangas<\/li>\n<li>040-528 7519<\/li>\n<li>44pvellu@gmail.com<\/li>\n<\/ul>\n<p>&nbsp;<\/p>\n<ul>\n<li>Taru Ruutiainen<\/li>\n<li>050 4392497<\/li>\n<li>taru.ruutiainen@netikka.fi<\/li>\n<\/ul>\n<p>&nbsp;<\/p>\n<ul>\n<li>Martin Hemming<\/li>\n<li>050 5711683<\/li>\n<li>bmartin.hemming@gmail.com<\/li>\n<\/ul>\n<p>&nbsp;<\/p>\n<ul>\n<li>Mikko Aho<\/li>\n<li>0400 588289<\/li>\n<li>mikko@jeesi.fi<\/li>\n<\/ul>\n","protected":false},"excerpt":{"rendered":"<p>Klubitoimikunnan tavoitteena on kehitt\u00e4\u00e4 golf-kentt\u00e4alueen yleisilmett\u00e4, luoda yhteishenke\u00e4 ja el\u00e4v\u00f6itt\u00e4\u00e4 klubikulttuuria &nbsp; Puheenjohtaja Juha Saranp\u00e4\u00e4 050 588 4444 j.saranpaa@gmail.com &nbsp; Esa Penjala 050 5405886 epenjala@gmail.com &nbsp; Vesa Piilikangas 040-528 7519 44pvellu@gmail.com &nbsp; Taru Ruutiainen 050 4392497 taru.ruutiainen@netikka.fi &nbsp; Martin Hemming 050 5711683 bmartin.hemming@gmail.com &nbsp; Mikko Aho 0400 588289 mikko@jeesi.fi<\/p>\n","protected":false},"author":2,"featured_media":0,"parent":1496,"menu_order":0,"comment_status":"closed","ping_status":"closed","template":"","meta":{"_expiration-date-status":"","_expiration-date":0,"_expiration-date-type":"","_expiration-date-categories":[],"_expiration-date-options":[]},"acf":[],"_links":{"self":[{"href":"https:\/\/vaasangolf.wptest02.vdk.fi\/fi\/wp-json\/wp\/v2\/pages\/1520"}],"collection":[{"href":"https:\/\/vaasangolf.wptest02.vdk.fi\/fi\/wp-json\/wp\/v2\/pages"}],"about":[{"href":"https:\/\/vaasangolf.wptest02.vdk.fi\/fi\/wp-json\/wp\/v2\/types\/page"}],"author":[{"embeddable":true,"href":"https:\/\/vaasangolf.wptest02.vdk.fi\/fi\/wp-json\/wp\/v2\/users\/2"}],"replies":[{"embeddable":true,"href":"https:\/\/vaasangolf.wptest02.vdk.fi\/fi\/wp-json\/wp\/v2\/comments?post=1520"}],"version-history":[{"count":9,"href":"https:\/\/vaasangolf.wptest02.vdk.fi\/fi\/wp-json\/wp\/v2\/pages\/1520\/revisions"}],"predecessor-version":[{"id":9323,"href":"https:\/\/vaasangolf.wptest02.vdk.fi\/fi\/wp-json\/wp\/v2\/pages\/1520\/revisions\/9323"}],"up":[{"embeddable":true,"href":"https:\/\/vaasangolf.wptest02.vdk.fi\/fi\/wp-json\/wp\/v2\/pages\/1496"}],"wp:attachment":[{"href":"https:\/\/vaasangolf.wptest02.vdk.fi\/fi\/wp-json\/wp\/v2\/media?parent=1520"}],"curies":[{"name":"wp","href":"https:\/\/api.w.org\/{rel}","templated":true}]}}