{"id":1522,"date":"2021-09-28T17:06:06","date_gmt":"2021-09-28T14:06:06","guid":{"rendered":"https:\/\/vaasangolf.wptest02.vdk.fi\/?page_id=1522"},"modified":"2023-10-10T13:57:13","modified_gmt":"2023-10-10T10:57:13","slug":"kenttatoimikunta","status":"publish","type":"page","link":"https:\/\/vaasangolf.wptest02.vdk.fi\/fi\/toiminta\/toimikunnat\/kenttatoimikunta\/","title":{"rendered":"Kentt\u00e4toimikunta"},"content":{"rendered":"<p><strong>Kentt\u00e4toimikunta kokoonpano;<\/strong><\/p>\n<p><em><strong>Puheenjohtaja<\/strong><\/em><\/p>\n<p>Mika M\u00e4kisalo<br \/>\n050 3395660<br \/>\nmika.makisalo@gmail.com<\/p>\n<p>&nbsp;<\/p>\n<ul>\n<li>Jarmo Uutela<\/li>\n<li>0400 269 543<\/li>\n<li>jarmo.uutela14@gmail.com<\/li>\n<\/ul>\n<p>&nbsp;<\/p>\n<ul>\n<li>Joakim Hautala<\/li>\n<li>0400 588685<\/li>\n<li>joakim.hautala@gmail.com<\/li>\n<\/ul>\n<p>&nbsp;<\/p>\n<ul>\n<li>Marko Ruutiainen<\/li>\n<li>050 3876363<\/li>\n<li>marko.ruutiainen@netikka.fi<\/li>\n<\/ul>\n<p>&nbsp;<\/p>\n<ul>\n<li>Juha Saranp\u00e4\u00e4<\/li>\n<li>050 588 4444<\/li>\n<li>j.saranpaa@gmail.com<\/li>\n<\/ul>\n<p>&nbsp;<\/p>\n<ul>\n<li>Tea Haavisto<\/li>\n<li>040 5489525<\/li>\n<li>tea.haavisto@netikka.fi<\/li>\n<\/ul>\n<p>&nbsp;<\/p>\n<ul>\n<li>Arto Sirvi\u00f6<\/li>\n<li>0400 595432<\/li>\n<li>arto.sirvio@vag.fi<\/li>\n<\/ul>\n<p>&nbsp;<\/p>\n<p>&nbsp;<\/p>\n<p>Kentt\u00e4toimikunnan keskittyy pelaajien pelaamisen mahdollistamiseen.<\/p>\n<p>&nbsp;<\/p>\n","protected":false},"excerpt":{"rendered":"<p>Kentt\u00e4toimikunta kokoonpano; Puheenjohtaja Mika M\u00e4kisalo 050 3395660 mika.makisalo@gmail.com &nbsp; Jarmo Uutela 0400 269 543 jarmo.uutela14@gmail.com &nbsp; Joakim Hautala 0400 588685 joakim.hautala@gmail.com &nbsp; Marko Ruutiainen 050 3876363 marko.ruutiainen@netikka.fi &nbsp; Juha Saranp\u00e4\u00e4 050 588 4444 j.saranpaa@gmail.com &nbsp; Tea Haavisto 040 5489525 tea.haavisto@netikka.fi &nbsp; Arto Sirvi\u00f6 0400 595432 arto.sirvio@vag.fi &nbsp; &nbsp; Kentt\u00e4toimikunnan keskittyy pelaajien pelaamisen mahdollistamiseen. &nbsp;<\/p>\n","protected":false},"author":2,"featured_media":0,"parent":1496,"menu_order":0,"comment_status":"closed","ping_status":"closed","template":"","meta":{"_expiration-date-status":"","_expiration-date":0,"_expiration-date-type":"","_expiration-date-categories":[],"_expiration-date-options":[]},"acf":[],"_links":{"self":[{"href":"https:\/\/vaasangolf.wptest02.vdk.fi\/fi\/wp-json\/wp\/v2\/pages\/1522"}],"collection":[{"href":"https:\/\/vaasangolf.wptest02.vdk.fi\/fi\/wp-json\/wp\/v2\/pages"}],"about":[{"href":"https:\/\/vaasangolf.wptest02.vdk.fi\/fi\/wp-json\/wp\/v2\/types\/page"}],"author":[{"embeddable":true,"href":"https:\/\/vaasangolf.wptest02.vdk.fi\/fi\/wp-json\/wp\/v2\/users\/2"}],"replies":[{"embeddable":true,"href":"https:\/\/vaasangolf.wptest02.vdk.fi\/fi\/wp-json\/wp\/v2\/comments?post=1522"}],"version-history":[{"count":8,"href":"https:\/\/vaasangolf.wptest02.vdk.fi\/fi\/wp-json\/wp\/v2\/pages\/1522\/revisions"}],"predecessor-version":[{"id":9317,"href":"https:\/\/vaasangolf.wptest02.vdk.fi\/fi\/wp-json\/wp\/v2\/pages\/1522\/revisions\/9317"}],"up":[{"embeddable":true,"href":"https:\/\/vaasangolf.wptest02.vdk.fi\/fi\/wp-json\/wp\/v2\/pages\/1496"}],"wp:attachment":[{"href":"https:\/\/vaasangolf.wptest02.vdk.fi\/fi\/wp-json\/wp\/v2\/media?parent=1522"}],"curies":[{"name":"wp","href":"https:\/\/api.w.org\/{rel}","templated":true}]}}