{"id":1524,"date":"2021-09-28T17:06:25","date_gmt":"2021-09-28T14:06:25","guid":{"rendered":"https:\/\/vaasangolf.wptest02.vdk.fi\/?page_id=1524"},"modified":"2022-05-09T14:17:35","modified_gmt":"2022-05-09T11:17:35","slug":"kummipelaajat","status":"publish","type":"page","link":"https:\/\/vaasangolf.wptest02.vdk.fi\/fi\/toiminta\/kummipelaajat\/","title":{"rendered":"Kummipelaajat"},"content":{"rendered":"<h3><strong>Haluatko olla mukana Vaasan Golfin kummitoiminnassa?<\/strong><\/h3>\n<p>Golfkummit ovat alkeiskurssin k\u00e4yneiden apuna ja opastamassa mukaan Vaasan Golfin aktiiviseen toimintaan. Pidemp\u00e4\u00e4n harrastaneilla klubitalolla ja kentt\u00e4alueella liikkuminen sujuu luonnostaan ja ei en\u00e4\u00e4 muistakaan milt\u00e4 uuden harrastuksen pariin tuleminen vaati. Olisikin hienoa jos saataisiin golfkummeja helpottamaan golfin pariin saapuvia pelaajia. Golfkummien tulisi toimia alkeiskurssille saapuvien apuna seuraavissa asioissa:<\/p>\n<p>&nbsp;<\/p>\n<ul>\n<li>Peliaikojen varaaminen<\/li>\n<li>Tutustuttaa aloittelija Vaasan Golfin kenttiin ja harjoitusalueisiin<\/li>\n<li>Kummikierroksella tapahtuvien asioiden l\u00e4pik\u00e4ynti kummikierroksen j\u00e4lkeen<\/li>\n<li>Infota Vaasan Golfin kotisivuista, Nexgolf\u2013ajanvarauksesta, toimikuntien asioista ja kertoa alueella toimivista Proshop-\/ravintola-ja Pro-palveluista<\/li>\n<li>Suositella Vaasan Golfin j\u00e4senyytt\u00e4<\/li>\n<\/ul>\n<p>&nbsp;<\/p>\n<p>Golfkummit saavat toiminnasta hyv\u00e4n mielen lis\u00e4ksi:<\/p>\n<ul>\n<li>Golfkummikierrokset veloituksetta<\/li>\n<li>Poletit ennen kummikierrosta<\/li>\n<li>Golfkummikierroksen j\u00e4lkeen kahvi\/tee + pulla ravintolassa<\/li>\n<\/ul>\n<p>&nbsp;<\/p>\n<p>Ilmoittaudu mukaan kummitoimintaan s\u00e4hk\u00f6postitse:\u00a0<a href=\"mailto:caddiemaster@vag.fi\">caddiemaster@vag.fi<\/a>\u00a0tai puhelimitse 040 526 8666.<\/p>\n","protected":false},"excerpt":{"rendered":"<p>Haluatko olla mukana Vaasan Golfin kummitoiminnassa? Golfkummit ovat alkeiskurssin k\u00e4yneiden apuna ja opastamassa mukaan Vaasan Golfin aktiiviseen toimintaan. Pidemp\u00e4\u00e4n harrastaneilla klubitalolla ja kentt\u00e4alueella liikkuminen sujuu luonnostaan ja ei en\u00e4\u00e4 muistakaan milt\u00e4 uuden harrastuksen pariin tuleminen vaati. Olisikin hienoa jos saataisiin golfkummeja helpottamaan golfin pariin saapuvia pelaajia. Golfkummien tulisi toimia alkeiskurssille saapuvien apuna seuraavissa asioissa: &nbsp; [&hellip;]<\/p>\n","protected":false},"author":2,"featured_media":0,"parent":1492,"menu_order":0,"comment_status":"closed","ping_status":"closed","template":"","meta":{"_expiration-date-status":"","_expiration-date":0,"_expiration-date-type":"","_expiration-date-categories":[],"_expiration-date-options":[]},"acf":[],"_links":{"self":[{"href":"https:\/\/vaasangolf.wptest02.vdk.fi\/fi\/wp-json\/wp\/v2\/pages\/1524"}],"collection":[{"href":"https:\/\/vaasangolf.wptest02.vdk.fi\/fi\/wp-json\/wp\/v2\/pages"}],"about":[{"href":"https:\/\/vaasangolf.wptest02.vdk.fi\/fi\/wp-json\/wp\/v2\/types\/page"}],"author":[{"embeddable":true,"href":"https:\/\/vaasangolf.wptest02.vdk.fi\/fi\/wp-json\/wp\/v2\/users\/2"}],"replies":[{"embeddable":true,"href":"https:\/\/vaasangolf.wptest02.vdk.fi\/fi\/wp-json\/wp\/v2\/comments?post=1524"}],"version-history":[{"count":7,"href":"https:\/\/vaasangolf.wptest02.vdk.fi\/fi\/wp-json\/wp\/v2\/pages\/1524\/revisions"}],"predecessor-version":[{"id":4620,"href":"https:\/\/vaasangolf.wptest02.vdk.fi\/fi\/wp-json\/wp\/v2\/pages\/1524\/revisions\/4620"}],"up":[{"embeddable":true,"href":"https:\/\/vaasangolf.wptest02.vdk.fi\/fi\/wp-json\/wp\/v2\/pages\/1492"}],"wp:attachment":[{"href":"https:\/\/vaasangolf.wptest02.vdk.fi\/fi\/wp-json\/wp\/v2\/media?parent=1524"}],"curies":[{"name":"wp","href":"https:\/\/api.w.org\/{rel}","templated":true}]}}