{"id":1526,"date":"2021-09-28T17:06:53","date_gmt":"2021-09-28T14:06:53","guid":{"rendered":"https:\/\/vaasangolf.wptest02.vdk.fi\/?page_id=1526"},"modified":"2023-02-15T12:13:40","modified_gmt":"2023-02-15T10:13:40","slug":"fore","status":"publish","type":"page","link":"https:\/\/vaasangolf.wptest02.vdk.fi\/fi\/toiminta\/fore\/","title":{"rendered":"Vaasan Golf j\u00e4senkirjeet \/ Fore"},"content":{"rendered":"<p>Fore lehdet ovat luettavissa t\u00e4\u00e4ll\u00e4; <a href=\"https:\/\/issuu.com\/vaasangolf\">https:\/\/issuu.com\/vaasangolf<\/a><\/p>\n<p>&nbsp;<\/p>\n<ul>\n<li>Vaasan Golfin j\u00e4senkirje Helmikuu 2023; <strong><a href=\"https:\/\/mailchi.mp\/b566cfcd64a9\/jsenkirje-vaasan-golf-viikko-5687705\" target=\"_blank\" rel=\"noopener\">lue t\u00e4st\u00e4<\/a><\/strong><\/li>\n<li>Vaasan Golfin j\u00e4senkirje Tammikuu 2023, <strong><a href=\"https:\/\/mailchi.mp\/14ee3e265776\/jsenkirje-vaasan-golf-viikko-5797861\" target=\"_blank\" rel=\"noopener\">lue t\u00e4st\u00e4<\/a><\/strong><\/li>\n<li>Vaasan Golfin j\u00e4senkirje Joulukuu 2022, <strong><a href=\"https:\/\/mailchi.mp\/b566cfcd64a9\/jsenkirje-vaasan-golf-viikko-5687705\" target=\"_blank\" rel=\"noopener\">lue t\u00e4st\u00e4<\/a><\/strong><\/li>\n<li>Vaasan Golfin j\u00e4senkirje viikko 48\/2022, <strong><a href=\"https:\/\/mailchi.mp\/e39bff59b771\/jsenkirje-vaasan-golf-viikko-5686037\" target=\"_blank\" rel=\"noopener\">lue t\u00e4st\u00e4<\/a><\/strong><\/li>\n<li>Vaasan Golfin j\u00e4senkirje viikko 47\/2022, <strong><a href=\"https:\/\/mailchi.mp\/92a54b47caeb\/jsenkirje-vaasan-golf-viikko-5684661\" target=\"_blank\" rel=\"noopener\">lue t\u00e4st\u00e4<\/a><\/strong><\/li>\n<li>Vaasan Golfin j\u00e4senkirje viikko 46\/2022, <strong><a href=\"https:\/\/mailchi.mp\/d9f523580f50\/jsenkirje-vaasan-golf-viikko-5683757\" target=\"_blank\" rel=\"noopener\">lue t\u00e4st\u00e4<\/a><\/strong><\/li>\n<li>Vaasan Golfin j\u00e4senkirje viikko 45\/2022, <strong><a href=\"https:\/\/mailchi.mp\/81cf13f143b8\/jsenkirje-vaasan-golf-viikko-5683005\" target=\"_blank\" rel=\"noopener\">lue t\u00e4st\u00e4<\/a><\/strong><\/li>\n<li>Vaasan Golfin j\u00e4senkirje viikko 44\/2022, <a href=\"https:\/\/mailchi.mp\/4fdf0f4cd24a\/jsenkirje-vaasan-golf-viikko-5652453\" target=\"_blank\" rel=\"noopener\"><strong>lue t\u00e4st\u00e4<\/strong><\/a><\/li>\n<li>Vaasan Golfin j\u00e4senkirje viikko 43\/2022,<a href=\"https:\/\/mailchi.mp\/63d8b60baa11\/jsenkirje-vaasan-golf-viikko-5651589\" target=\"_blank\" rel=\"noopener\"><strong> lue t\u00e4st\u00e4<\/strong><\/a><\/li>\n<li>Vaasan Golfin j\u00e4senkirje viikko 42\/2022, <strong><a href=\"https:\/\/mailchi.mp\/4846b0165678\/jsenkirje-vaasan-golf-viikko-5650673\" target=\"_blank\" rel=\"noopener\">lue t\u00e4st\u00e4<\/a><\/strong><\/li>\n<li>Vaasan Golfin j\u00e4senkirje viikko 41\/2022, <strong><a href=\"https:\/\/mailchi.mp\/a48207c51cc0\/jsenkirje-vaasan-golf-viikko-5649333\" target=\"_blank\" rel=\"noopener\">lue t\u00e4st\u00e4<\/a><\/strong><\/li>\n<li>Vaasan Golfin j\u00e4senkirje viikko 40\/2022, <a href=\"https:\/\/mailchi.mp\/6587323bd1f2\/jsenkirje-vaasan-golf-viikko-5648813\" target=\"_blank\" rel=\"noopener\"><strong>lue t\u00e4st\u00e4<\/strong><\/a><\/li>\n<li>Vaasan Golfin j\u00e4senkirje viikko 39\/2022, <a href=\"https:\/\/mailchi.mp\/5be01d2901ef\/jsenkirje-vaasan-golf-viikko-5647941\" target=\"_blank\" rel=\"noopener\"><strong>lue t\u00e4st\u00e4<\/strong><\/a><\/li>\n<li>Vaasan Golfin j\u00e4senkirje viikko 38\/2022, <strong><a href=\"https:\/\/mailchi.mp\/7de1711e01b2\/jsenkirje-vaasan-golf-viikko-5635489\" target=\"_blank\" rel=\"noopener\">lue t\u00e4st\u00e4<\/a><\/strong><\/li>\n<li>Vaasan Golfin j\u00e4senkirje viikko 37\/2022, <strong><a href=\"https:\/\/mailchi.mp\/3800decf08f4\/jsenkirje-vaasan-golf-viikko-5633873\" target=\"_blank\" rel=\"noopener\">lue t\u00e4st\u00e4<\/a><\/strong><\/li>\n<li>Vaasan Golfin j\u00e4senkirje viikko 36\/2022,<strong><a href=\"https:\/\/mailchi.mp\/d77d1160cc33\/jsenkirje-vaasan-golf-viikko-5633045\" target=\"_blank\" rel=\"noopener\"> lue\u00a0t\u00e4st\u00e4<\/a><\/strong><\/li>\n<li>Vaasan Golfin j\u00e4senkirje viikko 35\/2022, <strong><a href=\"https:\/\/mailchi.mp\/c1659e96682f\/jsenkirje-vaasan-golf-viikko-5632477\" target=\"_blank\" rel=\"noopener\">lue t\u00e4st\u00e4<\/a><\/strong><\/li>\n<li>Vaasan Golfin j\u00e4senkirje viikko 34\/2022, <strong><a href=\"https:\/\/mailchi.mp\/7573c4166b5b\/jsenkirje-vaasan-golf-viikko-5631713\" target=\"_blank\" rel=\"noopener\">lue t\u00e4st\u00e4<\/a><\/strong><\/li>\n<li>Vaasan Golfin j\u00e4senkirje viikko 33\/2022, <strong><a href=\"https:\/\/mailchi.mp\/9e330ada9c67\/jsenkirje-vaasan-golf-viikko-5630793\" target=\"_blank\" rel=\"noopener\">lue t\u00e4st\u00e4<\/a><\/strong><\/li>\n<li>Vaasan Golfin j\u00e4senkirje viikko 32\/2022,<strong><a href=\"https:\/\/mailchi.mp\/505b121d4e29\/jsenkirje-vaasan-golf-viikko-5629625\" target=\"_blank\" rel=\"noopener\"> lue t\u00e4st\u00e4<\/a><\/strong><\/li>\n<li>Vaasan Golfin j\u00e4senkirje viikko 31\/2022, <strong><a href=\"https:\/\/mailchi.mp\/900366d2e168\/jsenkirje-vaasan-golf-viikko-5628765\" target=\"_blank\" rel=\"noopener\">lue t\u00e4st\u00e4<\/a><\/strong><\/li>\n<li>Vaasan Golfin j\u00e4senkirje viikko 30\/2022,<strong><a href=\"https:\/\/mailchi.mp\/08cd8fd6988a\/jsenkirje-vaasan-golf-viikko-5627685\" target=\"_blank\" rel=\"noopener\"> lue t\u00e4st\u00e4<\/a><\/strong><\/li>\n<li>Vaasan Golfin j\u00e4senkirje viikko 29\/2022,<strong><a href=\"https:\/\/mailchi.mp\/c3c2c88f7f3e\/jsenkirje-vaasan-golf-viikko-5627285\" target=\"_blank\" rel=\"noopener\"> lue t\u00e4st\u00e4<\/a><\/strong><\/li>\n<li>Vaasan Golfin j\u00e4senkirje viikko 28\/2022,<strong><a href=\"https:\/\/mailchi.mp\/08af1bb563e9\/jsenkirje-vaasan-golf-viikko-5626245\" target=\"_blank\" rel=\"noopener\"> lue t\u00e4st\u00e4<\/a><\/strong><\/li>\n<li>Vaasan Golfin j\u00e4senkirje viikko 27\/2022, <strong><a href=\"https:\/\/mailchi.mp\/78b88ea1ca81\/jsenkirje-vaasan-golf-viikko-5625337\" target=\"_blank\" rel=\"noopener\">lue t\u00e4st\u00e4<\/a><\/strong><\/li>\n<li>Vaasan Golfin j\u00e4senkirje viikko 26\/2022, <strong><a href=\"https:\/\/mailchi.mp\/53b82a50c5d3\/jsenkirje-vaasan-golf-viikko-5624857\" target=\"_blank\" rel=\"noopener\">lue t\u00e4st\u00e4<\/a><\/strong><\/li>\n<li>Vaasan Golfin j\u00e4senkirje viikko 25\/2022, <strong><a href=\"https:\/\/mailchi.mp\/923b26b58b3d\/jsenkirje-vaasan-golf-viikko-5624145\" target=\"_blank\" rel=\"noopener\">lue t\u00e4st\u00e4<\/a><\/strong><\/li>\n<li>Vaasan Golfin j\u00e4senkirje viikko 24\/2022, <strong><a href=\"https:\/\/mailchi.mp\/5930dda079b2\/jsenkirje-vaasan-golf-viikko-5623521\" target=\"_blank\" rel=\"noopener\">lue t\u00e4st\u00e4<\/a><\/strong><\/li>\n<li>Vaasan Golfin j\u00e4senkirje viikko 23\/2022,<strong><a href=\"https:\/\/mailchi.mp\/2ee213fcd268\/jsenkirje-vaasan-golf-viikko-5622705\" target=\"_blank\" rel=\"noopener\"> lue t\u00e4st\u00e4<\/a><\/strong><\/li>\n<li>Vaasan Golfin j\u00e4senkirje viikko 22\/2022, <strong><a href=\"https:\/\/mailchi.mp\/2d788ad59191\/jsenkirje-vaasan-golf-viikko-5622633\" target=\"_blank\" rel=\"noopener\">lue t\u00e4st\u00e4<\/a><\/strong><\/li>\n<li>Vaasan Golfin j\u00e4senkirje viikko 21\/2022, <strong><a href=\"https:\/\/mailchi.mp\/0453c40a80b0\/jsenkirje-vaasan-golf-viikko-5473521\" target=\"_blank\" rel=\"noopener\">lue t\u00e4st\u00e4<\/a><\/strong><\/li>\n<li>Vaasan Golfin j\u00e4senkirje viikko 20\/2022,<strong><a href=\"https:\/\/mailchi.mp\/b09f23c7f5d1\/jsenkirje-vaasan-golf-viikko-5451955\" target=\"_blank\" rel=\"noopener\"> lue t\u00e4st\u00e4<\/a><\/strong><\/li>\n<li>Vaasan Golfin j\u00e4senkirje viikko 19\/2022, <strong><a href=\"https:\/\/mailchi.mp\/cadc1a3b54b3\/jsenkirje-vaasan-golf-viikko-19\" target=\"_blank\" rel=\"noopener\">lue t\u00e4st\u00e4<\/a><\/strong><\/li>\n<\/ul>\n<p>&nbsp;<\/p>\n<p>&nbsp;<\/p>\n<p>&nbsp;<\/p>\n","protected":false},"excerpt":{"rendered":"<p>Fore lehdet ovat luettavissa t\u00e4\u00e4ll\u00e4; https:\/\/issuu.com\/vaasangolf &nbsp; Vaasan Golfin j\u00e4senkirje Helmikuu 2023; lue t\u00e4st\u00e4 Vaasan Golfin j\u00e4senkirje Tammikuu 2023, lue t\u00e4st\u00e4 Vaasan Golfin j\u00e4senkirje Joulukuu 2022, lue t\u00e4st\u00e4 Vaasan Golfin j\u00e4senkirje viikko 48\/2022, lue t\u00e4st\u00e4 Vaasan Golfin j\u00e4senkirje viikko 47\/2022, lue t\u00e4st\u00e4 Vaasan Golfin j\u00e4senkirje viikko 46\/2022, lue t\u00e4st\u00e4 Vaasan Golfin j\u00e4senkirje viikko 45\/2022, lue [&hellip;]<\/p>\n","protected":false},"author":2,"featured_media":0,"parent":1492,"menu_order":0,"comment_status":"closed","ping_status":"closed","template":"","meta":{"_expiration-date-status":"","_expiration-date":0,"_expiration-date-type":"","_expiration-date-categories":[],"_expiration-date-options":[]},"acf":[],"_links":{"self":[{"href":"https:\/\/vaasangolf.wptest02.vdk.fi\/fi\/wp-json\/wp\/v2\/pages\/1526"}],"collection":[{"href":"https:\/\/vaasangolf.wptest02.vdk.fi\/fi\/wp-json\/wp\/v2\/pages"}],"about":[{"href":"https:\/\/vaasangolf.wptest02.vdk.fi\/fi\/wp-json\/wp\/v2\/types\/page"}],"author":[{"embeddable":true,"href":"https:\/\/vaasangolf.wptest02.vdk.fi\/fi\/wp-json\/wp\/v2\/users\/2"}],"replies":[{"embeddable":true,"href":"https:\/\/vaasangolf.wptest02.vdk.fi\/fi\/wp-json\/wp\/v2\/comments?post=1526"}],"version-history":[{"count":13,"href":"https:\/\/vaasangolf.wptest02.vdk.fi\/fi\/wp-json\/wp\/v2\/pages\/1526\/revisions"}],"predecessor-version":[{"id":6904,"href":"https:\/\/vaasangolf.wptest02.vdk.fi\/fi\/wp-json\/wp\/v2\/pages\/1526\/revisions\/6904"}],"up":[{"embeddable":true,"href":"https:\/\/vaasangolf.wptest02.vdk.fi\/fi\/wp-json\/wp\/v2\/pages\/1492"}],"wp:attachment":[{"href":"https:\/\/vaasangolf.wptest02.vdk.fi\/fi\/wp-json\/wp\/v2\/media?parent=1526"}],"curies":[{"name":"wp","href":"https:\/\/api.w.org\/{rel}","templated":true}]}}