{"id":1528,"date":"2021-09-28T17:07:31","date_gmt":"2021-09-28T14:07:31","guid":{"rendered":"https:\/\/vaasangolf.wptest02.vdk.fi\/?page_id=1528"},"modified":"2022-03-09T10:48:01","modified_gmt":"2022-03-09T08:48:01","slug":"suomen-golf-finsk-golf-lehdet-vuosilta-1981-1987","status":"publish","type":"page","link":"https:\/\/vaasangolf.wptest02.vdk.fi\/fi\/toiminta\/suomen-golf-finsk-golf-lehdet-vuosilta-1981-1987\/","title":{"rendered":"Suomen Golf \u2013Finsk Golf lehdet vuosilta 1981-1987"},"content":{"rendered":"<p>Suomen Golf &#8211; Finsk Golf lehdet vuosilta 1981-1987 ovat luettavissa t\u00e4\u00e4ll\u00e4;<\/p>\n<p><a href=\"https:\/\/issuu.com\/vaasangolf\">https:\/\/issuu.com\/vaasangolf<\/a><\/p>\n","protected":false},"excerpt":{"rendered":"<p>Suomen Golf &#8211; Finsk Golf lehdet vuosilta 1981-1987 ovat luettavissa t\u00e4\u00e4ll\u00e4; https:\/\/issuu.com\/vaasangolf<\/p>\n","protected":false},"author":2,"featured_media":0,"parent":1492,"menu_order":0,"comment_status":"closed","ping_status":"closed","template":"","meta":{"_expiration-date-status":"","_expiration-date":0,"_expiration-date-type":"","_expiration-date-categories":[],"_expiration-date-options":[]},"acf":[],"_links":{"self":[{"href":"https:\/\/vaasangolf.wptest02.vdk.fi\/fi\/wp-json\/wp\/v2\/pages\/1528"}],"collection":[{"href":"https:\/\/vaasangolf.wptest02.vdk.fi\/fi\/wp-json\/wp\/v2\/pages"}],"about":[{"href":"https:\/\/vaasangolf.wptest02.vdk.fi\/fi\/wp-json\/wp\/v2\/types\/page"}],"author":[{"embeddable":true,"href":"https:\/\/vaasangolf.wptest02.vdk.fi\/fi\/wp-json\/wp\/v2\/users\/2"}],"replies":[{"embeddable":true,"href":"https:\/\/vaasangolf.wptest02.vdk.fi\/fi\/wp-json\/wp\/v2\/comments?post=1528"}],"version-history":[{"count":3,"href":"https:\/\/vaasangolf.wptest02.vdk.fi\/fi\/wp-json\/wp\/v2\/pages\/1528\/revisions"}],"predecessor-version":[{"id":4162,"href":"https:\/\/vaasangolf.wptest02.vdk.fi\/fi\/wp-json\/wp\/v2\/pages\/1528\/revisions\/4162"}],"up":[{"embeddable":true,"href":"https:\/\/vaasangolf.wptest02.vdk.fi\/fi\/wp-json\/wp\/v2\/pages\/1492"}],"wp:attachment":[{"href":"https:\/\/vaasangolf.wptest02.vdk.fi\/fi\/wp-json\/wp\/v2\/media?parent=1528"}],"curies":[{"name":"wp","href":"https:\/\/api.w.org\/{rel}","templated":true}]}}