{"id":1532,"date":"2021-09-28T17:08:20","date_gmt":"2021-09-28T14:08:20","guid":{"rendered":"https:\/\/vaasangolf.wptest02.vdk.fi\/?page_id=1532"},"modified":"2023-03-27T13:17:18","modified_gmt":"2023-03-27T10:17:18","slug":"alkeiskurssit","status":"publish","type":"page","link":"https:\/\/vaasangolf.wptest02.vdk.fi\/fi\/palvelut\/alkeiskurssit\/","title":{"rendered":"Alkeiskurssit"},"content":{"rendered":"<h1 class=\"entry-title post-title\">Tervetuloa Vaasan Golfin alkeiskursseille<\/h1>\n<div class=\"post-entry\">\n<p><strong>N\u00e4ilt\u00e4 sivuilta l\u00f6yd\u00e4t kaiken tarpeellisen tiedon aloittaaksesi golfin pelaamisen Vaasan Golfin uudistuneilla alkeiskursseilla.\u00a0<\/strong><\/p>\n<p>Golfin aloittaminen on mahdollista kenelle tahansa golfista kiinnostuneelle ja alkeiskurssit ovat tarkoitettuja ensisijaisesti kaikille yli 15-vuotialle. Nuoremmille golffareksi haluaville j\u00e4rjest\u00e4mme my\u00f6s muita mahdollisuuksia harrastuksen aloittamiseen, kuten\u00a0<strong><a href=\"https:\/\/vaasangolf.wptest02.vdk.fi\/toiminta\/toimikunnat\/junioritoimikunta\/golfkoulu\/\">Golfkoulun<\/a><\/strong>.<\/p>\n<h2><strong>Vaasan Golfin alkeiskurssi\u00a0<\/strong><strong>hintaan 245\u20ac\u00a0<\/strong><strong>sis\u00e4lt\u00e4\u00e4:<\/strong><\/h2>\n<ul>\n<li><span class=\"JsGRdQ\">Vaasan Golfin j\u00e4senyyden vuodelle 2023 (J\u00e4senyys + kerran maksettava liittymismaksu normaalisti 300\u20ac)<\/span><\/li>\n<li><span class=\"JsGRdQ\">Kurssimateriaalit ja -v\u00e4lineet kurssin aikana (mm. golfin s\u00e4\u00e4nt\u00f6kirja)<\/span><\/li>\n<li><span class=\"JsGRdQ\">Jokamieskent\u00e4n pelioikeuden kaudelle 2023 (jokamieskent\u00e4n p\u00e4iv\u00e4maksu normaalisti 10\u20ac\/p\u00e4iv\u00e4)\u00a0<\/span><\/li>\n<li><span class=\"JsGRdQ\">Kuukauden pelioikeiden 9 reik\u00e4iselle kent\u00e4lle kaudelle 2023 (kertamaksu \u201dgreenfee\u201d normaalisti 25\u20ac\/kierros)<\/span><\/li>\n<li><span class=\"JsGRdQ\">Kuukausittaisen uusien j\u00e4senten illan (ilmainen kahvi\/tee ja pulla tarjolla sek\u00e4 uusia pelikavereita)<\/span><\/li>\n<\/ul>\n<p class=\"_04xlpA direction-ltr align-start para-style-subtitle\"><span class=\"JsGRdQ\">(15 \u2013 18 vuotiaille kurssin hintaan sis\u00e4ltyy t\u00e4ysi pelioikeus koko kaudeksi 2023. <\/span><span class=\"JsGRdQ\">Alle 15 vuotialle kurssin hinta: 160 \u20ac, joka sis\u00e4lt\u00e4\u00e4\u00a0<\/span><span class=\"JsGRdQ\">t\u00e4yden pelioikeuden koko kaudeksi)<\/span><\/p>\n<p><strong>Osallistumalla alkeiskurssille s\u00e4\u00e4st\u00e4t golfin aloittamiskustannuksissa parhaimmillaan satoja euroja, riippuen kuinka ahkerasti k\u00e4yt\u00e4t kurssiin kuuluvia pelioikeuksia kent\u00e4lle.\u00a0<\/strong><\/p>\n<h2><strong>Alkeiskurssin rakenne on 6 vaiheinen<\/strong>\u00a0(klikkaa linkkej\u00e4 tutustuaksesi tarkemmin sis\u00e4lt\u00f6\u00f6n):<\/h2>\n<ol>\n<li><a href=\"https:\/\/vaasangolf.wptest02.vdk.fi\/palvelut\/alkeiskurssit\/alkeiskurssiaikataulut\/\"><strong>Ilmoittaudu <\/strong><\/a>kursseille ja sinusta tulee samalla Vaasan Golfin j\u00e4sen.<\/li>\n<li><a href=\"https:\/\/vaasangolf.wptest02.vdk.fi\/palvelut\/alkeiskurssit\/alkeiskurssit-tutustu-golfiin\/\"><strong>Tutustu <\/strong><\/a>jo ennen kurssia t\u00e4lt\u00e4 sivustolta l\u00f6ytyviin golfin l\u00f6yntitekniikoihin ja s\u00e4\u00e4nt\u00f6ihin.<\/li>\n<li><a href=\"https:\/\/vaasangolf.wptest02.vdk.fi\/palvelut\/alkeiskurssit\/alkeiskurssit-osallistu-kurssille\/\"><strong>Osallistu <\/strong><\/a>yksip\u00e4iv\u00e4iselle kurssille, jolla ammattilaisemme opettavat sinulle golfin eri osa-alueet puttaamisesta aina pitkiin draiveihin.<\/li>\n<li><a href=\"https:\/\/vaasangolf.wptest02.vdk.fi\/palvelut\/alkeiskurssit\/alkeiskurssit-harjoittele-jokamieskentalla\/\"><strong>Harjoittele <\/strong><\/a>kurssin j\u00e4lkeen pelaamista jokamieskent\u00e4ll\u00e4mme ja osoita, ett\u00e4 olet oppinut riitt\u00e4v\u00e4sti s\u00e4\u00e4nn\u00f6ist\u00e4 ja osaat pelata kent\u00e4ll\u00e4.<\/li>\n<li><strong>Valmistu<\/strong>, luovutamme sinulle Green Cardin, joka on golfin \u201dajokortti\u201d ja olet valmis siirtym\u00e4\u00e4n pelaamaan isommille kentille kehitty\u00e4ksesi lis\u00e4\u00e4.<\/li>\n<li><strong>Pelaa<\/strong>, kun sinulla on k\u00e4dess\u00e4si Green Card saat pelata kuukauden ilmaiseksi Vaasan kent\u00e4ll\u00e4 9-reik\u00e4ist\u00e4 kentt\u00e4\u00e4. Voit my\u00f6s vierailla ja pelata greenfee-maksulla esimerkiksi muilla Pojanmaan kentill\u00e4. Teemme sinulle mielell\u00e4mme tarjouksen koko vuoden kattavasta vapaasta pelioikeudesta.<\/li>\n<\/ol>\n<\/div>\n<p>&nbsp;<\/p>\n<div class=\"post-entry\">\n<p>Lis\u00e4tietoja kursseista voi kysy\u00e4<\/p>\n<p>toimisto@vag.fi \/ 040 526 8666<\/p>\n<\/div>\n","protected":false},"excerpt":{"rendered":"<p>Tervetuloa Vaasan Golfin alkeiskursseille N\u00e4ilt\u00e4 sivuilta l\u00f6yd\u00e4t kaiken tarpeellisen tiedon aloittaaksesi golfin pelaamisen Vaasan Golfin uudistuneilla alkeiskursseilla.\u00a0 Golfin aloittaminen on mahdollista kenelle tahansa golfista kiinnostuneelle ja alkeiskurssit ovat tarkoitettuja ensisijaisesti kaikille yli 15-vuotialle. Nuoremmille golffareksi haluaville j\u00e4rjest\u00e4mme my\u00f6s muita mahdollisuuksia harrastuksen aloittamiseen, kuten\u00a0Golfkoulun. Vaasan Golfin alkeiskurssi\u00a0hintaan 245\u20ac\u00a0sis\u00e4lt\u00e4\u00e4: Vaasan Golfin j\u00e4senyyden vuodelle 2023 (J\u00e4senyys + kerran [&hellip;]<\/p>\n","protected":false},"author":2,"featured_media":0,"parent":1530,"menu_order":0,"comment_status":"closed","ping_status":"closed","template":"","meta":{"_expiration-date-status":"","_expiration-date":0,"_expiration-date-type":"","_expiration-date-categories":[],"_expiration-date-options":[]},"acf":[],"_links":{"self":[{"href":"https:\/\/vaasangolf.wptest02.vdk.fi\/fi\/wp-json\/wp\/v2\/pages\/1532"}],"collection":[{"href":"https:\/\/vaasangolf.wptest02.vdk.fi\/fi\/wp-json\/wp\/v2\/pages"}],"about":[{"href":"https:\/\/vaasangolf.wptest02.vdk.fi\/fi\/wp-json\/wp\/v2\/types\/page"}],"author":[{"embeddable":true,"href":"https:\/\/vaasangolf.wptest02.vdk.fi\/fi\/wp-json\/wp\/v2\/users\/2"}],"replies":[{"embeddable":true,"href":"https:\/\/vaasangolf.wptest02.vdk.fi\/fi\/wp-json\/wp\/v2\/comments?post=1532"}],"version-history":[{"count":18,"href":"https:\/\/vaasangolf.wptest02.vdk.fi\/fi\/wp-json\/wp\/v2\/pages\/1532\/revisions"}],"predecessor-version":[{"id":7352,"href":"https:\/\/vaasangolf.wptest02.vdk.fi\/fi\/wp-json\/wp\/v2\/pages\/1532\/revisions\/7352"}],"up":[{"embeddable":true,"href":"https:\/\/vaasangolf.wptest02.vdk.fi\/fi\/wp-json\/wp\/v2\/pages\/1530"}],"wp:attachment":[{"href":"https:\/\/vaasangolf.wptest02.vdk.fi\/fi\/wp-json\/wp\/v2\/media?parent=1532"}],"curies":[{"name":"wp","href":"https:\/\/api.w.org\/{rel}","templated":true}]}}