{"id":1534,"date":"2021-09-28T17:09:11","date_gmt":"2021-09-28T14:09:11","guid":{"rendered":"https:\/\/vaasangolf.wptest02.vdk.fi\/?page_id=1534"},"modified":"2023-03-17T12:06:14","modified_gmt":"2023-03-17T10:06:14","slug":"opetus","status":"publish","type":"page","link":"https:\/\/vaasangolf.wptest02.vdk.fi\/fi\/palvelut\/opetus\/","title":{"rendered":"Opetus"},"content":{"rendered":"<p>&nbsp;<\/p>\n<h1 class=\"entry-title post-title\">Opetus<\/h1>\n<div class=\"post-entry\">\n<h2>Jonathan Nyl\u00e9n<\/h2>\n<table class=\"prot\" width=\"396\">\n<tbody>\n<tr>\n<td><img loading=\"lazy\" class=\"alignnone size-full wp-image-4075\" src=\"https:\/\/vaasangolf.wptest02.vdk.fi\/wp-content\/uploads\/2022\/03\/17041013161338.jpg\" alt=\"\" width=\"118\" height=\"150\" \/><\/td>\n<td>Golfvalmentaja<br \/>\n050 568 6895<br \/>\n<a href=\"mailto:jonathan@jngolf.fi\">jonathan(\u00e4t)jngolf.fi<\/a><br \/>\n<a href=\"http:\/\/www.jngolf.fi\/\" target=\"_blank\" rel=\"noopener noreferrer\">jngolf.fi<\/a><br \/>\n<a class=\"pro-ajanvaraus\" href=\"http:\/\/www.jngolf.fi\/yhteydenotto\" target=\"_blank\" rel=\"noopener noreferrer\">Varaa aika\u00a0\u00bb<\/a><\/td>\n<\/tr>\n<\/tbody>\n<\/table>\n<p>Opetustarjontaani kuuluvat yksityistunnit, ryhm\u00e4tunnit, yritystilaisuudet ja pelikierrosopetusta. Toimin my\u00f6s kouluttajana Vaasan Golfin j\u00e4rjest\u00e4mill\u00e4 alkeiskursseja sek\u00e4 j\u00e4rjest\u00e4n jatkokursseja s\u00e4\u00e4nn\u00f6llisesti kaiken ik\u00e4isille koko kes\u00e4n ajan.<\/p>\n<hr \/>\n<h2>Sauli M\u00e4kiluoma<\/h2>\n<table class=\"prot\" width=\"396\">\n<tbody>\n<tr>\n<td><img loading=\"lazy\" class=\"alignnone size-full wp-image-4077\" src=\"https:\/\/vaasangolf.wptest02.vdk.fi\/wp-content\/uploads\/2022\/03\/13051314051344_2.jpg\" alt=\"\" width=\"88\" height=\"122\" \/><\/td>\n<td>PGA Golf Pro<br \/>\n050 056 2245<br \/>\n<a href=\"mailto:hillcreek.golf@netikka.fi\">hillcreek.golf(\u00e4t)netikka.fi<\/a><\/td>\n<\/tr>\n<\/tbody>\n<\/table>\n<p>Opetustarjontaani kuuluvat yksityistunnit, ryhm\u00e4tunnit, pelikierrosopetusta ja tyky-tapahtumat. Toimin my\u00f6s kouluttajana Vaasan Golfin j\u00e4rjest\u00e4mill\u00e4 alkeiskursseilla.<\/p>\n<hr \/>\n<h2>Johan Kullb\u00e4ck<\/h2>\n<table class=\"prot\" style=\"height: 129px;\" width=\"282\">\n<tbody>\n<tr>\n<td><img loading=\"lazy\" class=\"alignnone size-full wp-image-4079\" src=\"https:\/\/vaasangolf.wptest02.vdk.fi\/wp-content\/uploads\/2022\/03\/13051314051292_2.jpg\" alt=\"\" width=\"103\" height=\"119\" \/><\/td>\n<td>PGA Golf Pro<\/td>\n<\/tr>\n<\/tbody>\n<\/table>\n<p>Johan toimii kouluttajana Vaasan Golfin j\u00e4rjest\u00e4mill\u00e4 alkeiskursseilla.<\/p>\n<hr \/>\n<h2>Pia Koivuranta<\/h2>\n<table class=\"prot\">\n<tbody>\n<tr>\n<td><img loading=\"lazy\" class=\"alignnone wp-image-4082\" src=\"https:\/\/vaasangolf.wptest02.vdk.fi\/wp-content\/uploads\/2022\/03\/download.jpg\" alt=\"\" width=\"128\" height=\"192\" \/><\/td>\n<td>PGA\u00a0 Professional<\/p>\n<p>0400 328 657<\/p>\n<p>piakoivuranta@icloud.com<\/td>\n<\/tr>\n<\/tbody>\n<\/table>\n<p>Pian opetustarjontaan kuuluvat yksityistunnit ja pelikierrosopetus.<\/p>\n<\/div>\n","protected":false},"excerpt":{"rendered":"<p>&nbsp; Opetus Jonathan Nyl\u00e9n Golfvalmentaja 050 568 6895 jonathan(\u00e4t)jngolf.fi jngolf.fi Varaa aika\u00a0\u00bb Opetustarjontaani kuuluvat yksityistunnit, ryhm\u00e4tunnit, yritystilaisuudet ja pelikierrosopetusta. Toimin my\u00f6s kouluttajana Vaasan Golfin j\u00e4rjest\u00e4mill\u00e4 alkeiskursseja sek\u00e4 j\u00e4rjest\u00e4n jatkokursseja s\u00e4\u00e4nn\u00f6llisesti kaiken ik\u00e4isille koko kes\u00e4n ajan. Sauli M\u00e4kiluoma PGA Golf Pro 050 056 2245 hillcreek.golf(\u00e4t)netikka.fi Opetustarjontaani kuuluvat yksityistunnit, ryhm\u00e4tunnit, pelikierrosopetusta ja tyky-tapahtumat. Toimin my\u00f6s kouluttajana Vaasan [&hellip;]<\/p>\n","protected":false},"author":2,"featured_media":0,"parent":1530,"menu_order":0,"comment_status":"closed","ping_status":"closed","template":"","meta":{"_expiration-date-status":"","_expiration-date":0,"_expiration-date-type":"","_expiration-date-categories":[],"_expiration-date-options":[]},"acf":[],"_links":{"self":[{"href":"https:\/\/vaasangolf.wptest02.vdk.fi\/fi\/wp-json\/wp\/v2\/pages\/1534"}],"collection":[{"href":"https:\/\/vaasangolf.wptest02.vdk.fi\/fi\/wp-json\/wp\/v2\/pages"}],"about":[{"href":"https:\/\/vaasangolf.wptest02.vdk.fi\/fi\/wp-json\/wp\/v2\/types\/page"}],"author":[{"embeddable":true,"href":"https:\/\/vaasangolf.wptest02.vdk.fi\/fi\/wp-json\/wp\/v2\/users\/2"}],"replies":[{"embeddable":true,"href":"https:\/\/vaasangolf.wptest02.vdk.fi\/fi\/wp-json\/wp\/v2\/comments?post=1534"}],"version-history":[{"count":8,"href":"https:\/\/vaasangolf.wptest02.vdk.fi\/fi\/wp-json\/wp\/v2\/pages\/1534\/revisions"}],"predecessor-version":[{"id":7307,"href":"https:\/\/vaasangolf.wptest02.vdk.fi\/fi\/wp-json\/wp\/v2\/pages\/1534\/revisions\/7307"}],"up":[{"embeddable":true,"href":"https:\/\/vaasangolf.wptest02.vdk.fi\/fi\/wp-json\/wp\/v2\/pages\/1530"}],"wp:attachment":[{"href":"https:\/\/vaasangolf.wptest02.vdk.fi\/fi\/wp-json\/wp\/v2\/media?parent=1534"}],"curies":[{"name":"wp","href":"https:\/\/api.w.org\/{rel}","templated":true}]}}