{"id":1536,"date":"2021-09-28T17:09:33","date_gmt":"2021-09-28T14:09:33","guid":{"rendered":"https:\/\/vaasangolf.wptest02.vdk.fi\/?page_id=1536"},"modified":"2022-10-28T11:36:35","modified_gmt":"2022-10-28T08:36:35","slug":"proshop","status":"publish","type":"page","link":"https:\/\/vaasangolf.wptest02.vdk.fi\/fi\/palvelut\/proshop\/","title":{"rendered":"Proshop"},"content":{"rendered":"<div class=\"post-entry\">\n<h3>GOLFIN Proshop Vaasaan<\/h3>\n<p>&nbsp;<\/p>\n<p>Moikka Vaasan Golfin j\u00e4senet!<\/p>\n<p>&nbsp;<\/p>\n<p>Solmimme lokakuussa 2022 Vaasan Golfin kanssa sopimuksen Proshopin pit\u00e4misest\u00e4 kausille 2023-2024. T\u00e4ss\u00e4 lyhyesti minusta ja yrityksest\u00e4ni!<\/p>\n<p>Olen harrastanut golfia pienest\u00e4 pit\u00e4en, ja golf on s\u00e4ilynyt minulla rakkaimpana harrastuksena t\u00e4h\u00e4n p\u00e4iv\u00e4\u00e4n asti. Olin pitk\u00e4\u00e4n haaveillut yrityksest\u00e4 golfin parissa, ja vuonna 2020 avasin Kokkolaan GOLFIN -golfsimulaattorin. Alkuvuodesta 2021 aloin myym\u00e4\u00e4n logotuotteita sek\u00e4 tekem\u00e4\u00e4n lis\u00e4ksi custom fittauksia, eli myym\u00e4\u00e4n r\u00e4\u00e4t\u00e4l\u00f6ityj\u00e4 mailoja. Vuonna 2022 laajensin toimintaani verkkokauppaan sek\u00e4 Proshopin pit\u00e4miseen Kokkolan golfilla.<\/p>\n<p>&nbsp;<\/p>\n<p>GOLFIN tuo Vaasan golfille hyv\u00e4n valikoiman golftuotteita ja vaatteita kilpailukykyisin hinnoin. Odotan innolla, ett\u00e4 p\u00e4\u00e4sen tutustumaan teihin Vaasan golffareihin viimeist\u00e4\u00e4n tulevan kauden aikana. Mik\u00e4li haluat r\u00e4\u00e4t\u00e4l\u00f6id\u00e4 itsellesi sopivat mailat tulevan talven aikana tai haluat muuten kysy\u00e4 jotain v\u00e4lineist\u00e4 tai muusta, ole rohkeasti yhteydess\u00e4 puhelimitse tai s\u00e4hk\u00f6postitse (jag betj\u00e4nar ocks\u00e5 p\u00e5 svenska). Yritykseni mottona on \u201dgolfarilta golfarille\u201d, joka tarkoittaa, ett\u00e4 teen ty\u00f6t\u00e4 intohimolla ja laadukkaasti palvellen asiakasl\u00e4ht\u00f6isest\u00e4 n\u00e4k\u00f6kulmasta. Otan mielell\u00e4ni vastaan kehitysideoita sek\u00e4 toimintani k\u00e4ynnistytty\u00e4 Vaasassa my\u00f6s palautetta, jotta voin kehitt\u00e4\u00e4 palveluitani teid\u00e4n, golffareiden tarpeen mukaan.<\/p>\n<p>&nbsp;<\/p>\n<\/div>\n<p><a href=\"https:\/\/www.golfin.fi\/\" target=\"_blank\" rel=\"noopener\">KLIKKAA T\u00c4ST\u00c4 GOLFIN VERKKOKAUPPAAN!<\/a><\/p>\n<div class=\"post-entry\">\n<p>&nbsp;<\/p>\n<p>Odottavaisin terveisin \/ Med f\u00f6rv\u00e4ntansfulla h\u00e4lsningar<\/p>\n<p>&nbsp;<\/p>\n<p>Thomas Gran thomas@golfin.fi 050 363 1592<\/p>\n<p><a href=\"https:\/\/vaasangolf.wptest02.vdk.fi\/wp-content\/uploads\/2022\/10\/thumbnail_WhatsApp-Kuva-2022-10-23-klo-11.22.32.jpg\"><img loading=\"lazy\" class=\"alignnone size-full wp-image-6073\" src=\"https:\/\/vaasangolf.wptest02.vdk.fi\/wp-content\/uploads\/2022\/10\/thumbnail_WhatsApp-Kuva-2022-10-23-klo-11.22.32.jpg\" alt=\"\" width=\"1280\" height=\"1280\" srcset=\"https:\/\/vaasangolf.wptest02.vdk.fi\/wp-content\/uploads\/2022\/10\/thumbnail_WhatsApp-Kuva-2022-10-23-klo-11.22.32.jpg 1280w, https:\/\/vaasangolf.wptest02.vdk.fi\/wp-content\/uploads\/2022\/10\/thumbnail_WhatsApp-Kuva-2022-10-23-klo-11.22.32-300x300.jpg 300w, https:\/\/vaasangolf.wptest02.vdk.fi\/wp-content\/uploads\/2022\/10\/thumbnail_WhatsApp-Kuva-2022-10-23-klo-11.22.32-1024x1024.jpg 1024w, https:\/\/vaasangolf.wptest02.vdk.fi\/wp-content\/uploads\/2022\/10\/thumbnail_WhatsApp-Kuva-2022-10-23-klo-11.22.32-150x150.jpg 150w, https:\/\/vaasangolf.wptest02.vdk.fi\/wp-content\/uploads\/2022\/10\/thumbnail_WhatsApp-Kuva-2022-10-23-klo-11.22.32-768x768.jpg 768w, https:\/\/vaasangolf.wptest02.vdk.fi\/wp-content\/uploads\/2022\/10\/thumbnail_WhatsApp-Kuva-2022-10-23-klo-11.22.32-600x600.jpg 600w, https:\/\/vaasangolf.wptest02.vdk.fi\/wp-content\/uploads\/2022\/10\/thumbnail_WhatsApp-Kuva-2022-10-23-klo-11.22.32-100x100.jpg 100w\" sizes=\"(max-width: 1280px) 100vw, 1280px\" \/><\/a><\/p>\n<h2><\/h2>\n<p>&nbsp;<\/p>\n<p>&nbsp;<\/p>\n<\/div>\n","protected":false},"excerpt":{"rendered":"<p>GOLFIN Proshop Vaasaan &nbsp; Moikka Vaasan Golfin j\u00e4senet! &nbsp; Solmimme lokakuussa 2022 Vaasan Golfin kanssa sopimuksen Proshopin pit\u00e4misest\u00e4 kausille 2023-2024. T\u00e4ss\u00e4 lyhyesti minusta ja yrityksest\u00e4ni! Olen harrastanut golfia pienest\u00e4 pit\u00e4en, ja golf on s\u00e4ilynyt minulla rakkaimpana harrastuksena t\u00e4h\u00e4n p\u00e4iv\u00e4\u00e4n asti. Olin pitk\u00e4\u00e4n haaveillut yrityksest\u00e4 golfin parissa, ja vuonna 2020 avasin Kokkolaan GOLFIN -golfsimulaattorin. Alkuvuodesta 2021 [&hellip;]<\/p>\n","protected":false},"author":2,"featured_media":0,"parent":1530,"menu_order":0,"comment_status":"closed","ping_status":"closed","template":"","meta":{"_expiration-date-status":"","_expiration-date":0,"_expiration-date-type":"","_expiration-date-categories":[],"_expiration-date-options":[]},"acf":[],"_links":{"self":[{"href":"https:\/\/vaasangolf.wptest02.vdk.fi\/fi\/wp-json\/wp\/v2\/pages\/1536"}],"collection":[{"href":"https:\/\/vaasangolf.wptest02.vdk.fi\/fi\/wp-json\/wp\/v2\/pages"}],"about":[{"href":"https:\/\/vaasangolf.wptest02.vdk.fi\/fi\/wp-json\/wp\/v2\/types\/page"}],"author":[{"embeddable":true,"href":"https:\/\/vaasangolf.wptest02.vdk.fi\/fi\/wp-json\/wp\/v2\/users\/2"}],"replies":[{"embeddable":true,"href":"https:\/\/vaasangolf.wptest02.vdk.fi\/fi\/wp-json\/wp\/v2\/comments?post=1536"}],"version-history":[{"count":11,"href":"https:\/\/vaasangolf.wptest02.vdk.fi\/fi\/wp-json\/wp\/v2\/pages\/1536\/revisions"}],"predecessor-version":[{"id":6084,"href":"https:\/\/vaasangolf.wptest02.vdk.fi\/fi\/wp-json\/wp\/v2\/pages\/1536\/revisions\/6084"}],"up":[{"embeddable":true,"href":"https:\/\/vaasangolf.wptest02.vdk.fi\/fi\/wp-json\/wp\/v2\/pages\/1530"}],"wp:attachment":[{"href":"https:\/\/vaasangolf.wptest02.vdk.fi\/fi\/wp-json\/wp\/v2\/media?parent=1536"}],"curies":[{"name":"wp","href":"https:\/\/api.w.org\/{rel}","templated":true}]}}