{"id":1542,"date":"2021-09-28T17:10:33","date_gmt":"2021-09-28T14:10:33","guid":{"rendered":"https:\/\/vaasangolf.wptest02.vdk.fi\/?page_id=1542"},"modified":"2023-04-20T11:54:42","modified_gmt":"2023-04-20T08:54:42","slug":"majoitus","status":"publish","type":"page","link":"https:\/\/vaasangolf.wptest02.vdk.fi\/fi\/palvelut\/majoitus\/","title":{"rendered":"Majoitus"},"content":{"rendered":"<h1 class=\"entry-title post-title\">Majoitus<\/h1>\n<div class=\"post-entry\">\n<p>Tulet sitten yksin, kaksin tai isommallakin porukalla, tervetuloa nauttimaan vaasalaisesta vieraanvaraisuudesta. Golfpakettimme sis\u00e4lt\u00e4\u00e4 kokop\u00e4iv\u00e4n greenfeen Vaasan Golfiin, hotellimajoituksen ja runsaan aamupalan valitsemassanne hotellissa:<\/p>\n<hr \/>\n<h4><b>ORIGINAL SOKOS HOTEL ROYAL VAASA<\/b><\/h4>\n<p class=\"x_MsoNormal\">Original Sokos Hotel Royal Vaasa sijaitsee keskell\u00e4 kaupunkia, kauniin puistikon varrella, palveluiden \u00e4\u00e4rell\u00e4.<\/p>\n<p class=\"x_MsoNormal\">Historiallisen arvokkaassa Central-rakennuksessa on ollut hotellitoimintaa jo 80-vuoden ajan. Majoittuessasi vanhanajan romantiikkaa huokuvassa rakennuksessa, voit tuntea ajan hidastuvan.<\/p>\n<p class=\"x_MsoNormal\">Monelle kaupunkilaiselle rakas ravintola Central palvelee hotellin vieraita sek\u00e4 kaupungin asukkaita hotellin 2.kerroksessa, tarjoillen aamiaista, lounasta sek\u00e4 illallista.<\/p>\n<p class=\"x_MsoNormal\">Samasta kerroksesta l\u00f6yd\u00e4t my\u00f6s hotellimme vastaanoton sek\u00e4 kokoustilat. Jos kaipaat y\u00f6myssy\u00e4 ennen y\u00f6puulle vet\u00e4ytymist\u00e4, voit piipahtaa Central ravintolan baarissa tai alakerran O&#8217;Malley&#8217;s pubissa.<\/p>\n<p class=\"x_MsoNormal\">Kes\u00e4aikaan on hyv\u00e4 huomioida, ett\u00e4 hotellissamme ei ole huonekohtaista ilmastointia.<\/p>\n<p class=\"x_MsoNormal\">L\u00e4mpim\u00e4sti tervetuloa l\u00e4mminhenkiseen, historiaa huokuvaan hotelliin, Original Sokos Hotel Royal Vaasaan!<\/p>\n<p class=\"x_MsoNormal\" aria-hidden=\"true\">\n<p class=\"x_MsoNormal\">Tiedustelu ja varaukset:<\/p>\n<p class=\"x_MsoNormal\">+358 (0)10 784 0000 tai https:\/\/www.sokoshotels.fi\/fi\/vaasa\/original-sokos-hotel-royal-vaasa<\/p>\n<hr \/>\n<h4><strong>ORIGINAL SOKOS HOTEL VAAKUNA, VAASA<\/strong><\/h4>\n<p>Original Sokos Hotel Vaakuna Vaasa on tasokas ja persoonallinen hotelli Vaasan syd\u00e4mess\u00e4. Sijainti torin laidalla ostoskeskuksen yhteydess\u00e4 tarjoaa sinulle loistavat ostosmahdollisuudet.<br \/>\nYhdist\u00e4 golf ja lomailu \u2013 mik\u00e4s sen mukavampaa. Toivotamme sinut tervetulleeksi vieraaksemme, t\u00e4\u00e4ll\u00e4 sin\u00e4 olet meille numero yksi!<br \/>\nTiedustelut ja varaukset : Original Sokos Hotel Vaakuna Vaasa vastaanotto +358 (0) 20\u00a0780 88 00.<\/p>\n<p><a href=\"mailto:vaakuna.vaasa@sokoshotels.fi\">vaakuna.vaasa@sokoshotels.fi<\/a>\u00a0tai\u00a0<a href=\"https:\/\/www.sokoshotels.fi\/fi\/vaasa\/sokos-hotel-vaakuna-vaasa\">https:\/\/www.sokoshotels.fi\/fi\/vaasa\/sokos-hotel-vaakuna-vaasa<\/a><\/p>\n<hr \/>\n<h4><b>HOTEL ASTOR WASA<\/b><b>\u00a0\u00a0<\/b><\/h4>\n<p>Hotel Astor Wasassa Vaasan keskustassa nukut hyvin 42 korkealuokkaisesti sisustetussa huoneessa. Useassa huoneessa on suomalaiseen tapaan oma sauna. Tunnelma on kodikas\u00a0 ja palvelu yksil\u00f6llinen. Voit mielell\u00e4si nauttia drinkin tai oluen vastaanoton vieress\u00e4 sijaitsevassa mets\u00e4styshenkisess\u00e4 baarissamme. Mik\u00e4li haluat istua kaikessa rauhassa on kirjastomme Chesterfield lepotuoleineen etsim\u00e4si tila.<\/p>\n<p>Tiedustelut ja varaukset:<\/p>\n<p>+358 (0)6 326 9111<\/p>\n<p><a href=\"http:\/\/www.astorvaasa.fi\/\">www.astorvaasa.fi<\/a><\/p>\n<hr \/>\n<h4><b>BEST WESTERN HOTEL VALLONIA\u00a0\u00a0\u00a0<\/b><\/h4>\n<p>Mukava ja rauhallinen liikemies-, kokous- ja perhehotelli. Hotelli on rakennettu 1984 ja laajennettu 1989. Hotellissa on yhteens\u00e4 53 huonetta, joissa kaikissa on TV\/Radio, puhelin, minibaari, suihku, hiustenkuivaaja ja WC. 18 huoneessa on oma sauna ja 12 huoneessa on oma minikeitti\u00f6.<br \/>\nKaikissa huoneissa on laajakaistainen Internet yhteys, joka on ilmainen asiakkaillemme.<\/p>\n<p>Tiedustelut ja varaukset:<\/p>\n<p>+358 (0)6 328 8288<\/p>\n<p><a href=\"http:\/\/www.vallonia.fi\/\">www.vallonia.fi<\/a><\/p>\n<hr \/>\n<p>Golfmatka Vaasan ja Uumajan tai Uumajan ja Vaasan v\u00e4lill\u00e4 sujuu parhaiten valitsemalla\u00a0<b>WASALINE.<\/b><\/p>\n<p>Varaa merimatkasi<\/p>\n<p>+358 207 716 810<\/p>\n<p>+46 90 185 200<\/p>\n<p><a href=\"mailto:info@wasaline.com\">info@wasaline.com<\/a><\/p>\n<p><a href=\"http:\/\/www.wasaline.com\/\">www.wasaline.com<\/a><\/p>\n<p>Tervetuloa Suomen aurinkoisimpaan kaupunkiin \u2013 Vaasaan !<\/p>\n<\/div>\n<p>&nbsp;<\/p>\n","protected":false},"excerpt":{"rendered":"<p>Majoitus Tulet sitten yksin, kaksin tai isommallakin porukalla, tervetuloa nauttimaan vaasalaisesta vieraanvaraisuudesta. Golfpakettimme sis\u00e4lt\u00e4\u00e4 kokop\u00e4iv\u00e4n greenfeen Vaasan Golfiin, hotellimajoituksen ja runsaan aamupalan valitsemassanne hotellissa: ORIGINAL SOKOS HOTEL ROYAL VAASA Original Sokos Hotel Royal Vaasa sijaitsee keskell\u00e4 kaupunkia, kauniin puistikon varrella, palveluiden \u00e4\u00e4rell\u00e4. Historiallisen arvokkaassa Central-rakennuksessa on ollut hotellitoimintaa jo 80-vuoden ajan. Majoittuessasi vanhanajan romantiikkaa huokuvassa [&hellip;]<\/p>\n","protected":false},"author":2,"featured_media":0,"parent":1530,"menu_order":0,"comment_status":"closed","ping_status":"closed","template":"","meta":{"_expiration-date-status":"","_expiration-date":0,"_expiration-date-type":"","_expiration-date-categories":[],"_expiration-date-options":[]},"acf":[],"_links":{"self":[{"href":"https:\/\/vaasangolf.wptest02.vdk.fi\/fi\/wp-json\/wp\/v2\/pages\/1542"}],"collection":[{"href":"https:\/\/vaasangolf.wptest02.vdk.fi\/fi\/wp-json\/wp\/v2\/pages"}],"about":[{"href":"https:\/\/vaasangolf.wptest02.vdk.fi\/fi\/wp-json\/wp\/v2\/types\/page"}],"author":[{"embeddable":true,"href":"https:\/\/vaasangolf.wptest02.vdk.fi\/fi\/wp-json\/wp\/v2\/users\/2"}],"replies":[{"embeddable":true,"href":"https:\/\/vaasangolf.wptest02.vdk.fi\/fi\/wp-json\/wp\/v2\/comments?post=1542"}],"version-history":[{"count":6,"href":"https:\/\/vaasangolf.wptest02.vdk.fi\/fi\/wp-json\/wp\/v2\/pages\/1542\/revisions"}],"predecessor-version":[{"id":7531,"href":"https:\/\/vaasangolf.wptest02.vdk.fi\/fi\/wp-json\/wp\/v2\/pages\/1542\/revisions\/7531"}],"up":[{"embeddable":true,"href":"https:\/\/vaasangolf.wptest02.vdk.fi\/fi\/wp-json\/wp\/v2\/pages\/1530"}],"wp:attachment":[{"href":"https:\/\/vaasangolf.wptest02.vdk.fi\/fi\/wp-json\/wp\/v2\/media?parent=1542"}],"curies":[{"name":"wp","href":"https:\/\/api.w.org\/{rel}","templated":true}]}}