{"id":1546,"date":"2021-09-28T17:11:04","date_gmt":"2021-09-28T14:11:04","guid":{"rendered":"https:\/\/vaasangolf.wptest02.vdk.fi\/?page_id=1546"},"modified":"2022-07-08T08:54:43","modified_gmt":"2022-07-08T05:54:43","slug":"anna-palautetta","status":"publish","type":"page","link":"https:\/\/vaasangolf.wptest02.vdk.fi\/fi\/palvelut\/anna-palautetta\/","title":{"rendered":"Palaute"},"content":{"rendered":"\t\t<div data-elementor-type=\"wp-page\" data-elementor-id=\"1546\" class=\"elementor elementor-1546\">\n\t\t\t\t\t\t<div class=\"elementor-inner\">\n\t\t\t\t<div class=\"elementor-section-wrap\">\n\t\t\t\t\t\t\t\t\t<section class=\"elementor-section elementor-top-section elementor-element elementor-element-a9e97d0 elementor-section-boxed elementor-section-height-default elementor-section-height-default\" data-id=\"a9e97d0\" data-element_type=\"section\">\n\t\t\t\t\t\t<div class=\"elementor-container elementor-column-gap-default\">\n\t\t\t\t\t\t\t<div class=\"elementor-row\">\n\t\t\t\t\t<div class=\"elementor-column elementor-col-100 elementor-top-column elementor-element elementor-element-1dba1da\" data-id=\"1dba1da\" data-element_type=\"column\">\n\t\t\t<div class=\"elementor-column-wrap elementor-element-populated\">\n\t\t\t\t\t\t\t<div class=\"elementor-widget-wrap\">\n\t\t\t\t\t\t<div class=\"elementor-element elementor-element-53a0c1c elementor-widget elementor-widget-text-editor\" data-id=\"53a0c1c\" data-element_type=\"widget\" data-widget_type=\"text-editor.default\">\n\t\t\t\t<div class=\"elementor-widget-container\">\n\t\t\t\t\t\t\t\t<div class=\"elementor-text-editor elementor-clearfix\">\n\t\t\t\t<p>\u00a0<\/p><p><strong>Haluatko antaa palautetta? Palautteen antaminen onnistuu monella eri tavalla:<\/strong><\/p><ul><li>S\u00e4hk\u00f6isesti voit antaa palautetta <a href=\"https:\/\/link.webropolsurveys.com\/CP\/90E8F73E48B08074\">t\u00e4st\u00e4<\/a><\/li><li>S\u00e4hk\u00f6postiin palaute@vag.fi<\/li><li>Kent\u00e4ll\u00e4 v\u00e4yl\u00e4kartoista l\u00f6ytyy QR-koodeja, jotka ohjaavat teid\u00e4t helposti ja k\u00e4tev\u00e4sti palautelomakkeeseen. Lomakkeeseen voi tekstin lis\u00e4ksi lis\u00e4t\u00e4 kuvia \/ videon.<\/li><li>Klubitalolta l\u00f6yd\u00e4t palautepylv\u00e4\u00e4n ulkooven l\u00e4heisyydest\u00e4. Pylv\u00e4\u00e4seen voit k\u00e4tev\u00e4sti antaa palautetta tullessasi tai l\u00e4htiess\u00e4si golfkent\u00e4lt\u00e4.<\/li><\/ul>\t\t\t\t\t<\/div>\n\t\t\t\t\t\t<\/div>\n\t\t\t\t<\/div>\n\t\t\t\t\t\t<\/div>\n\t\t\t\t\t<\/div>\n\t\t<\/div>\n\t\t\t\t\t\t\t\t<\/div>\n\t\t\t\t\t<\/div>\n\t\t<\/section>\n\t\t\t\t\t\t\t\t\t<\/div>\n\t\t\t<\/div>\n\t\t\t\t\t<\/div>\n\t\t","protected":false},"excerpt":{"rendered":"<p>\u00a0 Haluatko antaa palautetta? Palautteen antaminen onnistuu monella eri tavalla: S\u00e4hk\u00f6isesti voit antaa palautetta t\u00e4st\u00e4 S\u00e4hk\u00f6postiin palaute@vag.fi Kent\u00e4ll\u00e4 v\u00e4yl\u00e4kartoista l\u00f6ytyy QR-koodeja, jotka ohjaavat teid\u00e4t helposti ja k\u00e4tev\u00e4sti palautelomakkeeseen. Lomakkeeseen voi tekstin lis\u00e4ksi lis\u00e4t\u00e4 kuvia \/ videon. Klubitalolta l\u00f6yd\u00e4t palautepylv\u00e4\u00e4n ulkooven l\u00e4heisyydest\u00e4. Pylv\u00e4\u00e4seen voit k\u00e4tev\u00e4sti antaa palautetta tullessasi tai l\u00e4htiess\u00e4si golfkent\u00e4lt\u00e4.<\/p>\n","protected":false},"author":2,"featured_media":0,"parent":1530,"menu_order":0,"comment_status":"closed","ping_status":"closed","template":"","meta":{"_expiration-date-status":"","_expiration-date":0,"_expiration-date-type":"","_expiration-date-categories":[],"_expiration-date-options":[]},"acf":[],"_links":{"self":[{"href":"https:\/\/vaasangolf.wptest02.vdk.fi\/fi\/wp-json\/wp\/v2\/pages\/1546"}],"collection":[{"href":"https:\/\/vaasangolf.wptest02.vdk.fi\/fi\/wp-json\/wp\/v2\/pages"}],"about":[{"href":"https:\/\/vaasangolf.wptest02.vdk.fi\/fi\/wp-json\/wp\/v2\/types\/page"}],"author":[{"embeddable":true,"href":"https:\/\/vaasangolf.wptest02.vdk.fi\/fi\/wp-json\/wp\/v2\/users\/2"}],"replies":[{"embeddable":true,"href":"https:\/\/vaasangolf.wptest02.vdk.fi\/fi\/wp-json\/wp\/v2\/comments?post=1546"}],"version-history":[{"count":13,"href":"https:\/\/vaasangolf.wptest02.vdk.fi\/fi\/wp-json\/wp\/v2\/pages\/1546\/revisions"}],"predecessor-version":[{"id":5305,"href":"https:\/\/vaasangolf.wptest02.vdk.fi\/fi\/wp-json\/wp\/v2\/pages\/1546\/revisions\/5305"}],"up":[{"embeddable":true,"href":"https:\/\/vaasangolf.wptest02.vdk.fi\/fi\/wp-json\/wp\/v2\/pages\/1530"}],"wp:attachment":[{"href":"https:\/\/vaasangolf.wptest02.vdk.fi\/fi\/wp-json\/wp\/v2\/media?parent=1546"}],"curies":[{"name":"wp","href":"https:\/\/api.w.org\/{rel}","templated":true}]}}