{"id":1550,"date":"2021-09-28T17:11:52","date_gmt":"2021-09-28T14:11:52","guid":{"rendered":"https:\/\/vaasangolf.wptest02.vdk.fi\/?page_id=1550"},"modified":"2023-08-30T09:36:51","modified_gmt":"2023-08-30T06:36:51","slug":"yhteystiedot","status":"publish","type":"page","link":"https:\/\/vaasangolf.wptest02.vdk.fi\/fi\/vag\/yhteystiedot\/","title":{"rendered":"Yhteystiedot"},"content":{"rendered":"<table width=\"648\">\n<tbody>\n<tr>\n<td width=\"265\"><strong>Vaasan Golf<\/strong><br \/>\nGolfkent\u00e4ntie 61<br \/>\n65370 Vaasa<\/td>\n<td width=\"265\"><strong>Caddiemaster<\/strong><br \/>\nPuh. 040 526 8666<br \/>\ncaddiemaster@vag.fi<\/td>\n<\/tr>\n<tr>\n<td><\/td>\n<td width=\"265\"><\/td>\n<\/tr>\n<tr>\n<td width=\"265\"><strong>Toiminnanjohtaja<\/strong><br \/>\nArto Sirvi\u00f6<br \/>\npuh.040 059 5432<br \/>\narto.sirvio@vag.fi<\/td>\n<td width=\"265\"><strong>Toimisto<\/strong><br \/>\nTuula Per\u00e4l\u00e4<br \/>\nPuh. 040 526 8666<br \/>\ntoimisto@vag.fi<\/td>\n<\/tr>\n<tr>\n<td><\/td>\n<td><\/td>\n<\/tr>\n<tr>\n<td width=\"265\"><strong>Myynti<\/strong><br \/>\nMikko Aho<br \/>\nPuh. 040 058 8289<br \/>\nmikko.aho@vag.fi<\/td>\n<td width=\"265\"><strong>Kentt\u00e4mestari<\/strong><br \/>\nKai Lehtosaari<br \/>\nPuh. 040 511 5270<br \/>\nkailehtosaari@gmail.com<\/td>\n<\/tr>\n<tr>\n<td width=\"265\"><\/td>\n<td width=\"265\"><\/td>\n<\/tr>\n<tr>\n<td><strong>Ravintola<\/strong><br \/>\nFondis<br \/>\nPuh. 0400 811 619<\/td>\n<td><\/td>\n<\/tr>\n<tr>\n<td><\/td>\n<td><\/td>\n<\/tr>\n<tr>\n<td width=\"265\"><strong>Kapteeni<\/strong><br \/>\nPasi Ekholm<br \/>\npuh. 040 778 8332<br \/>\npasi.ekholm@kolumbus.fi<\/td>\n<td width=\"265\"><strong>Ladykapteeni<\/strong><br \/>\nKatriina Patama<br \/>\npuh. 040 543 1633<br \/>\nkatriina.patama@gmail.com<\/td>\n<\/tr>\n<tr>\n<td><\/td>\n<td><\/td>\n<\/tr>\n<tr>\n<td width=\"265\"><\/td>\n<td width=\"265\"><\/td>\n<\/tr>\n<tr>\n<td width=\"265\"><\/td>\n<td width=\"265\"><\/td>\n<\/tr>\n<tr>\n<td width=\"265\"><\/td>\n<\/tr>\n<\/tbody>\n<\/table>\n","protected":false},"excerpt":{"rendered":"<p>Vaasan Golf Golfkent\u00e4ntie 61 65370 Vaasa Caddiemaster Puh. 040 526 8666 caddiemaster@vag.fi Toiminnanjohtaja Arto Sirvi\u00f6 puh.040 059 5432 arto.sirvio@vag.fi Toimisto Tuula Per\u00e4l\u00e4 Puh. 040 526 8666 toimisto@vag.fi Myynti Mikko Aho Puh. 040 058 8289 mikko.aho@vag.fi Kentt\u00e4mestari Kai Lehtosaari Puh. 040 511 5270 kailehtosaari@gmail.com Ravintola Fondis Puh. 0400 811 619 Kapteeni Pasi Ekholm puh. 040 778 [&hellip;]<\/p>\n","protected":false},"author":2,"featured_media":0,"parent":1548,"menu_order":0,"comment_status":"closed","ping_status":"closed","template":"","meta":{"_expiration-date-status":"","_expiration-date":0,"_expiration-date-type":"","_expiration-date-categories":[],"_expiration-date-options":[]},"acf":[],"_links":{"self":[{"href":"https:\/\/vaasangolf.wptest02.vdk.fi\/fi\/wp-json\/wp\/v2\/pages\/1550"}],"collection":[{"href":"https:\/\/vaasangolf.wptest02.vdk.fi\/fi\/wp-json\/wp\/v2\/pages"}],"about":[{"href":"https:\/\/vaasangolf.wptest02.vdk.fi\/fi\/wp-json\/wp\/v2\/types\/page"}],"author":[{"embeddable":true,"href":"https:\/\/vaasangolf.wptest02.vdk.fi\/fi\/wp-json\/wp\/v2\/users\/2"}],"replies":[{"embeddable":true,"href":"https:\/\/vaasangolf.wptest02.vdk.fi\/fi\/wp-json\/wp\/v2\/comments?post=1550"}],"version-history":[{"count":12,"href":"https:\/\/vaasangolf.wptest02.vdk.fi\/fi\/wp-json\/wp\/v2\/pages\/1550\/revisions"}],"predecessor-version":[{"id":9079,"href":"https:\/\/vaasangolf.wptest02.vdk.fi\/fi\/wp-json\/wp\/v2\/pages\/1550\/revisions\/9079"}],"up":[{"embeddable":true,"href":"https:\/\/vaasangolf.wptest02.vdk.fi\/fi\/wp-json\/wp\/v2\/pages\/1548"}],"wp:attachment":[{"href":"https:\/\/vaasangolf.wptest02.vdk.fi\/fi\/wp-json\/wp\/v2\/media?parent=1550"}],"curies":[{"name":"wp","href":"https:\/\/api.w.org\/{rel}","templated":true}]}}