{"id":1554,"date":"2021-09-28T17:12:38","date_gmt":"2021-09-28T14:12:38","guid":{"rendered":"https:\/\/vaasangolf.wptest02.vdk.fi\/?page_id=1554"},"modified":"2022-03-03T11:04:51","modified_gmt":"2022-03-03T09:04:51","slug":"yhdistyksen-saannot","status":"publish","type":"page","link":"https:\/\/vaasangolf.wptest02.vdk.fi\/fi\/vag\/vaasan-golf\/yhdistyksen-saannot\/","title":{"rendered":"Yhdistyksen s\u00e4\u00e4nn\u00f6t"},"content":{"rendered":"<p>Yhdistyksen s\u00e4\u00e4nn\u00f6t; liitetiedosto;<\/p>\n<p><a href=\"https:\/\/vaasangolf.wptest02.vdk.fi\/wp-content\/uploads\/2022\/02\/Vaasan-Golf-Saannot-2021.pdf\">Vaasan-Golf-S\u00e4\u00e4nn\u00f6t &#8211; 2021<\/a><\/p>\n","protected":false},"excerpt":{"rendered":"<p>Yhdistyksen s\u00e4\u00e4nn\u00f6t; liitetiedosto; Vaasan-Golf-S\u00e4\u00e4nn\u00f6t &#8211; 2021<\/p>\n","protected":false},"author":2,"featured_media":0,"parent":1552,"menu_order":0,"comment_status":"closed","ping_status":"closed","template":"","meta":{"_expiration-date-status":"","_expiration-date":0,"_expiration-date-type":"","_expiration-date-categories":[],"_expiration-date-options":[]},"acf":[],"_links":{"self":[{"href":"https:\/\/vaasangolf.wptest02.vdk.fi\/fi\/wp-json\/wp\/v2\/pages\/1554"}],"collection":[{"href":"https:\/\/vaasangolf.wptest02.vdk.fi\/fi\/wp-json\/wp\/v2\/pages"}],"about":[{"href":"https:\/\/vaasangolf.wptest02.vdk.fi\/fi\/wp-json\/wp\/v2\/types\/page"}],"author":[{"embeddable":true,"href":"https:\/\/vaasangolf.wptest02.vdk.fi\/fi\/wp-json\/wp\/v2\/users\/2"}],"replies":[{"embeddable":true,"href":"https:\/\/vaasangolf.wptest02.vdk.fi\/fi\/wp-json\/wp\/v2\/comments?post=1554"}],"version-history":[{"count":3,"href":"https:\/\/vaasangolf.wptest02.vdk.fi\/fi\/wp-json\/wp\/v2\/pages\/1554\/revisions"}],"predecessor-version":[{"id":2119,"href":"https:\/\/vaasangolf.wptest02.vdk.fi\/fi\/wp-json\/wp\/v2\/pages\/1554\/revisions\/2119"}],"up":[{"embeddable":true,"href":"https:\/\/vaasangolf.wptest02.vdk.fi\/fi\/wp-json\/wp\/v2\/pages\/1552"}],"wp:attachment":[{"href":"https:\/\/vaasangolf.wptest02.vdk.fi\/fi\/wp-json\/wp\/v2\/media?parent=1554"}],"curies":[{"name":"wp","href":"https:\/\/api.w.org\/{rel}","templated":true}]}}