{"id":1558,"date":"2021-09-28T17:13:15","date_gmt":"2021-09-28T14:13:15","guid":{"rendered":"https:\/\/vaasangolf.wptest02.vdk.fi\/?page_id=1558"},"modified":"2023-02-21T10:00:25","modified_gmt":"2023-02-21T08:00:25","slug":"jasenedut","status":"publish","type":"page","link":"https:\/\/vaasangolf.wptest02.vdk.fi\/fi\/vag\/vaasan-golf\/jasenedut\/","title":{"rendered":"J\u00e4senedut"},"content":{"rendered":"<h5><strong>VAASAN GOLFIN J\u00c4SENEDUT<\/strong><\/h5>\n<p>Vaasan Golfin j\u00e4senen\u00e4 nautit lukuisista seuran tarjoamista j\u00e4seneduista. Olet mukana hienon lajin ja seuran toiminnassa. Jokainen j\u00e4sen on meille t\u00e4rke\u00e4! Teemme parhaamme kehitt\u00e4\u00e4ksemme koko ajan palvelutasoamme ja toimintaamme.<\/p>\n<p>Olemme siirtyneet p\u00e4\u00e4osin s\u00e4hk\u00f6iseen laskutukseen ja l\u00e4het\u00e4mme laskumme Maventan kautta. Huolehdithan, ett\u00e4 Nexgolfin tiedoissa on ajantasainen s\u00e4hk\u00f6postiosoite. Ep\u00e4selviss\u00e4 tapauksissa otathan yhteytt\u00e4 toimistoon, <a href=\"mailto:toimisto@vag.fi\">toimisto@vag.fi<\/a>, p. 040 -526 8666 Tuula Per\u00e4l\u00e4.<\/p>\n<p>Hy\u00f6dynn\u00e4 j\u00e4senedut huolehtimalla maksut kuntoon er\u00e4p\u00e4iv\u00e4\u00e4n menness\u00e4 ja maksamalla laskut yksil\u00f6idyin maksutiedoin. Erityisesti pankkiohjelmaasi tallennettua maksupohjaa k\u00e4ytt\u00e4ess\u00e4si, tarkista aina laskun viitenumero ja j\u00e4senmaksun saaja (Vaasan Golf ry.)<\/p>\n<p>&nbsp;<\/p>\n<p><strong>\u00a0Greenfee-etu j\u00e4senille<\/strong><\/p>\n<ul>\n<li>18r p\u00e4iv\u00e4 greenfee 45 \u20ac (n.55 \u20ac)<\/li>\n<li>9r kierros greenfee 25 \u20ac (n.30 \u20ac)<\/li>\n<li>Jokamieskentt\u00e4 p\u00e4iv\u00e4 greenfee 7 \u20ac (n.10 \u20ac)<\/li>\n<li>5-kortti greenfee 220 \u20ac (n.250 \u20ac)<\/li>\n<li>10-kortti greenfee 400 \u20ac (n. 500 \u20ac)<\/li>\n<\/ul>\n<p>&nbsp;<\/p>\n<p>Seuran yll\u00e4pit\u00e4m\u00e4 tasoitusrekisteri, <strong>Nexgolf premium<\/strong> -sovellus ja <strong>Ebirdie<\/strong> -sovellus<\/p>\n<ul>\n<li>Vaasan Golf on hankkinut kaikkien j\u00e4senten k\u00e4ytt\u00f6\u00f6n Nexgolf Premium -sovelluksen.<\/li>\n<li><strong>Nexgolf Premium<\/strong> -palvelun edut; nopea ja helppo ajanvaraus, l\u00e4hd\u00f6n vahvistaminen, kattavat pelitilastoinnit, s\u00e4hk\u00f6inen tuloskortti ja kavereiden tulevat varaukset<\/li>\n<li><strong>eBirdie <\/strong>on Suomen Golfliiton, liiton alaisten j\u00e4senseurojen sek\u00e4 niiden j\u00e4senten golfsovellus ja virallinen j\u00e4senkortti. eBirdiest\u00e4 l\u00f6yd\u00e4t kaiken golfarin tarvitseman tiedon tasoituksesta, s\u00e4\u00e4nn\u00f6ist\u00e4 ja j\u00e4seneduista. Viestit kotiseuralta ja Golfliitolta kertovat ajankohtaisista uutisista ja kentt\u00e4opas auttaa l\u00f6yt\u00e4m\u00e4\u00e4n tiesi Suomen golfkentille.<\/li>\n<\/ul>\n<p>&nbsp;<\/p>\n<p><strong>\u00a0GOLFLEHTI;<\/strong> Golfliiton j\u00e4senlehti<\/p>\n<ul>\n<li>Vaasan Golfin j\u00e4senen\u00e4 olet automaattisesti Suomen Golfliiton j\u00e4sen<\/li>\n<li>Suomen golfliiton j\u00e4senyys sis\u00e4lt\u00e4\u00e4 pelaajille merkitt\u00e4vi\u00e4 etuja ja palveluita, joihin voit tutustua tarkemmin t\u00e4\u00e4lt\u00e4; <a href=\"https:\/\/golf.fi\/pelaajalle\/jasenedut-ja-vakuutusturva\/\" target=\"_blank\" rel=\"noopener\"><strong>https:\/\/golf.fi\/pelaajalle\/jasenedut-ja-vakuutusturva\/<\/strong><\/a><\/li>\n<li>N\u00e4m\u00e4 edut l\u00f6ytyv\u00e4t my\u00f6s eBirdie-palvelun kautta<\/li>\n<li>Golflehti tulee sinulle joko paperiversiona tai digilehten\u00e4, voit itse valita mieluisimman vaihtoehdon<\/li>\n<\/ul>\n<p>&nbsp;<\/p>\n<p><strong>Pelaajan vakuutusturva<\/strong><\/p>\n<ul>\n<li>Golfliiton j\u00e4senmaksuun kuuluva vakuutusturva on yksi keskeisimpi\u00e4 Golfliiton tarjoamia palveluita. Vakuutuspalvelu tarjotaan kaikkien Golfliiton j\u00e4senseurojen j\u00e4senille. Liiton vakuutuskumppanina on ollut jo vuosikymmeni\u00e4 Pohjola Vakuutus. Golfarin vakuutusturva pit\u00e4\u00e4 sis\u00e4ll\u00e4\u00e4n kattavan tapaturma- ja vastuuvakuutuksen 15 000 euroon saakka.\u00a0Pohjola Sairaala on nyt osa Pihlajalinnaa ja yhdess\u00e4 muiden terveyskumppanien kanssa tarjoamme my\u00f6s jatkossa erinomaisen sujuvan hoitopolun.<\/li>\n<li>Golfliiton sivuilta l\u00f6yd\u00e4t ohjeet, kuinka toimia tapaturman sattuessa;<\/li>\n<li><strong>Tapaturmavakuutus<\/strong>kattaa vamman hoitokulut kaikkialla maailmassa.<\/li>\n<li><a href=\"https:\/\/golf.fi\/pelaajalle\/jasenedut-ja-vakuutusturva\/\" target=\"_blank\" rel=\"noopener\"><strong>\u00a0https:\/\/golf.fi\/pelaajalle\/jasenedut-ja-vakuutusturva\/<\/strong><\/a><\/li>\n<li><strong>Vastuuvakuutus<\/strong>korvaa toiselle aiheutetun henkil\u00f6- ja esinevahingon kaikkialla maailmassa.<\/li>\n<li><a href=\"https:\/\/golf.fi\/pelaajalle\/jasenedut-ja-vakuutusturva\/\" target=\"_blank\" rel=\"noopener\"><strong>https:\/\/golf.fi\/pelaajalle\/jasenedut-ja-vakuutusturva\/<\/strong><\/a><\/li>\n<\/ul>\n<p><strong>\u00a0<\/strong><\/p>\n<p>&nbsp;<\/p>\n<p><strong>Lis\u00e4ksi<\/strong><\/p>\n<ul>\n<li>Osallistumisoikeus seuramme toimikuntien j\u00e4rjest\u00e4m\u00e4\u00e4n aktiiviseen toimintaan<\/li>\n<li>Osallistumisoikeus seuramme mestaruuskisoihin<\/li>\n<li>K\u00e4ytt\u00f6oikeus b\u00e4givaraston kuntosalille<\/li>\n<li>Ilmainen s\u00e4\u00e4nt\u00f6koulutus kev\u00e4isin<\/li>\n<\/ul>\n<p>&nbsp;<\/p>\n<p><strong>\u00a0<\/strong><\/p>\n<p><strong>Palvelutason mittaaminen<\/strong><\/p>\n<p><strong>Pelaaja Ensin j\u00e4senkysely<\/strong><\/p>\n<ul>\n<li>Mittaamme asiakaskokemustamme yhdess\u00e4 Suomen Golfliiton kanssa Pelaaja Ensin palvelulla.<\/li>\n<li>Palautetta ker\u00e4t\u00e4\u00e4n vieraspelaajilta p\u00e4ivitt\u00e4in, j\u00e4senilt\u00e4 kolmessa jaksossa kauden aikana.<\/li>\n<li>Jokainen saa yhden kyselykutsun kauden aikana, mik\u00e4li olet sallinut s\u00e4hk\u00f6postiviestit Golfliitolta ja seuralta. Vastaukset k\u00e4sitell\u00e4\u00e4n anonyymein\u00e4.<\/li>\n<\/ul>\n<p>&nbsp;<\/p>\n<p><strong>Webropol -palaute<\/strong><\/p>\n<ul>\n<li>Klubitoimikunnan tukemana seuramme ker\u00e4\u00e4 ja k\u00e4sittelee pelaajien antamaa palautetta Webropolin kautta p\u00e4ivitt\u00e4in.<\/li>\n<li>Tiiboksien v\u00e4yl\u00e4karttatauluista l\u00f6ytyv\u00e4t QR-koodit, joiden avulla pelaaja p\u00e4\u00e4see siirtym\u00e4\u00e4n s\u00e4hk\u00f6iselle palautelomakkeelle. T\u00e4h\u00e4n on my\u00f6s mahdollista liitt\u00e4\u00e4 valokuva tai video.<\/li>\n<li>Klubitalolta l\u00f6ytyy palautepylv\u00e4s, jota kautta pelaajan on mahdollista antaa palautetta seuralle my\u00f6s klubitalon ymp\u00e4rist\u00f6st\u00e4 ja muista palveluista.<\/li>\n<li>Palaute on aina tervetullutta. Voit kertoa palautteesi my\u00f6s henkil\u00f6kunnallamme sen henkil\u00f6kohtaisesti. K\u00e4sittelemme kaikki palautteet.<\/li>\n<\/ul>\n<p>&nbsp;<\/p>\n","protected":false},"excerpt":{"rendered":"<p>VAASAN GOLFIN J\u00c4SENEDUT Vaasan Golfin j\u00e4senen\u00e4 nautit lukuisista seuran tarjoamista j\u00e4seneduista. Olet mukana hienon lajin ja seuran toiminnassa. Jokainen j\u00e4sen on meille t\u00e4rke\u00e4! Teemme parhaamme kehitt\u00e4\u00e4ksemme koko ajan palvelutasoamme ja toimintaamme. Olemme siirtyneet p\u00e4\u00e4osin s\u00e4hk\u00f6iseen laskutukseen ja l\u00e4het\u00e4mme laskumme Maventan kautta. Huolehdithan, ett\u00e4 Nexgolfin tiedoissa on ajantasainen s\u00e4hk\u00f6postiosoite. Ep\u00e4selviss\u00e4 tapauksissa otathan yhteytt\u00e4 toimistoon, toimisto@vag.fi, p. [&hellip;]<\/p>\n","protected":false},"author":2,"featured_media":0,"parent":1552,"menu_order":0,"comment_status":"closed","ping_status":"closed","template":"","meta":{"_expiration-date-status":"","_expiration-date":0,"_expiration-date-type":"","_expiration-date-categories":[],"_expiration-date-options":[]},"acf":[],"_links":{"self":[{"href":"https:\/\/vaasangolf.wptest02.vdk.fi\/fi\/wp-json\/wp\/v2\/pages\/1558"}],"collection":[{"href":"https:\/\/vaasangolf.wptest02.vdk.fi\/fi\/wp-json\/wp\/v2\/pages"}],"about":[{"href":"https:\/\/vaasangolf.wptest02.vdk.fi\/fi\/wp-json\/wp\/v2\/types\/page"}],"author":[{"embeddable":true,"href":"https:\/\/vaasangolf.wptest02.vdk.fi\/fi\/wp-json\/wp\/v2\/users\/2"}],"replies":[{"embeddable":true,"href":"https:\/\/vaasangolf.wptest02.vdk.fi\/fi\/wp-json\/wp\/v2\/comments?post=1558"}],"version-history":[{"count":3,"href":"https:\/\/vaasangolf.wptest02.vdk.fi\/fi\/wp-json\/wp\/v2\/pages\/1558\/revisions"}],"predecessor-version":[{"id":6926,"href":"https:\/\/vaasangolf.wptest02.vdk.fi\/fi\/wp-json\/wp\/v2\/pages\/1558\/revisions\/6926"}],"up":[{"embeddable":true,"href":"https:\/\/vaasangolf.wptest02.vdk.fi\/fi\/wp-json\/wp\/v2\/pages\/1552"}],"wp:attachment":[{"href":"https:\/\/vaasangolf.wptest02.vdk.fi\/fi\/wp-json\/wp\/v2\/media?parent=1558"}],"curies":[{"name":"wp","href":"https:\/\/api.w.org\/{rel}","templated":true}]}}