{"id":1560,"date":"2021-09-28T17:13:35","date_gmt":"2021-09-28T14:13:35","guid":{"rendered":"https:\/\/vaasangolf.wptest02.vdk.fi\/?page_id=1560"},"modified":"2023-03-07T10:06:25","modified_gmt":"2023-03-07T08:06:25","slug":"liity-jaseneksi","status":"publish","type":"page","link":"https:\/\/vaasangolf.wptest02.vdk.fi\/fi\/vag\/vaasan-golf\/liity-jaseneksi\/","title":{"rendered":"Liity j\u00e4seneksi"},"content":{"rendered":"<h4><strong>TERVETULOA VAASAN GOLFIN J\u00c4SENEKSI!<\/strong><\/h4>\n<p>&nbsp;<\/p>\n<ol>\n<li>T\u00e4yt\u00e4 hakemus netin kautta &#8211; <strong><a href=\"https:\/\/vag.nexgolf.fi\/vag\/golf\/membershipapplication\" target=\"_blank\" rel=\"noopener\">J\u00c4SENHAKEMUS<\/a><\/strong> . K\u00e4sittelemme hakemukset mahdollisimman nopeasti 1-2 p\u00e4iv\u00e4n kuluessa.<\/li>\n<li>Saat hyv\u00e4ksynn\u00e4n j\u00e4lkeen Nexgolfin kautta j\u00e4sennumeron, salasanan ja kirjautumisohjeet Nexgolfiin.<\/li>\n<li>Teemme laskut Nexgolfin profiiliin.<\/li>\n<li>J\u00e4senkortti l\u00f6ytyy s\u00e4hk\u00f6isen\u00e4 Ebirdie -sovelluksen kautta. <strong>Ilmainen Ebirdie -sovellus<\/strong> on ladattavissa puhelimen sovelluskaupan kautta. Ebirdie akvivoituu j\u00e4senmaksusuorituksen j\u00e4lkeen.\u00a0 J\u00e4senvuosi on 1.4.xxxx &#8211; 31.3. xxxx. N\u00e4in ollen Ebirdie p\u00e4ivyttyy kaikille j\u00e4senmaksun maksaneille pelaajille vuosittain 1.4. alkean.<\/li>\n<li>Seuramme on hankkinut kaikkien j\u00e4senten k\u00e4ytt\u00f6\u00f6n <strong>Nexgolf Premiumin<\/strong>. Sen avulla sinun on helppo tehd\u00e4 ajanvarauksia ja vahvistaa l\u00e4ht\u00f6j\u00e4. Voit ladata sen puhelimen sovelluskaupasta.<\/li>\n<li>Mik\u00e4li sinulla on kysymyksi\u00e4, olethan yhteydess\u00e4 toimistoon; toimisto@vag.fi, p. 040-526 8666 Tuula Per\u00e4l\u00e4<\/li>\n<\/ol>\n<p>&nbsp;<\/p>\n<p><strong>SEURAA VAIHTAVA<\/strong> &#8211; Merkitse hakemukseen vanhan seuran j\u00e4sennumero. Suosittelemme ensin liittym\u00e4\u00e4n uuteen seuraan ja eroat sitten vasta vanhasta seurasta. Eroamisilmoitus vanhaan seuraan tulee jokaisen tehd\u00e4 itse.<\/p>\n<p><strong>PALUUMUUTTAJA<\/strong> &#8211; Mik\u00e4li olet aikaisemmin ollut Vaasan Golfin j\u00e4sen, niin merkitse se lis\u00e4tietokohtaan.\u00a0 Voit my\u00f6s ilmoittaa toimistoon j\u00e4senyytesi aktivoimisesta.<\/p>\n<p>&nbsp;<\/p>\n<p><strong>VAASAN GOLFIN J\u00c4SENMAKSUT 2023<\/strong><\/p>\n<ul>\n<li>Aikuiset 130 \u20ac<\/li>\n<li>Juniorit 65 \u20ac (&lt;21 vuotiaat)<\/li>\n<li>T\u00e4m\u00e4n lis\u00e4ksi liittymismaksu 170 \u20ac , t\u00e4m\u00e4 koskee uusia aikuisj\u00e4seni\u00e4.<\/li>\n<\/ul>\n<p>&nbsp;<\/p>\n<p>J\u00e4senmaksu suoritetaan kalenterivuosittain, sis\u00e4lt\u00e4en Golflehden vuosikerran.<\/p>\n<p>J\u00e4senyys on jatkuva ja j\u00e4senille l\u00e4het\u00e4mme s\u00e4hk\u00f6isesti laskut automaattisesti tammikuussa.<\/p>\n<p>J\u00e4seneksi voi liitty\u00e4 milloin vain!<\/p>\n<p>&nbsp;<\/p>\n<h5><strong>Oletko aikeissa vaihtaa seuraa vai onko greencardin suorittamisesta vier\u00e4ht\u00e4nyt aikaa?<\/strong><\/h5>\n<p>Pelaamisen aloittamisen Vaasan Golfissa on helppoa pelipakettien avulla.<\/p>\n<ul>\n<li><strong>ALOITTELIJA \/ SEURANVAIHTAJAPAKETTI<\/strong><\/li>\n<li><strong>Aikuinen 670 \u20ac<\/strong> (sis\u00e4lt\u00e4\u00e4 j\u00e4semaksu +liittymismaksu, kausimaksu +vuokrapelioikeus)<\/li>\n<li><strong>Opiskelija 460 \u20ac<\/strong> (22-29v) (sis\u00e4lt\u00e4\u00e4 j\u00e4senmaksu+liittymismaksu, kausimaksu+vuokrapelioikeus)<\/li>\n<li>N\u00e4m\u00e4 pelipaketit ovat k\u00e4ytett\u00e4viss\u00e4 vain kerran.<\/li>\n<li>Seuraava pelivuotena tulevat hinnaston mukaiset maksut.<\/li>\n<li>Mik\u00e4li k\u00e4yt\u00e4t pelipakettia, merkitse se j\u00e4senhakemuksen lis\u00e4tietoja kohtaan.<\/li>\n<\/ul>\n<p>&nbsp;<\/p>\n<p>Lis\u00e4infoa pelaamisesta Vaasan Golfissa voit tiedustella; toimisto@vag.fi, p. 040 &#8211; 526 8666 \/ Tuula Per\u00e4l\u00e4<\/p>\n","protected":false},"excerpt":{"rendered":"<p>TERVETULOA VAASAN GOLFIN J\u00c4SENEKSI! &nbsp; T\u00e4yt\u00e4 hakemus netin kautta &#8211; J\u00c4SENHAKEMUS . K\u00e4sittelemme hakemukset mahdollisimman nopeasti 1-2 p\u00e4iv\u00e4n kuluessa. Saat hyv\u00e4ksynn\u00e4n j\u00e4lkeen Nexgolfin kautta j\u00e4sennumeron, salasanan ja kirjautumisohjeet Nexgolfiin. Teemme laskut Nexgolfin profiiliin. J\u00e4senkortti l\u00f6ytyy s\u00e4hk\u00f6isen\u00e4 Ebirdie -sovelluksen kautta. Ilmainen Ebirdie -sovellus on ladattavissa puhelimen sovelluskaupan kautta. Ebirdie akvivoituu j\u00e4senmaksusuorituksen j\u00e4lkeen.\u00a0 J\u00e4senvuosi on 1.4.xxxx &#8211; [&hellip;]<\/p>\n","protected":false},"author":2,"featured_media":0,"parent":1552,"menu_order":0,"comment_status":"closed","ping_status":"closed","template":"","meta":{"_expiration-date-status":"","_expiration-date":0,"_expiration-date-type":"","_expiration-date-categories":[],"_expiration-date-options":[]},"acf":[],"_links":{"self":[{"href":"https:\/\/vaasangolf.wptest02.vdk.fi\/fi\/wp-json\/wp\/v2\/pages\/1560"}],"collection":[{"href":"https:\/\/vaasangolf.wptest02.vdk.fi\/fi\/wp-json\/wp\/v2\/pages"}],"about":[{"href":"https:\/\/vaasangolf.wptest02.vdk.fi\/fi\/wp-json\/wp\/v2\/types\/page"}],"author":[{"embeddable":true,"href":"https:\/\/vaasangolf.wptest02.vdk.fi\/fi\/wp-json\/wp\/v2\/users\/2"}],"replies":[{"embeddable":true,"href":"https:\/\/vaasangolf.wptest02.vdk.fi\/fi\/wp-json\/wp\/v2\/comments?post=1560"}],"version-history":[{"count":14,"href":"https:\/\/vaasangolf.wptest02.vdk.fi\/fi\/wp-json\/wp\/v2\/pages\/1560\/revisions"}],"predecessor-version":[{"id":7257,"href":"https:\/\/vaasangolf.wptest02.vdk.fi\/fi\/wp-json\/wp\/v2\/pages\/1560\/revisions\/7257"}],"up":[{"embeddable":true,"href":"https:\/\/vaasangolf.wptest02.vdk.fi\/fi\/wp-json\/wp\/v2\/pages\/1552"}],"wp:attachment":[{"href":"https:\/\/vaasangolf.wptest02.vdk.fi\/fi\/wp-json\/wp\/v2\/media?parent=1560"}],"curies":[{"name":"wp","href":"https:\/\/api.w.org\/{rel}","templated":true}]}}