{"id":1564,"date":"2021-09-28T17:14:11","date_gmt":"2021-09-28T14:14:11","guid":{"rendered":"https:\/\/vaasangolf.wptest02.vdk.fi\/?page_id=1564"},"modified":"2022-03-03T11:02:15","modified_gmt":"2022-03-03T09:02:15","slug":"kraklund-golf","status":"publish","type":"page","link":"https:\/\/vaasangolf.wptest02.vdk.fi\/fi\/vag\/kraklund-golf\/","title":{"rendered":"Kr\u00e5klund Golf"},"content":{"rendered":"<p>Seitsem\u00e4n kilometrin p\u00e4\u00e4ss\u00e4 keskustasta sijaitsevalla Vaasan Kr\u00e5klundin golfkent\u00e4ll\u00e4 pelattiin ensi kerran jo vuonna 1969. Lukuisten muutos- ja laajennust\u00f6iden j\u00e4lkeen kentt\u00e4 valmistui 18-reik\u00e4iseksi kes\u00e4ll\u00e4 1993. Ruotsalainen arkkitehti Bj\u00f6rn Eriksson on vastannut viimeisimpien korjausten ja laajennusten linjauksista. Kentt\u00e4 valmistui 27-reik\u00e4iseksi hein\u00e4kuussa 2006.<\/p>\n<p>Vuonna 1993 valmistuneet rei\u00e4t (vanhat 1-9) muodostavat nyky\u00e4\u00e4n keltaisen kent\u00e4n. Klubilta l\u00e4htev\u00e4 valkoinen ja rangelta l\u00e4hte\u00e4v\u00e4 sininen kentt\u00e4 muodostuvat uusista vuonna 2006 valmistuneista reist\u00e4 ja vanhoista reist\u00e4 10-18. Keltainen kentt\u00e4 on helppo peltomaastoon sijoittuva kentt\u00e4. Valkoinen ja sininen kentt\u00e4 muodostuvat puistossa ja kivikkoisessa mets\u00e4ss\u00e4 kiertelevist\u00e4 reist\u00e4. Sek\u00e4 sininen ett\u00e4 valkoinen kentt\u00e4 ovat eritt\u00e4in vaativia, vaikka v\u00e4yl\u00e4t ovat suhteellisen lyhyit\u00e4.<\/p>\n<p>T\u00e4n\u00e4 p\u00e4iv\u00e4n\u00e4 kentt\u00e4 on miellytt\u00e4v\u00e4 puistokentt\u00e4, joka on riitt\u00e4v\u00e4n haasteellinen osaavallekin pelaajalle, mutta antaa my\u00f6s aloittelijalle mahdollisuuden nauttia pelin sujumisesta kunhan ei jokaista tarjolla olevaa riski\u00e4 ota. Kent\u00e4n korkeuserot eiv\u00e4t ole kovin suuria, joten 27 rei\u00e4st\u00e4 selvi\u00e4\u00e4 vaikka peruskuntoharjoittelu olisi j\u00e4\u00e4nyt hieman v\u00e4hemm\u00e4llekin.<\/p>\n<p>Kent\u00e4n hoidon taso on eritt\u00e4in hyv\u00e4, joten Vaasassa pelataan aina hyvill\u00e4 v\u00e4ylill\u00e4 ja viheri\u00f6ill\u00e4. Karheikkoja on runsaasti, mutta nekin on hoidettuja, joten pallo l\u00f6ytyy helposti \u2013 poisp\u00e4\u00e4sy vaatii pelitaitoa.<\/p>\n<p><strong>Harjoittelumahdollisuudet:<\/strong>\u00a0Suuri range, jossa on my\u00f6s harjoitusbunkkeri, on klubitalon l\u00e4hell\u00e4 ja harjoitusviheri\u00f6 klubitalon edess\u00e4. Kent\u00e4ll\u00e4 on my\u00f6s erillinen l\u00e4hipelin harjoittelualue, jossa on greeni, bunkkeri ja paljon chip- ja pitchtilaa. L\u00e4hipeliharjoittelua varten on my\u00f6s 3 reik\u00e4inen par 3-rata.<\/p>\n<p><strong>Klubitalo:<\/strong>\u00a0Klubitalo on nykyaikainen, tilava ja valoisa. Klubiravintolassa on A-oikeudet. Suuret katetut terassit lis\u00e4\u00e4v\u00e4t k\u00e4ytt\u00f6mukavuutta s\u00e4\u00e4ll\u00e4 kuin s\u00e4\u00e4ll\u00e4. Caddiemaster ja proshop ovat klubitalon tiloissa.<\/p>\n","protected":false},"excerpt":{"rendered":"<p>Seitsem\u00e4n kilometrin p\u00e4\u00e4ss\u00e4 keskustasta sijaitsevalla Vaasan Kr\u00e5klundin golfkent\u00e4ll\u00e4 pelattiin ensi kerran jo vuonna 1969. Lukuisten muutos- ja laajennust\u00f6iden j\u00e4lkeen kentt\u00e4 valmistui 18-reik\u00e4iseksi kes\u00e4ll\u00e4 1993. Ruotsalainen arkkitehti Bj\u00f6rn Eriksson on vastannut viimeisimpien korjausten ja laajennusten linjauksista. Kentt\u00e4 valmistui 27-reik\u00e4iseksi hein\u00e4kuussa 2006. Vuonna 1993 valmistuneet rei\u00e4t (vanhat 1-9) muodostavat nyky\u00e4\u00e4n keltaisen kent\u00e4n. Klubilta l\u00e4htev\u00e4 valkoinen ja rangelta [&hellip;]<\/p>\n","protected":false},"author":2,"featured_media":0,"parent":1548,"menu_order":0,"comment_status":"closed","ping_status":"closed","template":"","meta":{"_expiration-date-status":"","_expiration-date":0,"_expiration-date-type":"","_expiration-date-categories":[],"_expiration-date-options":[]},"acf":[],"_links":{"self":[{"href":"https:\/\/vaasangolf.wptest02.vdk.fi\/fi\/wp-json\/wp\/v2\/pages\/1564"}],"collection":[{"href":"https:\/\/vaasangolf.wptest02.vdk.fi\/fi\/wp-json\/wp\/v2\/pages"}],"about":[{"href":"https:\/\/vaasangolf.wptest02.vdk.fi\/fi\/wp-json\/wp\/v2\/types\/page"}],"author":[{"embeddable":true,"href":"https:\/\/vaasangolf.wptest02.vdk.fi\/fi\/wp-json\/wp\/v2\/users\/2"}],"replies":[{"embeddable":true,"href":"https:\/\/vaasangolf.wptest02.vdk.fi\/fi\/wp-json\/wp\/v2\/comments?post=1564"}],"version-history":[{"count":3,"href":"https:\/\/vaasangolf.wptest02.vdk.fi\/fi\/wp-json\/wp\/v2\/pages\/1564\/revisions"}],"predecessor-version":[{"id":2238,"href":"https:\/\/vaasangolf.wptest02.vdk.fi\/fi\/wp-json\/wp\/v2\/pages\/1564\/revisions\/2238"}],"up":[{"embeddable":true,"href":"https:\/\/vaasangolf.wptest02.vdk.fi\/fi\/wp-json\/wp\/v2\/pages\/1548"}],"wp:attachment":[{"href":"https:\/\/vaasangolf.wptest02.vdk.fi\/fi\/wp-json\/wp\/v2\/media?parent=1564"}],"curies":[{"name":"wp","href":"https:\/\/api.w.org\/{rel}","templated":true}]}}