{"id":1568,"date":"2021-09-28T17:14:48","date_gmt":"2021-09-28T14:14:48","guid":{"rendered":"https:\/\/vaasangolf.wptest02.vdk.fi\/?page_id=1568"},"modified":"2022-03-03T14:00:33","modified_gmt":"2022-03-03T12:00:33","slug":"osaketiedot","status":"publish","type":"page","link":"https:\/\/vaasangolf.wptest02.vdk.fi\/fi\/vag\/kraklund-golf\/osaketiedot\/","title":{"rendered":"Osaketiedot"},"content":{"rendered":"<p>Yhti\u00f6 on perustettu 1989. Yhti\u00f6n tarkoituksena on yll\u00e4pit\u00e4\u00e4 golfkentt\u00e4\u00e4. Yhti\u00f6n osakep\u00e4\u00e4omaon enint\u00e4\u00e4n 1.984.760.000 euroa on jaettu 1.682 euron nimellisarvoisiin osakkeisiin. Yhti\u00f6n osakekanta on jaettu A, B, C ,D ja K-sarjan osakkeisiin seuraavasti:<\/p>\n<ul>\n<li>A- sarja max 1180 osaketta<\/li>\n<li>B- sarja max 200 osaketta<\/li>\n<li>C- sarja max 100 osaketta<\/li>\n<li>D- sarja max 20 osaketta<\/li>\n<li>K- sarja<\/li>\n<\/ul>\n<p>A- sarjan osakkeet antavat yhden (1) pelioikeuden, B-sarjan kaksi (2) pelioikeutta, C- sarjan kolme (3) pelioikeutta ja D-sarjan osake yhden (1) pelioikeuden. K- sarjan osakkeissa ei ole pelioikeuksia.<br \/>\nC-sarjan osakkeessa yhden (1) pelioikeuden voi muuttaa 40 kpl yhden p\u00e4iv\u00e4n k\u00e4ytt\u00f6\u00f6n oikeuttavina pelilippuina, joista peritt\u00e4v\u00e4n korvauksen hallitus vuosittain p\u00e4\u00e4tt\u00e4\u00e4.<\/p>\n<p>D -sarjan osakkeeseen kuuluu pelioikeuden lis\u00e4ksi 20 kpl pelilippua, joista peritt\u00e4v\u00e4n korvauksen hallitus vuosittain p\u00e4\u00e4tt\u00e4\u00e4.<\/p>\n<p>Muissa sarjoissa tulee osakkeenomistajan nimet\u00e4 kukin pelioikeus yhdelle henkil\u00f6lle koko kaudeksi.<\/p>\n<p>Pelioikeuden k\u00e4ytt\u00f6 edellytt\u00e4\u00e4, ett\u00e4 kausimaksu ko. osakkeesta on suoritettu. Pelioikeusilmoitus tehd\u00e4\u00e4n vuosittain.<\/p>\n","protected":false},"excerpt":{"rendered":"<p>Yhti\u00f6 on perustettu 1989. Yhti\u00f6n tarkoituksena on yll\u00e4pit\u00e4\u00e4 golfkentt\u00e4\u00e4. Yhti\u00f6n osakep\u00e4\u00e4omaon enint\u00e4\u00e4n 1.984.760.000 euroa on jaettu 1.682 euron nimellisarvoisiin osakkeisiin. Yhti\u00f6n osakekanta on jaettu A, B, C ,D ja K-sarjan osakkeisiin seuraavasti: A- sarja max 1180 osaketta B- sarja max 200 osaketta C- sarja max 100 osaketta D- sarja max 20 osaketta K- sarja A- [&hellip;]<\/p>\n","protected":false},"author":2,"featured_media":0,"parent":1564,"menu_order":0,"comment_status":"closed","ping_status":"closed","template":"","meta":{"_expiration-date-status":"","_expiration-date":0,"_expiration-date-type":"","_expiration-date-categories":[],"_expiration-date-options":[]},"acf":[],"_links":{"self":[{"href":"https:\/\/vaasangolf.wptest02.vdk.fi\/fi\/wp-json\/wp\/v2\/pages\/1568"}],"collection":[{"href":"https:\/\/vaasangolf.wptest02.vdk.fi\/fi\/wp-json\/wp\/v2\/pages"}],"about":[{"href":"https:\/\/vaasangolf.wptest02.vdk.fi\/fi\/wp-json\/wp\/v2\/types\/page"}],"author":[{"embeddable":true,"href":"https:\/\/vaasangolf.wptest02.vdk.fi\/fi\/wp-json\/wp\/v2\/users\/2"}],"replies":[{"embeddable":true,"href":"https:\/\/vaasangolf.wptest02.vdk.fi\/fi\/wp-json\/wp\/v2\/comments?post=1568"}],"version-history":[{"count":4,"href":"https:\/\/vaasangolf.wptest02.vdk.fi\/fi\/wp-json\/wp\/v2\/pages\/1568\/revisions"}],"predecessor-version":[{"id":3218,"href":"https:\/\/vaasangolf.wptest02.vdk.fi\/fi\/wp-json\/wp\/v2\/pages\/1568\/revisions\/3218"}],"up":[{"embeddable":true,"href":"https:\/\/vaasangolf.wptest02.vdk.fi\/fi\/wp-json\/wp\/v2\/pages\/1564"}],"wp:attachment":[{"href":"https:\/\/vaasangolf.wptest02.vdk.fi\/fi\/wp-json\/wp\/v2\/media?parent=1568"}],"curies":[{"name":"wp","href":"https:\/\/api.w.org\/{rel}","templated":true}]}}