{"id":1572,"date":"2021-09-28T17:15:54","date_gmt":"2021-09-28T14:15:54","guid":{"rendered":"https:\/\/vaasangolf.wptest02.vdk.fi\/?page_id=1572"},"modified":"2023-07-14T07:44:14","modified_gmt":"2023-07-14T04:44:14","slug":"osakasedut","status":"publish","type":"page","link":"https:\/\/vaasangolf.wptest02.vdk.fi\/fi\/vag\/kraklund-golf\/osakasedut\/","title":{"rendered":"Osakasedut"},"content":{"rendered":"<p>&nbsp;<\/p>\n<p>Osakaskortilla saat yhden kierroksen puoleen hintaan kaikilla osakaskorttikentill\u00e4. Etu on k\u00e4ytett\u00e4viss\u00e4 yhden kerran\/kentt\u00e4 vaikka olisit useamman kent\u00e4n osakas.<\/p>\n<p>Jaettu kortti sis\u00e4lt\u00f6ineen n\u00e4kyy Cardun lompakossa.<\/p>\n<p>Varmistathan ett\u00e4 oikeat yhteystietosi (puhelinnumero ja s\u00e4hk\u00f6posti) ovat seuran k\u00e4yt\u00f6ss\u00e4 (sy\u00f6tetty Nexgolf j\u00e4rjestelm\u00e4\u00e4n), jotta saat osakaskortin k\u00e4ytt\u00f6\u00f6si.<\/p>\n<p>Mik\u00e4li sinulla on jotain kysytt\u00e4v\u00e4\u00e4 tai haasteita, saat apua osoitteesta support@cardu.com.<\/p>\n<ol>\n<li>Asenna Cardu-sovellus matkapuhelimeen tai mobiililaitteeseen joko Google Play (Android) tai App Store (iPhone) -sovelluskaupasta.<\/li>\n<li>Rekister\u00f6idy Carduun k\u00e4ytt\u00e4j\u00e4ksi avaamalla sovellus ja valitsemalla sielt\u00e4 \u201dUusi tili\u201d.<\/li>\n<li>T\u00e4yt\u00e4 pakolliset kent\u00e4t: etunimi, sukunimi, k\u00e4ytt\u00e4j\u00e4tunnus (s\u00e4hk\u00f6postiosoitteesi), mobiilinumero (puhelinnumerosi) ja valitsemasi salasana.<\/li>\n<li>Vahvista Cardu-tunnukseen liitetty puhelinnumero 4-numeroisella koodilla, joka tulee annettuun puhelinnumeroon tekstiviestin\u00e4.<\/li>\n<\/ol>\n<p>Lis\u00e4tietoja\u00a0<a href=\"https:\/\/www.cardu.com\/\" target=\"_blank\" rel=\"noopener noreferrer\">Cardu-sovelluksesta<\/a><\/p>\n<p>Lyhyt ohje miten Carduun ladattu pelioikeus k\u00e4ytet\u00e4\u00e4n:\u00a0<a href=\"https:\/\/vaasangolf.wptest02.vdk.fi\/wp-content\/uploads\/sites\/41\/2020\/04\/Kupongin-ja-leimapassin-k%C3%A4ytt%C3%B6-Cardu-sovelluksessa.pdf\" target=\"_blank\" rel=\"noopener noreferrer\">Kupongin ja leimapassin k\u00e4ytt\u00f6 Cardu-sovelluksessa<\/a><\/p>\n<p>Cardu-sovelluksen kautta\u00a0 <strong><u>-50%<\/u>\u00a0grenfee alennuksen lis\u00e4ksi seuraavilta kentilt\u00e4:\u00a0<\/strong><\/p>\n<ol>\n<li>Botnia Golf<\/li>\n<li>Golf-Virrat<\/li>\n<li>H\u00e4rm\u00e4 Golf<\/li>\n<li>Jakobstad \u2013 Pietarsaari Golf<\/li>\n<li>J\u00e4rviseudun Golf<\/li>\n<li>Kalajoki Golf<\/li>\n<li>Katinkulta Golf<\/li>\n<li>Kemi Golf<\/li>\n<li>Kokkolan Golf<\/li>\n<li>Kuortane Golf<\/li>\n<li>Nivalanseudun Golf<\/li>\n<li>Oulun Golf<\/li>\n<li>Raahentienoon Golf<\/li>\n<li>Remson Golf<\/li>\n<li>Ruuhikoski Golf<\/li>\n<li>Santa Claus Golf<\/li>\n<li>St. Lake Golf<\/li>\n<li>Virpiniemi Golf<\/li>\n<li>V\u00f6yrin Golf<\/li>\n<li>\u00c4ht\u00e4rin Golf<\/li>\n<li>Tornio Golf<\/li>\n<\/ol>\n<p>&nbsp;<\/p>\n<p>&nbsp;<\/p>\n<p><strong>Lis\u00e4ksi seuraavat edut voimassa Cardu-osakaskorttia n\u00e4ytett\u00e4ess\u00e4 ainoastaan Oy Kr\u00e5klund Golf Ab:n osakkeenomistajalle Vaasassa:<\/strong><\/p>\n<ul>\n<li>omistajan vieraan greenfee 35\u20ac ( max 3 vieraspelaajaa\/l\u00e4ht\u00f6 ).<\/li>\n<li>golfauto vuokra 25 \u20ac (kausimaksu maksettuna)<\/li>\n<li>ruokatuotteista -10% (ei koske makeiset, j\u00e4\u00e4tel\u00f6, alkoholituotteet, virvokkeet)<\/li>\n<li>5-kortti 200\u20ac<\/li>\n<li>10-kortti 350\u20ac<\/li>\n<li>-50% alennus magnettinapin lis\u00e4lautauksista (alennus lasketaan normaalihinnasta)<\/li>\n<li>Osakkailla etuoikeus vapautuviin b\u00e4gikaappeihin<\/li>\n<li>Osakasl\u00e4ht\u00f6 aina tasatunnein, esimerkiksi 10:00 l\u00e4ht\u00f6 on pelk\u00e4st\u00e4\u00e4n osakkaan varattavissa. Jos l\u00e4ht\u00f6\u00e4 ei olla varattu edellisen p\u00e4iv\u00e4n kello 21:00 menness\u00e4, l\u00e4ht\u00f6aika vapautuu muille pelaajille.<\/li>\n<li>Osakkaalla on oikeus varata l\u00e4ht\u00f6aikoja 14 p\u00e4iv\u00e4n p\u00e4\u00e4h\u00e4n, maksimissaan 7 l\u00e4ht\u00f6aikaa itselleen, kaikille l\u00e4ht\u00f6vuoroille, ei pelk\u00e4st\u00e4\u00e4n osakasl\u00e4ht\u00f6\u00f6n.<\/li>\n<\/ul>\n<p>&nbsp;<\/p>\n<p>Edut saa ainoastaan esitt\u00e4m\u00e4ll\u00e4 Cardu-osakaskortin ja ovat henkil\u00f6kohtaisia. Edut eiv\u00e4t koske kilpailumaksuja.<\/p>\n<p>Oy Kr\u00e5klund Golf Ab varaa oikeuden tehd\u00e4 muutoksia etuisuuksiin kauden 2023 aikana.<\/p>\n","protected":false},"excerpt":{"rendered":"<p>&nbsp; Osakaskortilla saat yhden kierroksen puoleen hintaan kaikilla osakaskorttikentill\u00e4. Etu on k\u00e4ytett\u00e4viss\u00e4 yhden kerran\/kentt\u00e4 vaikka olisit useamman kent\u00e4n osakas. Jaettu kortti sis\u00e4lt\u00f6ineen n\u00e4kyy Cardun lompakossa. Varmistathan ett\u00e4 oikeat yhteystietosi (puhelinnumero ja s\u00e4hk\u00f6posti) ovat seuran k\u00e4yt\u00f6ss\u00e4 (sy\u00f6tetty Nexgolf j\u00e4rjestelm\u00e4\u00e4n), jotta saat osakaskortin k\u00e4ytt\u00f6\u00f6si. Mik\u00e4li sinulla on jotain kysytt\u00e4v\u00e4\u00e4 tai haasteita, saat apua osoitteesta support@cardu.com. Asenna Cardu-sovellus [&hellip;]<\/p>\n","protected":false},"author":2,"featured_media":0,"parent":1564,"menu_order":0,"comment_status":"closed","ping_status":"closed","template":"","meta":{"_expiration-date-status":"","_expiration-date":0,"_expiration-date-type":"","_expiration-date-categories":[],"_expiration-date-options":[]},"acf":[],"_links":{"self":[{"href":"https:\/\/vaasangolf.wptest02.vdk.fi\/fi\/wp-json\/wp\/v2\/pages\/1572"}],"collection":[{"href":"https:\/\/vaasangolf.wptest02.vdk.fi\/fi\/wp-json\/wp\/v2\/pages"}],"about":[{"href":"https:\/\/vaasangolf.wptest02.vdk.fi\/fi\/wp-json\/wp\/v2\/types\/page"}],"author":[{"embeddable":true,"href":"https:\/\/vaasangolf.wptest02.vdk.fi\/fi\/wp-json\/wp\/v2\/users\/2"}],"replies":[{"embeddable":true,"href":"https:\/\/vaasangolf.wptest02.vdk.fi\/fi\/wp-json\/wp\/v2\/comments?post=1572"}],"version-history":[{"count":9,"href":"https:\/\/vaasangolf.wptest02.vdk.fi\/fi\/wp-json\/wp\/v2\/pages\/1572\/revisions"}],"predecessor-version":[{"id":8503,"href":"https:\/\/vaasangolf.wptest02.vdk.fi\/fi\/wp-json\/wp\/v2\/pages\/1572\/revisions\/8503"}],"up":[{"embeddable":true,"href":"https:\/\/vaasangolf.wptest02.vdk.fi\/fi\/wp-json\/wp\/v2\/pages\/1564"}],"wp:attachment":[{"href":"https:\/\/vaasangolf.wptest02.vdk.fi\/fi\/wp-json\/wp\/v2\/media?parent=1572"}],"curies":[{"name":"wp","href":"https:\/\/api.w.org\/{rel}","templated":true}]}}