{"id":2211,"date":"2022-02-15T10:56:09","date_gmt":"2022-02-15T08:56:09","guid":{"rendered":"https:\/\/vaasangolf.wptest02.vdk.fi\/?page_id=2211"},"modified":"2023-08-15T12:33:11","modified_gmt":"2023-08-15T09:33:11","slug":"alkeiskurssiaikataulut","status":"publish","type":"page","link":"https:\/\/vaasangolf.wptest02.vdk.fi\/fi\/palvelut\/alkeiskurssit\/alkeiskurssiaikataulut\/","title":{"rendered":"Alkeiskurssiaikataulut"},"content":{"rendered":"<h1 class=\"entry-title post-title\">Alkeiskurssiaikataulut<\/h1>\n<div class=\"post-entry\">\n<p class=\"_04xlpA direction-ltr align-center para-style-subtitle\"><span class=\"JsGRdQ\">Kurssien j\u00e4rjest\u00e4misen edellytyksen\u00e4 on, ett\u00e4 niihin on ilmoittautunut riitt\u00e4v\u00e4 m\u00e4\u00e4r\u00e4 osallistujia (8), joten kurssiaikatauluihin voi tulla muutoksia ja Vaasan Golf pid\u00e4tt\u00e4\u00e4 oikeuden muutoksiin.<\/span><\/p>\n<p class=\"_04xlpA direction-ltr align-center para-style-subtitle\"><span class=\"JsGRdQ\">A<\/span><span class=\"JsGRdQ\">lkeiskurssiaikataulut julkaistaan noin kuukaudeksi kerrallaan ja niit\u00e4 lis\u00e4t\u00e4\u00e4n tarpeen mukaan. Yritykset voivat olla suoraan yhteydess\u00e4 toiminnanjohtajaan, mik\u00e4li haluatte j\u00e4rjest\u00e4\u00e4 alkeiskursseja henkil\u00f6kunnalle\/asiakkaille.<\/span><\/p>\n<p>Alkeiskurssile voit ilmoittautua s\u00e4hk\u00f6postilla. Pakollisia tietoja ilmoittautumisen yhteydess\u00e4 ovat: <strong>etu- ja sukunimi, s\u00e4hk\u00f6postiosoite, puhelinnumero, osoitetiedot<\/strong>\u00a0lis\u00e4ksi pyyd\u00e4mme, ett\u00e4 ilmoittaisitte\u00a0<strong>syntym\u00e4aikanne (pp.kk.vvvv)<\/strong>, jotta voimme luoda teille j\u00e4senyyden valmiiksi ennen kurssin alkamista. Seuran j\u00e4senyyteen kuuluu my\u00f6s\u00a0<strong><a href=\"https:\/\/golf.fi\/pelaajalle\/jasenedut-ja-vakuutusturva\/\" target=\"_blank\" rel=\"noopener noreferrer\">vakuutus ja muita golfliiton tarjoamia etuja<\/a><\/strong>.<\/p>\n<p class=\"_04xlpA direction-ltr align-center para-style-subtitle\">Kurssimaksu 245\u20ac (alle 15-vuotiaat 160\u20ac) tulee maksaa ennen kurssille osallistumista ja se voidaan maksaa kurssille tullessa golfklubin palvelutiskille tai etuk\u00e4teen Oy Kr\u00e5klund Golf Ab:n tilille:\u00a0<strong>FI05 2052 1800 0721 27<\/strong>\u00a0viitekoodilla:\u00a0<strong>8882<\/strong>.<\/p>\n<p>&nbsp;<\/p>\n<h2><strong>Tulevia kursseja 2023;<\/strong><\/h2>\n<p>Seuraavat kurssit j\u00e4rjestet\u00e4\u00e4n kev\u00e4\u00e4ll\u00e4 2024.<\/p>\n<\/div>\n<p>Mik\u00e4li sinulla kaveri- tai ty\u00f6porukka, joka on kiinnostunut alkeiskurssista, otathan yhteytt\u00e4 Tuula Per\u00e4l\u00e4, toimisto@vag.fi<\/p>\n<p>p. 040 &#8211; 526 8666. R\u00e4\u00e4t\u00e4l\u00f6imme teille sopivan kurssin viel\u00e4 t\u00e4n\u00e4 syksyn\u00e4.<\/p>\n<div class=\"post-entry\">\n<p>&nbsp;<\/p>\n<p><em><strong>Tervetuloa mukaan ja varmista ajoissa paikkasi alkeiskurssille!<\/strong><\/em><\/p>\n<p>Ilmoittautuminen kurssille, toimisto@vag.fi<\/p>\n<p>Yhdelle alkeiskurssille otetaan 8 osallistujaa ja kurssin toteutuminen vaatii 8 osallistujaa, muissa tapauksissa yhdist\u00e4mme kursseja.<\/p>\n<p>Kerro ilmoittautumisen yhteydess\u00e4, osoitetiedot, puhelinnumero ja s\u00e4hk\u00f6posti<\/p>\n<\/div>\n<div class=\"post-entry\">\n<p>Lis\u00e4tietoja kursseista voi kysy\u00e4;<a href=\"mailto:toimisto@vag.fi\"><br \/>\ntoimisto@vag.fi<\/a><\/p>\n<p>Takaisin <a href=\"https:\/\/vaasangolf.wptest02.vdk.fi\/palvelut\/alkeiskurssit\/\">Alkeiskurssit &#8211; sivulle!<\/a><\/p>\n<\/div>\n","protected":false},"excerpt":{"rendered":"<p>Alkeiskurssiaikataulut Kurssien j\u00e4rjest\u00e4misen edellytyksen\u00e4 on, ett\u00e4 niihin on ilmoittautunut riitt\u00e4v\u00e4 m\u00e4\u00e4r\u00e4 osallistujia (8), joten kurssiaikatauluihin voi tulla muutoksia ja Vaasan Golf pid\u00e4tt\u00e4\u00e4 oikeuden muutoksiin. Alkeiskurssiaikataulut julkaistaan noin kuukaudeksi kerrallaan ja niit\u00e4 lis\u00e4t\u00e4\u00e4n tarpeen mukaan. Yritykset voivat olla suoraan yhteydess\u00e4 toiminnanjohtajaan, mik\u00e4li haluatte j\u00e4rjest\u00e4\u00e4 alkeiskursseja henkil\u00f6kunnalle\/asiakkaille. Alkeiskurssile voit ilmoittautua s\u00e4hk\u00f6postilla. Pakollisia tietoja ilmoittautumisen yhteydess\u00e4 ovat: etu- [&hellip;]<\/p>\n","protected":false},"author":5,"featured_media":0,"parent":1532,"menu_order":0,"comment_status":"closed","ping_status":"closed","template":"","meta":{"_expiration-date-status":"","_expiration-date":0,"_expiration-date-type":"","_expiration-date-categories":[],"_expiration-date-options":[]},"acf":[],"_links":{"self":[{"href":"https:\/\/vaasangolf.wptest02.vdk.fi\/fi\/wp-json\/wp\/v2\/pages\/2211"}],"collection":[{"href":"https:\/\/vaasangolf.wptest02.vdk.fi\/fi\/wp-json\/wp\/v2\/pages"}],"about":[{"href":"https:\/\/vaasangolf.wptest02.vdk.fi\/fi\/wp-json\/wp\/v2\/types\/page"}],"author":[{"embeddable":true,"href":"https:\/\/vaasangolf.wptest02.vdk.fi\/fi\/wp-json\/wp\/v2\/users\/5"}],"replies":[{"embeddable":true,"href":"https:\/\/vaasangolf.wptest02.vdk.fi\/fi\/wp-json\/wp\/v2\/comments?post=2211"}],"version-history":[{"count":94,"href":"https:\/\/vaasangolf.wptest02.vdk.fi\/fi\/wp-json\/wp\/v2\/pages\/2211\/revisions"}],"predecessor-version":[{"id":8949,"href":"https:\/\/vaasangolf.wptest02.vdk.fi\/fi\/wp-json\/wp\/v2\/pages\/2211\/revisions\/8949"}],"up":[{"embeddable":true,"href":"https:\/\/vaasangolf.wptest02.vdk.fi\/fi\/wp-json\/wp\/v2\/pages\/1532"}],"wp:attachment":[{"href":"https:\/\/vaasangolf.wptest02.vdk.fi\/fi\/wp-json\/wp\/v2\/media?parent=2211"}],"curies":[{"name":"wp","href":"https:\/\/api.w.org\/{rel}","templated":true}]}}