{"id":2218,"date":"2022-02-15T11:15:29","date_gmt":"2022-02-15T09:15:29","guid":{"rendered":"https:\/\/vaasangolf.wptest02.vdk.fi\/?page_id=2218"},"modified":"2022-03-03T13:48:14","modified_gmt":"2022-03-03T11:48:14","slug":"alkeiskurssit-tutustu-golfiin","status":"publish","type":"page","link":"https:\/\/vaasangolf.wptest02.vdk.fi\/fi\/palvelut\/alkeiskurssit\/alkeiskurssit-tutustu-golfiin\/","title":{"rendered":"Alkeiskurssit -tutustu golfiin"},"content":{"rendered":"<h1 class=\"entry-title post-title\">Alkeiskurssit \u2013 tutustu golfiin<\/h1>\n<div class=\"post-entry\">\n<h2><strong>Golf tarjoaa el\u00e4m\u00e4n pituisen harrastuksen<\/strong><\/h2>\n<p>Tutkimusten mukaan golf pident\u00e4\u00e4 elinik\u00e4\u00e4 5 vuotta. Parhaimmillaan Golf kierroksen aikana k\u00e4vell\u00e4\u00e4n luonnossa viidest\u00e4 kymmeneen kilometri\u00e4 turvallisessa ja hyvin hoidetussa sek\u00e4 vaihtelevassa\u00a0 kentt\u00e4ymp\u00e4rist\u00f6ss\u00e4. Golfin voi aloittaa miss\u00e4 i\u00e4ss\u00e4 tahansa. Laji voi toimia harrastuksena muiden harrastusten lomassa tai vaikka p\u00e4\u00e4lajina kilpailemisessa.<\/p>\n<p>Seuraavassa on esitelty perusteet golfin tekniseen puolen lis\u00e4ksi my\u00f6s t\u00e4rkeimpiin s\u00e4\u00e4nt\u00f6hin ja k\u00e4yt\u00f6stapoihin, joita lajissa noudatetaan.<\/p>\n<hr \/>\n<h2><strong>Golfly\u00f6nnit \u2013 perusteet<\/strong><\/h2>\n<p>Golf on mailapeli, mist\u00e4 syyst\u00e4 mm. moni j\u00e4\u00e4kiekkolija on joko uransa aikana on pelannut golfia harrastuksena ja\/tai ottanut \u201del\u00e4kkeell\u00e4\u201d golfin p\u00e4\u00e4lajikseen. Golfissa pelatessa tarvitaan useita erilaisia ly\u00f6ntej\u00e4, joiden perusteet oppii parhaiten alkeiskurssilla. Ly\u00f6ntivalikoima karttuu harjoittelun ja pelikokemuksen my\u00f6t\u00e4. Seuraavassa on esitetty ly\u00f6ntej\u00e4 siin\u00e4 j\u00e4rjestyksess\u00e4, kuin ne yleens\u00e4 kent\u00e4ll\u00e4 v\u00e4yl\u00e4\u00e4 pelatessa suoritetaan. Google ja youtube toimivat hyvin\u00e4 apureina, kun haluaa etsi\u00e4 lis\u00e4tietoa. Oheen on poimittu lyhyit\u00e4 videoesimerkkej\u00e4\u00a0 eri ly\u00f6ntitekniikoista.<\/p>\n<p>Kuitenkin ennen ly\u00f6ntitekniikoita on opeteltava mailaote eli grippi, joka on yksi golfin oleellisimpia asioita. Oheisella videolla Golf Pro (ammattilainen) Mikeal Piltz esitt\u00e4\u00e4\u00a0<strong><a href=\"https:\/\/www.youtube.com\/watch?v=MaXaMNin1LM\" target=\"_blank\" rel=\"noopener noreferrer\">videolla \u2013 gripin muodostamisen<\/a><\/strong>. Golfly\u00f6nteihin oleellisesti vaikuttavat my\u00f6s\u00a0 seuraavilla videoilla Mikael Piltzin esitt\u00e4m\u00e4t perusteet\u00a0<strong><a href=\"https:\/\/www.youtube.com\/watch?v=ezpci76-Ouw\" target=\"_blank\" rel=\"noopener noreferrer\">video \u2013 alkuasento<\/a><\/strong>\u00a0ja\u00a0<strong><a href=\"https:\/\/www.youtube.com\/watch?v=narw-Zta2TY\" target=\"_blank\" rel=\"noopener noreferrer\">video \u2013 vartalon kierto<\/a><\/strong>.<\/p>\n<h3><strong>Avausly\u00f6nti\u00a0<\/strong><\/h3>\n<p>Golfissa avausly\u00f6nnit suoritetaan vuorotellen, yleens\u00e4 edellisen rei\u00e4n tulosten mukaisessa j\u00e4rjestyksess\u00e4, mutta kuitenkin niin, ett\u00e4 kauimmaiselta tiilt\u00e4 (avauspaikalta) pelaavat ly\u00f6v\u00e4t aina ensin.<\/p>\n<p>Avausly\u00f6nnin voi ly\u00f6d\u00e4 mill\u00e4 tahansa mailalla. Yleens\u00e4 mahdollisimman pitk\u00e4lle p\u00e4\u00e4tyv\u00e4 ly\u00f6nti helpottaa jatkoly\u00f6nti\u00e4, joten moni valitsee avausly\u00f6ntiin mailakseen draiverin tai muun puumailan, joilla ly\u00f6d\u00e4\u00e4n pisimm\u00e4t ly\u00f6nnit. Draiverilla ly\u00f6ty\u00e4 avausly\u00f6nti\u00e4 kutsutaan draiviksi.<\/p>\n<p>Par 3 -rei\u2019ill\u00e4 (v\u00e4yl\u00e4, jonka ihannetulos on 3 ly\u00f6nti\u00e4), joilla pallo yritet\u00e4\u00e4n ly\u00f6d\u00e4 heti viheri\u00f6lle tai rei\u00e4n tuntumaan, avausly\u00f6nti ly\u00f6d\u00e4\u00e4n sellaisella mailalla, jolla pallo lent\u00e4\u00e4 juuri halutun mittaisen matkan.<\/p>\n<p>Par 4 ja par 5 -rei\u2019ill\u00e4 (ihannetulos 4 tai 5 ly\u00f6nti\u00e4) avausly\u00f6nti pyrit\u00e4\u00e4n ly\u00f6m\u00e4\u00e4n v\u00e4yl\u00e4lle, jolta jatkoly\u00f6nti on helpompi ly\u00f6d\u00e4 kuin karheikosta. Lyhimmill\u00e4 par 4 -rei\u2019ill\u00e4 pitk\u00e4ly\u00f6ntiset pelaajat yritt\u00e4v\u00e4t joskus ly\u00f6d\u00e4 avausly\u00f6ntins\u00e4 jopa suoraan viheri\u00f6lle.<\/p>\n<p><strong><a href=\"https:\/\/www.youtube.com\/watch?v=S8w3Ts6ptsg\" target=\"_blank\" rel=\"noopener noreferrer\">Video \u2013 draivi<\/a><\/strong><\/p>\n<h3><strong>Pitk\u00e4 ly\u00f6nti<\/strong><\/h3>\n<p>Normaali pitk\u00e4 ly\u00f6nti ly\u00f6d\u00e4\u00e4n t\u00e4ydell\u00e4 svingill\u00e4, vapaavalintaisella mailalla. Ly\u00f6ntipituudet vaihtelevat mailasta ja pelaajasta riippuen noin 80 metrist\u00e4 aina jopa 300 metriin asti.<\/p>\n<p><strong><a href=\"https:\/\/www.youtube.com\/watch?v=DZR1459ObV0\" target=\"_blank\" rel=\"noopener noreferrer\">Video \u2013 laatua harjoitteluun<\/a><\/strong><\/p>\n<h3><strong>Pitchi<\/strong><\/h3>\n<p>Pitchi on l\u00e4hestymisly\u00f6nti, joka ly\u00f6d\u00e4\u00e4n viheri\u00f6lle noin 20\u201380 metrin matkalta. Pitchin lentokaari on korkea ja onnistuneessa ly\u00f6nniss\u00e4 pallo pys\u00e4htyy viheri\u00f6ll\u00e4 nopeasti jyrk\u00e4n alastulokulman ja voimakkaan alakierteen ansiosta.<\/p>\n<h3><strong>Chippi<\/strong><\/h3>\n<p>Chippi on pitchi\u00e4 matalampi ja pidemm\u00e4lle rullaava ly\u00f6nti, jota k\u00e4ytet\u00e4\u00e4n tilanteissa, kun pallo on jo l\u00e4hell\u00e4 viheri\u00f6t\u00e4. Chipiss\u00e4 tarkoituksena on nostaa pallo ilmaan ja pudottaa se viheri\u00f6lle, jossa se rullaa l\u00e4helle reik\u00e4\u00e4 ja joskus jopa reik\u00e4\u00e4n.<\/p>\n<p><strong><a href=\"https:\/\/www.youtube.com\/watch?v=ELcZ7ZPKTzI\" target=\"_blank\" rel=\"noopener noreferrer\">video \u2013 chippi v\u00e4yl\u00e4lt\u00e4<\/a><\/strong><\/p>\n<h3><strong>Bunkkerily\u00f6nti<\/strong><\/h3>\n<p>Kun ly\u00f6t\u00e4v\u00e4 matka on lyhyt, hiekkaesteess\u00e4 k\u00e4ytet\u00e4\u00e4n yleens\u00e4 hiekkamailaa eli sand wedge\u00e4. Ly\u00f6nnin tarkoitus on nostaa pallo pois bunkkerista ja mahdollisimman l\u00e4helle reik\u00e4\u00e4. Bunkkerily\u00f6nniss\u00e4 tekniikka on hieman erilainen kuin normaalissa ly\u00f6nniss\u00e4, sill\u00e4 ly\u00f6nniss\u00e4 yritet\u00e4\u00e4n pallon sijaan osua hiekkaan pallon takana ja alla, ja nostaa pallo viheri\u00f6lle sinkoutuvan hiekan ty\u00f6nt\u00f6voiman avulla.<\/p>\n<p>V\u00e4yl\u00e4bunkkereissa, joista on viel\u00e4 pitk\u00e4 matka lipulle, voidaan k\u00e4ytt\u00e4\u00e4 l\u00e4hes mit\u00e4 mailaa tahansa riippuen pallon paikasta, tavoitellusta et\u00e4isyydest\u00e4 ja pelaajan taidoista.<\/p>\n<p><strong><a href=\"https:\/\/www.youtube.com\/watch?v=9Mp1S1gsUGk\" target=\"_blank\" rel=\"noopener noreferrer\">video \u2013 bunkkerily\u00f6nnin perusteet<\/a><\/strong><\/p>\n<h3><strong>Putti<\/strong><\/h3>\n<p>Putterilla ly\u00f6d\u00e4\u00e4n (putataan) viheri\u00f6ll\u00e4 ja joskus viheri\u00f6n reuna-alueilla. Putissa pallo ei nouse ilmaan, vaan rullaa viheri\u00f6n pinnalla reik\u00e4\u00e4n tai sit\u00e4 kohti.<\/p>\n<p><strong><a href=\"https:\/\/www.youtube.com\/watch?v=qmP5fCHyo6Y\" target=\"_blank\" rel=\"noopener noreferrer\">video \u2013 puttaaminen<\/a><\/strong><\/p>\n<hr \/>\n<h2><strong>Lyhyesti golfs\u00e4\u00e4nn\u00f6ist\u00e4<\/strong><\/h2>\n<p>Golf perustuu paljolti pelaajan rehellisyyteen ja kolmeen p\u00e4\u00e4periaatteeseen:<\/p>\n<ol>\n<li><strong>Pelaa kentt\u00e4 sellaisena, kuin se on<\/strong><\/li>\n<li><strong>Pelaa pallo sijaintipaikaltaan.<\/strong><\/li>\n<li><strong>Jos ei kyet\u00e4 pelaamaan kummankaan periaatteen mukaisesti, niin sitten palloa pelataan s\u00e4\u00e4nt\u00f6jen mukaisesti.<\/strong><\/li>\n<\/ol>\n<p>T\u00e4rkeimpi\u00e4 aloittelijan tarvitsemia s\u00e4\u00e4nt\u00f6j\u00e4 voi tarkastella\u00a0<strong><a href=\"https:\/\/golf.fi\/pelaajalle\/saannot\/\" target=\"_blank\" rel=\"noopener noreferrer\">Suomen Golfliiton kotisivuilta<\/a><\/strong>\u00a0tai sivulta\u00a0<strong><a href=\"https:\/\/golfpiste.com\/aloita-golf\/saannot\/\" target=\"_blank\" rel=\"noopener noreferrer\">Golfpiste.com<\/a><\/strong>.<\/p>\n<p>Mik\u00e4li golfissa haluaa kilpailla tai vaikkapa toimia tuomarina, voi osallistua seuran j\u00e4rjest\u00e4mille s\u00e4\u00e4nt\u00f6kursseille tai itseopiskella\u00a0<strong><a href=\"https:\/\/golf.fi\/wp-content\/uploads\/2019\/01\/FIN_rules_of_golf-players_guide.pdf\" target=\"_blank\" rel=\"noopener noreferrer\">s\u00e4\u00e4nt\u00f6kirjaa<\/a><\/strong>\u00a0tarkemmin.<\/p>\n<hr \/>\n<h2><strong>Golfk\u00e4ytt\u00e4ytyminen<\/strong><\/h2>\n<p>Golfia aloittavan tulisi ymm\u00e4rt\u00e4\u00e4 golfk\u00e4ytt\u00e4ytymisest\u00e4 ainakin seuraavat asiat: fore!-huuto vaaratilanteessa, ly\u00f6ntij\u00e4rjestys, sijoittuminen omassa ja muiden ly\u00f6ntitilanteessa, ripe\u00e4 omaan ly\u00f6ntiin valmistautuminen, varusteiden sijoittaminen ja kent\u00e4ll\u00e4 liikkuminen, ly\u00f6ntij\u00e4lkien korjaaminen, toiminta viheri\u00f6ll\u00e4 ja kentt\u00e4henkil\u00f6kunnan huomioiminen.<\/p>\n<p>Lue lis\u00e4\u00e4 k\u00e4ytt\u00e4ytymisest\u00e4 kent\u00e4ll\u00e4\u00a0<strong><a href=\"https:\/\/golf.fi\/pelaajalle\/kayttaytyminen\/\" target=\"_blank\" rel=\"noopener noreferrer\">Suomen Golfliiton sivuilta<\/a><\/strong>.<\/p>\n<p>My\u00f6s Vaasan Golfin kotisivuilta l\u00f6ytyy esimerkkej\u00e4 mm.\u00a0<strong><a href=\"https:\/\/vaasangolf.wptest02.vdk.fi\/golfkayttaytyminen-osa-2-lyonti-ja-pallonjaljet\/\" target=\"_blank\" rel=\"noopener noreferrer\">ly\u00f6ntij\u00e4lkien korjaamisesta kent\u00e4ll\u00e4!<\/a><\/strong><\/p>\n<p>&nbsp;<\/p>\n<p>Lis\u00e4tietoja kursseista voi kysy\u00e4<br \/>\ntoimisto@vag.fi<\/p>\n<p>Takaisin <a href=\"https:\/\/vaasangolf.wptest02.vdk.fi\/palvelut\/alkeiskurssit\/\">Alkeiskurssit &#8211; sivulle!<\/a><\/p>\n<\/div>\n","protected":false},"excerpt":{"rendered":"<p>Alkeiskurssit \u2013 tutustu golfiin Golf tarjoaa el\u00e4m\u00e4n pituisen harrastuksen Tutkimusten mukaan golf pident\u00e4\u00e4 elinik\u00e4\u00e4 5 vuotta. Parhaimmillaan Golf kierroksen aikana k\u00e4vell\u00e4\u00e4n luonnossa viidest\u00e4 kymmeneen kilometri\u00e4 turvallisessa ja hyvin hoidetussa sek\u00e4 vaihtelevassa\u00a0 kentt\u00e4ymp\u00e4rist\u00f6ss\u00e4. Golfin voi aloittaa miss\u00e4 i\u00e4ss\u00e4 tahansa. Laji voi toimia harrastuksena muiden harrastusten lomassa tai vaikka p\u00e4\u00e4lajina kilpailemisessa. Seuraavassa on esitelty perusteet golfin tekniseen [&hellip;]<\/p>\n","protected":false},"author":5,"featured_media":0,"parent":1532,"menu_order":0,"comment_status":"closed","ping_status":"closed","template":"","meta":{"_expiration-date-status":"","_expiration-date":0,"_expiration-date-type":"","_expiration-date-categories":[],"_expiration-date-options":[]},"acf":[],"_links":{"self":[{"href":"https:\/\/vaasangolf.wptest02.vdk.fi\/fi\/wp-json\/wp\/v2\/pages\/2218"}],"collection":[{"href":"https:\/\/vaasangolf.wptest02.vdk.fi\/fi\/wp-json\/wp\/v2\/pages"}],"about":[{"href":"https:\/\/vaasangolf.wptest02.vdk.fi\/fi\/wp-json\/wp\/v2\/types\/page"}],"author":[{"embeddable":true,"href":"https:\/\/vaasangolf.wptest02.vdk.fi\/fi\/wp-json\/wp\/v2\/users\/5"}],"replies":[{"embeddable":true,"href":"https:\/\/vaasangolf.wptest02.vdk.fi\/fi\/wp-json\/wp\/v2\/comments?post=2218"}],"version-history":[{"count":4,"href":"https:\/\/vaasangolf.wptest02.vdk.fi\/fi\/wp-json\/wp\/v2\/pages\/2218\/revisions"}],"predecessor-version":[{"id":3211,"href":"https:\/\/vaasangolf.wptest02.vdk.fi\/fi\/wp-json\/wp\/v2\/pages\/2218\/revisions\/3211"}],"up":[{"embeddable":true,"href":"https:\/\/vaasangolf.wptest02.vdk.fi\/fi\/wp-json\/wp\/v2\/pages\/1532"}],"wp:attachment":[{"href":"https:\/\/vaasangolf.wptest02.vdk.fi\/fi\/wp-json\/wp\/v2\/media?parent=2218"}],"curies":[{"name":"wp","href":"https:\/\/api.w.org\/{rel}","templated":true}]}}