{"id":2221,"date":"2022-02-15T11:18:56","date_gmt":"2022-02-15T09:18:56","guid":{"rendered":"https:\/\/vaasangolf.wptest02.vdk.fi\/?page_id=2221"},"modified":"2022-03-04T09:35:27","modified_gmt":"2022-03-04T07:35:27","slug":"alkeiskurssit-osallistu-kurssille","status":"publish","type":"page","link":"https:\/\/vaasangolf.wptest02.vdk.fi\/fi\/palvelut\/alkeiskurssit\/alkeiskurssit-osallistu-kurssille\/","title":{"rendered":"Alkeiskurssit -osallistu kurssille"},"content":{"rendered":"<h1 class=\"entry-title post-title\">Alkeiskurssit \u2013 osallistu kurssille<\/h1>\n<div class=\"post-entry\">\n<h2><strong>Tervetuloa alkeiskurssille<\/strong><\/h2>\n<p>Vaasan Golfin ammattilaiset (PGA Pro\u2019t) odottavat jo innolla uusia alkeiskurssilaisia. Seuraavassa on kuvattu yksip\u00e4iv\u00e4isen kurssin sis\u00e4lt\u00e4 p\u00e4\u00e4piirteitt\u00e4in.<\/p>\n<h3><strong>Saapuminen<\/strong><\/h3>\n<p>Saavuthan hyviss\u00e4 ajoin kurssille, eli noin puolituntia ennen virallista kurssin aloitusajankohtaa, etenkin\u00a0 jos et ole viel\u00e4 maksanut kurssiosallistumista ja aiot maksaa sen golfklubin palvelutiskill\u00e4.<\/p>\n<p>Kokoonnumme ennen kurssia klubintalon terassin edess\u00e4 ja pid\u00e4mme lyhyen tervetulotilaisuuden 15 minuuttia ennen kurssin aloittamista. Tilaisuudessa kerromme tarkemmin kurssin sis\u00e4ll\u00f6st\u00e4, kurssin j\u00e4lkeisest\u00e4 harjoittelusta, greencardin luovutuksesta ja kuukauden pelioikeudesta kent\u00e4ll\u00e4.<\/p>\n<p>Seuraavaksi siirrtyt\u00e4\u00e4n harjoitusalueelle eli rangelle aloittamaan kurssi seuraavan ohjelman mukaisesti:<\/p>\n<h3><strong>Ly\u00f6nnin perusteet ja ly\u00f6ntiharjoitus rangella<\/strong><\/h3>\n<p>Kurssin aluksi l\u00e4pik\u00e4yd\u00e4\u00e4n mailaotteet (grippi) ja muut ly\u00f6ntitekniikkaan liittyv\u00e4t p\u00e4\u00e4kohdat, kuten ly\u00f6ntiasento ja pallonpaikka. Kun perusteet on l\u00e4pik\u00e4yty aloitetaan ly\u00f6ntiharjoitukset rautamailalla.<\/p>\n<h3><strong>Chippi ja putti<\/strong><\/h3>\n<p>Seuraavana on vuorossa chippi- ja puttiharjoittelu, jossa my\u00f6s ennen harjoitusta k\u00e4yd\u00e4\u00e4n l\u00e4pi perusteet molemmista ly\u00f6ntitekniikoista.<\/p>\n<h3><strong>Bunkkerily\u00f6nti<\/strong><\/h3>\n<p>Kolmantena harjoitusvuorossa on bunkkerily\u00f6nti eli opetellaan ly\u00f6m\u00e4\u00e4n pallo pois hiekkaesteest\u00e4.<\/p>\n<h3><strong>Ly\u00f6ntiharjoitukset jatkuu rangella\u00a0<\/strong><\/h3>\n<p>Jatkamme ly\u00f6ntiharjoituksia rangella ja pyrimme parantamaan ensimm\u00e4isess\u00e4 vaiheessa opittua ly\u00f6ntitekniikkaa. Kouluttajan opastuksella kurssilaiset voivat kokeilla erilaisia erilaisia mailoja ja oppia niiden vaikutukset pallon lentorataan. Tarkoituksen on my\u00f6s k\u00e4yd\u00e4 l\u00e4pi pitch-ly\u00f6nti sek\u00e4 svingin pituuden vaikutus.<\/p>\n<h3><strong>Opastettu kierros jokamieskent\u00e4ll\u00e4<\/strong><\/h3>\n<p>Kurssin p\u00e4\u00e4tteeksi kouluttaja vie kurssilaiset tutustumaan jokamieskentt\u00e4\u00e4n, johon kurssilaiset saavat pelioikeuden koko kaudeksi 2022.<\/p>\n<p>Kurssilaiset k\u00e4velev\u00e4t ensimm\u00e4isen rei\u00e4n kouluttajan kanssa ja h\u00e4n k\u00e4y l\u00e4pi t\u00e4rkeimpi\u00e4 s\u00e4\u00e4nt\u00f6j\u00e4 sek\u00e4 k\u00e4ytt\u00e4ytymist\u00e4 kent\u00e4ll\u00e4.<\/p>\n<p>T\u00e4m\u00e4n j\u00e4lkeen kouluttaja itse pelaa v\u00e4yl\u00e4t 2 ja 3 opettaen samalla kent\u00e4ll\u00e4 pelaamiseen liittyvi\u00e4 t\u00e4rkeimpi\u00e4 asioita.<\/p>\n<pre>Seuraavaksi kurssilaiset voivatkin itse aloittaa <a href=\"https:\/\/vaasangolf.wptest02.vdk.fi\/palvelut\/alkeiskurssit\/alkeiskurssit-harjoittele-jokamieskentalla\/\">harjoittelun jokamieskent\u00e4ll\u00e4<\/a><\/pre>\n<p>Lis\u00e4tietoja kursseista voi kysy\u00e4<a href=\"mailto:toimisto@vag.fi?cc=janne.laaja@vag.fi&amp;subject=Alkeiskurssit&amp;body=Kysy%20lis%C3%A4tietoja%20ja%20anna%20yhteystietosi:\"><br \/>\ns\u00e4hk\u00f6postitse<\/a> \/ 040 526 8666<\/p>\n<p>Takaisin <a href=\"https:\/\/vaasangolf.wptest02.vdk.fi\/palvelut\/alkeiskurssit\/\">Alkeiskurssit &#8211; sivulle!<\/a><\/p>\n<\/div>\n","protected":false},"excerpt":{"rendered":"<p>Alkeiskurssit \u2013 osallistu kurssille Tervetuloa alkeiskurssille Vaasan Golfin ammattilaiset (PGA Pro\u2019t) odottavat jo innolla uusia alkeiskurssilaisia. Seuraavassa on kuvattu yksip\u00e4iv\u00e4isen kurssin sis\u00e4lt\u00e4 p\u00e4\u00e4piirteitt\u00e4in. Saapuminen Saavuthan hyviss\u00e4 ajoin kurssille, eli noin puolituntia ennen virallista kurssin aloitusajankohtaa, etenkin\u00a0 jos et ole viel\u00e4 maksanut kurssiosallistumista ja aiot maksaa sen golfklubin palvelutiskill\u00e4. Kokoonnumme ennen kurssia klubintalon terassin edess\u00e4 ja [&hellip;]<\/p>\n","protected":false},"author":5,"featured_media":0,"parent":1532,"menu_order":0,"comment_status":"closed","ping_status":"closed","template":"","meta":{"_expiration-date-status":"","_expiration-date":0,"_expiration-date-type":"","_expiration-date-categories":[],"_expiration-date-options":[]},"acf":[],"_links":{"self":[{"href":"https:\/\/vaasangolf.wptest02.vdk.fi\/fi\/wp-json\/wp\/v2\/pages\/2221"}],"collection":[{"href":"https:\/\/vaasangolf.wptest02.vdk.fi\/fi\/wp-json\/wp\/v2\/pages"}],"about":[{"href":"https:\/\/vaasangolf.wptest02.vdk.fi\/fi\/wp-json\/wp\/v2\/types\/page"}],"author":[{"embeddable":true,"href":"https:\/\/vaasangolf.wptest02.vdk.fi\/fi\/wp-json\/wp\/v2\/users\/5"}],"replies":[{"embeddable":true,"href":"https:\/\/vaasangolf.wptest02.vdk.fi\/fi\/wp-json\/wp\/v2\/comments?post=2221"}],"version-history":[{"count":4,"href":"https:\/\/vaasangolf.wptest02.vdk.fi\/fi\/wp-json\/wp\/v2\/pages\/2221\/revisions"}],"predecessor-version":[{"id":3278,"href":"https:\/\/vaasangolf.wptest02.vdk.fi\/fi\/wp-json\/wp\/v2\/pages\/2221\/revisions\/3278"}],"up":[{"embeddable":true,"href":"https:\/\/vaasangolf.wptest02.vdk.fi\/fi\/wp-json\/wp\/v2\/pages\/1532"}],"wp:attachment":[{"href":"https:\/\/vaasangolf.wptest02.vdk.fi\/fi\/wp-json\/wp\/v2\/media?parent=2221"}],"curies":[{"name":"wp","href":"https:\/\/api.w.org\/{rel}","templated":true}]}}