{"id":2224,"date":"2022-02-15T11:23:11","date_gmt":"2022-02-15T09:23:11","guid":{"rendered":"https:\/\/vaasangolf.wptest02.vdk.fi\/?page_id=2224"},"modified":"2022-03-04T09:32:59","modified_gmt":"2022-03-04T07:32:59","slug":"alkeiskurssit-harjoittele-jokamieskentalla","status":"publish","type":"page","link":"https:\/\/vaasangolf.wptest02.vdk.fi\/fi\/palvelut\/alkeiskurssit\/alkeiskurssit-harjoittele-jokamieskentalla\/","title":{"rendered":"Alkeiskurssit &#8211; harjoittele jokamieskent\u00e4ll\u00e4"},"content":{"rendered":"<h1 class=\"entry-title post-title\">Alkeiskurssit \u2013 harjoittele jokamieskent\u00e4ll\u00e4<\/h1>\n<div class=\"post-entry\">\n<h2><strong>Harjoittelu<\/strong><\/h2>\n<p>Kurssin j\u00e4lkeen on hyv\u00e4 jatkaa harjoittelua rangella ja l\u00e4hipelialueilla. Kaikilla alkeiskurssin k\u00e4yneill\u00e4 on koko kauden 2022 vapaa pelioikeus Vaasan Golfin jokamieskent\u00e4lle.<\/p>\n<h3><strong>Jokamieskentt\u00e4 ja harjoittelukierrokset<\/strong><\/h3>\n<p>Jokamieskentt\u00e4 koostuu 3 v\u00e4yl\u00e4st\u00e4, joista 1. ja 3. v\u00e4ylien ihannetulos on 4 ly\u00f6nti\u00e4 (par 4) ja 2. v\u00e4yl\u00e4n ihannetulos 3 ly\u00f6nti\u00e4 (par 3). Jokamieskent\u00e4lle ei ole ajanvarausta vaan sinne saa menn\u00e4 aloittamaan kun edellinen ryhm\u00e4 on l\u00e4hell\u00e4 griini\u00e4.<\/p>\n<p>&nbsp;<\/p>\n<p>Lis\u00e4tietoja kursseista voi kysy\u00e4<br \/>\ntoimisto@vag.fi \/ 040 526 8666<\/p>\n<p>Takaisin <a href=\"https:\/\/vaasangolf.wptest02.vdk.fi\/palvelut\/alkeiskurssit\/\">Alkeiskurssi &#8211; sivulle!<\/a><\/p>\n<\/div>\n","protected":false},"excerpt":{"rendered":"<p>Alkeiskurssit \u2013 harjoittele jokamieskent\u00e4ll\u00e4 Harjoittelu Kurssin j\u00e4lkeen on hyv\u00e4 jatkaa harjoittelua rangella ja l\u00e4hipelialueilla. Kaikilla alkeiskurssin k\u00e4yneill\u00e4 on koko kauden 2022 vapaa pelioikeus Vaasan Golfin jokamieskent\u00e4lle. Jokamieskentt\u00e4 ja harjoittelukierrokset Jokamieskentt\u00e4 koostuu 3 v\u00e4yl\u00e4st\u00e4, joista 1. ja 3. v\u00e4ylien ihannetulos on 4 ly\u00f6nti\u00e4 (par 4) ja 2. v\u00e4yl\u00e4n ihannetulos 3 ly\u00f6nti\u00e4 (par 3). Jokamieskent\u00e4lle ei ole [&hellip;]<\/p>\n","protected":false},"author":5,"featured_media":0,"parent":1532,"menu_order":0,"comment_status":"closed","ping_status":"closed","template":"","meta":{"_expiration-date-status":"","_expiration-date":0,"_expiration-date-type":"","_expiration-date-categories":[],"_expiration-date-options":[]},"acf":[],"_links":{"self":[{"href":"https:\/\/vaasangolf.wptest02.vdk.fi\/fi\/wp-json\/wp\/v2\/pages\/2224"}],"collection":[{"href":"https:\/\/vaasangolf.wptest02.vdk.fi\/fi\/wp-json\/wp\/v2\/pages"}],"about":[{"href":"https:\/\/vaasangolf.wptest02.vdk.fi\/fi\/wp-json\/wp\/v2\/types\/page"}],"author":[{"embeddable":true,"href":"https:\/\/vaasangolf.wptest02.vdk.fi\/fi\/wp-json\/wp\/v2\/users\/5"}],"replies":[{"embeddable":true,"href":"https:\/\/vaasangolf.wptest02.vdk.fi\/fi\/wp-json\/wp\/v2\/comments?post=2224"}],"version-history":[{"count":5,"href":"https:\/\/vaasangolf.wptest02.vdk.fi\/fi\/wp-json\/wp\/v2\/pages\/2224\/revisions"}],"predecessor-version":[{"id":3277,"href":"https:\/\/vaasangolf.wptest02.vdk.fi\/fi\/wp-json\/wp\/v2\/pages\/2224\/revisions\/3277"}],"up":[{"embeddable":true,"href":"https:\/\/vaasangolf.wptest02.vdk.fi\/fi\/wp-json\/wp\/v2\/pages\/1532"}],"wp:attachment":[{"href":"https:\/\/vaasangolf.wptest02.vdk.fi\/fi\/wp-json\/wp\/v2\/media?parent=2224"}],"curies":[{"name":"wp","href":"https:\/\/api.w.org\/{rel}","templated":true}]}}