{"id":2474,"date":"2022-02-18T11:07:13","date_gmt":"2022-02-18T09:07:13","guid":{"rendered":"https:\/\/vaasangolf.wptest02.vdk.fi\/?page_id=2474"},"modified":"2022-03-03T15:09:37","modified_gmt":"2022-03-03T13:09:37","slug":"aloita-golf","status":"publish","type":"page","link":"https:\/\/vaasangolf.wptest02.vdk.fi\/fi\/palvelut\/alkeiskurssit\/aloita-golf\/","title":{"rendered":"Aloita Golf"},"content":{"rendered":"<h2 class=\"entry-title post-title\"><strong style=\"font-family: -apple-system, BlinkMacSystemFont, 'Segoe UI', Roboto, 'Helvetica Neue', Arial, 'Noto Sans', sans-serif, 'Apple Color Emoji', 'Segoe UI Emoji', 'Segoe UI Symbol', 'Noto Color Emoji'; font-size: 1rem; white-space: pre-wrap;\">Suunnitteletko golfin aloittamista etk\u00e4 tied\u00e4 mist\u00e4 l\u00e4htisit liikkeelle? <\/strong><\/h2>\n<h1 class=\"entry-title post-title\"><strong style=\"font-family: -apple-system, BlinkMacSystemFont, 'Segoe UI', Roboto, 'Helvetica Neue', Arial, 'Noto Sans', sans-serif, 'Apple Color Emoji', 'Segoe UI Emoji', 'Segoe UI Symbol', 'Noto Color Emoji'; font-size: 1rem; white-space: pre-wrap;\">Pyrimme t\u00e4ll\u00e4 sivulla kertomaan oleellisimmat asiat golfin aloittamisesta. <\/strong><\/h1>\n<h1 class=\"entry-title post-title\"><strong style=\"font-family: -apple-system, BlinkMacSystemFont, 'Segoe UI', Roboto, 'Helvetica Neue', Arial, 'Noto Sans', sans-serif, 'Apple Color Emoji', 'Segoe UI Emoji', 'Segoe UI Symbol', 'Noto Color Emoji'; font-size: 1rem; white-space: pre-wrap;\">Tervetuloa tutustumaan golfiin ja Vaasan Golfiin!<\/strong><\/h1>\n<div class=\"post-entry\">\n<p>Golfin aloittaminen tuntuu monen mielest\u00e4 hankalalta ja golfklubille meneminen ajatuksena viel\u00e4kin hankalammalta. Suurin osa kentist\u00e4 toivottaa aloittelijat kuitenkin tervetulleiksi ja opastusta lajin saloihin saa pyyt\u00e4m\u00e4ll\u00e4 esim. Vaasan Golfin ry:n toimistosta 040 526 8666.<\/p>\n<h4>Lue lis\u00e4\u00e4 tulevista aloittelijoiden alkeiskursseista\u00a0<a href=\"https:\/\/vaasangolf.wptest02.vdk.fi\/palvelut\/alkeiskurssit\/\"><strong>t\u00e4\u00e4lt<\/strong><strong>\u00e4<\/strong><\/a>.<\/h4>\n<p>Oletko juniori-ik\u00e4inen? L\u00f6yd\u00e4t tarjonnan alla olevista linkeist\u00e4:<\/p>\n<p><a href=\"https:\/\/vaasangolf.wptest02.vdk.fi\/toiminta\/toimikunnat\/junioritoimikunta\/golfkoulu\/\">Golfkoulu<\/a><\/p>\n<p><a href=\"https:\/\/vaasangolf.wptest02.vdk.fi\/toiminta\/toimikunnat\/junioritoimikunta\/harrastegolf\/\">Harrastegolf<\/a><\/p>\n<p><a href=\"https:\/\/vaasangolf.wptest02.vdk.fi\/toiminta\/toimikunnat\/junioritoimikunta\/kilpagolf\/\">Kilpagolf<\/a><\/p>\n<p>&nbsp;<\/p>\n<hr \/>\n<h2>Green card eli golfin ajokortti ja mit\u00e4 sen suorittamiseen vaaditaan<\/h2>\n<p>Kun aloittelija on harjoitellut riitt\u00e4v\u00e4sti, on aika suorittaa green card, eli golfin ajokortti. Green cardin suorittajalta vaaditaan golfin perustaitojen hallintaa. P\u00e4\u00e4st\u00e4kseen pelaamaan on osattava ainakin seuraavat perustaidot:<\/p>\n<p><strong>1) Turvallisuustekij\u00e4t<\/strong>: Ennen kent\u00e4lle p\u00e4\u00e4sy\u00e4 on kaikkein t\u00e4rkeint\u00e4 ymm\u00e4rt\u00e4\u00e4 peliin liittyv\u00e4t vaaratekij\u00e4t. Golf ei ole vaarallinen laji kun pelaaja on tietoinen tietyist\u00e4 perusasioista ja tiet\u00e4\u00e4 milloin ei ole turvallista ly\u00f6d\u00e4. Pelaajan on tiedett\u00e4v\u00e4 miten kent\u00e4ll\u00e4 liikutaan turvallisesti ja osattava huomioida niin kanssapelaajien kuin kent\u00e4nhoitajienkin turvallisuus.<\/p>\n<p><strong>2) Golfkent\u00e4n \u201dhuolto\u201d<\/strong>:Vaikka golfkent\u00e4nhoitoon on palkattu kentt\u00e4mestari ja h\u00e4nen johdollaan ty\u00f6t\u00e4 tekev\u00e4 kentt\u00e4henkil\u00f6kunta, tulisi jokaisen golfpelaajan \u201dpalauttaa kentt\u00e4 siihen kuntoon kuin on sen edest\u00e4\u00e4n l\u00f6yt\u00e4nyt\u201d. Toisin sanoen jokaisen tulisi siivota omat j\u00e4lkens\u00e4: korjata pallon alastuloj\u00e4ljet viheri\u00f6ll\u00e4, palauttaa irtily\u00f6dyt turpeet paikoilleen ja haravoida bunkkerit eli hiekkaesteet poistuessaan.<\/p>\n<p><strong>3) Golfk\u00e4ytt\u00e4ytyminen ja s\u00e4\u00e4nn\u00f6t<\/strong>: Hyv\u00e4\u00e4n golfk\u00e4ytt\u00e4ytymiseen kuuluu paljon asioita, mutta p\u00e4\u00e4asiassa kyse on toisten pelaajien huomioimisesta erin\u00e4isin tavoin. Osa k\u00e4ytt\u00e4ytymiseen liittyvist\u00e4 asioista on itsest\u00e4\u00e4n selv\u00e4\u00e4 (klubilla tervehtiminen, jne.), osan asioista oppii golfkursseilla ja matkan varrella (mm. sen, ettei toisten puttilinjoille astuta, annetaan keskittymisrauha ly\u00f6ntivuorossa olevalle, jne.). Golfs\u00e4\u00e4nn\u00f6t k\u00e4yd\u00e4\u00e4n l\u00e4pi alkeiskurssin aikana. S\u00e4\u00e4nt\u00f6j\u00e4 ei kukaan opi hetkess\u00e4 ja kurssilla t\u00e4rkein oppi onkin se, miten s\u00e4\u00e4nt\u00f6kirjaa k\u00e4ytet\u00e4\u00e4n. S\u00e4\u00e4nt\u00f6j\u00e4 onkin hyv\u00e4 kerrata useaan kertaan vuodessa; niin aloittelijan kuin golfammattilaisenkin. S\u00e4\u00e4nt\u00f6j\u00e4 muutetaan ja tarkistetaan aina muutaman vuoden v\u00e4lein. Muutokset ovat toki pieni\u00e4 ja p\u00e4\u00e4piirteitt\u00e4in golfin peruss\u00e4\u00e4nn\u00f6t ovat s\u00e4ilyneet muuttumattomina jo vuosisatoja.<\/p>\n<p><strong>4) Pelitaidot<\/strong>: Usein green card kokeen suorittava pit\u00e4\u00e4 green card koetta pelitaito-kokeena. Pelitaidot ovat toki t\u00e4rkeit\u00e4; pelaaminen ei ole mukavaa jos perustaidot eiv\u00e4t ole hallussa. Turvallisuustekij\u00e4t, golfkent\u00e4n kunnosta huolehtiminen sek\u00e4 s\u00e4\u00e4nn\u00f6t ja k\u00e4ytt\u00e4ytyminen kent\u00e4ll\u00e4 on t\u00e4ss\u00e4 mainittu kuitenkin ensimm\u00e4iseksi, sill\u00e4 ne ovat oikeastaan viel\u00e4 t\u00e4rke\u00e4mpi\u00e4 kuin pelitaidot. T\u00e4m\u00e4 ei toki tarkoita sit\u00e4, ett\u00e4 pelitaidoton voisi, tai ett\u00e4 h\u00e4nen edes kannattaisi l\u00e4hte\u00e4 kent\u00e4lle pelaamaan. Jos pelitaidot eiv\u00e4t ole riitt\u00e4v\u00e4t, peli etenee hitaasti ja kaikki aloittelijan takana tulevat muut pelaajat pelaavat hitaimman nopeudella. Kovin erikoisia pelitaitoja ei aluksi kuitenkaan tarvita, jos pelaaja on sis\u00e4ist\u00e4nyt muiden kent\u00e4ll\u00e4 pelaavien huomioimisen. Kun k\u00e4velee reippaasti ja nostaa pallon v\u00e4lill\u00e4 taskuun kun peli ei suju, p\u00e4\u00e4see vaatimattomammillakin taidoilla harjoittelemaan kent\u00e4ll\u00e4 pelaamista. Ensimm\u00e4isille pelikierroksille kannattaakin l\u00e4hte\u00e4 oikealla harjoitteluasenteella; jokaista reik\u00e4\u00e4 ei tarvitse pelata loppuun asti, eik\u00e4 ensimm\u00e4isell\u00e4 kierroksella tarvitse tehd\u00e4 virallista tulosta. T\u00e4ll\u00e4 asenteella p\u00e4\u00e4see pitk\u00e4lle, niin aloittelijana kuin klubipelaajanakin.<\/p>\n<hr \/>\n<h2>Ent\u00e4 tasoitusrajat, mit\u00e4 ne ovat?<\/h2>\n<p>Monilla kentill\u00e4 on tasoitukseen liittyvi\u00e4 rajoituksia yhteisen viihtyvyyden takaamiseksi. Omat j\u00e4senet p\u00e4\u00e4sev\u00e4t kuitenkin kent\u00e4lle heti green cardin suoritettuaan (tasoitus on 54). Sill\u00e4 on siis merkityst\u00e4 oletko j\u00e4senen\u00e4 siell\u00e4 miss\u00e4 oikeasti pelaat, vai jossain satojen kilometrien p\u00e4\u00e4ss\u00e4 kotoasi. Ns. et\u00e4j\u00e4senten voikin olla vaikeampi p\u00e4\u00e4st\u00e4 pelaamaan, etenkin jos he ovat aloittelijoita.<\/p>\n<p>Tasoitus laskee sit\u00e4 mukaa kun pelaaja pelaa parempia tuloksia. Ts. karrikoidusti sanottuna pelaaja, jonka tasoitus on 54, pelaa jokaisen rei\u00e4n keskim\u00e4\u00e4rin 3 yli par- luvun. Tasoituksen 36 omaava pelaa jokaisen rei\u00e4n keskim\u00e4\u00e4rin 2 ly\u00f6nti\u00e4 yli par-luvun.<\/p>\n<hr \/>\n<h2>J\u00e4senyys, pelioikeus, osake?<\/h2>\n<p>Aloittelijan on usein vaikea mielt\u00e4\u00e4 j\u00e4senyyden, pelioikeuden ja osakkuuden eroja. T\u00e4ss\u00e4p\u00e4 hieman selvennyst\u00e4 asiaan:<\/p>\n<p><strong>1) J\u00e4senyys<\/strong>\u00a0tarkoittaa yleens\u00e4 urheiluseuran, eli t\u00e4ss\u00e4 tapauksessa golfseuran j\u00e4senyytt\u00e4. Se ei yleens\u00e4 takaa viel\u00e4 pelioikeutta eli ei sis\u00e4ll\u00e4 kent\u00e4n k\u00e4ytt\u00f6maksua.<\/p>\n<p><strong>2) Pelioikeus<\/strong>\u00a0(vuokrattuna) tarkoittaa, ett\u00e4 pelaajalla on oikeus pelata kent\u00e4ll\u00e4 vapaasti silloin kun kentt\u00e4 on normaalisti auki. K\u00e4yt\u00e4nn\u00f6ss\u00e4 t\u00e4m\u00e4 tarkoittaa, ett\u00e4 pelaaja voi pelata vaikka joka ikinen p\u00e4iv\u00e4 pelikauden ajan, jos silt\u00e4 tuntuu. Poikkeusolosuhteissa kentt\u00e4 toki voidaan joutua sulkemaan.<\/p>\n<p><strong>3) Golfosakkeen omistaja<\/strong>\u00a0omistaa k\u00e4yt\u00e4nn\u00f6ss\u00e4 \u201dosan kentt\u00e4\u00e4\u201d. Golfosakeyhti\u00f6t ovat harvoja poikkeuksia lukuun ottamatta Suomessa voittoa tavoittelemattomia yhti\u00f6it\u00e4. K\u00e4yt\u00e4nn\u00f6ss\u00e4 golfosakeyhti\u00f6t (Vaasassa Oy Kr\u00e5klund Golf Ab mukaan lukien) toimivat asunto-osakeyhti\u00f6iden tavoin. Osakkaat p\u00e4\u00e4tt\u00e4v\u00e4t millaista hoitotasoa kent\u00e4ll\u00e4 yll\u00e4pidet\u00e4\u00e4n, kuinka paljon annetaan tilaa vieraspelaajille ja mitk\u00e4 ovat vuotuiset yhti\u00f6vastikemaksut.<\/p>\n<p>Osakkeen omistamisen kannattavuus vaihtelee k\u00e4yt\u00e4nn\u00f6ss\u00e4 kysynn\u00e4n mukaan, ts. kun pelaajia on paljon, kent\u00e4t ruuhkautuvat ja vieraspelaajien m\u00e4\u00e4r\u00e4\u00e4 rajoitetaan (aikarajoituksin, hintoja nostamalla, jne.). T\u00e4ll\u00f6in osakkaiden oikeudet tulevat esiin. Kun pelitilaa on enemm\u00e4n, tuntuu osakkeen omistaminen kannattamattomalta. Tilanteet saattavat vaihdella ja pitk\u00e4ll\u00e4 t\u00e4ht\u00e4imell\u00e4 ajateltuna golfosakkeen omistaminen on sijoitus omaan harrastukseen. Osakkaana takaat itsellesi \u2013 ja kenties lapsillesi \u2013 harrastusmahdollisuuden my\u00f6hemminkin.<\/p>\n<p>Oy Kr\u00e5klund Golf Ab kehitt\u00e4\u00e4 jatkuvasti tuntuvia rahanarvoisia lis\u00e4etuja osakkaille sek\u00e4 Vaasassa ett\u00e4 Pohjanmaan muille kentille.\u00a0<a href=\"https:\/\/vaasangolf.wptest02.vdk.fi\/vag\/kraklund-golf\/osakasedut\/\">Lue lis\u00e4\u00e4 Osakkeenomistajan eduista<\/a>.<\/p>\n<hr \/>\n<h2>Summa summarum \u2013 ohjeet golfin aloittamista harkitsevalle:<\/h2>\n<p><a href=\"https:\/\/vaasangolf.wptest02.vdk.fi\/palvelut\/alkeiskurssit\/alkeiskurssiaikataulut\/\"><strong>Ilmoittaudu golfin alkeiskurssille<\/strong><\/a>. N\u00e4in opit helpoiten vaativan pelin salat.<\/p>\n<p>Lis\u00e4tietoja kursseista voi kysy\u00e4<br \/>\ntoimisto@vag.fi\u00a0 \/ 040 526 8666<\/p>\n<p>Katso my\u00f6s Golfliiton laatima aloittelijan nettiperuskurssi<a href=\"https:\/\/my.priimalms.com\/suomigolf\">\u00a0t\u00e4st\u00e4 linkist\u00e4<\/a>!<\/p>\n<\/div>\n","protected":false},"excerpt":{"rendered":"<p>Suunnitteletko golfin aloittamista etk\u00e4 tied\u00e4 mist\u00e4 l\u00e4htisit liikkeelle? Pyrimme t\u00e4ll\u00e4 sivulla kertomaan oleellisimmat asiat golfin aloittamisesta. Tervetuloa tutustumaan golfiin ja Vaasan Golfiin! Golfin aloittaminen tuntuu monen mielest\u00e4 hankalalta ja golfklubille meneminen ajatuksena viel\u00e4kin hankalammalta. Suurin osa kentist\u00e4 toivottaa aloittelijat kuitenkin tervetulleiksi ja opastusta lajin saloihin saa pyyt\u00e4m\u00e4ll\u00e4 esim. Vaasan Golfin ry:n toimistosta 040 526 8666. [&hellip;]<\/p>\n","protected":false},"author":2,"featured_media":0,"parent":1532,"menu_order":0,"comment_status":"closed","ping_status":"closed","template":"","meta":{"_expiration-date-status":"","_expiration-date":0,"_expiration-date-type":"","_expiration-date-categories":[],"_expiration-date-options":[]},"acf":[],"_links":{"self":[{"href":"https:\/\/vaasangolf.wptest02.vdk.fi\/fi\/wp-json\/wp\/v2\/pages\/2474"}],"collection":[{"href":"https:\/\/vaasangolf.wptest02.vdk.fi\/fi\/wp-json\/wp\/v2\/pages"}],"about":[{"href":"https:\/\/vaasangolf.wptest02.vdk.fi\/fi\/wp-json\/wp\/v2\/types\/page"}],"author":[{"embeddable":true,"href":"https:\/\/vaasangolf.wptest02.vdk.fi\/fi\/wp-json\/wp\/v2\/users\/2"}],"replies":[{"embeddable":true,"href":"https:\/\/vaasangolf.wptest02.vdk.fi\/fi\/wp-json\/wp\/v2\/comments?post=2474"}],"version-history":[{"count":14,"href":"https:\/\/vaasangolf.wptest02.vdk.fi\/fi\/wp-json\/wp\/v2\/pages\/2474\/revisions"}],"predecessor-version":[{"id":3251,"href":"https:\/\/vaasangolf.wptest02.vdk.fi\/fi\/wp-json\/wp\/v2\/pages\/2474\/revisions\/3251"}],"up":[{"embeddable":true,"href":"https:\/\/vaasangolf.wptest02.vdk.fi\/fi\/wp-json\/wp\/v2\/pages\/1532"}],"wp:attachment":[{"href":"https:\/\/vaasangolf.wptest02.vdk.fi\/fi\/wp-json\/wp\/v2\/media?parent=2474"}],"curies":[{"name":"wp","href":"https:\/\/api.w.org\/{rel}","templated":true}]}}