{"id":2490,"date":"2022-02-18T11:16:37","date_gmt":"2022-02-18T09:16:37","guid":{"rendered":"https:\/\/vaasangolf.wptest02.vdk.fi\/?page_id=2490"},"modified":"2022-03-03T10:58:16","modified_gmt":"2022-03-03T08:58:16","slug":"master-plan","status":"publish","type":"page","link":"https:\/\/vaasangolf.wptest02.vdk.fi\/fi\/toiminta\/master-plan\/","title":{"rendered":"Master Plan"},"content":{"rendered":"<h3>Tavoitteet<\/h3>\n<p>Master Planin pohjalta luodaan vuosittain suunnitelma toteuttavista parannus- ja kehityskohteista.<\/p>\n<p>Master Planin avulla voidaan ennakoida ja aikatauluttaa kunnossapitoa ja kunnostamista. Sen sijaan, ett\u00e4 reagoidaan h\u00e4t\u00e4tilanteisiin, suunnitelman laatiminen mahdollistaa sek\u00e4 rahan budjetoinnin ja varmistaa oikeiden henkil\u00f6iden osallistumisen prosessin aikana.<\/p>\n<p>Master Planin avulla my\u00f6s hallitus voi konkretisoida ja havainnollistaa kent\u00e4n kehitysty\u00f6t\u00e4 j\u00e4senist\u00f6lle.<\/p>\n<p>&nbsp;<\/p>\n","protected":false},"excerpt":{"rendered":"<p>Tavoitteet Master Planin pohjalta luodaan vuosittain suunnitelma toteuttavista parannus- ja kehityskohteista. Master Planin avulla voidaan ennakoida ja aikatauluttaa kunnossapitoa ja kunnostamista. Sen sijaan, ett\u00e4 reagoidaan h\u00e4t\u00e4tilanteisiin, suunnitelman laatiminen mahdollistaa sek\u00e4 rahan budjetoinnin ja varmistaa oikeiden henkil\u00f6iden osallistumisen prosessin aikana. Master Planin avulla my\u00f6s hallitus voi konkretisoida ja havainnollistaa kent\u00e4n kehitysty\u00f6t\u00e4 j\u00e4senist\u00f6lle. &nbsp;<\/p>\n","protected":false},"author":2,"featured_media":0,"parent":1492,"menu_order":0,"comment_status":"closed","ping_status":"closed","template":"","meta":{"_expiration-date-status":"","_expiration-date":0,"_expiration-date-type":"","_expiration-date-categories":[],"_expiration-date-options":[]},"acf":[],"_links":{"self":[{"href":"https:\/\/vaasangolf.wptest02.vdk.fi\/fi\/wp-json\/wp\/v2\/pages\/2490"}],"collection":[{"href":"https:\/\/vaasangolf.wptest02.vdk.fi\/fi\/wp-json\/wp\/v2\/pages"}],"about":[{"href":"https:\/\/vaasangolf.wptest02.vdk.fi\/fi\/wp-json\/wp\/v2\/types\/page"}],"author":[{"embeddable":true,"href":"https:\/\/vaasangolf.wptest02.vdk.fi\/fi\/wp-json\/wp\/v2\/users\/2"}],"replies":[{"embeddable":true,"href":"https:\/\/vaasangolf.wptest02.vdk.fi\/fi\/wp-json\/wp\/v2\/comments?post=2490"}],"version-history":[{"count":3,"href":"https:\/\/vaasangolf.wptest02.vdk.fi\/fi\/wp-json\/wp\/v2\/pages\/2490\/revisions"}],"predecessor-version":[{"id":2533,"href":"https:\/\/vaasangolf.wptest02.vdk.fi\/fi\/wp-json\/wp\/v2\/pages\/2490\/revisions\/2533"}],"up":[{"embeddable":true,"href":"https:\/\/vaasangolf.wptest02.vdk.fi\/fi\/wp-json\/wp\/v2\/pages\/1492"}],"wp:attachment":[{"href":"https:\/\/vaasangolf.wptest02.vdk.fi\/fi\/wp-json\/wp\/v2\/media?parent=2490"}],"curies":[{"name":"wp","href":"https:\/\/api.w.org\/{rel}","templated":true}]}}