{"id":3205,"date":"2022-03-03T13:20:23","date_gmt":"2022-03-03T11:20:23","guid":{"rendered":"https:\/\/vaasangolf.wptest02.vdk.fi\/?page_id=3205"},"modified":"2022-04-27T14:45:03","modified_gmt":"2022-04-27T11:45:03","slug":"porssi","status":"publish","type":"page","link":"https:\/\/vaasangolf.wptest02.vdk.fi\/fi\/palvelut\/porssi\/","title":{"rendered":"P\u00f6rssi"},"content":{"rendered":"\t\t<div data-elementor-type=\"wp-page\" data-elementor-id=\"3205\" class=\"elementor elementor-3205\">\n\t\t\t\t\t\t<div class=\"elementor-inner\">\n\t\t\t\t<div class=\"elementor-section-wrap\">\n\t\t\t\t\t\t\t\t\t<section class=\"elementor-section elementor-top-section elementor-element elementor-element-6bfbea74 elementor-section-boxed elementor-section-height-default elementor-section-height-default\" data-id=\"6bfbea74\" data-element_type=\"section\">\n\t\t\t\t\t\t<div class=\"elementor-container elementor-column-gap-default\">\n\t\t\t\t\t\t\t<div class=\"elementor-row\">\n\t\t\t\t\t<div class=\"elementor-column elementor-col-100 elementor-top-column elementor-element elementor-element-54f61a34\" data-id=\"54f61a34\" data-element_type=\"column\">\n\t\t\t<div class=\"elementor-column-wrap elementor-element-populated\">\n\t\t\t\t\t\t\t<div class=\"elementor-widget-wrap\">\n\t\t\t\t\t\t<div class=\"elementor-element elementor-element-9429f82 elementor-grid-1 porssi-spacer elementor-grid-tablet-1 elementor-posts--thumbnail-top elementor-grid-mobile-1 elementor-widget elementor-widget-posts\" data-id=\"9429f82\" data-element_type=\"widget\" data-settings=\"{&quot;custom_columns&quot;:&quot;1&quot;,&quot;custom_row_gap&quot;:{&quot;unit&quot;:&quot;px&quot;,&quot;size&quot;:15,&quot;sizes&quot;:[]},&quot;custom_columns_tablet&quot;:&quot;1&quot;,&quot;custom_columns_mobile&quot;:&quot;1&quot;,&quot;custom_row_gap_tablet&quot;:{&quot;unit&quot;:&quot;px&quot;,&quot;size&quot;:&quot;&quot;,&quot;sizes&quot;:[]},&quot;custom_row_gap_mobile&quot;:{&quot;unit&quot;:&quot;px&quot;,&quot;size&quot;:&quot;&quot;,&quot;sizes&quot;:[]}}\" data-widget_type=\"posts.custom\">\n\t\t\t\t<div class=\"elementor-widget-container\">\n\t\t\t      <div class=\"ecs-posts elementor-posts-container elementor-posts   elementor-grid elementor-posts--skin-custom\" data-settings=\"{&quot;current_page&quot;:1,&quot;max_num_pages&quot;:0,&quot;load_method&quot;:&quot;&quot;,&quot;widget_id&quot;:&quot;9429f82&quot;,&quot;post_id&quot;:3205,&quot;theme_id&quot;:3205,&quot;change_url&quot;:false,&quot;reinit_js&quot;:false}\">\n      <div class=\"elementor-posts-nothing-found\"><\/div>\t\t<\/div>\n\t\t\t\t<\/div>\n\t\t\t\t<\/div>\n\t\t\t\t<div class=\"elementor-element elementor-element-1a29c5d elementor-widget elementor-widget-html\" data-id=\"1a29c5d\" data-element_type=\"widget\" data-widget_type=\"html.default\">\n\t\t\t\t<div class=\"elementor-widget-container\">\n\t\t\t<script>\n    \n    \n    jQuery(function($) {\n        \n        \n    jQuery(\"#ilmoitus_tyypi_vag\").on(\"change\", function(e) {\n        \n        jQuery(\"#hintapyynto-container-vag\").show();\n       if(e.target.value === \"vaihdetaan\") {\n        jQuery(\"#hintapyynto-container-vag\").hide();   \n       }\n    });\n        \n        const form = $(\"#luo-porssi-ilmoitus-form\");\n        \n        form.on(\"submit\", async function(e) {\n            e.preventDefault();\n            const reqBody = new FormData(this);\n            \n            const request = await fetch(\"\/luo_porssi_ilmoitus.php\", {\n                method: \"post\",\n                body: reqBody\n            });\n            \n            if(request.ok) {\n                const response = await request.json();\n                \n                jQuery([document.documentElement, document.body]).animate({\n        scrollTop: (jQuery(\"#porssi-form-status\").offset().top - 200)\n    }, 1000);\n                \n                if(response.success != null && response.success) {\n                    jQuery(\"#porssi-form-status\").css(\"color\", \"green\");\n                  jQuery(\"#porssi-form-status\").text(response.msg);  \n                } else {\n                    \n                    jQuery(\"#porssi-form-status\").css(\"color\", \"red\");\n                    jQuery(\"#porssi-form-status\").text(\"Jokin meni pieleen\");\n                }\n                \n                form.find(\"input:not([type='submit']), textarea\").val(\"\");\n            }\n            \n        });\n        \n    });\n    \n<\/script>\t\t<\/div>\n\t\t\t\t<\/div>\n\t\t\t\t<div class=\"elementor-element elementor-element-141cd7fc elementor-widget elementor-widget-shortcode\" data-id=\"141cd7fc\" data-element_type=\"widget\" data-widget_type=\"shortcode.default\">\n\t\t\t\t<div class=\"elementor-widget-container\">\n\t\t\tKauppapaikalle voit j\u00e4tt\u00e4\u00e4 golfaiheisen ilmoituksesi. Ilmoittaminen on ilmaista.<br><br>Ilmoitus on voimassa 1 kk:n ja se poistuu automaattisesti, ellei siit\u00e4 ilmoiteta erikseen. Pyyd\u00e4mme my\u00f6s ilmoittamaan 040 \u2013 526 8666 tai toimisto@vag.fi, mik\u00e4li ilmoituksenne ei en\u00e4\u00e4 ole ajankohtainen. Vaasan Golf varaa itselleen oikeuden hyv\u00e4ksy\u00e4 julkaistavat ilmoitukset.\t\t<div class=\"elementor-shortcode\"><p><\/p><div id='porssi-form-status' style='margin-bottom: 30px;'><\/div>\r\n\t<form id='luo-porssi-ilmoitus-form' action='\/luo_porssi_ilmoitus.php' method='POST'> \r\n\t\t<div class='label-container'>\r\n\t\t\t<label for='' class='required'>Otsikko<\/label>\r\n\t\t\t<input required type='text' name='ilmoitus_otsikko'>\r\n\t\t<\/div>\r\n\t\t\r\n\t\t<div class='label-container'>\r\n\t\t\t<label for='' class='required'>Ilmoituksen teksti<\/label>\r\n\t\t\t<textarea required name='ilmoitus_teksti' id='' cols='30' rows='10'><\/textarea>\r\n\t\t<\/div>\r\n\t\t\r\n\t\t<div class='label-container'>\r\n\t\t\t<label for=''>Ilmoituksen tyyppi<\/label>\r\n\t\t\t<select name='ilmoitus_tyyppi' id='ilmoitus_tyypi_vag'>\r\n\t\t\t\t<option value='ostetaan' selected>Ostetaan<\/option>\r\n\t\t\t\t<option value='myydaan'>Myyd\u00e4\u00e4n<\/option>\r\n\t\t\t\t<option value='vaihdetaan'>Vaihdetaan<\/option>\r\n\t\t\t\t<option value='vuokrataan'>Vuokrataan<\/option>\r\n\t\t\t\t<option value='vuokralle_tarjotaan'>Vuokralle tarjotaan<\/option>\r\n\t\t\t<\/select>\r\n\t\t<\/div>\r\n\t\t\r\n\t\t<div class='label-container' id='hintapyynto-container-vag'>\r\n\t\t\t<label for=''>Hintapyynt\u00f6 (ilman \u20ac -merkki\u00e4)<\/label>\r\n\t\t\t<input type='text' name='hintapyynto'>\r\n\t\t<\/div>\r\n\t\t\r\n\t\t<div class='label-container'>\r\n\t\t\t<label for=''>Ilmoituksen j\u00e4tt\u00e4j\u00e4n nimi<\/label>\r\n\t\t\t<input type='text' name='nimi'>\r\n\t\t<\/div>\r\n\t\t\r\n\t\t<div class='label-container'>\r\n\t\t\t<label for=''>Ilmoituksen s\u00e4hk\u00f6posti<\/label>\r\n\t\t\t<input type='email' name='sposti'>\r\n\t\t<\/div>\r\n\t\t\r\n\t\t<div class='label-container'>\r\n\t\t\t<label for=''>Ilmoituksen puhelinnumero<\/label>\r\n\t\t\t<input type='text' name='numero'>\r\n\t\t<\/div>\r\n\t\t\r\n\t\t<input type='submit' value='L\u00e4het\u00e4 ilmoitus' id='laheta_porssi_ilmoitus'>\r\n\t\t\r\n\t<\/form>\r\n\t\r\n\t<\/div>\n\t\t\t\t<\/div>\n\t\t\t\t<\/div>\n\t\t\t\t\t\t<\/div>\n\t\t\t\t\t<\/div>\n\t\t<\/div>\n\t\t\t\t\t\t\t\t<\/div>\n\t\t\t\t\t<\/div>\n\t\t<\/section>\n\t\t\t\t\t\t\t\t\t<\/div>\n\t\t\t<\/div>\n\t\t\t\t\t<\/div>\n\t\t","protected":false},"excerpt":{"rendered":"","protected":false},"author":2,"featured_media":0,"parent":1530,"menu_order":0,"comment_status":"closed","ping_status":"closed","template":"","meta":{"_expiration-date-status":"","_expiration-date":0,"_expiration-date-type":"","_expiration-date-categories":[],"_expiration-date-options":[]},"acf":[],"_links":{"self":[{"href":"https:\/\/vaasangolf.wptest02.vdk.fi\/fi\/wp-json\/wp\/v2\/pages\/3205"}],"collection":[{"href":"https:\/\/vaasangolf.wptest02.vdk.fi\/fi\/wp-json\/wp\/v2\/pages"}],"about":[{"href":"https:\/\/vaasangolf.wptest02.vdk.fi\/fi\/wp-json\/wp\/v2\/types\/page"}],"author":[{"embeddable":true,"href":"https:\/\/vaasangolf.wptest02.vdk.fi\/fi\/wp-json\/wp\/v2\/users\/2"}],"replies":[{"embeddable":true,"href":"https:\/\/vaasangolf.wptest02.vdk.fi\/fi\/wp-json\/wp\/v2\/comments?post=3205"}],"version-history":[{"count":119,"href":"https:\/\/vaasangolf.wptest02.vdk.fi\/fi\/wp-json\/wp\/v2\/pages\/3205\/revisions"}],"predecessor-version":[{"id":4497,"href":"https:\/\/vaasangolf.wptest02.vdk.fi\/fi\/wp-json\/wp\/v2\/pages\/3205\/revisions\/4497"}],"up":[{"embeddable":true,"href":"https:\/\/vaasangolf.wptest02.vdk.fi\/fi\/wp-json\/wp\/v2\/pages\/1530"}],"wp:attachment":[{"href":"https:\/\/vaasangolf.wptest02.vdk.fi\/fi\/wp-json\/wp\/v2\/media?parent=3205"}],"curies":[{"name":"wp","href":"https:\/\/api.w.org\/{rel}","templated":true}]}}