{"id":3208,"date":"2022-03-03T13:46:14","date_gmt":"2022-03-03T11:46:14","guid":{"rendered":"https:\/\/vaasangolf.wptest02.vdk.fi\/?page_id=3208"},"modified":"2022-03-03T13:46:14","modified_gmt":"2022-03-03T11:46:14","slug":"golfkayttaytyminen-osa-2-lyonti-ja-pallonjaljet","status":"publish","type":"page","link":"https:\/\/vaasangolf.wptest02.vdk.fi\/fi\/golfkayttaytyminen-osa-2-lyonti-ja-pallonjaljet\/","title":{"rendered":"Golfk\u00e4ytt\u00e4ytyminen &#8211; osa 2 (ly\u00f6nti- ja pallonj\u00e4ljet)"},"content":{"rendered":"<h1 class=\"entry-title post-title\"><\/h1>\n<div class=\"post-entry\">\n<h3>Hyv\u00e4t Golffarit<\/h3>\n<p>Jatketaan t\u00e4t\u00e4 golfk\u00e4ytt\u00e4ytymissarjaa j\u00e4lkien korjaamisella jonka tulisi olla kaikille golfareille itsest\u00e4\u00e4nselvyys. N\u00e4in minullakin olisi v\u00e4hemm\u00e4n korjattavaa aamuisin ja enemm\u00e4n aikaa yritt\u00e4\u00e4 osua griineihin.<\/p>\n<p>Tiiauspaikoilla ly\u00f6ntij\u00e4ljet tulee ensisijaisesti korjata sit\u00e4 varten tarkoitetulla siemen\/hiekkasekoituksella.\u00a0 V\u00e4ylill\u00e4 korjaus voidaan tehd\u00e4 laittamalla ly\u00f6titurve takaisin paikalle ja painamalla se huolellisesti maahan jotta se juurtuu takaisin, vaihtoehtoisesti my\u00f6s v\u00e4ylill\u00e4 voidaan ly\u00f6ntij\u00e4lki korjata\u00a0siemen\/hiekkasekoituksella.<\/p>\n<p>Viheri\u00f6ill\u00e4h\u00e4n ainoa korjattava j\u00e4lki tulisi olla pallon alastuloj\u00e4lki, vaikka olen t\u00e4n\u00e4 vuonna t\u00f6rm\u00e4nnyt ly\u00f6ntij\u00e4lkiin my\u00f6s viheri\u00f6ill\u00e4. Pallon alastuloj\u00e4lki tulisi korjata heti jolloin viheri\u00f6n ruoho korjaantuu p\u00e4iv\u00e4ss\u00e4, muussa tapauksessa ruohon korjaantuminen voi kest\u00e4\u00e4 viikkoja. Alastuloj\u00e4ljen korjaaminen onnistuu parhaiten sit\u00e4 varten valmistetulla griinihaarukalla seuraavien ohjeiden mukaisesti:<\/p>\n<p><img loading=\"lazy\" class=\"alignleft size-full wp-image-3450\" src=\"https:\/\/vaasangolf.wptest02.vdk.fi\/wp-content\/uploads\/sites\/41\/2018\/07\/Griini-1.png\" sizes=\"(max-width: 1310px) 100vw, 1310px\" srcset=\"https:\/\/vaasangolf.wptest02.vdk.fi\/wp-content\/uploads\/sites\/41\/2018\/07\/Griini-1.png 1310w, https:\/\/vaasangolf.wptest02.vdk.fi\/wp-content\/uploads\/sites\/41\/2018\/07\/Griini-1-300x116.png 300w, https:\/\/vaasangolf.wptest02.vdk.fi\/wp-content\/uploads\/sites\/41\/2018\/07\/Griini-1-768x297.png 768w, https:\/\/vaasangolf.wptest02.vdk.fi\/wp-content\/uploads\/sites\/41\/2018\/07\/Griini-1-1024x396.png 1024w, https:\/\/vaasangolf.wptest02.vdk.fi\/wp-content\/uploads\/sites\/41\/2018\/07\/Griini-1-1280x495.png 1280w, https:\/\/vaasangolf.wptest02.vdk.fi\/wp-content\/uploads\/sites\/41\/2018\/07\/Griini-1-240x93.png 240w, https:\/\/vaasangolf.wptest02.vdk.fi\/wp-content\/uploads\/sites\/41\/2018\/07\/Griini-1-160x62.png 160w, https:\/\/vaasangolf.wptest02.vdk.fi\/wp-content\/uploads\/sites\/41\/2018\/07\/Griini-1-630x244.png 630w, https:\/\/vaasangolf.wptest02.vdk.fi\/wp-content\/uploads\/sites\/41\/2018\/07\/Griini-1-200x77.png 200w\" alt=\"\" width=\"1310\" height=\"507\" \/><\/p>\n<p><strong>Oikea tapa korjata j\u00e4lki on asettaa griinihaarukka juuri alastuloj\u00e4ljen ulkopuolelle ja ty\u00f6nt\u00e4\u00e4 haarukkaa kohti j\u00e4ljen keskikohtaa ja toistaa t\u00e4m\u00e4 kaikkialta j\u00e4ljen ymp\u00e4rilt\u00e4. Lopuksi korjatun kohdan voi taputella putterilla tasaiseksi.<\/strong><\/p>\n<p><strong>Miss\u00e4\u00e4n nimess\u00e4 griinihaarukalla ei saa nostaa j\u00e4lke\u00e4 yl\u00f6sp\u00e4in, jolloin ruohonjuuri voi katketa ja j\u00e4ljen korjaantuminen pitkittyy huomattavasti.<\/strong><\/p>\n<p>Seuraavassa lyhyess\u00e4 videossa on esitetty oikea j\u00e4ljen korjaaminen:<\/p>\n<div class=\"video-container\"><iframe loading=\"lazy\" src=\"https:\/\/www.youtube.com\/embed\/x1UWnpv3woU?feature=oembed\" width=\"500\" height=\"281\" frameborder=\"0\" allowfullscreen=\"allowfullscreen\" data-mce-fragment=\"1\"><\/iframe><\/div>\n<p>Muistakaa laittaa griinihaarukka taskuun kent\u00e4lle ment\u00e4ess\u00e4, sill\u00e4 j\u00e4ljen korjaaminen kest\u00e4\u00e4 vain hetken, mutta korjaamattoman j\u00e4ljen paraneminen aiheuttaa viikkojen mielipahaa\u2026<\/p>\n<\/div>\n","protected":false},"excerpt":{"rendered":"<p>Hyv\u00e4t Golffarit Jatketaan t\u00e4t\u00e4 golfk\u00e4ytt\u00e4ytymissarjaa j\u00e4lkien korjaamisella jonka tulisi olla kaikille golfareille itsest\u00e4\u00e4nselvyys. N\u00e4in minullakin olisi v\u00e4hemm\u00e4n korjattavaa aamuisin ja enemm\u00e4n aikaa yritt\u00e4\u00e4 osua griineihin. Tiiauspaikoilla ly\u00f6ntij\u00e4ljet tulee ensisijaisesti korjata sit\u00e4 varten tarkoitetulla siemen\/hiekkasekoituksella.\u00a0 V\u00e4ylill\u00e4 korjaus voidaan tehd\u00e4 laittamalla ly\u00f6titurve takaisin paikalle ja painamalla se huolellisesti maahan jotta se juurtuu takaisin, vaihtoehtoisesti my\u00f6s v\u00e4ylill\u00e4 voidaan [&hellip;]<\/p>\n","protected":false},"author":6,"featured_media":0,"parent":0,"menu_order":0,"comment_status":"closed","ping_status":"closed","template":"","meta":{"_expiration-date-status":"","_expiration-date":0,"_expiration-date-type":"","_expiration-date-categories":[],"_expiration-date-options":[]},"acf":[],"_links":{"self":[{"href":"https:\/\/vaasangolf.wptest02.vdk.fi\/fi\/wp-json\/wp\/v2\/pages\/3208"}],"collection":[{"href":"https:\/\/vaasangolf.wptest02.vdk.fi\/fi\/wp-json\/wp\/v2\/pages"}],"about":[{"href":"https:\/\/vaasangolf.wptest02.vdk.fi\/fi\/wp-json\/wp\/v2\/types\/page"}],"author":[{"embeddable":true,"href":"https:\/\/vaasangolf.wptest02.vdk.fi\/fi\/wp-json\/wp\/v2\/users\/6"}],"replies":[{"embeddable":true,"href":"https:\/\/vaasangolf.wptest02.vdk.fi\/fi\/wp-json\/wp\/v2\/comments?post=3208"}],"version-history":[{"count":1,"href":"https:\/\/vaasangolf.wptest02.vdk.fi\/fi\/wp-json\/wp\/v2\/pages\/3208\/revisions"}],"predecessor-version":[{"id":3209,"href":"https:\/\/vaasangolf.wptest02.vdk.fi\/fi\/wp-json\/wp\/v2\/pages\/3208\/revisions\/3209"}],"wp:attachment":[{"href":"https:\/\/vaasangolf.wptest02.vdk.fi\/fi\/wp-json\/wp\/v2\/media?parent=3208"}],"curies":[{"name":"wp","href":"https:\/\/api.w.org\/{rel}","templated":true}]}}