{"id":8451,"date":"2023-07-10T14:00:50","date_gmt":"2023-07-10T11:00:50","guid":{"rendered":"https:\/\/vaasangolf.wptest02.vdk.fi\/?page_id=8451"},"modified":"2023-08-23T14:56:18","modified_gmt":"2023-08-23T11:56:18","slug":"ensikosketus-golfiin","status":"publish","type":"page","link":"https:\/\/vaasangolf.wptest02.vdk.fi\/fi\/toiminta\/toimikunnat\/junioritoimikunta\/ensikosketus-golfiin\/","title":{"rendered":"Ensikosketus golfiin"},"content":{"rendered":"\t\t<div data-elementor-type=\"wp-page\" data-elementor-id=\"8451\" class=\"elementor elementor-8451\">\n\t\t\t\t\t\t<div class=\"elementor-inner\">\n\t\t\t\t<div class=\"elementor-section-wrap\">\n\t\t\t\t\t\t\t\t\t<section class=\"elementor-section elementor-top-section elementor-element elementor-element-3a83e8b elementor-section-boxed elementor-section-height-default elementor-section-height-default\" data-id=\"3a83e8b\" data-element_type=\"section\">\n\t\t\t\t\t\t<div class=\"elementor-container elementor-column-gap-default\">\n\t\t\t\t\t\t\t<div class=\"elementor-row\">\n\t\t\t\t\t<div class=\"elementor-column elementor-col-100 elementor-top-column elementor-element elementor-element-6fad336e\" data-id=\"6fad336e\" data-element_type=\"column\">\n\t\t\t<div class=\"elementor-column-wrap elementor-element-populated\">\n\t\t\t\t\t\t\t<div class=\"elementor-widget-wrap\">\n\t\t\t\t\t\t<div class=\"elementor-element elementor-element-7e887f0 elementor-widget elementor-widget-text-editor\" data-id=\"7e887f0\" data-element_type=\"widget\" data-widget_type=\"text-editor.default\">\n\t\t\t\t<div class=\"elementor-widget-container\">\n\t\t\t\t\t\t\t\t<div class=\"elementor-text-editor elementor-clearfix\">\n\t\t\t\t<h4><strong>Ensikosketus golfiin Vaasan Golfissa<\/strong><\/h4><p><span data-contrast=\"auto\">Golfin aloittaminen Vaasan golfissa on lapsille ja nuorille helppoa ja edullista. Golfkouluun ilmoittautumalla p\u00e4\u00e4see kokeilemaan lajia ilmaiseksi ja ilman omia v\u00e4lineit\u00e4. J\u00e4rjest\u00e4mme kes\u00e4isin lajikokeiluja, joihin p\u00e4\u00e4see mukaan ilmaiseksi. Nettisivujemme lis\u00e4ksi seuraamalla somekanaviamme @vaasangolf ja @vaasangolfjuniors saat ajantasaisimmat tiedot Vaasan Golfin tapahtumista.<\/span><span data-ccp-props=\"{&quot;201341983&quot;:0,&quot;335559739&quot;:160,&quot;335559740&quot;:259}\">\u00a0<\/span><span data-ccp-props=\"{&quot;201341983&quot;:0,&quot;335559739&quot;:160,&quot;335559740&quot;:259}\">\u00a0<\/span><\/p><p><span data-contrast=\"auto\">J\u00e4rjest\u00e4mme lajikokeilutapahtumia junioriseuroille ja \u2013ryhmille. Mik\u00e4li teill\u00e4 on 10\u201330 henkil\u00f6n ryhm\u00e4 ja haluatte tulla kokeilemaan golfia, ottakaa yhteytt\u00e4 Vaasan Golfin juniorikoordinaattoriin (yhteystiedot alla). Meilt\u00e4 saatte ryhm\u00e4n\u00e4 v\u00e4lineet lainaksi ja ohjaajan opastamaan golfin saloihin.<\/span><span data-ccp-props=\"{&quot;201341983&quot;:0,&quot;335559739&quot;:160,&quot;335559740&quot;:259}\">\u00a0<\/span><\/p><p><span data-contrast=\"auto\">Golfkouluun, lajikokeiluihin ja ensikosketus golfiin tapahtumissa et tarvitse aiempaa kokemusta golfista. Tarvitset ainoastaan s\u00e4\u00e4nmukaisen varustuksen, (juomapullon) sek\u00e4 avoimen mielen. Tervetuloa Vaasan Golfiin kokeilemaan golfia ensimm\u00e4ist\u00e4 kertaa!<\/span><span data-ccp-props=\"{&quot;201341983&quot;:0,&quot;335559739&quot;:160,&quot;335559740&quot;:259}\">\u00a0<\/span><\/p><p><span data-contrast=\"auto\">Lis\u00e4tiedot: Jani-Markus Sula | Juniorikoordinaattori | <a href=\"mailto:jani-markus.sula@vag.fi\">jani-markus.sula@vag.fi<\/a><\/span><\/p>\t\t\t\t\t<\/div>\n\t\t\t\t\t\t<\/div>\n\t\t\t\t<\/div>\n\t\t\t\t\t\t<\/div>\n\t\t\t\t\t<\/div>\n\t\t<\/div>\n\t\t\t\t\t\t\t\t<\/div>\n\t\t\t\t\t<\/div>\n\t\t<\/section>\n\t\t\t\t<section class=\"elementor-section elementor-top-section elementor-element elementor-element-489ab9d elementor-section-boxed elementor-section-height-default elementor-section-height-default\" data-id=\"489ab9d\" data-element_type=\"section\">\n\t\t\t\t\t\t<div class=\"elementor-container elementor-column-gap-default\">\n\t\t\t\t\t\t\t<div class=\"elementor-row\">\n\t\t\t\t\t<div class=\"elementor-column elementor-col-100 elementor-top-column elementor-element elementor-element-0df2fbc\" data-id=\"0df2fbc\" data-element_type=\"column\">\n\t\t\t<div class=\"elementor-column-wrap elementor-element-populated\">\n\t\t\t\t\t\t\t<div class=\"elementor-widget-wrap\">\n\t\t\t\t\t\t<div class=\"elementor-element elementor-element-d1050da elementor-widget-divider--view-line elementor-widget elementor-widget-divider\" data-id=\"d1050da\" data-element_type=\"widget\" data-widget_type=\"divider.default\">\n\t\t\t\t<div class=\"elementor-widget-container\">\n\t\t\t\t\t<div class=\"elementor-divider\">\n\t\t\t<span class=\"elementor-divider-separator\">\n\t\t\t\t\t\t<\/span>\n\t\t<\/div>\n\t\t\t\t<\/div>\n\t\t\t\t<\/div>\n\t\t\t\t<div class=\"elementor-element elementor-element-18dfa0a elementor-align-center elementor-widget elementor-widget-button\" data-id=\"18dfa0a\" data-element_type=\"widget\" data-widget_type=\"button.default\">\n\t\t\t\t<div class=\"elementor-widget-container\">\n\t\t\t\t\t<div class=\"elementor-button-wrapper\">\n\t\t\t<a href=\"https:\/\/vaasangolf.wptest02.vdk.fi\/wp-content\/uploads\/2023\/08\/Juniorigolfarin-polku-4.pdf\" class=\"elementor-button-link elementor-button elementor-size-xl\" role=\"button\">\n\t\t\t\t\t\t<span class=\"elementor-button-content-wrapper\">\n\t\t\t\t\t\t<span class=\"elementor-button-text\">Juniorigolfarin polku Vaasan Golfissa<\/span>\n\t\t<\/span>\n\t\t\t\t\t<\/a>\n\t\t<\/div>\n\t\t\t\t<\/div>\n\t\t\t\t<\/div>\n\t\t\t\t\t\t<\/div>\n\t\t\t\t\t<\/div>\n\t\t<\/div>\n\t\t\t\t\t\t\t\t<\/div>\n\t\t\t\t\t<\/div>\n\t\t<\/section>\n\t\t\t\t<section class=\"elementor-section elementor-top-section elementor-element elementor-element-609ab1c elementor-section-boxed elementor-section-height-default elementor-section-height-default\" data-id=\"609ab1c\" data-element_type=\"section\">\n\t\t\t\t\t\t<div class=\"elementor-container elementor-column-gap-default\">\n\t\t\t\t\t\t\t<div class=\"elementor-row\">\n\t\t\t\t\t<div class=\"elementor-column elementor-col-100 elementor-top-column elementor-element elementor-element-0f10d3c\" data-id=\"0f10d3c\" data-element_type=\"column\">\n\t\t\t<div class=\"elementor-column-wrap elementor-element-populated\">\n\t\t\t\t\t\t\t<div class=\"elementor-widget-wrap\">\n\t\t\t\t\t\t<div class=\"elementor-element elementor-element-adfe4f6 elementor-widget elementor-widget-text-editor\" data-id=\"adfe4f6\" data-element_type=\"widget\" data-widget_type=\"text-editor.default\">\n\t\t\t\t<div class=\"elementor-widget-container\">\n\t\t\t\t\t\t\t\t<div class=\"elementor-text-editor elementor-clearfix\">\n\t\t\t\t<p style=\"text-align: center;\">Juniorigolfarin polusta n\u00e4et, miten lajikokeilujen ja matalan kynnyksen harjoitusten kautta voit l\u00f6yt\u00e4\u00e4 itsellesi pitk\u00e4aikaisen harrastuksen golfista.<\/p>\t\t\t\t\t<\/div>\n\t\t\t\t\t\t<\/div>\n\t\t\t\t<\/div>\n\t\t\t\t<div class=\"elementor-element elementor-element-46541d9 elementor-shape-rounded elementor-grid-0 e-grid-align-center elementor-widget elementor-widget-social-icons\" data-id=\"46541d9\" data-element_type=\"widget\" data-widget_type=\"social-icons.default\">\n\t\t\t\t<div class=\"elementor-widget-container\">\n\t\t\t\t\t<div class=\"elementor-social-icons-wrapper elementor-grid\">\n\t\t\t\t\t\t\t<span class=\"elementor-grid-item\">\n\t\t\t\t\t<a class=\"elementor-icon elementor-social-icon elementor-social-icon-facebook elementor-repeater-item-49b0431\" href=\"https:\/\/www.facebook.com\/vaasangolfjuniors\/\" target=\"_blank\">\n\t\t\t\t\t\t<span class=\"elementor-screen-only\">Facebook<\/span>\n\t\t\t\t\t\t<i class=\"fab fa-facebook\"><\/i>\t\t\t\t\t<\/a>\n\t\t\t\t<\/span>\n\t\t\t\t\t\t\t<span class=\"elementor-grid-item\">\n\t\t\t\t\t<a class=\"elementor-icon elementor-social-icon elementor-social-icon-instagram elementor-repeater-item-87f6ed7\" href=\"https:\/\/www.instagram.com\/vaasangolfjuniors\/\" target=\"_blank\">\n\t\t\t\t\t\t<span class=\"elementor-screen-only\">Instagram<\/span>\n\t\t\t\t\t\t<i class=\"fab fa-instagram\"><\/i>\t\t\t\t\t<\/a>\n\t\t\t\t<\/span>\n\t\t\t\t\t<\/div>\n\t\t\t\t<\/div>\n\t\t\t\t<\/div>\n\t\t\t\t\t\t<\/div>\n\t\t\t\t\t<\/div>\n\t\t<\/div>\n\t\t\t\t\t\t\t\t<\/div>\n\t\t\t\t\t<\/div>\n\t\t<\/section>\n\t\t\t\t\t\t\t\t\t<\/div>\n\t\t\t<\/div>\n\t\t\t\t\t<\/div>\n\t\t","protected":false},"excerpt":{"rendered":"<p>Ensikosketus golfiin Vaasan Golfissa Golfin aloittaminen Vaasan golfissa on lapsille ja nuorille helppoa ja edullista. Golfkouluun ilmoittautumalla p\u00e4\u00e4see kokeilemaan lajia ilmaiseksi ja ilman omia v\u00e4lineit\u00e4. J\u00e4rjest\u00e4mme kes\u00e4isin lajikokeiluja, joihin p\u00e4\u00e4see mukaan ilmaiseksi. Nettisivujemme lis\u00e4ksi seuraamalla somekanaviamme @vaasangolf ja @vaasangolfjuniors saat ajantasaisimmat tiedot Vaasan Golfin tapahtumista.\u00a0\u00a0 J\u00e4rjest\u00e4mme lajikokeilutapahtumia junioriseuroille ja \u2013ryhmille. Mik\u00e4li teill\u00e4 on 10\u201330 henkil\u00f6n [&hellip;]<\/p>\n","protected":false},"author":6,"featured_media":0,"parent":1510,"menu_order":0,"comment_status":"closed","ping_status":"closed","template":"","meta":{"_expiration-date-status":"","_expiration-date":0,"_expiration-date-type":"","_expiration-date-categories":[],"_expiration-date-options":[]},"acf":[],"_links":{"self":[{"href":"https:\/\/vaasangolf.wptest02.vdk.fi\/fi\/wp-json\/wp\/v2\/pages\/8451"}],"collection":[{"href":"https:\/\/vaasangolf.wptest02.vdk.fi\/fi\/wp-json\/wp\/v2\/pages"}],"about":[{"href":"https:\/\/vaasangolf.wptest02.vdk.fi\/fi\/wp-json\/wp\/v2\/types\/page"}],"author":[{"embeddable":true,"href":"https:\/\/vaasangolf.wptest02.vdk.fi\/fi\/wp-json\/wp\/v2\/users\/6"}],"replies":[{"embeddable":true,"href":"https:\/\/vaasangolf.wptest02.vdk.fi\/fi\/wp-json\/wp\/v2\/comments?post=8451"}],"version-history":[{"count":29,"href":"https:\/\/vaasangolf.wptest02.vdk.fi\/fi\/wp-json\/wp\/v2\/pages\/8451\/revisions"}],"predecessor-version":[{"id":9020,"href":"https:\/\/vaasangolf.wptest02.vdk.fi\/fi\/wp-json\/wp\/v2\/pages\/8451\/revisions\/9020"}],"up":[{"embeddable":true,"href":"https:\/\/vaasangolf.wptest02.vdk.fi\/fi\/wp-json\/wp\/v2\/pages\/1510"}],"wp:attachment":[{"href":"https:\/\/vaasangolf.wptest02.vdk.fi\/fi\/wp-json\/wp\/v2\/media?parent=8451"}],"curies":[{"name":"wp","href":"https:\/\/api.w.org\/{rel}","templated":true}]}}