{"id":6416,"date":"2022-12-02T12:42:38","date_gmt":"2022-12-02T10:42:38","guid":{"rendered":"https:\/\/vaasangolf.wptest02.vdk.fi\/?post_type=product&#038;p=6416"},"modified":"2023-09-27T13:53:32","modified_gmt":"2023-09-27T10:53:32","slug":"vaasan-golf-alkeiskurssi-2023-juniorit","status":"publish","type":"product","link":"https:\/\/vaasangolf.wptest02.vdk.fi\/fi\/tuote\/vaasan-golf-alkeiskurssi-2023-juniorit\/","title":{"rendered":"VAASA GOLF ALKEISKURSSI 2024 (juniorit)"},"content":{"rendered":"<p>Vaasa Golf alkeiskurssi 2024 (juniorit) &lt;16 vuottta<\/p>\n<p>Alkeiskurssi sis\u00e4lt\u00e4\u00e4;<\/p>\n<ul>\n<li>4h kurssin<\/li>\n<li>Vaasa Golf j\u00e4senyys 2024<\/li>\n<li>T\u00e4yden pelioikeuden kaudelle 2024 (&lt; 16vuotta)<\/li>\n<\/ul>\n<p>&nbsp;<\/p>\n<p>Alkeiskurssioston j\u00e4lkeen ota yhteytt\u00e4 toimisto@vag.fi, Tuula Per\u00e4l\u00e4 040 &#8211; 526 8666<\/p>\n<p>Jos ostat alkeiskurssin lahjaksi, niin l\u00e4het\u00e4mme lahjakorttin s\u00e4hk\u00f6postiin 2 arkip\u00e4iv\u00e4n kuluessa.<\/p>\n<p>Alkeiskurssiaikataulut l\u00f6yd\u00e4t<a href=\"https:\/\/vaasangolf.wptest02.vdk.fi\/fi\/palvelut\/alkeiskurssit\/alkeiskurssiaikataulut\/\" target=\"_blank\" rel=\"noopener\"> t\u00e4\u00e4lt\u00e4!<\/a><\/p>\n<p>&nbsp;<\/p>\n","protected":false},"excerpt":{"rendered":"<p>Vaasa Golf alkeiskurssi 2024 (juniorit) &lt;16 vuottta Alkeiskurssi sis\u00e4lt\u00e4\u00e4; 4h kurssin Vaasa Golf j\u00e4senyys 2024 T\u00e4yden pelioikeuden kaudelle 2024 (&lt; 16vuotta) &nbsp; Alkeiskurssioston j\u00e4lkeen ota yhteytt\u00e4 toimisto@vag.fi, Tuula Per\u00e4l\u00e4 040 &#8211; 526 8666 Jos ostat alkeiskurssin lahjaksi, niin l\u00e4het\u00e4mme lahjakorttin s\u00e4hk\u00f6postiin 2 arkip\u00e4iv\u00e4n kuluessa. Alkeiskurssiaikataulut l\u00f6yd\u00e4t t\u00e4\u00e4lt\u00e4! &nbsp;<\/p>\n","protected":false},"featured_media":4979,"template":"","meta":{"_expiration-date-status":"","_expiration-date":0,"_expiration-date-type":"","_expiration-date-categories":[],"_expiration-date-options":[]},"product_cat":[119],"product_tag":[],"bundle_layout":"","bundled_by":[],"bundled_items":[],"acf":[],"_links":{"self":[{"href":"https:\/\/vaasangolf.wptest02.vdk.fi\/fi\/wp-json\/wp\/v2\/product\/6416"}],"collection":[{"href":"https:\/\/vaasangolf.wptest02.vdk.fi\/fi\/wp-json\/wp\/v2\/product"}],"about":[{"href":"https:\/\/vaasangolf.wptest02.vdk.fi\/fi\/wp-json\/wp\/v2\/types\/product"}],"wp:featuredmedia":[{"embeddable":true,"href":"https:\/\/vaasangolf.wptest02.vdk.fi\/fi\/wp-json\/wp\/v2\/media\/4979"}],"wp:attachment":[{"href":"https:\/\/vaasangolf.wptest02.vdk.fi\/fi\/wp-json\/wp\/v2\/media?parent=6416"}],"wp:term":[{"taxonomy":"product_cat","embeddable":true,"href":"https:\/\/vaasangolf.wptest02.vdk.fi\/fi\/wp-json\/wp\/v2\/product_cat?post=6416"},{"taxonomy":"product_tag","embeddable":true,"href":"https:\/\/vaasangolf.wptest02.vdk.fi\/fi\/wp-json\/wp\/v2\/product_tag?post=6416"}],"curies":[{"name":"wp","href":"https:\/\/api.w.org\/{rel}","templated":true}]}}