{"id":7542,"date":"2023-04-20T15:13:38","date_gmt":"2023-04-20T12:13:38","guid":{"rendered":"https:\/\/vaasangolf.wptest02.vdk.fi\/?post_type=product&#038;p=7542"},"modified":"2023-04-20T15:19:18","modified_gmt":"2023-04-20T12:19:18","slug":"jokamieskentta-greenfee-aikuiset","status":"publish","type":"product","link":"https:\/\/vaasangolf.wptest02.vdk.fi\/fi\/tuote\/jokamieskentta-greenfee-aikuiset\/","title":{"rendered":"JOKAMIESKENTT\u00c4 GREENFEE (AIKUISET)"},"content":{"rendered":"<p>P\u00e4iv\u00e4greenfee jokamieskent\u00e4lle, aikuiset<\/p>\n<p>Greenfee sis\u00e4lt\u00e4\u00e4 tarvittaessa vuokramailat.<\/p>\n","protected":false},"excerpt":{"rendered":"<p>P\u00e4iv\u00e4greenfee jokamieskent\u00e4lle, aikuiset Greenfee sis\u00e4lt\u00e4\u00e4 tarvittaessa vuokramailat.<\/p>\n","protected":false},"featured_media":4979,"template":"","meta":{"_expiration-date-status":"","_expiration-date":0,"_expiration-date-type":"","_expiration-date-categories":[],"_expiration-date-options":[]},"product_cat":[84],"product_tag":[],"bundle_layout":"","bundled_by":[],"bundled_items":[],"acf":[],"_links":{"self":[{"href":"https:\/\/vaasangolf.wptest02.vdk.fi\/fi\/wp-json\/wp\/v2\/product\/7542"}],"collection":[{"href":"https:\/\/vaasangolf.wptest02.vdk.fi\/fi\/wp-json\/wp\/v2\/product"}],"about":[{"href":"https:\/\/vaasangolf.wptest02.vdk.fi\/fi\/wp-json\/wp\/v2\/types\/product"}],"wp:featuredmedia":[{"embeddable":true,"href":"https:\/\/vaasangolf.wptest02.vdk.fi\/fi\/wp-json\/wp\/v2\/media\/4979"}],"wp:attachment":[{"href":"https:\/\/vaasangolf.wptest02.vdk.fi\/fi\/wp-json\/wp\/v2\/media?parent=7542"}],"wp:term":[{"taxonomy":"product_cat","embeddable":true,"href":"https:\/\/vaasangolf.wptest02.vdk.fi\/fi\/wp-json\/wp\/v2\/product_cat?post=7542"},{"taxonomy":"product_tag","embeddable":true,"href":"https:\/\/vaasangolf.wptest02.vdk.fi\/fi\/wp-json\/wp\/v2\/product_tag?post=7542"}],"curies":[{"name":"wp","href":"https:\/\/api.w.org\/{rel}","templated":true}]}}