{"id":9255,"date":"2023-10-02T15:38:01","date_gmt":"2023-10-02T12:38:01","guid":{"rendered":"https:\/\/vaasangolf.wptest02.vdk.fi\/?post_type=product&#038;p=9255"},"modified":"2023-10-02T15:39:44","modified_gmt":"2023-10-02T12:39:44","slug":"1h-trackman-simulaattori","status":"publish","type":"product","link":"https:\/\/vaasangolf.wptest02.vdk.fi\/fi\/tuote\/1h-trackman-simulaattori\/","title":{"rendered":"1h TRACKMAN SIMULAATTORI (22-00)"},"content":{"rendered":"<p>1h\u00a0 Trackman simulaattori (Klubitalo) klo 22:00-00:00<\/p>\n<p>Osta haluamasi m\u00e4\u00e4r\u00e4 tunteja t\u00e4st\u00e4.<\/p>\n<p>Maksun j\u00e4lkeen varaa aikasi;\u00a0<strong><a href=\"https:\/\/vello.fi\/vag\/\" target=\"_blank\" rel=\"noopener\">VELLO AJANVARAUS<\/a><\/strong><\/p>\n<p>Varausvahvistus sis\u00e4lt\u00e4\u00e4 avainkoodin ja lis\u00e4ohjeet Trakman simulaattoriin l\u00f6yd\u00e4t kotisivuilta;\u00a0<strong><a href=\"https:\/\/vaasangolf.wptest02.vdk.fi\/fi\/pelaaminen\/trakman-simulaattori\/\" target=\"_blank\" rel=\"noopener\">Trackman ohjeet<\/a><\/strong><\/p>\n","protected":false},"excerpt":{"rendered":"<p>1h\u00a0 Trackman simulaattori (Klubitalo) klo 22:00-00:00 Osta haluamasi m\u00e4\u00e4r\u00e4 tunteja t\u00e4st\u00e4. Maksun j\u00e4lkeen varaa aikasi;\u00a0VELLO AJANVARAUS Varausvahvistus sis\u00e4lt\u00e4\u00e4 avainkoodin ja lis\u00e4ohjeet Trakman simulaattoriin l\u00f6yd\u00e4t kotisivuilta;\u00a0Trackman ohjeet<\/p>\n","protected":false},"featured_media":4979,"template":"","meta":{"_expiration-date-status":"","_expiration-date":0,"_expiration-date-type":"","_expiration-date-categories":[],"_expiration-date-options":[]},"product_cat":[117],"product_tag":[],"bundle_layout":"","bundled_by":[],"bundled_items":[],"acf":[],"_links":{"self":[{"href":"https:\/\/vaasangolf.wptest02.vdk.fi\/fi\/wp-json\/wp\/v2\/product\/9255"}],"collection":[{"href":"https:\/\/vaasangolf.wptest02.vdk.fi\/fi\/wp-json\/wp\/v2\/product"}],"about":[{"href":"https:\/\/vaasangolf.wptest02.vdk.fi\/fi\/wp-json\/wp\/v2\/types\/product"}],"wp:featuredmedia":[{"embeddable":true,"href":"https:\/\/vaasangolf.wptest02.vdk.fi\/fi\/wp-json\/wp\/v2\/media\/4979"}],"wp:attachment":[{"href":"https:\/\/vaasangolf.wptest02.vdk.fi\/fi\/wp-json\/wp\/v2\/media?parent=9255"}],"wp:term":[{"taxonomy":"product_cat","embeddable":true,"href":"https:\/\/vaasangolf.wptest02.vdk.fi\/fi\/wp-json\/wp\/v2\/product_cat?post=9255"},{"taxonomy":"product_tag","embeddable":true,"href":"https:\/\/vaasangolf.wptest02.vdk.fi\/fi\/wp-json\/wp\/v2\/product_tag?post=9255"}],"curies":[{"name":"wp","href":"https:\/\/api.w.org\/{rel}","templated":true}]}}