{"id":2530,"date":"2022-02-18T13:46:39","date_gmt":"2022-02-18T11:46:39","guid":{"rendered":"https:\/\/vaasangolf.wptest02.vdk.fi\/tjannster\/caddiemaster\/"},"modified":"2022-10-03T13:33:41","modified_gmt":"2022-10-03T10:33:41","slug":"caddiemaster","status":"publish","type":"page","link":"https:\/\/vaasangolf.wptest02.vdk.fi\/sv\/tjannster\/caddiemaster\/","title":{"rendered":"Caddiemaster"},"content":{"rendered":"<h4><strong>Vasa Golf<\/strong><\/h4>\n<p><strong>\u00d6ppet M\u00e5-Fr kl 9:00 &#8211; 17:00, L\u00f6-S\u00f6 10:00 &#8211; 16:00<\/strong><\/p>\n<p>&nbsp;<\/p>\n<p>&nbsp;<\/p>\n<p>&nbsp;<\/p>\n<p>Golfbanev\u00e4gen 61<br \/>\n65370 Vasa<\/p>\n<p>Caddiemaster<br \/>\nt. 040 526 8666<br \/>\ncaddiemaster@vag.fi<\/p>\n<p>&nbsp;<\/p>\n","protected":false},"excerpt":{"rendered":"<p>Vasa Golf \u00d6ppet M\u00e5-Fr kl 9:00 &#8211; 17:00, L\u00f6-S\u00f6 10:00 &#8211; 16:00 &nbsp; &nbsp; &nbsp; Golfbanev\u00e4gen 61 65370 Vasa Caddiemaster t. 040 526 8666 caddiemaster@vag.fi &nbsp;<\/p>\n","protected":false},"author":2,"featured_media":0,"parent":2512,"menu_order":0,"comment_status":"closed","ping_status":"closed","template":"","meta":{"_expiration-date-status":"","_expiration-date":0,"_expiration-date-type":"","_expiration-date-categories":[],"_expiration-date-options":[]},"acf":[],"_links":{"self":[{"href":"https:\/\/vaasangolf.wptest02.vdk.fi\/sv\/wp-json\/wp\/v2\/pages\/2530"}],"collection":[{"href":"https:\/\/vaasangolf.wptest02.vdk.fi\/sv\/wp-json\/wp\/v2\/pages"}],"about":[{"href":"https:\/\/vaasangolf.wptest02.vdk.fi\/sv\/wp-json\/wp\/v2\/types\/page"}],"author":[{"embeddable":true,"href":"https:\/\/vaasangolf.wptest02.vdk.fi\/sv\/wp-json\/wp\/v2\/users\/2"}],"replies":[{"embeddable":true,"href":"https:\/\/vaasangolf.wptest02.vdk.fi\/sv\/wp-json\/wp\/v2\/comments?post=2530"}],"version-history":[{"count":6,"href":"https:\/\/vaasangolf.wptest02.vdk.fi\/sv\/wp-json\/wp\/v2\/pages\/2530\/revisions"}],"predecessor-version":[{"id":5962,"href":"https:\/\/vaasangolf.wptest02.vdk.fi\/sv\/wp-json\/wp\/v2\/pages\/2530\/revisions\/5962"}],"up":[{"embeddable":true,"href":"https:\/\/vaasangolf.wptest02.vdk.fi\/sv\/wp-json\/wp\/v2\/pages\/2512"}],"wp:attachment":[{"href":"https:\/\/vaasangolf.wptest02.vdk.fi\/sv\/wp-json\/wp\/v2\/media?parent=2530"}],"curies":[{"name":"wp","href":"https:\/\/api.w.org\/{rel}","templated":true}]}}