{"id":2535,"date":"2022-02-18T14:23:09","date_gmt":"2022-02-18T12:23:09","guid":{"rendered":"https:\/\/vaasangolf.wptest02.vdk.fi\/traningsomraden\/"},"modified":"2022-05-14T13:14:02","modified_gmt":"2022-05-14T10:14:02","slug":"traningsomraden","status":"publish","type":"page","link":"https:\/\/vaasangolf.wptest02.vdk.fi\/sv\/banan-2\/traningsomraden\/","title":{"rendered":"Tr\u00e4ningsomr\u00e5den"},"content":{"rendered":"<h3>RANGE<\/h3>\n<p>Gr\u00e4srange, 10 uteslagsplatser med mattor under tak. Rangen \u00e4r \u00f6ppen varje dag mellan kl. 08.00- 20.00.<\/p>\n<p>Bollautomaten fungerar b\u00e5de med mynt och poletter; med 2 \u20ac f\u00e5r man 30 bollar. Poletter kan k\u00f6pas fr\u00e5n caddiemastern.<\/p>\n<h3>PUTTOMR\u00c5DE<\/h3>\n<p>Puttomr\u00e5den finns framf\u00f6r klubbhuset och vid rangen. Chippslagen \u00e4r till\u00e5tna endast p\u00e5 rangens puttomr\u00e5de.<\/p>\n<h3>N\u00c4RSPELOMR\u00c5DE<\/h3>\n<p>Mittemot parkeringsomr\u00e5det finns ett n\u00e4rspelomr\u00e5de.<\/p>\n","protected":false},"excerpt":{"rendered":"<p>RANGE Gr\u00e4srange, 10 uteslagsplatser med mattor under tak. Rangen \u00e4r \u00f6ppen varje dag mellan kl. 08.00- 20.00. Bollautomaten fungerar b\u00e5de med mynt och poletter; med 2 \u20ac f\u00e5r man 30 bollar. Poletter kan k\u00f6pas fr\u00e5n caddiemastern. PUTTOMR\u00c5DE Puttomr\u00e5den finns framf\u00f6r klubbhuset och vid rangen. Chippslagen \u00e4r till\u00e5tna endast p\u00e5 rangens puttomr\u00e5de. N\u00c4RSPELOMR\u00c5DE Mittemot parkeringsomr\u00e5det finns [&hellip;]<\/p>\n","protected":false},"author":2,"featured_media":0,"parent":2590,"menu_order":0,"comment_status":"closed","ping_status":"closed","template":"","meta":{"_expiration-date-status":"","_expiration-date":0,"_expiration-date-type":"","_expiration-date-categories":[],"_expiration-date-options":[]},"acf":[],"_links":{"self":[{"href":"https:\/\/vaasangolf.wptest02.vdk.fi\/sv\/wp-json\/wp\/v2\/pages\/2535"}],"collection":[{"href":"https:\/\/vaasangolf.wptest02.vdk.fi\/sv\/wp-json\/wp\/v2\/pages"}],"about":[{"href":"https:\/\/vaasangolf.wptest02.vdk.fi\/sv\/wp-json\/wp\/v2\/types\/page"}],"author":[{"embeddable":true,"href":"https:\/\/vaasangolf.wptest02.vdk.fi\/sv\/wp-json\/wp\/v2\/users\/2"}],"replies":[{"embeddable":true,"href":"https:\/\/vaasangolf.wptest02.vdk.fi\/sv\/wp-json\/wp\/v2\/comments?post=2535"}],"version-history":[{"count":3,"href":"https:\/\/vaasangolf.wptest02.vdk.fi\/sv\/wp-json\/wp\/v2\/pages\/2535\/revisions"}],"predecessor-version":[{"id":4678,"href":"https:\/\/vaasangolf.wptest02.vdk.fi\/sv\/wp-json\/wp\/v2\/pages\/2535\/revisions\/4678"}],"up":[{"embeddable":true,"href":"https:\/\/vaasangolf.wptest02.vdk.fi\/sv\/wp-json\/wp\/v2\/pages\/2590"}],"wp:attachment":[{"href":"https:\/\/vaasangolf.wptest02.vdk.fi\/sv\/wp-json\/wp\/v2\/media?parent=2535"}],"curies":[{"name":"wp","href":"https:\/\/api.w.org\/{rel}","templated":true}]}}