{"id":2681,"date":"2022-02-24T15:46:45","date_gmt":"2022-02-24T13:46:45","guid":{"rendered":"https:\/\/vaasangolf.wptest02.vdk.fi\/tjannster\/boende\/"},"modified":"2023-04-20T11:55:23","modified_gmt":"2023-04-20T08:55:23","slug":"boende","status":"publish","type":"page","link":"https:\/\/vaasangolf.wptest02.vdk.fi\/sv\/tjannster\/boende\/","title":{"rendered":"Boende"},"content":{"rendered":"<h1 class=\"entry-title post-title\">Boende<\/h1>\n<div class=\"post-entry\"><\/div>\n<p>Oberoende om du kommer ensam, i s\u00e4llskap eller med en st\u00f6rre grupp \u00e4r du v\u00e4lkommen att njuta av g\u00e4stfriheten i Vasa.<\/p>\n<p>V\u00e5ra golfpaket inneh\u00e5ller heldags greenfee\u00a0 p\u00e5 Vasa Golf, \u00f6vernattning i valfritt hotell och en riklig hotellfrukost.<\/p>\n<p>Du kan v\u00e4lja hotell bland f\u00f6ljande:<\/p>\n<hr \/>\n<h4><strong>ORIGINAL SOKOS HOTEL VAAKUNA, VASA<\/strong><\/h4>\n<p>Original Sokos Hotel Vaakuna Vasa \u00e4r ett h\u00f6gklassigt och personligt hotell i hj\u00e4rtat av Vasa. L\u00e4get i k\u00f6pcentret vid torget erbjuder dig utm\u00e4rkta shoppingm\u00f6jligheter.<br \/>\nKombinera golf och shopping \u2013 vad \u00e4r trevligare \u00e4n det! Vi \u00f6nskar dig v\u00e4lkommen som g\u00e4st, hos oss \u00e4r du nummer ett!<br \/>\nF\u00f6rfr\u00e5gningar och bokningar: Original Sokos Hotel Vaakuna Vasa reception 358 (0) 20\u00a0780 88 00.<\/p>\n<p><a href=\"mailto:vaakuna.vaasa@sokoshotels.fi\">vaakuna.vaasa@sokoshotels.fi<\/a>\u00a0eller\u00a0<a href=\"https:\/\/www.sokoshotels.fi\/sv\/vasa\/sokos-hotel-vaakuna-vaasa\">https:\/\/www.sokoshotels.fi\/sv\/vasa\/sokos-hotel-vaakuna-vaasa<\/a><\/p>\n<hr \/>\n<h4><strong>ORIGINAL SOKOS HOTEL ROYAL VAASA<\/strong><\/h4>\n<p class=\"x_MsoNormal\"><span lang=\"SV\">Original Sokos Hotel Royal Vaasa ligger mitt i staden, l\u00e4ngs en vacker park, n\u00e4ra all service.<\/span><\/p>\n<p class=\"x_MsoNormal\"><span lang=\"SV\">Den historiskt v\u00e4rdefulla Central- byggnaden har inrymt hotellverksamhet i 80 \u00e5r. N\u00e4r du bor i denna byggnad som utstr\u00e5lar gammaldags romantik kan du k\u00e4nna att tiden saktar ner.<\/span><\/p>\n<p class=\"x_MsoNormal\"><span lang=\"SV\">Restaurang Central, som \u00e4r k\u00e4r f\u00f6r m\u00e5nga stadsbor, betj\u00e4nar hotellg\u00e4ster och stadsbor p\u00e5 hotellets 2:a v\u00e5ning och serverar frukost, lunch och middag.<\/span><\/p>\n<p class=\"x_MsoNormal\"><span lang=\"SV\">P\u00e5 samma v\u00e5ning hittar du \u00e4ven v\u00e5rt hotells reception samt m\u00f6tesrum. Om du k\u00e4nner f\u00f6r en s\u00e4ngf\u00f6sare innan du drar dig tillbaka kan du bes\u00f6ka baren vid Central restaurangen eller O&#8217;Malley&#8217;s puben p\u00e5 nederv\u00e5ningen.<\/span><\/p>\n<p class=\"x_MsoNormal\"><span lang=\"SV\">Varmt v\u00e4lkommen till Original Sokos Hotel Royal i Vasa!<\/span><\/p>\n<p class=\"x_MsoNormal\"><span lang=\"SV\">\u00a0<\/span><\/p>\n<p class=\"x_MsoNormal\"><span lang=\"SV\">F\u00f6rfr\u00e5gningar och bokningar:<\/span><\/p>\n<p class=\"x_MsoNormal\"><span lang=\"SV\">+358 (0)10 784 0000 eller\u00a0<a href=\"https:\/\/www.sokoshotels.fi\/sv\/vaasa\/original-sokos-hotel-royal-vaasa\" target=\"_blank\" rel=\"noopener noreferrer\" data-auth=\"NotApplicable\" data-safelink=\"true\" data-linkindex=\"1\">https:\/\/www.sokoshotels.fi\/sv\/vaasa\/original-sokos-hotel-royal-vaasa<\/a><\/span><\/p>\n<hr \/>\n<h4><b>HOTEL ASTOR WASA<\/b><\/h4>\n<p>P\u00e5 Hotel Astor Wasa i centrum av Vasa, sover du gott i v\u00e5ra 42 h\u00f6gklassigt inredda rum. Enligt finsk tradition har flera av rummen egen bastu. Milj\u00f6n \u00e4r hemtrevlig och servicen personlig. Du kan g\u00e4rna sl\u00e5 dig ner med en drink eller \u00f6l i v\u00e5r jaktinspirerade bar som ligger intill receptionen. \u00d6nskar du sitta i lugn och ro \u00e4r v\u00e5rt bibliotek med sina Chesterfield f\u00e5t\u00f6ljer det du s\u00f6ker.<\/p>\n<p>F\u00f6rfr\u00e5gningar och bokningar:<\/p>\n<p>+358 6 326 9111<\/p>\n<p><a href=\"http:\/\/www.astorvaasa.fi\/\">www.astorvaasa.fi<\/a><\/p>\n<hr \/>\n<h4><b>BEST WESTERN HOTEL VALLONIA<\/b><\/h4>\n<p>BEST WESTERN Hotel Vallonia \u00e4r ett trivsamt och trevligt aff\u00e4rs-, konferens- och familjehotell. Hotellet \u00e4r byggt \u00e5r 1984 och det utvidgades 1989 och 2003. Alla 52 rum \u00e4r utrustade med TV\/Radio, telefon, minibar, dusch, h\u00e5rf\u00f6n och WC. 18 av rummen har egen bastu och 12 av dem har eget minik\u00f6k. Alla rum \u00e4r \u00e4ven utrustade med bredband, Internet anslutning, vilket \u00e4r gratis f\u00f6r v\u00e5ra g\u00e4ster.<\/p>\n<p>F\u00f6rfr\u00e5gningar och bokningar:<\/p>\n<p>+358 6 328 8288<\/p>\n<p><a href=\"http:\/\/www.vallonia.fi\/\">www.vallonia.fi<\/a><\/p>\n<hr \/>\n<p>Golfresan mellan Vasa och Ume\u00e5 eller Ume\u00e5 och Vasa g\u00f6r du b\u00e4st med\u00a0<b>WASALINE<\/b><\/p>\n<p>Reservera din b\u00e5tresa<\/p>\n<p>+46 (0)90 185 200<\/p>\n<p>+358 207 716 810<\/p>\n<p><a href=\"mailto:info@wasaline.com\">info@wasaline.com<\/a><\/p>\n<p><a href=\"http:\/\/www.wasaline.com\/\">www.wasaline.com<\/a><\/p>\n<p>&nbsp;<\/p>\n<p>&nbsp;<\/p>\n<h2>V\u00e4lkommen!<\/h2>\n","protected":false},"excerpt":{"rendered":"<p>Boende Oberoende om du kommer ensam, i s\u00e4llskap eller med en st\u00f6rre grupp \u00e4r du v\u00e4lkommen att njuta av g\u00e4stfriheten i Vasa. V\u00e5ra golfpaket inneh\u00e5ller heldags greenfee\u00a0 p\u00e5 Vasa Golf, \u00f6vernattning i valfritt hotell och en riklig hotellfrukost. Du kan v\u00e4lja hotell bland f\u00f6ljande: ORIGINAL SOKOS HOTEL VAAKUNA, VASA Original Sokos Hotel Vaakuna Vasa \u00e4r [&hellip;]<\/p>\n","protected":false},"author":2,"featured_media":0,"parent":2512,"menu_order":0,"comment_status":"closed","ping_status":"closed","template":"","meta":{"_expiration-date-status":"","_expiration-date":0,"_expiration-date-type":"","_expiration-date-categories":[],"_expiration-date-options":[]},"acf":[],"_links":{"self":[{"href":"https:\/\/vaasangolf.wptest02.vdk.fi\/sv\/wp-json\/wp\/v2\/pages\/2681"}],"collection":[{"href":"https:\/\/vaasangolf.wptest02.vdk.fi\/sv\/wp-json\/wp\/v2\/pages"}],"about":[{"href":"https:\/\/vaasangolf.wptest02.vdk.fi\/sv\/wp-json\/wp\/v2\/types\/page"}],"author":[{"embeddable":true,"href":"https:\/\/vaasangolf.wptest02.vdk.fi\/sv\/wp-json\/wp\/v2\/users\/2"}],"replies":[{"embeddable":true,"href":"https:\/\/vaasangolf.wptest02.vdk.fi\/sv\/wp-json\/wp\/v2\/comments?post=2681"}],"version-history":[{"count":4,"href":"https:\/\/vaasangolf.wptest02.vdk.fi\/sv\/wp-json\/wp\/v2\/pages\/2681\/revisions"}],"predecessor-version":[{"id":7532,"href":"https:\/\/vaasangolf.wptest02.vdk.fi\/sv\/wp-json\/wp\/v2\/pages\/2681\/revisions\/7532"}],"up":[{"embeddable":true,"href":"https:\/\/vaasangolf.wptest02.vdk.fi\/sv\/wp-json\/wp\/v2\/pages\/2512"}],"wp:attachment":[{"href":"https:\/\/vaasangolf.wptest02.vdk.fi\/sv\/wp-json\/wp\/v2\/media?parent=2681"}],"curies":[{"name":"wp","href":"https:\/\/api.w.org\/{rel}","templated":true}]}}