{"id":2685,"date":"2022-02-25T09:43:55","date_gmt":"2022-02-25T07:43:55","guid":{"rendered":"https:\/\/vaasangolf.wptest02.vdk.fi\/banan-2\/vintertraningshallen\/"},"modified":"2023-02-27T13:06:59","modified_gmt":"2023-02-27T11:06:59","slug":"vintertraningshallen","status":"publish","type":"page","link":"https:\/\/vaasangolf.wptest02.vdk.fi\/sv\/banan-2\/vintertraningshallen\/","title":{"rendered":"Vintertr\u00e4ningshallen"},"content":{"rendered":"<p>En anv\u00e4ndningsavgift tas ut f\u00f6r vintertr\u00e4ningshallen, som m\u00e5ste betalas f\u00f6re anv\u00e4ndning till Vasa Golfs webbutik;\u00a0<strong><a href=\"https:\/\/vaasangolf.wptest02.vdk.fi\/fi\/verkkokauppa\/\" target=\"_blank\" rel=\"noopener\">WEBBUTIK H\u00c4R!<\/a><\/strong><\/p>\n<p>Prislista\/ SPECIALPRISER!<\/p>\n<ul>\n<li><strong>Vuxna (medlem) 20 \u20ac \/ resten av s\u00e4songen (65\u20ac)<\/strong><\/li>\n<li><strong>Junior 15 \u20ac \/ s\u00e4song (30 \u20ac)<\/strong><\/li>\n<li><strong>Inte\u00a0 medlem 40 \u20ac \/resten av s\u00e4songen (100\u20ac)<\/strong><\/li>\n<li><strong>+ SkyTrak analysator 10 \u20ac \/ s\u00e4song (35 \u20ac)<\/strong><\/li>\n<li><strong>+ Nyckeln till bagf\u00f6rr\u00e5det 10 \u20ac<\/strong><\/li>\n<\/ul>\n<p>&nbsp;<\/p>\n<p>Om ni beh\u00f6ver en nyckel till vintertr\u00e4ningshallen, ta konkakt:\u00a0 040 \u2013 526 8666 Tuula Per\u00e4l\u00e4 (M\u00e5-Fr kl 9:00 &#8211; 15:00)<\/p>\n<p>V\u00e4nligen returnera vintertr\u00e4ningshallens nyckel, om ni\u00a0 inte ska anv\u00e4nda tr\u00e4ningshallen l\u00e4ngre.<\/p>\n","protected":false},"excerpt":{"rendered":"<p>En anv\u00e4ndningsavgift tas ut f\u00f6r vintertr\u00e4ningshallen, som m\u00e5ste betalas f\u00f6re anv\u00e4ndning till Vasa Golfs webbutik;\u00a0WEBBUTIK H\u00c4R! Prislista\/ SPECIALPRISER! Vuxna (medlem) 20 \u20ac \/ resten av s\u00e4songen (65\u20ac) Junior 15 \u20ac \/ s\u00e4song (30 \u20ac) Inte\u00a0 medlem 40 \u20ac \/resten av s\u00e4songen (100\u20ac) + SkyTrak analysator 10 \u20ac \/ s\u00e4song (35 \u20ac) + Nyckeln till bagf\u00f6rr\u00e5det [&hellip;]<\/p>\n","protected":false},"author":2,"featured_media":0,"parent":2590,"menu_order":0,"comment_status":"closed","ping_status":"closed","template":"","meta":{"_expiration-date-status":"","_expiration-date":0,"_expiration-date-type":"","_expiration-date-categories":[],"_expiration-date-options":[]},"acf":[],"_links":{"self":[{"href":"https:\/\/vaasangolf.wptest02.vdk.fi\/sv\/wp-json\/wp\/v2\/pages\/2685"}],"collection":[{"href":"https:\/\/vaasangolf.wptest02.vdk.fi\/sv\/wp-json\/wp\/v2\/pages"}],"about":[{"href":"https:\/\/vaasangolf.wptest02.vdk.fi\/sv\/wp-json\/wp\/v2\/types\/page"}],"author":[{"embeddable":true,"href":"https:\/\/vaasangolf.wptest02.vdk.fi\/sv\/wp-json\/wp\/v2\/users\/2"}],"replies":[{"embeddable":true,"href":"https:\/\/vaasangolf.wptest02.vdk.fi\/sv\/wp-json\/wp\/v2\/comments?post=2685"}],"version-history":[{"count":8,"href":"https:\/\/vaasangolf.wptest02.vdk.fi\/sv\/wp-json\/wp\/v2\/pages\/2685\/revisions"}],"predecessor-version":[{"id":7123,"href":"https:\/\/vaasangolf.wptest02.vdk.fi\/sv\/wp-json\/wp\/v2\/pages\/2685\/revisions\/7123"}],"up":[{"embeddable":true,"href":"https:\/\/vaasangolf.wptest02.vdk.fi\/sv\/wp-json\/wp\/v2\/pages\/2590"}],"wp:attachment":[{"href":"https:\/\/vaasangolf.wptest02.vdk.fi\/sv\/wp-json\/wp\/v2\/media?parent=2685"}],"curies":[{"name":"wp","href":"https:\/\/api.w.org\/{rel}","templated":true}]}}