{"id":2686,"date":"2022-02-25T09:58:20","date_gmt":"2022-02-25T07:58:20","guid":{"rendered":"https:\/\/vaasangolf.wptest02.vdk.fi\/banan-2\/trakman-golfsimulator\/"},"modified":"2023-10-04T10:05:58","modified_gmt":"2023-10-04T07:05:58","slug":"trakman-golfsimulator","status":"publish","type":"page","link":"https:\/\/vaasangolf.wptest02.vdk.fi\/sv\/banan-2\/trakman-golfsimulator\/","title":{"rendered":"Trackman \/ Golfsimulator"},"content":{"rendered":"<p><strong>V\u00e4lkommen till Trackman-simulatorn!<\/strong><\/p>\n<p>&nbsp;<\/p>\n<p><strong>Aktuellt:<\/strong><\/p>\n<p><strong>OBS! Trackman radarn f\u00e5r inte r\u00f6ras eller flyttas p\u00e5. Om radarn flyttas meddela om det omedelbart, eftersom Trackman visar d\u00e5 ett felaktigt resultat.<\/strong><\/p>\n<p>Meddela genast om problem med simulatorn och vid eventuella fr\u00e5gor om Trackman eller simulatorn tag kontakt med: puheenjohtaja@vag.fi (0400 264 196)<\/p>\n<h3>Simulatorns priss\u00e4ttning<\/h3>\n<p>Priss\u00e4ttningen \u00e4r tidsbunden, priset betalas per timme som spelas, oberoende av antalet personer som spelar.<\/p>\n<p>Betala den bokade tiden innan du anl\u00e4nder f\u00f6r din tid. OBS! Personen som g\u00f6r tidsbokningen b\u00f6r vara samma som person som g\u00f6r betalningen.<\/p>\n<p>Betalningen f\u00f6r enskilda timmar och 10-korten betalas f\u00f6re speltiden b\u00f6rjar till <strong><a href=\"https:\/\/vaasangolf.wptest02.vdk.fi\/sv\/webbutik\/\" target=\"_blank\" rel=\"noopener\">WEBSHOP\u00a0<\/a><\/strong><\/p>\n<p>(Om caddiemastern \u00e4r p\u00e5 plats kan betalningen ske direkt vid caddiemasterdisken). Fasta turer faktureras skilt.<\/p>\n<p>&nbsp;<\/p>\n<table style=\"height: 208px;\" border=\"1\" width=\"917\">\n<tbody>\n<tr>\n<td><strong>Prisklasser:<\/strong><\/td>\n<td><strong>Pris:<\/strong><\/td>\n<td><strong>Anv\u00e4ndarr\u00e4ttigheter f\u00f6r olika prisklasser:<\/strong><\/td>\n<\/tr>\n<tr>\n<td>Enskild timme<\/td>\n<td>kl 6:00-14:00 10\u20ac \/ timme<\/p>\n<p>kl 14:00-22:00 20\u20ac \/ timme<\/p>\n<p>kl 22:00-00:00 10\u20ac \/ timme<\/td>\n<td>Alla medlemmar (och g\u00e4stspelare)<\/td>\n<td><\/td>\n<\/tr>\n<tr>\n<td><\/td>\n<td><\/td>\n<td><\/td>\n<td><\/td>\n<\/tr>\n<tr>\n<td><\/td>\n<td><\/td>\n<td><\/td>\n<\/tr>\n<\/tbody>\n<\/table>\n<p>&nbsp;<\/p>\n<p>Om ni \u00e4r intresserade av fasta turer, tag kontakt med puheenjohtaja@vag.fi (0400 264 196).<\/p>\n<p>Det finns en begr\u00e4nsad m\u00e4ngd av fasta turer och de delas ut i anm\u00e4lningsordning.<\/p>\n<p>F\u00f6r deltagare i seniorernas simulatort\u00e4vling meddelas priss\u00e4ttningen skilt.<\/p>\n<p>&nbsp;<\/p>\n<p>&nbsp;<\/p>\n<p><a href=\"https:\/\/vaasangolf.wptest02.vdk.fi\/wp-content\/uploads\/2023\/01\/Screenshot_20230112_092445_Facebook-1-1024x554.jpg\"><img loading=\"lazy\" class=\"alignnone size-large wp-image-6614\" src=\"https:\/\/vaasangolf.wptest02.vdk.fi\/wp-content\/uploads\/2023\/01\/Screenshot_20230112_092445_Facebook-1-1024x554.jpg\" alt=\"\" width=\"800\" height=\"433\" srcset=\"https:\/\/vaasangolf.wptest02.vdk.fi\/wp-content\/uploads\/2023\/01\/Screenshot_20230112_092445_Facebook-1-1024x554.jpg 1024w, https:\/\/vaasangolf.wptest02.vdk.fi\/wp-content\/uploads\/2023\/01\/Screenshot_20230112_092445_Facebook-1-300x162.jpg 300w, https:\/\/vaasangolf.wptest02.vdk.fi\/wp-content\/uploads\/2023\/01\/Screenshot_20230112_092445_Facebook-1-768x416.jpg 768w, https:\/\/vaasangolf.wptest02.vdk.fi\/wp-content\/uploads\/2023\/01\/Screenshot_20230112_092445_Facebook-1-600x325.jpg 600w, https:\/\/vaasangolf.wptest02.vdk.fi\/wp-content\/uploads\/2023\/01\/Screenshot_20230112_092445_Facebook-1.jpg 1079w\" sizes=\"(max-width: 800px) 100vw, 800px\" \/><\/a><\/p>\n<p>&nbsp;<\/p>\n<p>Instuktionsvideo f\u00f6r bruk av Vasa Golfs Trackman-simulator. P\u00e5 videon g\u00e5r man igenom tidsbokning, hur man s\u00e4tter ig\u00e5ng simulatorn och hur man \u00f6var och spelar med simulatorn. Man g\u00e5r \u00e4ven igenom de viktigaste talen och deras inverkan p\u00e5 ditt slag, s\u00e5 att du kan dra nytta av dem n\u00e4r du analyserar ditt spel.<\/p>\n<h4><strong><a href=\"https:\/\/www.youtube.com\/watch?v=_EvuIj8lvBA&amp;t=2s\" target=\"_blank\" rel=\"noopener\">Se video h\u00e4r!<\/a><\/strong><\/h4>\n<p>&nbsp;<\/p>\n<p>&nbsp;<\/p>\n<h3>Tidsbokning<\/h3>\n<p>Tidsbokningen sker via: <a href=\"https:\/\/vello.fi\/vag\/vaasan-golf\">https:\/\/vello.fi\/vag\/<\/a><\/p>\n<p>Antagandet \u00e4r, att en spelare kan spela 18 h\u00e5l inom en timme, tv\u00e5 spelare inom tv\u00e5 timmar, 3-4 spelare b\u00f6r reservera fyra timmar speltid f\u00f6r 18 h\u00e5l.<\/p>\n<p>Tiderna bokas en tid \u00e5t g\u00e5ngen, reservera allts\u00e5 tv\u00e5 tider efter varandra om ni \u00f6nskar spela tv\u00e5 timmar.<\/p>\n<p>N\u00e4r ni klickat p\u00e5 tiden ni \u00f6nskar, \u00f6ppnas f\u00f6ljande vy. D\u00e4r anger ni namn, e-postadress och telefonnummer.<\/p>\n<p>N\u00e4r ni fyllt i era kontaktuppgifter, klicka p\u00e5 \u201dKom ih\u00e5g mina bokningsuppgifter\u2026\u201d s\u00e5 kommer programmet ih\u00e5g dina uppgifter till f\u00f6ljande tidsbokning. S\u00e5 att bokningen kan slutf\u00f6ras b\u00f6r ni \u00e4ven godk\u00e4nna \u201dVillkor och integritetspolicy\u201d. Till slut klicka p\u00e5 \u201dBekr\u00e4fta bokning\u201d.<\/p>\n<p>Ifall ni vill boka en timme till, v\u00e4lj den tid ni \u00f6nskar och g\u00f6r bokningen enligt instruktionerna ovan.<\/p>\n<p>Ni f\u00e5r en bekr\u00e4ftelse till e-posten p\u00e5 alla slutf\u00f6rda bokningar. Bokningsbekr\u00e4ftelsen inneh\u00e5ller betalningsanvisningar och en 5-siffrig kod, som ni slipper in till simulatorn med. Simulatorn finns i klubbhuset, i proshoppens utrymmen.<\/p>\n<p>Parkering. N\u00e4r ni anl\u00e4nder till simulatorn, kan bilen parkeras utanf\u00f6r klubbhuset (undvik att parkera rakt framf\u00f6r klubbhuset, eftersom under vintertid faller det sn\u00f6\/is fr\u00e5n taket som kan orsaka skada p\u00e5 bilen). B\u00e4sta st\u00e4llet att parkera bilen \u00e4r i den h\u00f6gra kanten av g\u00e5rden, se bilden ovan.<\/p>\n<p>Ing\u00e5ng. Simulatorn finns i klubbhusets proshop. Ing\u00e5ngen sker fr\u00e5n baksidan av klubbhuset (2 p\u00e5 bilden). Nyckeln f\u00f6rvaras vid klubbhusets huvudd\u00f6rr, i ett nyckelkassask\u00e5p (1). Koden till nyckelsk\u00e5pet f\u00e5s till e-posten i samband med bokningsbekr\u00e4ftelsen. Knappa in koden, ta nyckeln och st\u00e4ng sk\u00e5pet varsamt. OBS! F\u00f6rs\u00e4kra er om att nyckelsk\u00e5pet l\u00e5ser sig. Ifall sk\u00e5pet inte l\u00e5ser sig, knappa in koden p\u00e5 nytt f\u00f6r att \u00f6ppna sk\u00e5pet. St\u00e4ng sedan sk\u00e5pet och l\u00e5s det genom att trycka h\u00e5rt ovanf\u00f6r knappsatsen, \u00e4nda tills sk\u00e5pet l\u00e5ser sig.<\/p>\n<p>OBS! Vid nyckelkassask\u00e5pet och simulatorn finns kamera\u00f6vervakning.<\/p>\n<p>&nbsp;<\/p>\n<h3>Regler och instruktioner f\u00f6r simulatorn<\/h3>\n<p>N\u00e4r ni anl\u00e4nder till simulatorutrymmet t\u00e4nder ni lamporna bredvid ytterd\u00f6rren och ytterligare belysning kan t\u00e4ndas p\u00e5 den v\u00e4nstra v\u00e4ggen i n\u00e4rheten av d\u00f6rren, som leder in i klubbhuset.<\/p>\n<p>I simulatorutrymmet b\u00f6r anv\u00e4ndas endast inneskor och i simulatorn b\u00f6r endast nya, rena bollar anv\u00e4ndas.<\/p>\n<p>Simulatorn startas p\u00e5 den r\u00f6da knappen, som finns under peksk\u00e4rmen vid f\u00f6nsterv\u00e4ggen. Efter anv\u00e4ndning st\u00e4ngs simulatorn av via samma r\u00f6da knapp.<\/p>\n<p>N\u00e4r simulatorn har startats och Trackman-programmet kommit fram p\u00e5 peksk\u00e4rmen kan ni v\u00e4lja simulatorfunktion eller olika \u00f6vningar (\u00f6ver dessa g\u00f6rs vid behov instruktioner till simulatorutrymmet).<\/p>\n<p>Simulatorn startas genom att v\u00e4lja bana (till en b\u00f6rjan rekommenderar vi att man v\u00e4ljer en l\u00e4ttare bana, exempelvis St Andrews Links Old Course). Efter att banan \u00e4r vald f\u00f6lj instruktioner och v\u00e4lj spelform samt antal spelare. Mata in det nuvarande handicapets n\u00e4rmaste heltal, s\u00e5 tas r\u00e4tt slope i bruk automatiskt.<\/p>\n<p>Slagen g\u00f6rs fr\u00e5n en mindre slagmatta, fr\u00e5n mattans framkant ca 30-50 cm bak\u00e5t. Framf\u00f6r slagmattan finns ett stort omr\u00e5de f\u00f6r puttar, d\u00e4r avst\u00e5ndet till vitduken motsvarar ca 3 meter. Puttarna slutar i h\u00e5let eller i de givna puttarna, n\u00e4r avst\u00e5ndet f\u00f6r putten \u00e4r under 2,4 meter.<\/p>\n<p>OBS! N\u00e4r slag med driver g\u00f6rs fr\u00e5n ett tee, undvik att st\u00e5 bakom spelaren som sl\u00e5r, eftersom tee-stickorna kan flyga i snabb fart bak\u00e5t. \u00c4ven bollarna kan studsa bak\u00e5t.<\/p>\n<p>N\u00e4r ni har spelat f\u00e4rdigt kan ni st\u00e4nga av simulatorn, om ingen annan ska anv\u00e4nda simulatorn efter er. St\u00e4da efter er och sl\u00e4ck lamporna.<\/p>\n<p>F\u00f6rs\u00e4kra er om att d\u00f6rren g\u00e5r i l\u00e5s.<\/p>\n<p>L\u00e4mna tillbaka nyckeln i nyckelkassask\u00e5pet och f\u00f6rs\u00e4kra er om att den g\u00e5r i l\u00e5s.<\/p>\n<p><strong>Trevliga spelstunder!<\/strong><\/p>\n","protected":false},"excerpt":{"rendered":"<p>V\u00e4lkommen till Trackman-simulatorn! &nbsp; Aktuellt: OBS! Trackman radarn f\u00e5r inte r\u00f6ras eller flyttas p\u00e5. Om radarn flyttas meddela om det omedelbart, eftersom Trackman visar d\u00e5 ett felaktigt resultat. Meddela genast om problem med simulatorn och vid eventuella fr\u00e5gor om Trackman eller simulatorn tag kontakt med: puheenjohtaja@vag.fi (0400 264 196) Simulatorns priss\u00e4ttning Priss\u00e4ttningen \u00e4r tidsbunden, priset [&hellip;]<\/p>\n","protected":false},"author":2,"featured_media":0,"parent":2590,"menu_order":0,"comment_status":"closed","ping_status":"closed","template":"","meta":{"_expiration-date-status":"","_expiration-date":0,"_expiration-date-type":"","_expiration-date-categories":[],"_expiration-date-options":[]},"acf":[],"_links":{"self":[{"href":"https:\/\/vaasangolf.wptest02.vdk.fi\/sv\/wp-json\/wp\/v2\/pages\/2686"}],"collection":[{"href":"https:\/\/vaasangolf.wptest02.vdk.fi\/sv\/wp-json\/wp\/v2\/pages"}],"about":[{"href":"https:\/\/vaasangolf.wptest02.vdk.fi\/sv\/wp-json\/wp\/v2\/types\/page"}],"author":[{"embeddable":true,"href":"https:\/\/vaasangolf.wptest02.vdk.fi\/sv\/wp-json\/wp\/v2\/users\/2"}],"replies":[{"embeddable":true,"href":"https:\/\/vaasangolf.wptest02.vdk.fi\/sv\/wp-json\/wp\/v2\/comments?post=2686"}],"version-history":[{"count":13,"href":"https:\/\/vaasangolf.wptest02.vdk.fi\/sv\/wp-json\/wp\/v2\/pages\/2686\/revisions"}],"predecessor-version":[{"id":9261,"href":"https:\/\/vaasangolf.wptest02.vdk.fi\/sv\/wp-json\/wp\/v2\/pages\/2686\/revisions\/9261"}],"up":[{"embeddable":true,"href":"https:\/\/vaasangolf.wptest02.vdk.fi\/sv\/wp-json\/wp\/v2\/pages\/2590"}],"wp:attachment":[{"href":"https:\/\/vaasangolf.wptest02.vdk.fi\/sv\/wp-json\/wp\/v2\/media?parent=2686"}],"curies":[{"name":"wp","href":"https:\/\/api.w.org\/{rel}","templated":true}]}}