{"id":2689,"date":"2022-02-25T10:08:53","date_gmt":"2022-02-25T08:08:53","guid":{"rendered":"https:\/\/vaasangolf.wptest02.vdk.fi\/tjannster\/nyborjarkurser\/"},"modified":"2022-03-04T13:22:43","modified_gmt":"2022-03-04T11:22:43","slug":"nyborjarkurser","status":"publish","type":"page","link":"https:\/\/vaasangolf.wptest02.vdk.fi\/sv\/tjannster\/nyborjarkurser\/","title":{"rendered":"Nyb\u00f6rjarkurser"},"content":{"rendered":"<h1 class=\"entry-title post-title\">V\u00e4lkommen till Vasa Golfs nyb\u00f6rjarkurser<\/h1>\n<div class=\"post-entry\">\n<p><strong>P\u00e5 dessa sidor hittar du all information du beh\u00f6ver f\u00f6r att b\u00f6rja spela golf med hj\u00e4lp\u00a0 av Vasa Golfs f\u00f6rnyade nyb\u00f6rjarkurserna.<\/strong><\/p>\n<p>Att b\u00f6rja spela golf \u00e4r m\u00f6jligt f\u00f6r alla som \u00e4r intresserade, och nyb\u00f6rjarkurserna \u00e4r fr\u00e4mst riktade till alla \u00f6ver 15 \u00e5r. F\u00f6r yngre golfare ordnar vi \u00e4ven andra m\u00f6jligheter att starta hobbyen, till exempel golfskolan.<\/p>\n<h2><strong>Vasa Golfs nyb\u00f6rjarkurs f\u00f6r 245 \u20ac inkluderar:<\/strong><\/h2>\n<ul>\n<li style=\"list-style-type: none;\">\n<ul>\n<li>Vasa Golf-medlemskap 2022 (medlemskap + anslutningsavgift \u00a0normalt 300\u20ac)<\/li>\n<li>Kursmaterial och utrustning under kursen (bl.a. en golf-regelbok)<\/li>\n<li>Seplr\u00e4tt p\u00e5 allemansbanan f\u00f6r s\u00e4songen 2022 (spelr\u00e4tten \u00e4r normalt 10 \u20ac \/ dag)<\/li>\n<li>Spelr\u00e4tt f\u00f6r 9-h\u00e5lsbanan f\u00f6r en m\u00e5nad under s\u00e4songen 2022 (\u201cgreenfee\u201d normalt 25 \u20ac \/ runda)<\/li>\n<li>M\u00e5nadskv\u00e4llar f\u00f6r nya medlemmar (gratis kaffe \/ te och bulle samt nya spelkamrater)<\/li>\n<\/ul>\n<p>(F\u00f6r 15 \u2013 18-\u00e5ringar inkluderar kursens pris fullst\u00e4ndiga spelr\u00e4ttigheter f\u00f6r hela s\u00e4songen 2022. F\u00f6r barn under 15 \u00e5r \u00e4r kurspriset: 160 \u20ac, inklusive fullst\u00e4ndiga spelr\u00e4ttigheter f\u00f6r hela s\u00e4songen)<\/li>\n<\/ul>\n<p><strong>Genom att delta i en nyb\u00f6rjarkurs sparar du i b\u00e4sta fall hundratals euro i golfstartkostnader, beroende p\u00e5 hur flitigt du anv\u00e4nder seplr\u00e4ttigheterna p\u00e5 banan.<\/strong><\/p>\n<p>&nbsp;<\/p>\n<p><strong>Nyb\u00f6rjarkursen \u00e4r sexdelad<\/strong> (klicka p\u00e5 l\u00e4nkarna f\u00f6r mer information):<\/p>\n<ol>\n<li><a href=\"https:\/\/vaasangolf.wptest02.vdk.fi\/tjannster\/nyborjarkurser\/anmalan-till-nyborjarkurs\/?lang=sv\"><strong>Anm\u00e4l<\/strong><\/a> dig till kursen. Du blir genast medlem vid Vasa Golf.<\/li>\n<li><a href=\"https:\/\/vaasangolf.wptest02.vdk.fi\/tjannster\/nyborjarkurser\/nyborjarkurs-bekanta-dig-med-golf\/?lang=sv\"><strong>Bekanta dig<\/strong><\/a> redan i f\u00f6rv\u00e4g med material som finns h\u00e4r p\u00e5 n\u00e4tsidan, bl.a. slagteknik och regler.<\/li>\n<li><a href=\"https:\/\/vaasangolf.wptest02.vdk.fi\/tjannster\/nyborjarkurser\/nyborjarkurs-delta-i-kursen\/?lang=sv\"><strong>Delta<\/strong><\/a> p\u00e5 den en dag l\u00e5nga kursen d\u00e4r v\u00e5ra golfpros undervisar dig i golfens alla olika delomr\u00e5de.<\/li>\n<li><a href=\"https:\/\/vaasangolf.wptest02.vdk.fi\/tjannster\/nyborjarkurser\/nyborjarkurs-ova\/?lang=sv\"><strong>\u00d6va<\/strong><\/a> sj\u00e4lvst\u00e4ndigt efter kursen genom att spela allemansbanan och visa att du har l\u00e4rt dig tillr\u00e4ckligt av reglerna och spelandet p\u00e5 banan.<\/li>\n<li><strong>Greencard<\/strong>, n\u00e4r du \u00f6vat tillr\u00e4ckligt f\u00e5r du greencard, som \u00e4r golfes \u201dk\u00f6rkort\u201d och du \u00e4r redo att b\u00f6rja spela och \u00f6va mera p\u00e5 den stora banan.<\/li>\n<li><strong>Spela<\/strong>, med greencard i haden f\u00e5r du spela en m\u00e5nad gratis p\u00e5 Vasa Golfs 9-h\u00e5ls bana. Du kan \u00e4ven spela p\u00e5 andra banor i \u00d6sterbotten genom att betala greenfee. Vi ger dig g\u00e4rna ett erbjudande p\u00e5 fullst\u00e4ndig spelr\u00e4tt f\u00f6r s\u00e4songen!<\/li>\n<\/ol>\n<\/div>\n<p>&nbsp;<\/p>\n<p>&nbsp;<\/p>\n<p>Eventuella fr\u00e5gor kan st\u00e4llas till 040 &#8211; 526 8666 \/\/ caddiemaster@vag.fi<\/p>\n","protected":false},"excerpt":{"rendered":"<p>V\u00e4lkommen till Vasa Golfs nyb\u00f6rjarkurser P\u00e5 dessa sidor hittar du all information du beh\u00f6ver f\u00f6r att b\u00f6rja spela golf med hj\u00e4lp\u00a0 av Vasa Golfs f\u00f6rnyade nyb\u00f6rjarkurserna. Att b\u00f6rja spela golf \u00e4r m\u00f6jligt f\u00f6r alla som \u00e4r intresserade, och nyb\u00f6rjarkurserna \u00e4r fr\u00e4mst riktade till alla \u00f6ver 15 \u00e5r. F\u00f6r yngre golfare ordnar vi \u00e4ven andra m\u00f6jligheter [&hellip;]<\/p>\n","protected":false},"author":2,"featured_media":0,"parent":2512,"menu_order":0,"comment_status":"closed","ping_status":"closed","template":"","meta":{"_expiration-date-status":"","_expiration-date":0,"_expiration-date-type":"","_expiration-date-categories":[],"_expiration-date-options":[]},"acf":[],"_links":{"self":[{"href":"https:\/\/vaasangolf.wptest02.vdk.fi\/sv\/wp-json\/wp\/v2\/pages\/2689"}],"collection":[{"href":"https:\/\/vaasangolf.wptest02.vdk.fi\/sv\/wp-json\/wp\/v2\/pages"}],"about":[{"href":"https:\/\/vaasangolf.wptest02.vdk.fi\/sv\/wp-json\/wp\/v2\/types\/page"}],"author":[{"embeddable":true,"href":"https:\/\/vaasangolf.wptest02.vdk.fi\/sv\/wp-json\/wp\/v2\/users\/2"}],"replies":[{"embeddable":true,"href":"https:\/\/vaasangolf.wptest02.vdk.fi\/sv\/wp-json\/wp\/v2\/comments?post=2689"}],"version-history":[{"count":10,"href":"https:\/\/vaasangolf.wptest02.vdk.fi\/sv\/wp-json\/wp\/v2\/pages\/2689\/revisions"}],"predecessor-version":[{"id":3365,"href":"https:\/\/vaasangolf.wptest02.vdk.fi\/sv\/wp-json\/wp\/v2\/pages\/2689\/revisions\/3365"}],"up":[{"embeddable":true,"href":"https:\/\/vaasangolf.wptest02.vdk.fi\/sv\/wp-json\/wp\/v2\/pages\/2512"}],"wp:attachment":[{"href":"https:\/\/vaasangolf.wptest02.vdk.fi\/sv\/wp-json\/wp\/v2\/media?parent=2689"}],"curies":[{"name":"wp","href":"https:\/\/api.w.org\/{rel}","templated":true}]}}